{"id":2146,"date":"2025-05-29T09:42:41","date_gmt":"2025-05-29T09:42:41","guid":{"rendered":"https:\/\/www.careium.com\/de\/?page_id=2146"},"modified":"2026-03-27T17:04:00","modified_gmt":"2026-03-27T16:04:00","slug":"eco-information","status":"publish","type":"page","link":"https:\/\/www.careium.com\/de\/uber-uns\/nachhaltigkeit\/eco-information\/","title":{"rendered":"\u00d6ko-Information"},"content":{"rendered":"\n<h1 class=\"wp-block-heading\">Recycling und Umwelteigenschaften<\/h1>\n\n\n\n<p class=\"has-text-align-left\"><strong>Ben\u00f6tigen Sie eine Anleitung zum Recycling oder Daten zu Umwelteigenschaften?<\/strong><\/p>\n\n\n\n<h3 class=\"wp-block-heading\">Umweltinformationen<\/h3>\n\n\n\n<p>Unser Konzept der Nachhaltigkeit basiert darauf, \u00e4lteren Menschen zu einem besseren Leben zu verhelfen. Wir tragen zur nachhaltigen Entwicklung der Gesellschaft bei, indem wir \u00e4lteren Menschen, die auf Unterst\u00fctzung und Hilfe angewiesen sind, mit unserer Technologie ein unabh\u00e4ngigeres, sichereres und besseres Leben erm\u00f6glichen. Wir geben unseren Kunden in der Gemeinschaft die Werkzeuge an die Hand, die sie f\u00fcr eine effektive Nutzung der Ressourcen ben\u00f6tigen.<\/p>\n\n\n\n<p>Careium ist nach den internationalen Normen f\u00fcr Qualit\u00e4t (ISO 9001), Umwelt (ISO 14001) und Informationssicherheit (ISO 27001) zertifiziert. Au\u00dferdem unterst\u00fctzen wir die Agenda 2030 und die 17 globalen Ziele f\u00fcr nachhaltige Entwicklung der Vereinten Nationen.<\/p>\n\n\n\n<h3 class=\"wp-block-heading\">Ziel 12: Nachhaltiger Konsum und nachhaltige Produktion<\/h3>\n\n\n\n<p>Wir sind bestrebt, f\u00fcr unsere Produkte Materialien auszuw\u00e4hlen, die w\u00e4hrend ihres gesamten Lebenszyklus &#8211; von der Beschaffung der Rohstoffe bis zum Recycling &#8211; eine gute Umweltbilanz aufweisen. Unser Schwerpunkt liegt auf der F\u00f6rderung der kreislauforientierten Produktnutzung, wobei wir hohe Wiederverwendungs- und Recyclingraten anstreben. Au\u00dferdem bevorzugen wir Produkte, die sich leicht reparieren lassen und austauschbare Teile enthalten.<\/p>\n\n\n\n<p>W\u00e4hlen Sie eine der nachstehenden Kategorien aus, um weitere Informationen \u00fcber unsere Produkte zu erhalten und zu erfahren, wie Sie zur Nachhaltigkeit und zum Wohlergehen unserer Umwelt beitragen k\u00f6nnen<br><\/p>\n\n\n\n<div style=\"height:20px\" aria-hidden=\"true\" class=\"wp-block-spacer\"><\/div>\n\n\n<div class=\"wp-block-text-cards \"\n    style=\"\" data-columns=\"\">\n    \n<div class=\"wp-block-text-card\" style=\"\">\n    <h3>\u00d6ko-Konzept<\/h3>\n<p><span style=\"font-weight: 400;\">Informationen zu den \u00d6ko-Konzeptdaten<\/span><\/p>\n\n            <a class=\"wp-block-text-card__link link link--arrow \"\n            href=\"https:\/\/www.careium.com\/de\/uber-uns\/nachhaltigkeit\/eco-information\/ecodesign\/\" target=\"_self\">\u00d6kodesign-Erkl\u00e4rung<\/a>\n    <\/div>\n\n\n<div class=\"wp-block-text-card\" style=\"\">\n    <h3>Verpackung<\/h3>\n<p><span style=\"font-weight: 400;\">Verwaltung von Verpackungsabf\u00e4llen<\/span><\/p>\n\n            <a class=\"wp-block-text-card__link link link--arrow \"\n            href=\"https:\/\/www.careium.com\/de\/uber-uns\/nachhaltigkeit\/eco-information\/packaging\/\" target=\"_self\">Verpackungssortierung<\/a>\n    <\/div>\n\n\n<div class=\"wp-block-text-card\" style=\"\">\n    <h3>Batterien<\/h3>\n<p>Ersatz und nachhaltige Entsorgung unserer Batterien<\/p>\n\n            <a class=\"wp-block-text-card__link link link--arrow \"\n            href=\"https:\/\/www.careium.com\/de\/uber-uns\/nachhaltigkeit\/eco-information\/batteries\/\" target=\"_self\">Batterierecycling<\/a>\n    <\/div>\n\n\n<div class=\"wp-block-text-card\" style=\"\">\n    <h3>Elektronik<\/h3>\n<p>Verwaltung und Vermeidung von Elektronikabf\u00e4llen<\/p>\n\n            <a class=\"wp-block-text-card__link link link--arrow \"\n            href=\"https:\/\/www.careium.com\/de\/uber-uns\/nachhaltigkeit\/eco-information\/electronics\/\" target=\"_self\">Elektroabfallmanagement<\/a>\n    <\/div>\n\n\n<\/div>\n","protected":false},"excerpt":{"rendered":"<p>Recycling und Umwelteigenschaften Ben\u00f6tigen Sie eine Anleitung zum Recycling oder Daten zu Umwelteigenschaften? Umweltinformationen Unser Konzept der Nachhaltigkeit basiert darauf, \u00e4lteren Menschen zu einem besseren Leben zu verhelfen. Wir tragen zur nachhaltigen Entwicklung der Gesellschaft bei, indem wir \u00e4lteren Menschen, die auf Unterst\u00fctzung und Hilfe angewiesen sind, mit unserer Technologie ein unabh\u00e4ngigeres, sichereres und besseres&#8230;<\/p>\n","protected":false},"author":5,"featured_media":0,"parent":712,"menu_order":0,"comment_status":"closed","ping_status":"closed","template":"template-text-page.blade.php","meta":{"_acf_changed":false,"footnotes":""},"class_list":["post-2146","page","type-page","status-publish","hentry"],"acf":[],"_links":{"self":[{"href":"https:\/\/www.careium.com\/de\/wp-json\/wp\/v2\/pages\/2146","targetHints":{"allow":["GET"]}}],"collection":[{"href":"https:\/\/www.careium.com\/de\/wp-json\/wp\/v2\/pages"}],"about":[{"href":"https:\/\/www.careium.com\/de\/wp-json\/wp\/v2\/types\/page"}],"author":[{"embeddable":true,"href":"https:\/\/www.careium.com\/de\/wp-json\/wp\/v2\/users\/5"}],"replies":[{"embeddable":true,"href":"https:\/\/www.careium.com\/de\/wp-json\/wp\/v2\/comments?post=2146"}],"version-history":[{"count":5,"href":"https:\/\/www.careium.com\/de\/wp-json\/wp\/v2\/pages\/2146\/revisions"}],"predecessor-version":[{"id":5048,"href":"https:\/\/www.careium.com\/de\/wp-json\/wp\/v2\/pages\/2146\/revisions\/5048"}],"up":[{"embeddable":true,"href":"https:\/\/www.careium.com\/de\/wp-json\/wp\/v2\/pages\/712"}],"wp:attachment":[{"href":"https:\/\/www.careium.com\/de\/wp-json\/wp\/v2\/media?parent=2146"}],"curies":[{"name":"wp","href":"https:\/\/api.w.org\/{rel}","templated":true}]}}