{"id":2153,"date":"2025-05-29T10:48:46","date_gmt":"2025-05-29T10:48:46","guid":{"rendered":"https:\/\/www.careium.com\/de\/?page_id=2153"},"modified":"2026-02-03T08:41:50","modified_gmt":"2026-02-03T07:41:50","slug":"ecodesign","status":"publish","type":"page","link":"https:\/\/www.careium.com\/de\/uber-uns\/nachhaltigkeit\/eco-information\/ecodesign\/","title":{"rendered":"\u00d6ko-Design"},"content":{"rendered":"\n<h1 class=\"wp-block-heading\">Umwelterkl\u00e4rung<\/h1>\n\n\n<div class=\"wp-block-image\">\n<figure class=\"alignright size-full is-resized\"><img decoding=\"async\" src=\"https:\/\/www.careium.com\/app\/uploads\/sites\/8\/2025\/04\/www.careium.jpg\" alt=\"\" class=\"wp-image-1378\" style=\"width:136px;height:auto\"\/><\/figure>\n<\/div>\n\n\n<p>Careium erkl\u00e4rt, dass Ihr Ger\u00e4t den geltenden Anforderungen der Verordnung (EU) 2019\/1782 \u00fcber die Anforderungen an die umweltgerechte Gestaltung externer Netzteile und der Verordnung (EG) Nr. 1275\/2008 \/ (EU) 2023\/826 der Kommission \u00fcber die Anforderungen an die umweltgerechte Gestaltung des Bereitschafts- und Aus-Zustands gem\u00e4\u00df der Richtlinie 2009\/125\/EG und\/oder der Verordnung (EU) 2024\/1781 sowie den entsprechenden Rechtsvorschriften f\u00fcr energieverbrauchsrelevante Produkte im Vereinigten K\u00f6nigreich entspricht.<\/p>\n\n\n\n<p>Die vollst\u00e4ndigen Informationen zu den \u00d6kodesign-Daten sind nachstehend unter Verwendung der Modellkennung des externen Netzteils und\/oder der Modellbezeichnung des Produkts, wie sie auf den Typenschildern angegeben ist, verf\u00fcgbar.<\/p>\n\n\n\n<div style=\"height:50px\" aria-hidden=\"true\" class=\"wp-block-spacer\"><\/div>\n\n\n<div class=\"wp-block-accordion\" style=\"\">\n    <details class=\"border-primary-80 group mb-4 rounded-xl border bg-white\">\n    <summary\n        class=\"flex cursor-pointer list-none items-center justify-between px-4 py-4 text-black lg:px-8 [&#038;::-webkit-details-marker]:hidden\">\n        <p class=\"group-open:text-primary-60 my-0 transition-colors\">S018BAM0900200 &#8211; Externe Stromversorgung<\/p>\n        <i class=\"fa-solid fa-plus group-open:text-primary-60 transition-all duration-300 group-open:rotate-45\"><\/i>\n    <\/summary>\n    <div class=\"px-4 py-4 text-black lg:px-8 [&#038;_:first-child]:mt-0 [&#038;_:last-child]:mb-0\">\n        <p><strong>Name oder Marke des Herstellers, Handelsregisternummer und Anschrift: <\/strong> Tenpao International. Room 10-11,6\/F., Kwong Sang Hong Centre, 151-153 Hoi Bun Road, Kwun Tong, Kowloon, Hongkong.<\/p>\n<p><strong>Modellbezeichnung:<\/strong> S018BAM0900200<br \/>\n<strong>Eingangsspannung (VAC):<\/strong> 100-240<br \/>\n<strong>Eingangsfrequenz (Hz):<\/strong> 50-60<br \/>\n<strong>Ausgangsspannung (VDC):<\/strong> 9,0<br \/>\n<strong>Ausgangsstrom (A):<\/strong> 2,0<br \/>\n<strong>Ausgangsleistung (W):<\/strong> 18,0<br \/>\n<strong>Durchschnittlicher Wirkungsgrad (%):<\/strong> 86,64<br \/>\n<strong>Wirkungsgrad bei niedriger Last (10%) (%):<\/strong> 84,12<br \/>\n<strong>Leistungsaufnahme bei Nulllast (W):<\/strong> 0,057<\/p>\n    <\/div>\n<\/details>\n<\/div>\n\n\n<div class=\"wp-block-accordion\" style=\"\">\n    <details class=\"border-primary-80 group mb-4 rounded-xl border bg-white\">\n    <summary\n        class=\"flex cursor-pointer list-none items-center justify-between px-4 py-4 text-black lg:px-8 [&#038;::-webkit-details-marker]:hidden\">\n        <p class=\"group-open:text-primary-60 my-0 transition-colors\">A150 &#8211; Eliza-Produktfamilie<\/p>\n        <i class=\"fa-solid fa-plus group-open:text-primary-60 transition-all duration-300 group-open:rotate-45\"><\/i>\n    <\/summary>\n    <div class=\"px-4 py-4 text-black lg:px-8 [&#038;_:first-child]:mt-0 [&#038;_:last-child]:mb-0\">\n        <p>Die Produkte der Eliza-Familie sind vernetzte Ger\u00e4te mit hoher Netzverf\u00fcgbarkeit (HiNA). Je nach den im jeweiligen Modell verf\u00fcgbaren Netzwerkschnittstellen gelten die folgenden Daten<\/p>\n<p>\u2022 Stromverbrauch im vernetzten Standby-Modus, wenn alle kabelgebundenen Netzwerkanschl\u00fcsse angeschlossen und alle drahtlosen Netzwerkanschl\u00fcsse aktiviert sind: 2,10 W<br \/>\n\u2022 Stromverbrauch im Zustand der Mobilfunknetze (2G, 3G, 4G) und Wi-Fi aktiviert: Aus-Zustand 0,03 W, vernetzter Standby 2,10 W<br \/>\n\u2022 Leistungsaufnahme im Zustand Wi-Fi aktiviert: Aus-Zustand 0,03 W, vernetzter Standby 1,87 W<br \/>\n\u2022 Drahtlose Netzwerkanschl\u00fcsse k\u00f6nnen \u00fcber die Softwarekonfiguration deaktiviert werden<\/p>\n    <\/div>\n<\/details>\n<\/div>\n","protected":false},"excerpt":{"rendered":"<p>Umwelterkl\u00e4rung Careium erkl\u00e4rt, dass Ihr Ger\u00e4t den geltenden Anforderungen der Verordnung (EU) 2019\/1782 \u00fcber die Anforderungen an die umweltgerechte Gestaltung externer Netzteile und der Verordnung (EG) Nr. 1275\/2008 \/ (EU) 2023\/826 der Kommission \u00fcber die Anforderungen an die umweltgerechte Gestaltung des Bereitschafts- und Aus-Zustands gem\u00e4\u00df der Richtlinie 2009\/125\/EG und\/oder der Verordnung (EU) 2024\/1781 sowie den&#8230;<\/p>\n","protected":false},"author":5,"featured_media":0,"parent":2146,"menu_order":0,"comment_status":"closed","ping_status":"closed","template":"template-text-page.blade.php","meta":{"_acf_changed":false,"footnotes":""},"class_list":["post-2153","page","type-page","status-publish","hentry"],"acf":[],"_links":{"self":[{"href":"https:\/\/www.careium.com\/de\/wp-json\/wp\/v2\/pages\/2153","targetHints":{"allow":["GET"]}}],"collection":[{"href":"https:\/\/www.careium.com\/de\/wp-json\/wp\/v2\/pages"}],"about":[{"href":"https:\/\/www.careium.com\/de\/wp-json\/wp\/v2\/types\/page"}],"author":[{"embeddable":true,"href":"https:\/\/www.careium.com\/de\/wp-json\/wp\/v2\/users\/5"}],"replies":[{"embeddable":true,"href":"https:\/\/www.careium.com\/de\/wp-json\/wp\/v2\/comments?post=2153"}],"version-history":[{"count":5,"href":"https:\/\/www.careium.com\/de\/wp-json\/wp\/v2\/pages\/2153\/revisions"}],"predecessor-version":[{"id":4735,"href":"https:\/\/www.careium.com\/de\/wp-json\/wp\/v2\/pages\/2153\/revisions\/4735"}],"up":[{"embeddable":true,"href":"https:\/\/www.careium.com\/de\/wp-json\/wp\/v2\/pages\/2146"}],"wp:attachment":[{"href":"https:\/\/www.careium.com\/de\/wp-json\/wp\/v2\/media?parent=2153"}],"curies":[{"name":"wp","href":"https:\/\/api.w.org\/{rel}","templated":true}]}}