{"id":2160,"date":"2025-05-29T12:16:45","date_gmt":"2025-05-29T12:16:45","guid":{"rendered":"https:\/\/www.careium.com\/de\/?page_id=2160"},"modified":"2026-02-10T12:34:12","modified_gmt":"2026-02-10T11:34:12","slug":"packaging","status":"publish","type":"page","link":"https:\/\/www.careium.com\/de\/uber-uns\/nachhaltigkeit\/eco-information\/packaging\/","title":{"rendered":"Verpackung"},"content":{"rendered":"\n<h1 class=\"wp-block-heading\">Verpackung<\/h1>\n\n\n\n<p class=\"has-text-align-left\">Unser Engagement f\u00fcr den Umweltschutz zeigt sich in jeder Phase des Lebenszyklus unserer Produkte.<\/p>\n\n\n\n<p class=\"has-text-align-left\">Wir stellen strenge Anforderungen an ein umweltbewusstes Design und eine umweltbewusste Produktion und verlangen, dass unsere Produkte sowohl sicher als auch langlebig sind, wobei die nachhaltige Entsorgung ein wesentlicher Aspekt ist.<\/p>\n\n\n\n<h2 class=\"wp-block-heading\">Verwaltung von Verpackungsabf\u00e4llen<\/h2>\n\n\n\n<ul class=\"wp-block-list\">\n<li>Als Kunde k\u00f6nnen Sie eine entscheidende Rolle bei der F\u00f6rderung einer ges\u00fcnderen Umwelt und der Schonung von Ressourcen spielen, indem Sie Verpackungsmaterialien sortieren und deren nachhaltige Entsorgung und Wiederverwertung sicherstellen. Bitte \u00fcberpr\u00fcfen Sie die Recycling-Kennzeichnungen, verwenden Sie geeignete Methoden zur Entsorgung von Verpackungen und befolgen Sie die Richtlinien Ihrer \u00f6rtlichen Gemeinde.<\/li>\n\n\n\n<li>Wir beschr\u00e4nken das Verpackungsvolumen und -gewicht auf das angemessene Mindestma\u00df, um das notwendige Ma\u00df an Sicherheit, Hygiene und Akzeptanz f\u00fcr das verpackte Produkt und f\u00fcr den Verbraucher zu gew\u00e4hrleisten.<\/li>\n\n\n\n<li>Die Verpackungen entsprechen sowohl den EU- als auch den britischen Vorschriften in Bezug auf das Vorhandensein bedenklicher Stoffe, die R\u00fcckgewinnung und die Wiederverwertbarkeit und erf\u00fcllen dar\u00fcber hinaus die nationalen Anforderungen und Verordnungen.<\/li>\n\n\n\n<li>Wir erf\u00fcllen die erweiterte Herstellerverantwortung (EPR), indem wir die Abfallsammlung und die Berichterstattung an die Umweltschutzbeh\u00f6rden finanzieren. Wir betreiben selbst oder \u00fcber unsere Partner R\u00fccknahmesysteme und Verbindungen zu Organisationen der Herstellerverantwortung (PRO), die auf die jeweiligen l\u00e4nderspezifischen Anforderungen und Gesetze abgestimmt sind.<\/li>\n<\/ul>\n\n\n\n<h2 class=\"wp-block-heading\">Allgemeine Beispiele<\/h2>\n\n\n\n<p>Passen Sie das Beispiel f\u00fcr die Verpackungsentsorgung an Ihr Produkt an, indem Sie den Code auf den einzelnen Komponenten und das Verfahren in der folgenden Tabelle identifizieren.<\/p>\n\n\n\n<figure class=\"wp-block-table\"><table class=\"has-fixed-layout\"><thead><tr><th class=\"has-text-align-center\" data-align=\"center\">Exemplarische Verpackung<\/th><th class=\"has-text-align-center\" data-align=\"center\">Material<\/th><th class=\"has-text-align-center\" data-align=\"center\">EU, 97\/129\/EG<\/th><th class=\"has-text-align-center\" data-align=\"center\">Nationale und\/oder lokale<br>Recycling-Kennzeichnungen und Leitlinien<\/th><th class=\"has-text-align-center\" data-align=\"center\">Einzelne Komponenten richtig entsorgen<\/th><\/tr><\/thead><tbody><tr><td class=\"has-text-align-center\" data-align=\"center\"><img loading=\"lazy\" decoding=\"async\" width=\"150\" height=\"150\" class=\"wp-image-4951\" style=\"width: 150px;\" src=\"https:\/\/www.careium.com\/app\/uploads\/sites\/4\/2026\/02\/Corrugated-fibreboard.png\" alt=\"Corrugated fibreboard\" srcset=\"https:\/\/www.careium.com\/app\/uploads\/sites\/4\/2026\/02\/Corrugated-fibreboard.png 1000w, https:\/\/www.careium.com\/app\/uploads\/sites\/4\/2026\/02\/Corrugated-fibreboard-300x300.png 300w, https:\/\/www.careium.com\/app\/uploads\/sites\/4\/2026\/02\/Corrugated-fibreboard-150x150.png 150w, https:\/\/www.careium.com\/app\/uploads\/sites\/4\/2026\/02\/Corrugated-fibreboard-768x768.png 768w, https:\/\/www.careium.com\/app\/uploads\/sites\/4\/2026\/02\/Corrugated-fibreboard-120x120.png 120w, https:\/\/www.careium.com\/app\/uploads\/sites\/4\/2026\/02\/Corrugated-fibreboard-250x250.png 250w, https:\/\/www.careium.com\/app\/uploads\/sites\/4\/2026\/02\/Corrugated-fibreboard-360x360.png 360w, https:\/\/www.careium.com\/app\/uploads\/sites\/4\/2026\/02\/Corrugated-fibreboard-520x520.png 520w, https:\/\/www.careium.com\/app\/uploads\/sites\/4\/2026\/02\/Corrugated-fibreboard-700x700.png 700w, https:\/\/www.careium.com\/app\/uploads\/sites\/4\/2026\/02\/Corrugated-fibreboard-780x780.png 780w, https:\/\/www.careium.com\/app\/uploads\/sites\/4\/2026\/02\/Corrugated-fibreboard-600x600.png 600w, https:\/\/www.careium.com\/app\/uploads\/sites\/4\/2026\/02\/Corrugated-fibreboard-100x100.png 100w\" sizes=\"auto, (max-width: 150px) 100vw, 150px\" \/><\/td><td class=\"has-text-align-center\" data-align=\"center\">Wellpappe<\/td><td class=\"has-text-align-center\" data-align=\"center\"><img decoding=\"async\" class=\"wp-image-3133\" style=\"width: 160px;\" src=\"https:\/\/www.careium.com\/app\/uploads\/sites\/8\/2025\/05\/recycling-codes-paper-cardboard-20-pap.svg\" alt=\"\"><img decoding=\"async\" class=\"wp-image-2510\" style=\"width: 250px;\" src=\"https:\/\/www.careium.com\/app\/uploads\/sites\/8\/2025\/05\/cardboard-recycle-icon.png\" alt=\"\"><\/td><td class=\"has-text-align-center\" data-align=\"center\"><img decoding=\"async\" class=\"wp-image-3135\" style=\"width: 217px;\" src=\"https:\/\/www.careium.com\/app\/uploads\/sites\/8\/2025\/05\/cardboard-recycle-icon-1.png\" alt=\"\"><img decoding=\"async\" class=\"wp-image-2519\" style=\"width: 250px;\" src=\"https:\/\/www.careium.com\/app\/uploads\/sites\/8\/2025\/05\/polyethene-recycle.png\" alt=\"\"><\/td><td class=\"has-text-align-center\" data-align=\"center\"><strong>Altpapier<br><\/strong>Bitte pr\u00fcfen Sie die Richtlinien Ihrer \u00f6rtlichen Gemeinde<\/td><\/tr><tr><td class=\"has-text-align-center\" data-align=\"center\"><img loading=\"lazy\" decoding=\"async\" width=\"150\" height=\"150\" class=\"wp-image-4955\" style=\"width: 150px;\" src=\"https:\/\/www.careium.com\/app\/uploads\/sites\/4\/2026\/02\/Polyethylene-Low-density.png\" alt=\"Polyethylene Low-density\" srcset=\"https:\/\/www.careium.com\/app\/uploads\/sites\/4\/2026\/02\/Polyethylene-Low-density.png 1000w, https:\/\/www.careium.com\/app\/uploads\/sites\/4\/2026\/02\/Polyethylene-Low-density-300x300.png 300w, https:\/\/www.careium.com\/app\/uploads\/sites\/4\/2026\/02\/Polyethylene-Low-density-150x150.png 150w, https:\/\/www.careium.com\/app\/uploads\/sites\/4\/2026\/02\/Polyethylene-Low-density-768x768.png 768w, https:\/\/www.careium.com\/app\/uploads\/sites\/4\/2026\/02\/Polyethylene-Low-density-120x120.png 120w, https:\/\/www.careium.com\/app\/uploads\/sites\/4\/2026\/02\/Polyethylene-Low-density-250x250.png 250w, https:\/\/www.careium.com\/app\/uploads\/sites\/4\/2026\/02\/Polyethylene-Low-density-360x360.png 360w, https:\/\/www.careium.com\/app\/uploads\/sites\/4\/2026\/02\/Polyethylene-Low-density-520x520.png 520w, https:\/\/www.careium.com\/app\/uploads\/sites\/4\/2026\/02\/Polyethylene-Low-density-700x700.png 700w, https:\/\/www.careium.com\/app\/uploads\/sites\/4\/2026\/02\/Polyethylene-Low-density-780x780.png 780w, https:\/\/www.careium.com\/app\/uploads\/sites\/4\/2026\/02\/Polyethylene-Low-density-600x600.png 600w, https:\/\/www.careium.com\/app\/uploads\/sites\/4\/2026\/02\/Polyethylene-Low-density-100x100.png 100w\" sizes=\"auto, (max-width: 150px) 100vw, 150px\" \/><\/td><td class=\"has-text-align-center\" data-align=\"center\">Polyethylen niedriger Dichte<\/td><td class=\"has-text-align-center\" data-align=\"center\"><img loading=\"lazy\" decoding=\"async\" width=\"150\" height=\"150\" class=\"wp-image-4952\" style=\"width: 150px;\" src=\"https:\/\/www.careium.com\/app\/uploads\/sites\/4\/2026\/02\/eu-04.png\" alt=\"\" srcset=\"https:\/\/www.careium.com\/app\/uploads\/sites\/4\/2026\/02\/eu-04.png 1000w, https:\/\/www.careium.com\/app\/uploads\/sites\/4\/2026\/02\/eu-04-300x300.png 300w, https:\/\/www.careium.com\/app\/uploads\/sites\/4\/2026\/02\/eu-04-150x150.png 150w, https:\/\/www.careium.com\/app\/uploads\/sites\/4\/2026\/02\/eu-04-768x768.png 768w, https:\/\/www.careium.com\/app\/uploads\/sites\/4\/2026\/02\/eu-04-120x120.png 120w, https:\/\/www.careium.com\/app\/uploads\/sites\/4\/2026\/02\/eu-04-250x250.png 250w, https:\/\/www.careium.com\/app\/uploads\/sites\/4\/2026\/02\/eu-04-360x360.png 360w, https:\/\/www.careium.com\/app\/uploads\/sites\/4\/2026\/02\/eu-04-520x520.png 520w, https:\/\/www.careium.com\/app\/uploads\/sites\/4\/2026\/02\/eu-04-700x700.png 700w, https:\/\/www.careium.com\/app\/uploads\/sites\/4\/2026\/02\/eu-04-780x780.png 780w, https:\/\/www.careium.com\/app\/uploads\/sites\/4\/2026\/02\/eu-04-600x600.png 600w, https:\/\/www.careium.com\/app\/uploads\/sites\/4\/2026\/02\/eu-04-100x100.png 100w\" sizes=\"auto, (max-width: 150px) 100vw, 150px\" \/><\/td><td class=\"has-text-align-center\" data-align=\"center\"><img decoding=\"async\" class=\"wp-image-3168\" style=\"width: 217px;\" src=\"https:\/\/www.careium.com\/app\/uploads\/sites\/8\/2025\/05\/polyethene-recycle.png\" alt=\"\"><img decoding=\"async\" class=\"wp-image-2520\" style=\"width: 250px;\" src=\"https:\/\/www.careium.com\/app\/uploads\/sites\/8\/2025\/05\/cardboard-recycle-icon.png\" alt=\"\"><\/td><td class=\"has-text-align-center\" data-align=\"center\"><strong>Plastikm\u00fcll<br><\/strong>Bitte pr\u00fcfen Sie die Richtlinien Ihrer \u00f6rtlichen Gemeinde<\/td><\/tr><tr><td class=\"has-text-align-center\" data-align=\"center\"><img loading=\"lazy\" decoding=\"async\" width=\"150\" height=\"150\" class=\"wp-image-4953\" style=\"width: 150px;\" src=\"https:\/\/www.careium.com\/app\/uploads\/sites\/4\/2026\/02\/Non-corrugated-fibreboard.png\" alt=\"Non-corrugated fibreboard\" srcset=\"https:\/\/www.careium.com\/app\/uploads\/sites\/4\/2026\/02\/Non-corrugated-fibreboard.png 1000w, https:\/\/www.careium.com\/app\/uploads\/sites\/4\/2026\/02\/Non-corrugated-fibreboard-300x300.png 300w, https:\/\/www.careium.com\/app\/uploads\/sites\/4\/2026\/02\/Non-corrugated-fibreboard-150x150.png 150w, https:\/\/www.careium.com\/app\/uploads\/sites\/4\/2026\/02\/Non-corrugated-fibreboard-768x768.png 768w, https:\/\/www.careium.com\/app\/uploads\/sites\/4\/2026\/02\/Non-corrugated-fibreboard-120x120.png 120w, https:\/\/www.careium.com\/app\/uploads\/sites\/4\/2026\/02\/Non-corrugated-fibreboard-250x250.png 250w, https:\/\/www.careium.com\/app\/uploads\/sites\/4\/2026\/02\/Non-corrugated-fibreboard-360x360.png 360w, https:\/\/www.careium.com\/app\/uploads\/sites\/4\/2026\/02\/Non-corrugated-fibreboard-520x520.png 520w, https:\/\/www.careium.com\/app\/uploads\/sites\/4\/2026\/02\/Non-corrugated-fibreboard-700x700.png 700w, https:\/\/www.careium.com\/app\/uploads\/sites\/4\/2026\/02\/Non-corrugated-fibreboard-780x780.png 780w, https:\/\/www.careium.com\/app\/uploads\/sites\/4\/2026\/02\/Non-corrugated-fibreboard-600x600.png 600w, https:\/\/www.careium.com\/app\/uploads\/sites\/4\/2026\/02\/Non-corrugated-fibreboard-100x100.png 100w\" sizes=\"auto, (max-width: 150px) 100vw, 150px\" \/><\/td><td class=\"has-text-align-center\" data-align=\"center\">Pappe ohne Wellpappe<\/td><td class=\"has-text-align-center\" data-align=\"center\"><img decoding=\"async\" class=\"wp-image-3141\" style=\"width: 160px;\" src=\"https:\/\/www.careium.com\/app\/uploads\/sites\/8\/2025\/05\/recycling_codes_paper_21_pap.svg\" alt=\"\"><\/td><td class=\"has-text-align-center\" data-align=\"center\"><img decoding=\"async\" class=\"wp-image-3170\" style=\"width: 217px;\" src=\"https:\/\/www.careium.com\/app\/uploads\/sites\/8\/2025\/05\/cardboard-recycle-icon-paper.png\" alt=\"\"><img decoding=\"async\" class=\"wp-image-2524\" style=\"width: 250px;\" src=\"https:\/\/www.careium.com\/app\/uploads\/sites\/8\/2025\/05\/recycle.png\" alt=\"\"><\/td><td class=\"has-text-align-center\" data-align=\"center\"><strong>Altpapier<br><\/strong>Bitte pr\u00fcfen Sie die Richtlinien Ihrer \u00f6rtlichen Gemeinde<\/td><\/tr><tr><td class=\"has-text-align-center\" data-align=\"center\"><img decoding=\"async\" class=\"wp-image-2509\" style=\"width: 125px;\" src=\"https:\/\/www.careium.com\/app\/uploads\/sites\/8\/2025\/05\/paper.png\" alt=\"\"><\/td><td class=\"has-text-align-center\" data-align=\"center\">Papier<\/td><td class=\"has-text-align-center\" data-align=\"center\"><img decoding=\"async\" class=\"wp-image-3143\" style=\"width: 160px;\" src=\"https:\/\/www.careium.com\/app\/uploads\/sites\/8\/2025\/05\/recycling_codes_paper_22_pap-1.svg\" alt=\"\"><\/td><td class=\"has-text-align-center\" data-align=\"center\"><img decoding=\"async\" class=\"wp-image-3171\" style=\"width: 217px;\" src=\"https:\/\/www.careium.com\/app\/uploads\/sites\/8\/2025\/05\/recycle.png\" alt=\"\"><\/td><td class=\"has-text-align-center\" data-align=\"center\"><strong>Altpapier<br><\/strong>Bitte pr\u00fcfen Sie die Richtlinien Ihrer \u00f6rtlichen Gemeinde<\/td><\/tr><\/tbody><\/table><\/figure>\n\n\n\n<p><\/p>\n","protected":false},"excerpt":{"rendered":"<p>Verpackung Unser Engagement f\u00fcr den Umweltschutz zeigt sich in jeder Phase des Lebenszyklus unserer Produkte. Wir stellen strenge Anforderungen an ein umweltbewusstes Design und eine umweltbewusste Produktion und verlangen, dass unsere Produkte sowohl sicher als auch langlebig sind, wobei die nachhaltige Entsorgung ein wesentlicher Aspekt ist. Verwaltung von Verpackungsabf\u00e4llen Allgemeine Beispiele Passen Sie das Beispiel&#8230;<\/p>\n","protected":false},"author":5,"featured_media":0,"parent":2146,"menu_order":0,"comment_status":"closed","ping_status":"closed","template":"template-text-page.blade.php","meta":{"_acf_changed":false,"footnotes":""},"class_list":["post-2160","page","type-page","status-publish","hentry"],"acf":[],"_links":{"self":[{"href":"https:\/\/www.careium.com\/de\/wp-json\/wp\/v2\/pages\/2160","targetHints":{"allow":["GET"]}}],"collection":[{"href":"https:\/\/www.careium.com\/de\/wp-json\/wp\/v2\/pages"}],"about":[{"href":"https:\/\/www.careium.com\/de\/wp-json\/wp\/v2\/types\/page"}],"author":[{"embeddable":true,"href":"https:\/\/www.careium.com\/de\/wp-json\/wp\/v2\/users\/5"}],"replies":[{"embeddable":true,"href":"https:\/\/www.careium.com\/de\/wp-json\/wp\/v2\/comments?post=2160"}],"version-history":[{"count":4,"href":"https:\/\/www.careium.com\/de\/wp-json\/wp\/v2\/pages\/2160\/revisions"}],"predecessor-version":[{"id":4957,"href":"https:\/\/www.careium.com\/de\/wp-json\/wp\/v2\/pages\/2160\/revisions\/4957"}],"up":[{"embeddable":true,"href":"https:\/\/www.careium.com\/de\/wp-json\/wp\/v2\/pages\/2146"}],"wp:attachment":[{"href":"https:\/\/www.careium.com\/de\/wp-json\/wp\/v2\/media?parent=2160"}],"curies":[{"name":"wp","href":"https:\/\/api.w.org\/{rel}","templated":true}]}}