{"id":2172,"date":"2025-05-29T13:12:41","date_gmt":"2025-05-29T13:12:41","guid":{"rendered":"https:\/\/www.careium.com\/de\/?page_id=2172"},"modified":"2026-02-10T12:21:41","modified_gmt":"2026-02-10T11:21:41","slug":"electronics","status":"publish","type":"page","link":"https:\/\/www.careium.com\/de\/uber-uns\/nachhaltigkeit\/eco-information\/electronics\/","title":{"rendered":"Elektronik"},"content":{"rendered":"\n<h1 class=\"wp-block-heading\">Elektronik<\/h1>\n\n\n\n<p class=\"has-text-align-left\">Unser Engagement f\u00fcr die Umwelt zieht sich durch den gesamten Lebenszyklus unserer Produkte<\/p>\n\n\n\n<p class=\"has-text-align-left\">Wir halten uns an strenge Standards f\u00fcr eine umweltfreundliche Entwicklung und Herstellung und verlangen von unseren Produkten, dass sie sicher sind und eine lange Lebensdauer haben, wobei die nachhaltige Entsorgung eine wichtige Rolle spielt.<\/p>\n\n\n\n<p>Die Produkte sind mit der durchgestrichenen Abfalltonne auf R\u00e4dern (WEEE-Kennzeichnung) gekennzeichnet, die darauf hinweist, dass sie nicht als unsortierter Abfall entsorgt werden d\u00fcrfen, sondern zur Wiederverwertung und zum Recycling an getrennte Sammelstellen geschickt werden m\u00fcssen. Bitte beachten Sie die Richtlinien Ihrer Kommune, um eine nachhaltige Entsorgung zu gew\u00e4hrleisten und durch Recycling zur Ressourcenschonung beizutragen<\/p>\n\n\n\n<h3 class=\"wp-block-heading\">Entsorgung und Vermeidung von Elektronikschrott<\/h3>\n\n\n\n<p>Bevor Sie sich entscheiden, das Ger\u00e4t zu entsorgen, sollten Sie eine Reparatur oder \u00dcberholung als Alternative in Betracht ziehen. Wir bieten Reparaturdienste, \u00fcberholte Teile und Software-Updates an, um die Lebensdauer des Produkts zu verl\u00e4ngern. Eine Verl\u00e4ngerung der Lebensdauer verringert den \u00f6kologischen Fu\u00dfabdruck erheblich und bietet dem Verbraucher wirtschaftliche Vorteile.<\/p>\n\n\n\n<p><\/p>\n\n\n\n<p>Elektroschrott enth\u00e4lt eine komplexe Mischung von Materialien, von denen einige gef\u00e4hrlich sind. Wenn ausrangierte Ger\u00e4te nicht ordnungsgem\u00e4\u00df entsorgt werden, k\u00f6nnen sie erhebliche Umwelt- und Gesundheitsprobleme verursachen. Dar\u00fcber hinaus enth\u00e4lt moderne Elektronik seltene und wertvolle Ressourcen, darunter wichtige Rohstoffe, die bei einer effektiven Abfallentsorgung recycelt und wiederverwendet werden k\u00f6nnen.<\/p>\n\n\n\n<p><\/p>\n\n\n\n<p>Die Verbesserung der Sammlung, Behandlung und des Recyclings von Elektro- und Elektronikger\u00e4ten am Ende ihrer Lebensdauer kann die Ressourceneffizienz steigern und den \u00dcbergang zu einer Kreislaufwirtschaft f\u00f6rdern. Dar\u00fcber hinaus kann sie die Versorgungssicherheit bei kritischen Rohstoffen verbessern und damit die strategische Autonomie der EU st\u00e4rken.<\/p>\n\n\n\n<p><\/p>\n\n\n\n<p>Wir erf\u00fcllen die erweiterte Herstellerverantwortung (EPR), indem wir die Abfallsammlung und die Berichterstattung an die Umweltschutzbeh\u00f6rden finanzieren. Wir betreiben R\u00fccknahmesysteme und schlie\u00dfen uns direkt oder \u00fcber Partnerschaften mit Organisationen f\u00fcr die Herstellerverantwortung (PRO) zusammen, die den l\u00e4nderspezifischen Anforderungen und Rechtsvorschriften entsprechen.<\/p>\n\n\n\n<p><strong>Allgemeine Beispiele<br><\/strong>Passen Sie das Entsorgungsbeispiel an Ihr Produkt an, indem Sie den Code auf den einzelnen Bauteilen oder Ger\u00e4ten identifizieren und das in der Tabelle beschriebene Verfahren befolgen.<\/p>\n\n\n\n<figure class=\"wp-block-table\"><table class=\"has-fixed-layout\"><thead><tr><th class=\"has-text-align-center\" data-align=\"center\">Exemplarisches<br>Bild<\/th><th class=\"has-text-align-center\" data-align=\"center\">Typ<\/th><th class=\"has-text-align-center\" data-align=\"center\">Kennzeichnung<\/th><th class=\"has-text-align-center\" data-align=\"center\">Ordnungsgem\u00e4\u00dfe Entsorgung<\/th><\/tr><\/thead><tbody><tr><td class=\"has-text-align-center\" data-align=\"center\"><img loading=\"lazy\" decoding=\"async\" width=\"150\" height=\"150\" class=\"wp-image-4943\" style=\"width: 150px;\" src=\"https:\/\/www.careium.com\/app\/uploads\/sites\/4\/2026\/02\/Electronic-Product_device.png\" alt=\"\" srcset=\"https:\/\/www.careium.com\/app\/uploads\/sites\/4\/2026\/02\/Electronic-Product_device.png 1000w, https:\/\/www.careium.com\/app\/uploads\/sites\/4\/2026\/02\/Electronic-Product_device-300x300.png 300w, https:\/\/www.careium.com\/app\/uploads\/sites\/4\/2026\/02\/Electronic-Product_device-150x150.png 150w, https:\/\/www.careium.com\/app\/uploads\/sites\/4\/2026\/02\/Electronic-Product_device-768x768.png 768w, https:\/\/www.careium.com\/app\/uploads\/sites\/4\/2026\/02\/Electronic-Product_device-120x120.png 120w, https:\/\/www.careium.com\/app\/uploads\/sites\/4\/2026\/02\/Electronic-Product_device-250x250.png 250w, https:\/\/www.careium.com\/app\/uploads\/sites\/4\/2026\/02\/Electronic-Product_device-360x360.png 360w, https:\/\/www.careium.com\/app\/uploads\/sites\/4\/2026\/02\/Electronic-Product_device-520x520.png 520w, https:\/\/www.careium.com\/app\/uploads\/sites\/4\/2026\/02\/Electronic-Product_device-700x700.png 700w, https:\/\/www.careium.com\/app\/uploads\/sites\/4\/2026\/02\/Electronic-Product_device-780x780.png 780w, https:\/\/www.careium.com\/app\/uploads\/sites\/4\/2026\/02\/Electronic-Product_device-600x600.png 600w, https:\/\/www.careium.com\/app\/uploads\/sites\/4\/2026\/02\/Electronic-Product_device-100x100.png 100w\" sizes=\"auto, (max-width: 150px) 100vw, 150px\" \/><\/td><td class=\"has-text-align-center\" data-align=\"center\">Elektronisches Produkt\/Ger\u00e4t<\/td><td class=\"has-text-align-center\" data-align=\"center\"><img loading=\"lazy\" decoding=\"async\" width=\"150\" height=\"150\" class=\"wp-image-4932\" style=\"width: 150px;\" src=\"https:\/\/www.careium.com\/app\/uploads\/sites\/4\/2026\/02\/Lithium-Button-Cell-marking.png\" alt=\"\" srcset=\"https:\/\/www.careium.com\/app\/uploads\/sites\/4\/2026\/02\/Lithium-Button-Cell-marking.png 1000w, https:\/\/www.careium.com\/app\/uploads\/sites\/4\/2026\/02\/Lithium-Button-Cell-marking-300x300.png 300w, https:\/\/www.careium.com\/app\/uploads\/sites\/4\/2026\/02\/Lithium-Button-Cell-marking-150x150.png 150w, https:\/\/www.careium.com\/app\/uploads\/sites\/4\/2026\/02\/Lithium-Button-Cell-marking-768x768.png 768w, https:\/\/www.careium.com\/app\/uploads\/sites\/4\/2026\/02\/Lithium-Button-Cell-marking-120x120.png 120w, https:\/\/www.careium.com\/app\/uploads\/sites\/4\/2026\/02\/Lithium-Button-Cell-marking-250x250.png 250w, https:\/\/www.careium.com\/app\/uploads\/sites\/4\/2026\/02\/Lithium-Button-Cell-marking-360x360.png 360w, https:\/\/www.careium.com\/app\/uploads\/sites\/4\/2026\/02\/Lithium-Button-Cell-marking-520x520.png 520w, https:\/\/www.careium.com\/app\/uploads\/sites\/4\/2026\/02\/Lithium-Button-Cell-marking-700x700.png 700w, https:\/\/www.careium.com\/app\/uploads\/sites\/4\/2026\/02\/Lithium-Button-Cell-marking-780x780.png 780w, https:\/\/www.careium.com\/app\/uploads\/sites\/4\/2026\/02\/Lithium-Button-Cell-marking-600x600.png 600w, https:\/\/www.careium.com\/app\/uploads\/sites\/4\/2026\/02\/Lithium-Button-Cell-marking-100x100.png 100w\" sizes=\"auto, (max-width: 150px) 100vw, 150px\" \/><img decoding=\"async\" class=\"wp-image-2510\" style=\"width: 250px;\" src=\"https:\/\/www.careium.com\/app\/uploads\/sites\/8\/2025\/05\/cardboard-recycle-icon.png\" alt=\"\"><\/td><td class=\"has-text-align-center\" data-align=\"center\"><strong>Getrennte Sammelstellen<br><\/strong>Zur Verwertung und zum Recycling in getrennten Sammelstellen abgeben. Nicht als unsortierten Abfall entsorgen. <br>Bitte pr\u00fcfen Sie die Richtlinien Ihrer Gemeinde<br><img decoding=\"async\" class=\"wp-image-2519\" style=\"width: 250px;\" src=\"https:\/\/www.careium.com\/app\/uploads\/sites\/8\/2025\/05\/polyethene-recycle.png\" alt=\"\"><\/td><\/tr><tr><td class=\"has-text-align-center\" data-align=\"center\"><img loading=\"lazy\" decoding=\"async\" width=\"150\" height=\"150\" class=\"wp-image-4947\" style=\"width: 150px;\" src=\"https:\/\/www.careium.com\/app\/uploads\/sites\/4\/2026\/02\/External-Power-Supply-EPS.png\" alt=\"\" srcset=\"https:\/\/www.careium.com\/app\/uploads\/sites\/4\/2026\/02\/External-Power-Supply-EPS.png 1000w, https:\/\/www.careium.com\/app\/uploads\/sites\/4\/2026\/02\/External-Power-Supply-EPS-300x300.png 300w, https:\/\/www.careium.com\/app\/uploads\/sites\/4\/2026\/02\/External-Power-Supply-EPS-150x150.png 150w, https:\/\/www.careium.com\/app\/uploads\/sites\/4\/2026\/02\/External-Power-Supply-EPS-768x768.png 768w, https:\/\/www.careium.com\/app\/uploads\/sites\/4\/2026\/02\/External-Power-Supply-EPS-120x120.png 120w, https:\/\/www.careium.com\/app\/uploads\/sites\/4\/2026\/02\/External-Power-Supply-EPS-250x250.png 250w, https:\/\/www.careium.com\/app\/uploads\/sites\/4\/2026\/02\/External-Power-Supply-EPS-360x360.png 360w, https:\/\/www.careium.com\/app\/uploads\/sites\/4\/2026\/02\/External-Power-Supply-EPS-520x520.png 520w, https:\/\/www.careium.com\/app\/uploads\/sites\/4\/2026\/02\/External-Power-Supply-EPS-700x700.png 700w, https:\/\/www.careium.com\/app\/uploads\/sites\/4\/2026\/02\/External-Power-Supply-EPS-780x780.png 780w, https:\/\/www.careium.com\/app\/uploads\/sites\/4\/2026\/02\/External-Power-Supply-EPS-600x600.png 600w, https:\/\/www.careium.com\/app\/uploads\/sites\/4\/2026\/02\/External-Power-Supply-EPS-100x100.png 100w\" sizes=\"auto, (max-width: 150px) 100vw, 150px\" \/><\/td><td class=\"has-text-align-center\" data-align=\"center\">Externe Stromversorgung (EPS)<\/td><td class=\"has-text-align-center\" data-align=\"center\"><img loading=\"lazy\" decoding=\"async\" width=\"150\" height=\"150\" class=\"wp-image-4932\" style=\"width: 150px;\" src=\"https:\/\/www.careium.com\/app\/uploads\/sites\/4\/2026\/02\/Lithium-Button-Cell-marking.png\" alt=\"\" srcset=\"https:\/\/www.careium.com\/app\/uploads\/sites\/4\/2026\/02\/Lithium-Button-Cell-marking.png 1000w, https:\/\/www.careium.com\/app\/uploads\/sites\/4\/2026\/02\/Lithium-Button-Cell-marking-300x300.png 300w, https:\/\/www.careium.com\/app\/uploads\/sites\/4\/2026\/02\/Lithium-Button-Cell-marking-150x150.png 150w, https:\/\/www.careium.com\/app\/uploads\/sites\/4\/2026\/02\/Lithium-Button-Cell-marking-768x768.png 768w, https:\/\/www.careium.com\/app\/uploads\/sites\/4\/2026\/02\/Lithium-Button-Cell-marking-120x120.png 120w, https:\/\/www.careium.com\/app\/uploads\/sites\/4\/2026\/02\/Lithium-Button-Cell-marking-250x250.png 250w, https:\/\/www.careium.com\/app\/uploads\/sites\/4\/2026\/02\/Lithium-Button-Cell-marking-360x360.png 360w, https:\/\/www.careium.com\/app\/uploads\/sites\/4\/2026\/02\/Lithium-Button-Cell-marking-520x520.png 520w, https:\/\/www.careium.com\/app\/uploads\/sites\/4\/2026\/02\/Lithium-Button-Cell-marking-700x700.png 700w, https:\/\/www.careium.com\/app\/uploads\/sites\/4\/2026\/02\/Lithium-Button-Cell-marking-780x780.png 780w, https:\/\/www.careium.com\/app\/uploads\/sites\/4\/2026\/02\/Lithium-Button-Cell-marking-600x600.png 600w, https:\/\/www.careium.com\/app\/uploads\/sites\/4\/2026\/02\/Lithium-Button-Cell-marking-100x100.png 100w\" sizes=\"auto, (max-width: 150px) 100vw, 150px\" \/><\/td><td class=\"has-text-align-center\" data-align=\"center\"><strong>Getrennte Sammelstellen<br><\/strong>Zur Verwertung und zum Recycling in getrennten Sammelstellen abgeben. Nicht als unsortierten Abfall entsorgen. <br>Bitte pr\u00fcfen Sie die Richtlinien Ihrer Gemeinde<br><img decoding=\"async\" class=\"wp-image-2520\" style=\"width: 250px;\" src=\"https:\/\/www.careium.com\/app\/uploads\/sites\/8\/2025\/05\/cardboard-recycle-icon.png\" alt=\"\"><\/td><\/tr><tr><td class=\"has-text-align-center\" data-align=\"center\"><img loading=\"lazy\" decoding=\"async\" width=\"150\" height=\"150\" class=\"wp-image-4944\" style=\"width: 150px;\" src=\"https:\/\/www.careium.com\/app\/uploads\/sites\/4\/2026\/02\/Cable.png\" alt=\"\" srcset=\"https:\/\/www.careium.com\/app\/uploads\/sites\/4\/2026\/02\/Cable.png 1000w, https:\/\/www.careium.com\/app\/uploads\/sites\/4\/2026\/02\/Cable-300x300.png 300w, https:\/\/www.careium.com\/app\/uploads\/sites\/4\/2026\/02\/Cable-150x150.png 150w, https:\/\/www.careium.com\/app\/uploads\/sites\/4\/2026\/02\/Cable-768x768.png 768w, https:\/\/www.careium.com\/app\/uploads\/sites\/4\/2026\/02\/Cable-120x120.png 120w, https:\/\/www.careium.com\/app\/uploads\/sites\/4\/2026\/02\/Cable-250x250.png 250w, https:\/\/www.careium.com\/app\/uploads\/sites\/4\/2026\/02\/Cable-360x360.png 360w, https:\/\/www.careium.com\/app\/uploads\/sites\/4\/2026\/02\/Cable-520x520.png 520w, https:\/\/www.careium.com\/app\/uploads\/sites\/4\/2026\/02\/Cable-700x700.png 700w, https:\/\/www.careium.com\/app\/uploads\/sites\/4\/2026\/02\/Cable-780x780.png 780w, https:\/\/www.careium.com\/app\/uploads\/sites\/4\/2026\/02\/Cable-600x600.png 600w, https:\/\/www.careium.com\/app\/uploads\/sites\/4\/2026\/02\/Cable-100x100.png 100w\" sizes=\"auto, (max-width: 150px) 100vw, 150px\" \/><\/td><td class=\"has-text-align-center\" data-align=\"center\">Kabel<\/td><td class=\"has-text-align-center\" data-align=\"center\"><img loading=\"lazy\" decoding=\"async\" width=\"150\" height=\"150\" class=\"wp-image-4932\" style=\"width: 150px;\" src=\"https:\/\/www.careium.com\/app\/uploads\/sites\/4\/2026\/02\/Lithium-Button-Cell-marking.png\" alt=\"\" srcset=\"https:\/\/www.careium.com\/app\/uploads\/sites\/4\/2026\/02\/Lithium-Button-Cell-marking.png 1000w, https:\/\/www.careium.com\/app\/uploads\/sites\/4\/2026\/02\/Lithium-Button-Cell-marking-300x300.png 300w, https:\/\/www.careium.com\/app\/uploads\/sites\/4\/2026\/02\/Lithium-Button-Cell-marking-150x150.png 150w, https:\/\/www.careium.com\/app\/uploads\/sites\/4\/2026\/02\/Lithium-Button-Cell-marking-768x768.png 768w, https:\/\/www.careium.com\/app\/uploads\/sites\/4\/2026\/02\/Lithium-Button-Cell-marking-120x120.png 120w, https:\/\/www.careium.com\/app\/uploads\/sites\/4\/2026\/02\/Lithium-Button-Cell-marking-250x250.png 250w, https:\/\/www.careium.com\/app\/uploads\/sites\/4\/2026\/02\/Lithium-Button-Cell-marking-360x360.png 360w, https:\/\/www.careium.com\/app\/uploads\/sites\/4\/2026\/02\/Lithium-Button-Cell-marking-520x520.png 520w, https:\/\/www.careium.com\/app\/uploads\/sites\/4\/2026\/02\/Lithium-Button-Cell-marking-700x700.png 700w, https:\/\/www.careium.com\/app\/uploads\/sites\/4\/2026\/02\/Lithium-Button-Cell-marking-780x780.png 780w, https:\/\/www.careium.com\/app\/uploads\/sites\/4\/2026\/02\/Lithium-Button-Cell-marking-600x600.png 600w, https:\/\/www.careium.com\/app\/uploads\/sites\/4\/2026\/02\/Lithium-Button-Cell-marking-100x100.png 100w\" sizes=\"auto, (max-width: 150px) 100vw, 150px\" \/><\/td><td class=\"has-text-align-center\" data-align=\"center\"><strong>Getrennte Sammelstellen<br><\/strong>Zur Verwertung und zum Recycling in getrennten Sammelstellen abgeben.<br>Nicht als unsortierten Abfall entsorgen. Bitte<br>pr\u00fcfen Sie die Richtlinien Ihrer Gemeinde<img decoding=\"async\" class=\"wp-image-2524\" style=\"width: 250px;\" src=\"https:\/\/www.careium.com\/app\/uploads\/sites\/8\/2025\/05\/recycle.png\" alt=\"\"><\/td><\/tr><\/tbody><\/table><\/figure>\n","protected":false},"excerpt":{"rendered":"<p>Elektronik Unser Engagement f\u00fcr die Umwelt zieht sich durch den gesamten Lebenszyklus unserer Produkte Wir halten uns an strenge Standards f\u00fcr eine umweltfreundliche Entwicklung und Herstellung und verlangen von unseren Produkten, dass sie sicher sind und eine lange Lebensdauer haben, wobei die nachhaltige Entsorgung eine wichtige Rolle spielt. Die Produkte sind mit der durchgestrichenen Abfalltonne&#8230;<\/p>\n","protected":false},"author":5,"featured_media":0,"parent":2146,"menu_order":0,"comment_status":"closed","ping_status":"closed","template":"template-text-page.blade.php","meta":{"_acf_changed":false,"footnotes":""},"class_list":["post-2172","page","type-page","status-publish","hentry"],"acf":[],"_links":{"self":[{"href":"https:\/\/www.careium.com\/de\/wp-json\/wp\/v2\/pages\/2172","targetHints":{"allow":["GET"]}}],"collection":[{"href":"https:\/\/www.careium.com\/de\/wp-json\/wp\/v2\/pages"}],"about":[{"href":"https:\/\/www.careium.com\/de\/wp-json\/wp\/v2\/types\/page"}],"author":[{"embeddable":true,"href":"https:\/\/www.careium.com\/de\/wp-json\/wp\/v2\/users\/5"}],"replies":[{"embeddable":true,"href":"https:\/\/www.careium.com\/de\/wp-json\/wp\/v2\/comments?post=2172"}],"version-history":[{"count":4,"href":"https:\/\/www.careium.com\/de\/wp-json\/wp\/v2\/pages\/2172\/revisions"}],"predecessor-version":[{"id":4949,"href":"https:\/\/www.careium.com\/de\/wp-json\/wp\/v2\/pages\/2172\/revisions\/4949"}],"up":[{"embeddable":true,"href":"https:\/\/www.careium.com\/de\/wp-json\/wp\/v2\/pages\/2146"}],"wp:attachment":[{"href":"https:\/\/www.careium.com\/de\/wp-json\/wp\/v2\/media?parent=2172"}],"curies":[{"name":"wp","href":"https:\/\/api.w.org\/{rel}","templated":true}]}}