{"id":2240,"date":"2025-06-03T11:06:58","date_gmt":"2025-06-03T11:06:58","guid":{"rendered":"https:\/\/www.careium.com\/de\/?page_id=2240"},"modified":"2026-03-05T15:13:27","modified_gmt":"2026-03-05T14:13:27","slug":"cookie-richtlinie","status":"publish","type":"page","link":"https:\/\/www.careium.com\/de\/cookie-richtlinie\/","title":{"rendered":"Cookie Policy"},"content":{"rendered":"\n<h1 class=\"wp-block-heading has-text-align-left\">Cookie-Richtlinie<\/h1>\n\n\n\n<div style=\"height:20px\" aria-hidden=\"true\" class=\"wp-block-spacer\"><\/div>\n\n\n\n<p>Die Careium Sweden AB verwendet auf der Website <a href=\"https:\/\/www.careium.com\/de\/\">www.careium.com<\/a> (\u201eWebsite\u201c) Cookies.<\/p>\n\n\n\n<p>Die Careium Sweden AB ist die verantwortliche Stelle f\u00fcr die Verarbeitung personenbezogener Daten.<\/p>\n\n\n\n<p>Uns bei Careium ist Ihre Privatsph\u00e4re wichtig. In dieser Cookie-Richtlinie (\u201eCookie-Richtlinie\u201c) erl\u00e4utern wir, wie wir Cookies und andere \u00e4hnliche Technologien dazu verwenden, Sie wiederzuerkennen, wenn Sie unsere Websites besuchen. In dieser Richtlinie erl\u00e4utern wir die verwendeten Technologien, den Zweck der Verarbeitung und Ihre Rechte als Besucher:in.<\/p>\n\n\n\n<h2 class=\"wp-block-heading\">Was ist ein Cookie?<\/h2>\n\n\n\n<p>Cookies sind kleine Textdateien, die von Ihrem Browser auf dem Ger\u00e4t gespeichert werden, welches Sie zum Surfen im Internet verwenden. Wenn Sie unsere Website besuchen, k\u00f6nnen mithilfe von Cookies bestimmte Informationen gespeichert werden. Wenn wir von Cookies sprechen, meinen wir Erstanbieter- und Drittanbieter-Cookies, Tracking-Pixel, Plug-ins und andere Tracking-Technologien. Zu weiteren Informationen \u00fcber Cookies besuchen Sie <a href=\"http:\/\/www.allaboutcookies.org\" target=\"_blank\" rel=\"noreferrer noopener nofollow\">www.allaboutcookies.org<\/a>.<\/p>\n\n\n\n<h2 class=\"wp-block-heading\">Informationskategorien und Zwecke<\/h2>\n\n\n\n<p>Cookies helfen uns dabei, besser zu verstehen, wie Sie die Website verwenden. Cookies erm\u00f6glichen au\u00dferdem, dass Ihr Besuch personalisiert wird und sie ihn als angenehmer wahrnehmen. Informationen, die wir mithilfe von Cookies sammeln, sind zum Beispiel:<\/p>\n\n\n\n<ul class=\"wp-block-list\">\n<li>Die Anzahl der Besucher:innen der Website, die angesehenen Seiten, Klicks auf der Website und die Dauer der Navigation auf der Website<\/li>\n\n\n\n<li>Ob der Besuch der Website der erste ist oder nicht<\/li>\n\n\n\n<li>Ihre Display-Einstellungen (zum Beispiel Markt, Sprache usw.)<\/li>\n<\/ul>\n\n\n\n<p>Wichtig ist uns dabei, festzuhalten, dass wir \u00fcber Cookies weder Ihren Namen noch Ihre Mailadresse erfassen.<\/p>\n\n\n\n<p>Zus\u00e4tzlich erm\u00f6glichen uns Cookies Folgendes:<\/p>\n\n\n\n<ul class=\"wp-block-list\">\n<li>eine Personalisierung des Besuchs \u2013 wir k\u00f6nnen die w\u00e4hrenddessen erfassten Informationen dazu verwenden, Ihren n\u00e4chsten Besuch der Website zu erleichtern<\/li>\n\n\n\n<li>eine Bewertung und Verbesserung der Werbung<\/li>\n<\/ul>\n\n\n\n<h2 class=\"wp-block-heading\">Arten von Cookies<\/h2>\n\n\n\n<p>Auf der Website verwenden wir sowohl Erstanbieter- als auch Drittanbieter-Cookies. Alle Cookies haben einen Herausgeber. Dies gibt also an, wem ein Cookie geh\u00f6rt. Der Herausgeber ist der Besitzer der im Cookie angegebenen Domain. Wenn Sie unsere Website besuchen, platzieren wir aus verschiedenen Gr\u00fcnden Cookies auf Ihrem Ger\u00e4t; dies sind sogenannte Erstanbieter-Cookies.<\/p>\n\n\n\n<p>Cookies, die von einem Drittunternehmen gespeichert werden \u2013 beispielsweise von Social-Media-Plattformen oder Anbietern von Werbe- oder Werbetechnologien \u2013, werden als Drittanbieter-Cookies bezeichnet.<\/p>\n\n\n\n<p>Manche Cookies sind f\u00fcr die Funktion der Website notwendig; diese werden als \u201eunbedingt notwendige Cookies\u201c bezeichnet.<\/p>\n\n\n\n<p>Einige Cookies verbessern das Nutzerlebnis auf der Website. Diese werden als funktionale Cookies bezeichnet. Dazu k\u00f6nnen beispielsweise die Sprachauswahl oder andere Einstellungen geh\u00f6ren, die dazu dienen, den n\u00e4chsten Besuch der Nutzer:in zu vereinfachen. In den Einstellungen Ihres Browsers k\u00f6nnen Sie ausw\u00e4hlen, ob und welche Cookies gesetzt werden. Wenn Sie diese Cookies nicht zulassen, kann dies unter Umst\u00e4nden die Funktionalit\u00e4t und Ihre allgemeine Wahrnehmung der Website beeintr\u00e4chtigen. Diese Cookies werden von Careium erstellt. Sie dienen in erster Linie dazu, Ihnen eine freie und einfache Navigation auf der Website und die Nutzung der verschiedenen Funktionen zu erm\u00f6glichen.<\/p>\n\n\n\n<p>Drittanbieter-Cookies werden von Drittunternehmen \u00fcber die Website f\u00fcr gezieltes Marketing auf anderen Websites und zu Analysezwecken bereitgestellt.<\/p>\n\n\n\n<p>Marketing-Cookies dienen unter anderem dazu, Werbung anzuzeigen, die f\u00fcr einzelne Nutzer:innen relevant und interessant ist. Dies ist f\u00fcr die Herausgeber und f\u00fcr Drittanbieter von Werbung von gro\u00dfem Wert.<\/p>\n\n\n\n<p>Analyse-Cookies werden beispielsweise dazu eingesetzt, Statistiken zu erstellen und Besuchermuster zu identifizieren. So k\u00f6nnen wir besser verstehen, wie die Website verwendet wird, was uns dabei hilft, das Besuchserlebnis zu verbessern. Die durch Cookies gesammelten Angaben enthalten keine personenbezogenen Daten au\u00dfer der IP-Adresse des verwendeten Computers.<\/p>\n\n\n\n<p>Die Speicherdauer von Cookies auf Ihrem Ger\u00e4t h\u00e4ngt von der Kategorie \u2013 tempor\u00e4r oder dauerhaft \u2013 ab.<\/p>\n\n\n\n<h2 class=\"wp-block-heading\">Rechtsgrundlage<\/h2>\n\n\n\n<h3 class=\"wp-block-heading\">Berechtigtes Interesse<\/h3>\n\n\n\n<p>Die Funktionalit\u00e4t der Website h\u00e4ngt von unseren notwendigen Cookies ab. Daher ist diese Kategorie von Cookies grunds\u00e4tzlich aktiviert, wenn Sie die Website besuchen. Die Verarbeitung dieser unbedingt notwendigen Cookies basiert auf unserem berechtigten Interesse, Ihnen bei einem Besuch eine funktionsf\u00e4hige Website zur Verf\u00fcgung zu stellen. Dieses Interesse wurde gegen Ihre Interessen, Grundrechte und Freiheiten abgewogen.<\/p>\n\n\n\n<h3 class=\"wp-block-heading\">Einwilligung<\/h3>\n\n\n\n<p>Die Verarbeitung anderer funktionaler, statistischer und Marketing-Cookies beruht auf Ihrer Einwilligung. Wenn Sie die Website erstmalig besuchen, werden Sie \u00fcber die Verwendung von Cookies informiert. Sie haben dann die M\u00f6glichkeit, in die Verwendung von Cookies einzuwilligen, und Sie k\u00f6nnen Ihre Einstellungen anpassen. Die Einwilligung zu diesen Cookies ist freiwillig, und die Verwendung der Website h\u00e4ngt nicht davon ab. Bestimmte Dienste und Funktionen erfordern jedoch die Verwendung von Cookies; ohne Ihre Zustimmung sind sie eventuell nur eingeschr\u00e4nkt oder gar nicht zug\u00e4nglich.<\/p>\n\n\n\n<p>Sie k\u00f6nnen Ihre Einwilligung jederzeit widerrufen, indem Sie auf der Website auf das Symbol f\u00fcr die Cookie-Einstellungen klicken.<\/p>\n\n\n\n<p>Beachten Sie dabei: Wenn Sie mehr als einen Browser verwenden, m\u00fcssen Sie die Cookies in jedem Browser l\u00f6schen.<\/p>\n\n\n\n<p>Ihre Einwilligung gilt f\u00fcr die Website careium.com.<\/p>\n\n\n\n<h2 class=\"wp-block-heading\">Cookie-erkl\u00e4rung<\/h2>\n\n\n\n<div class=\"uc-embed\" uc-embed-type=\"category\"><\/div>\n\n\n\n<div style=\"height:20px\" aria-hidden=\"true\" class=\"wp-block-spacer\"><\/div>\n\n\n\n<h2 class=\"wp-block-heading\">\u00dcbermittlung personenbezogener Daten au\u00dferhalb der EU\/des EWR<\/h2>\n\n\n\n<p>Wir verwenden auf unserer Website Drittanbieter-Cookies, was bedeutet, dass Ihre personenbezogenen Daten unter Umst\u00e4nden an Dritte in Drittl\u00e4ndern, wie beispielsweise in den USA, \u00fcbermittelt werden. Falls personenbezogene Daten in ein Drittland \u00fcbermittelt werden, setzen wir stets geeignete Sicherheitsvorkehrungen ein, damit Ihre personenbezogenen Daten bestm\u00f6glich gesch\u00fctzt sind. Zu diesen geeigneten Sicherheitsvorkehrungen z\u00e4hlen unter anderem:<\/p>\n\n\n\n<ul class=\"wp-block-list\">\n<li>Eine Gew\u00e4hrleistung, dass die Europ\u00e4ische Kommission festgestellt hat, dass das Land, in das die personenbezogenen Daten \u00fcbermittelt werden, ein \u201eangemessenes\u201c Schutzniveau bietet, das dem durch die Datenschutz-Grundverordnung (DSGVO) garantierten Schutzniveau entspricht.<\/li>\n\n\n\n<li>Der Abschluss der Standardvertragsklauseln der Europ\u00e4ischen Kommission mit dem Empf\u00e4nger der personenbezogenen Daten im Drittland. Bei der \u00dcbermittlung personenbezogener Daten in ein Drittland auf der Grundlage der Standardvertragsklauseln der Europ\u00e4ischen Kommission pr\u00fcfen wir, ob die Rechtsvorschriften des Empf\u00e4ngerlands den Schutz personenbezogener Daten beeintr\u00e4chtigen. Falls erforderlich, ergreifen wir spezifische technische und organisatorische Ma\u00dfnahmen, mit denen wir w\u00e4hrend der \u00dcbermittlung in das jeweilige Land au\u00dferhalb der EU\/des EWR das Schutzniveau sicherstellen. Aufgrund der US-Sicherheitsgesetze besteht jedoch die M\u00f6glichkeit, dass US-Beh\u00f6rden \u2013 zum Zwecke der Verbrechensbek\u00e4mpfung oder zum Schutz der nationalen Sicherheit \u2013 trotz der von uns getroffenen technischen und organisatorischen Sicherheitsma\u00dfnahmen Zugriff auf personenbezogene Daten erhalten, die in die USA \u00fcbermittelt wurden.<\/li>\n<\/ul>\n\n\n\n<p>Wenn Sie an gdpr(at)careium.com mailen, senden wir Ihnen eine Beschreibung der Sicherheitsvorkehrungen zu.<\/p>\n\n\n\n<h2 class=\"wp-block-heading\">Cookie-Einstellungen<\/h2>\n\n\n\n<p>Beim ersten Besuch der Website werden Sie im Cookie-Kasten dazu aufgefordert, eine Auswahl zu treffen. \u00dcber den Cookie-Kasten k\u00f6nnen Sie Ihre Einwilligung f\u00fcr alle Cookie-Kategorien mit Ausnahme der unbedingt notwendigen widerrufen oder individuelle Einstellungen vornehmen. Sie best\u00e4tigen Ihre Auswahl, indem Sie auf eine folgender Optionen klicken: \u201e<strong>Ablehnen<\/strong>\u201c, \u201e<strong>Auswahl zulassen<\/strong>\u201c oder \u201e<strong>Alle zulassen<\/strong>\u201c. Sie k\u00f6nnen den Cookie-Kasten jederzeit erneut aufrufen. Klicken Sie dazu einfach auf der Website auf das Symbol f\u00fcr Cookie-Einstellungen.<\/p>\n\n\n\n<p>Der Kasten enth\u00e4lt Informationen zu den Cookie-Kategorien, die f\u00fcr die jeweilige Website gelten. Beachten Sie bei Ihrer Auswahl, dass die Deaktivierung bestimmter Cookies die Funktionalit\u00e4t der Website beeintr\u00e4chtigen kann.<\/p>\n\n\n\n<h2 class=\"wp-block-heading\">\u00c4ndern der Einwilligung<\/h2>\n\n\n\n<p>Sie k\u00f6nnen Ihre Einwilligung zur\u00fcckziehen. L\u00f6schen Sie dazu entweder die Cookies in Ihrem Browser, oder \u00e4ndern Sie Ihre urspr\u00fcngliche Auswahl \u00fcber den folgenden Link:<\/p>\n\n\n\n<p>Zur Anpassung Ihrer bisherigen Cookie-Einstellungen klicken Sie auf folgenden Link.<\/p>\n\n\n\n<button onClick=\"UC_UI.showSecondLayer();\" class=\"link link--button\">Cookie-Einstellungen<\/button>\n\n\n\n<p>Beachten Sie dabei: Wenn Sie mehr als einen Browser verwenden, m\u00fcssen Sie die Cookies in jedem Browser l\u00f6schen.<\/p>\n\n\n\n<h2 class=\"wp-block-heading\">Browser-Einstellungen<\/h2>\n\n\n\n<p>In den meisten Browsern k\u00f6nnen Sie festlegen, wie dieser mit Cookies umgeht. Die nachstehenden Links f\u00fchren zu den Einstellungen einiger \u00fcblicher Browser. Weitere Informationen zu Cookies finden Sie auf der Website der zust\u00e4ndigen Aufsichtsbeh\u00f6rde. In Schweden ist dies das Schwedische Amt f\u00fcr Post und Telekommunikation (Post- och telestyrelsen); <a href=\"https:\/\/www.pts.se\" target=\"_blank\" rel=\"noreferrer noopener nofollow\">www.pts.se<\/a>.<\/p>\n\n\n\n<p><a href=\"https:\/\/support.google.com\/accounts\/answer\/61416?co=GENIE.Platform%3DDesktop&amp;hl=en\" target=\"_blank\" rel=\"noreferrer noopener nofollow\">Google Chrome<\/a><\/p>\n\n\n\n<p><a href=\"https:\/\/support.microsoft.com\/en-gb\/microsoft-edge\/microsoft-edge-browsing-data-and-privacy-bb8174ba-9d73-dcf2-9b4a-c582b4e640dd\" target=\"_blank\" rel=\"noreferrer noopener nofollow\">Microsoft Edge<\/a><\/p>\n\n\n\n<p><a href=\"https:\/\/support.mozilla.org\/en-US\/kb\/enhanced-tracking-protection-firefox-desktop?redirectslug=enable-and-disable-cookies-website-preferences&amp;redirectlocale=en-US\" target=\"_blank\" rel=\"noreferrer noopener nofollow\">Mozilla Firefox<\/a><\/p>\n\n\n\n<p><a href=\"https:\/\/support.microsoft.com\/en-gb\/help\/17442\/windows-internet-explorer-delete-manage-cookies\" target=\"_blank\" rel=\"noreferrer noopener nofollow\">Microsoft Internet Explorer<\/a><\/p>\n\n\n\n<p><a href=\"https:\/\/help.opera.com\/en\/latest\/web-preferences\/\" target=\"_blank\" rel=\"noreferrer noopener nofollow\">Oper<\/a><\/p>\n\n\n\n<p><a href=\"https:\/\/support.apple.com\/en-gb\/safari\" target=\"_blank\" rel=\"noreferrer noopener nofollow\">Apple Safari<\/a><\/p>\n\n\n\n<p>\u00c4hnliche Informationen zu anderen Browsern finden Sie auf der Website des jeweiligen Entwicklers. Wenn Sie die Nachverfolgung durch Google Analytics auf allen Websites deaktivieren wollen, rufen Sie <a href=\"http:\/\/tools.google.com\/dlpage\/gaoptout\" target=\"_blank\" rel=\"noreferrer noopener nofollow\">http:\/\/tools.google.com\/dlpage\/gaoptout<\/a> auf.<\/p>\n\n\n\n<h2 class=\"wp-block-heading\">Aktualisierung der Cookie-Richtlinie<\/h2>\n\n\n\n<p>Diese Cookie-Richtlinie wird regelm\u00e4\u00dfig \u00fcberpr\u00fcft; gegebenenfalls kann sie angepasst werden. Etwaige \u00c4nderungen sind in der aktuellen Cookie-Richtlinie auf der Website enthalten. Es ist daher empfehlenswert, sich regelm\u00e4\u00dfig \u00fcber unsere Cookie-Richtlinie auf dem Laufenden zu halten.<\/p>\n\n\n\n<h2 class=\"wp-block-heading\">Kontakt<\/h2>\n\n\n\n<p>Bei Fragen zur Verwendung von Cookies wenden Sie sich an:<\/p>\n\n\n\n<p><strong>gdpr(at)careium.com<\/strong><\/p>\n\n\n\n<p>Weitere Informationen zu unserer Verarbeitung personenbezogener Daten und dar\u00fcber, wie Sie Ihre Rechte als betroffene Person aus\u00fcben k\u00f6nnen, finden Sie in unserer <a href=\"https:\/\/www.careium.com\/de\/datenschutzerklarung\/\" data-type=\"page\" data-id=\"2197\">Datenschutzerkl\u00e4rung<\/a>.<\/p>\n\n\n\n<p><br>Zuletzt aktualisiert: 30. Mai 2025.<\/p>\n\n\n\n<p><\/p>\n","protected":false},"excerpt":{"rendered":"<p>Cookie-Richtlinie Die Careium Sweden AB verwendet auf der Website www.careium.com (\u201eWebsite\u201c) Cookies. Die Careium Sweden AB ist die verantwortliche Stelle f\u00fcr die Verarbeitung personenbezogener Daten. Uns bei Careium ist Ihre Privatsph\u00e4re wichtig. In dieser Cookie-Richtlinie (\u201eCookie-Richtlinie\u201c) erl\u00e4utern wir, wie wir Cookies und andere \u00e4hnliche Technologien dazu verwenden, Sie wiederzuerkennen, wenn Sie unsere Websites besuchen. In&#8230;<\/p>\n","protected":false},"author":4,"featured_media":0,"parent":0,"menu_order":0,"comment_status":"closed","ping_status":"closed","template":"template-text-page.blade.php","meta":{"_acf_changed":false,"footnotes":""},"class_list":["post-2240","page","type-page","status-publish","hentry"],"acf":[],"_links":{"self":[{"href":"https:\/\/www.careium.com\/de\/wp-json\/wp\/v2\/pages\/2240","targetHints":{"allow":["GET"]}}],"collection":[{"href":"https:\/\/www.careium.com\/de\/wp-json\/wp\/v2\/pages"}],"about":[{"href":"https:\/\/www.careium.com\/de\/wp-json\/wp\/v2\/types\/page"}],"author":[{"embeddable":true,"href":"https:\/\/www.careium.com\/de\/wp-json\/wp\/v2\/users\/4"}],"replies":[{"embeddable":true,"href":"https:\/\/www.careium.com\/de\/wp-json\/wp\/v2\/comments?post=2240"}],"version-history":[{"count":5,"href":"https:\/\/www.careium.com\/de\/wp-json\/wp\/v2\/pages\/2240\/revisions"}],"predecessor-version":[{"id":5028,"href":"https:\/\/www.careium.com\/de\/wp-json\/wp\/v2\/pages\/2240\/revisions\/5028"}],"wp:attachment":[{"href":"https:\/\/www.careium.com\/de\/wp-json\/wp\/v2\/media?parent=2240"}],"curies":[{"name":"wp","href":"https:\/\/api.w.org\/{rel}","templated":true}]}}