{"id":507,"date":"2025-05-14T12:45:23","date_gmt":"2025-05-14T12:45:23","guid":{"rendered":"https:\/\/www.careium.com\/de\/?page_id=507"},"modified":"2026-03-27T16:49:54","modified_gmt":"2026-03-27T15:49:54","slug":"unsere-vision","status":"publish","type":"page","link":"https:\/\/www.careium.com\/de\/uber-uns\/unsere-vision\/","title":{"rendered":"Vision"},"content":{"rendered":"\n<h1 class=\"wp-block-heading\">Vision<\/h1>\n\n\n\n<h2 class=\"wp-block-heading has-text-align-left\">F\u00fcr ein selbstbestimmtes Leben<\/h2>\n\n\n\n<div style=\"height:16px\" aria-hidden=\"true\" class=\"wp-block-spacer is-style-small\"><\/div>\n\n\n\n<div class=\"wp-block-cover is-light is-style-rounded\" style=\"min-height:50px;aspect-ratio:unset;\"><span aria-hidden=\"true\" class=\"wp-block-cover__background has-neutral-pure-background-color has-background-dim-100 has-background-dim\"><\/span><div class=\"wp-block-cover__inner-container is-layout-constrained wp-block-cover-is-layout-constrained\">\n<div style=\"height:16px\" aria-hidden=\"true\" class=\"wp-block-spacer is-style-small\"><\/div>\n\n\n<div class=\"wp-block-quote\" style=\"\">\n        <blockquote class=\"wp-block-quote__text no-image\">\n        <p class=\"wp-block-quote__quote\">Millionen von Menschen sind in der Lage ein erf\u00fclltes, sicheres und aktives Leben zu f\u00fchren, welches durch Innovation und menschliche Beziehungen unterst\u00fctzt wird.<\/p>\n                    <\/blockquote>\n<\/div>\n\n\n\n<div style=\"height:5px\" aria-hidden=\"true\" class=\"wp-block-spacer is-style-half-on-mobile\"><\/div>\n<\/div><\/div>\n\n\n\n<div style=\"height:16px\" aria-hidden=\"true\" class=\"wp-block-spacer is-style-small\"><\/div>\n\n\n\n<p>Dies ist unsere Vision, das \u201eWarum\u201c der Existenz von Careium. Unsere Motivation ist die echte F\u00fcrsorge f\u00fcr unsere Benutzer \u2013 ihre Bed\u00fcrfnisse stehen immer im Mittelpunkt unserer T\u00e4tigkeiten. Dies ist der Ausgangspunkt, von dem wir kontinuierlich nach besseren M\u00f6glichkeiten zur Unterst\u00fctzung suchen.&nbsp;&nbsp;<\/p>\n\n\n\n<div style=\"height:20px\" aria-hidden=\"true\" class=\"wp-block-spacer is-style-small\"><\/div>\n\n\n<div class=\"wp-block-embed\" style=\"\">\n            <div class=\"wp-block-embed__cover\">\n            <picture>\n                                    <source media=\"(min-width: 10px)\" srcset=\"https:\/\/www.careium.com\/app\/uploads\/sites\/4\/2025\/06\/Blog-featured-images-4-780x408.png.webp\" type=\"image\/webp\"\n                    width=\"780\" height=\"408\">\n                            <source media=\"(min-width: 10px)\" srcset=\"https:\/\/www.careium.com\/app\/uploads\/sites\/4\/2025\/06\/Blog-featured-images-4-780x408.png\" type=\"image\/png\"\n                    width=\"780\" height=\"408\">\n                    \n\n        <img decoding=\"async\"  src=\"https:\/\/www.careium.com\/app\/uploads\/sites\/4\/2025\/06\/Blog-featured-images-4-780x408.png\" alt=\"\u00dcber uns\" loading=\"lazy\"\n            width=\"780\" height=\"408\">\n    <\/picture>\n        <\/div>\n    \n    <iframe title=\"This is Careium\" width=\"640\" height=\"360\" data-src=\"https:\/\/www.youtube.com\/embed\/reQikbbnvbg?feature=oembed\" frameborder=\"0\" allow=\"accelerometer; autoplay; clipboard-write; encrypted-media; gyroscope; picture-in-picture; web-share\" referrerpolicy=\"strict-origin-when-cross-origin\" allowfullscreen><\/iframe>\n\n    <div class=\"wp-block-embed__blocker hidden\">\n      <p><strong>Dieses Video ist nicht verf\u00fcgbar. <\/strong>Du musst Marketing-Cookies akzeptieren, um diesen Inhalt ansehen zu k\u00f6nnen. Bitte \u00f6ffne die Cookie-Einstellungen und akzeptiere die Marketing-Kategorie und aktualisiere die Seite.<\/p>\n      <a href=\"#\" onClick=\"UC_UI.showSecondLayer();\">Cookie-Einstellungen<\/a>\n    <\/div>\n\n    <button class=\"wp-block-embed__player\" title=\"Video abspielen\">\n        <i class=\"fa-regular fa-circle-play\"><\/i>\n    <\/button>\n<\/div>\n\n\n\n<div style=\"height:20px\" aria-hidden=\"true\" class=\"wp-block-spacer is-style-medium\"><\/div>\n\n\n\n<h2 class=\"wp-block-heading has-primary-color has-text-color has-link-color wp-elements-ea7a49cdec825c5f501305120d54f830\">Das tun wir&nbsp;<\/h2>\n\n\n\n<p>Technologie und Digitalisierung sind leistungsstarke Hilfsmittel und wir suchen st\u00e4ndig nach neuen, bahnbrechenden L\u00f6sungen, die das Leben f\u00fcr Kunden und Benutzer einfacher machen k\u00f6nnen. Das ist letztendlich unsere Arbeit. Wir nutzen all unsere Erfahrung, unser Wissen und wegweisende Innovationen, um ein unabh\u00e4ngiges Leben mit Pflege zu erm\u00f6glichen. Klug handeln, F\u00fcrsorge zeigen und Helden sein \u2013 das ist unsere Philosophie.&nbsp;<\/p>\n\n\n\n<h2 class=\"wp-block-heading has-primary-color has-text-color has-link-color wp-elements-a6296c8e315484fe2360151cd56fe178\">So erreichen wir unser Ziel <\/h2>\n\n\n\n<p>Wie k\u00f6nnen wir unsere Vision verwirklichen? Indem wir Alltagshelden sind und intelligente Technologie verwenden, um Personen zu ihren eigenen Bedigungen zu unterst\u00fctzen. Das ist unsere Mission.&nbsp;<\/p>\n\n\n\n<p><\/p>\n\n\n\n<p><strong>Wir versprechen F\u00fcrsorge und intelligente L\u00f6sungen, um den Alltag unserer Benutzer zu unterst\u00fctzen. Und bei Careium halten wir unsere Versprechen. <\/strong><\/p>\n","protected":false},"excerpt":{"rendered":"<p>Vision F\u00fcr ein selbstbestimmtes Leben Dies ist unsere Vision, das \u201eWarum\u201c der Existenz von Careium. Unsere Motivation ist die echte F\u00fcrsorge f\u00fcr unsere Benutzer \u2013 ihre Bed\u00fcrfnisse stehen immer im Mittelpunkt unserer T\u00e4tigkeiten. Dies ist der Ausgangspunkt, von dem wir kontinuierlich nach besseren M\u00f6glichkeiten zur Unterst\u00fctzung suchen.&nbsp;&nbsp; Das tun wir&nbsp; Technologie und Digitalisierung sind leistungsstarke&#8230;<\/p>\n","protected":false},"author":5,"featured_media":0,"parent":496,"menu_order":0,"comment_status":"closed","ping_status":"closed","template":"template-text-page.blade.php","meta":{"_acf_changed":false,"footnotes":""},"class_list":["post-507","page","type-page","status-publish","hentry"],"acf":[],"_links":{"self":[{"href":"https:\/\/www.careium.com\/de\/wp-json\/wp\/v2\/pages\/507","targetHints":{"allow":["GET"]}}],"collection":[{"href":"https:\/\/www.careium.com\/de\/wp-json\/wp\/v2\/pages"}],"about":[{"href":"https:\/\/www.careium.com\/de\/wp-json\/wp\/v2\/types\/page"}],"author":[{"embeddable":true,"href":"https:\/\/www.careium.com\/de\/wp-json\/wp\/v2\/users\/5"}],"replies":[{"embeddable":true,"href":"https:\/\/www.careium.com\/de\/wp-json\/wp\/v2\/comments?post=507"}],"version-history":[{"count":5,"href":"https:\/\/www.careium.com\/de\/wp-json\/wp\/v2\/pages\/507\/revisions"}],"predecessor-version":[{"id":5044,"href":"https:\/\/www.careium.com\/de\/wp-json\/wp\/v2\/pages\/507\/revisions\/5044"}],"up":[{"embeddable":true,"href":"https:\/\/www.careium.com\/de\/wp-json\/wp\/v2\/pages\/496"}],"wp:attachment":[{"href":"https:\/\/www.careium.com\/de\/wp-json\/wp\/v2\/media?parent=507"}],"curies":[{"name":"wp","href":"https:\/\/api.w.org\/{rel}","templated":true}]}}