{"id":518,"date":"2025-05-20T06:25:21","date_gmt":"2025-05-20T06:25:21","guid":{"rendered":"https:\/\/www.careium.com\/de\/?page_id=518"},"modified":"2026-04-15T10:33:28","modified_gmt":"2026-04-15T08:33:28","slug":"normen-und-richtlinien","status":"publish","type":"page","link":"https:\/\/www.careium.com\/de\/uber-uns\/normen-und-richtlinien\/","title":{"rendered":"Normen und Richtlinien"},"content":{"rendered":"\n<h1 class=\"wp-block-heading has-text-align-left has-text-align-center\">Normen und Richtlinien<\/h1>\n\n\n\n<div style=\"height:20px\" aria-hidden=\"true\" class=\"wp-block-spacer\"><\/div>\n\n\n\n<p class=\"has-text-align-left\"><strong>Careium ist bestrebt, ein nachhaltiges Unternehmen mit guten Gesch\u00e4ftsethiken zu sein. Wir m\u00f6chten ein attraktiver Arbeitgeber sein, indem wir ein Arbeitsumweld schaffen, das auf Zusammenarbeit, Verantwortung und Offenheit beruht. Unsere Konzernrichtlinien erg\u00e4nzen unsere Werte.&nbsp;<\/strong><\/p>\n\n\n\n<p><a href=\"https:\/\/www.careium.com\/app\/uploads\/sites\/4\/2025\/10\/politik-der-unternehmensethik-careium-de.pdf\" target=\"_blank\" data-type=\"attachment\" data-id=\"4626\" rel=\"noreferrer noopener\">Careium Politik der Unternehmensethik<\/a> (einschlie\u00dflich Richtlinien f\u00fcr Qualit\u00e4t, Umwelt, Informationssicherheit sowie Gesundheit und Sicherheit am Arbeitsplatz)<\/p>\n\n\n\n<p><a href=\"https:\/\/www.careium.com\/app\/uploads\/sites\/8\/2025\/04\/certificate-quality-management-system-iso-9001-250219-careium-en.pdf\" target=\"_blank\" rel=\"noreferrer noopener\">ISO 9001 (quality) certificate<\/a><\/p>\n\n\n\n<p><a href=\"https:\/\/www.careium.com\/app\/uploads\/sites\/8\/2025\/04\/certificate-environmental-management-system-iso-14001-250219-careium-en.pdf\" target=\"_blank\" rel=\"noreferrer noopener\">ISO 14001 (environment) certificate<\/a><\/p>\n\n\n\n<p><a href=\"https:\/\/www.careium.com\/app\/uploads\/sites\/8\/2026\/04\/Careium-group-ISO-27001-certificate-2026-2029.pdf\">ISO 27001 (information security) certificate<\/a><\/p>\n\n\n\n<p><a href=\"https:\/\/www.careium.com\/app\/uploads\/sites\/8\/2025\/04\/esg-policy-suppliers-211008-careium-en.pdf\" target=\"_blank\" rel=\"noreferrer noopener\">ESG policy for suppliers<\/a><\/p>\n\n\n\n<p><a href=\"https:\/\/www.careium.com\/app\/uploads\/sites\/8\/2026\/04\/Corporate-Sustainability-Due-Diligence-Careium-group-2026.pdf\" target=\"_blank\" rel=\"noreferrer noopener\">Corporate Sustainability Due Diligence Statement<\/a><\/p>\n\n\n\n<p><a href=\"https:\/\/www.careium.com\/app\/uploads\/sites\/8\/2025\/04\/cybersecurity-through-the-lifecycle-of-connected-devices-240322-careium-en.pdf\" target=\"_blank\" rel=\"noreferrer noopener\">Cybersecurity through the lifecycle of connected devices<\/a><\/p>\n\n\n\n<p><a href=\"https:\/\/www.careium.com\/app\/uploads\/sites\/8\/2025\/04\/it-assurance-statement-dora-250102-careium-en.pdf\" target=\"_blank\" rel=\"noreferrer noopener\">IT Assurance Statement according to DORA<\/a><\/p>\n\n\n\n<p><\/p>\n","protected":false},"excerpt":{"rendered":"<p>Normen und Richtlinien Careium ist bestrebt, ein nachhaltiges Unternehmen mit guten Gesch\u00e4ftsethiken zu sein. Wir m\u00f6chten ein attraktiver Arbeitgeber sein, indem wir ein Arbeitsumweld schaffen, das auf Zusammenarbeit, Verantwortung und Offenheit beruht. Unsere Konzernrichtlinien erg\u00e4nzen unsere Werte.&nbsp; Careium Politik der Unternehmensethik (einschlie\u00dflich Richtlinien f\u00fcr Qualit\u00e4t, Umwelt, Informationssicherheit sowie Gesundheit und Sicherheit am Arbeitsplatz) ISO 9001&#8230;<\/p>\n","protected":false},"author":5,"featured_media":0,"parent":496,"menu_order":0,"comment_status":"closed","ping_status":"closed","template":"template-text-page.blade.php","meta":{"_acf_changed":false,"footnotes":""},"class_list":["post-518","page","type-page","status-publish","hentry"],"acf":[],"_links":{"self":[{"href":"https:\/\/www.careium.com\/de\/wp-json\/wp\/v2\/pages\/518","targetHints":{"allow":["GET"]}}],"collection":[{"href":"https:\/\/www.careium.com\/de\/wp-json\/wp\/v2\/pages"}],"about":[{"href":"https:\/\/www.careium.com\/de\/wp-json\/wp\/v2\/types\/page"}],"author":[{"embeddable":true,"href":"https:\/\/www.careium.com\/de\/wp-json\/wp\/v2\/users\/5"}],"replies":[{"embeddable":true,"href":"https:\/\/www.careium.com\/de\/wp-json\/wp\/v2\/comments?post=518"}],"version-history":[{"count":5,"href":"https:\/\/www.careium.com\/de\/wp-json\/wp\/v2\/pages\/518\/revisions"}],"predecessor-version":[{"id":5051,"href":"https:\/\/www.careium.com\/de\/wp-json\/wp\/v2\/pages\/518\/revisions\/5051"}],"up":[{"embeddable":true,"href":"https:\/\/www.careium.com\/de\/wp-json\/wp\/v2\/pages\/496"}],"wp:attachment":[{"href":"https:\/\/www.careium.com\/de\/wp-json\/wp\/v2\/media?parent=518"}],"curies":[{"name":"wp","href":"https:\/\/api.w.org\/{rel}","templated":true}]}}