{"id":524,"date":"2025-05-20T06:22:26","date_gmt":"2025-05-20T06:22:26","guid":{"rendered":"https:\/\/www.careium.com\/de\/?page_id=524"},"modified":"2026-02-02T11:17:32","modified_gmt":"2026-02-02T10:17:32","slug":"whistleblower","status":"publish","type":"page","link":"https:\/\/www.careium.com\/de\/uber-uns\/whistleblower\/","title":{"rendered":"Whistleblower-Programm"},"content":{"rendered":"\n<h1 class=\"wp-block-heading has-text-align-left has-text-align-center\">Whistleblower-Programm<\/h1>\n\n\n\n<div style=\"height:20px\" aria-hidden=\"true\" class=\"wp-block-spacer\"><\/div>\n\n\n\n<p>Es ist f\u00fcr uns von zentraler Bedeutung, dass wir unsere t\u00e4gliche Arbeit mit Aufrichtigkeit, gro\u00dfer pers\u00f6nlicher Integrit\u00e4t und Respekt gegen\u00fcber anderen Menschen ausf\u00fchren. Unsere <a href=\"https:\/\/www.careium.com\/de\/uber-uns\/normen-und-richtlinien\/\" data-type=\"attachment\" data-id=\"935\">Careium Politik der Unternehmensethik<\/a> geben sowohl unseren Mitarbeitern als auch Lieferanten gleicherma\u00dfen klare Leitlinien vor.<\/p>\n\n\n\n<p><\/p>\n\n\n\n<p>Die Whistleblowing-Funktion dient haupts\u00e4chlich dazu, bei Verdacht auf schwerwiegendes Fehlverhalten zu handeln, z.B. in Bezug auf:<\/p>\n\n\n\n<ul class=\"wp-block-list\">\n<li>Illegale Aktivit\u00e4ten<\/li>\n\n\n\n<li>Finanzkriminalit\u00e4t oder Korruption<\/li>\n\n\n\n<li>Menschenrechte<\/li>\n\n\n\n<li>Schwerwiegende Auswirkungen auf das Leben und die Gesundheit von Einzelnen<\/li>\n\n\n\n<li>Schutz der Privatsph\u00e4re und personenbezogener Daten<\/li>\n\n\n\n<li>Umweltschutzt<\/li>\n<\/ul>\n\n\n\n<p><\/p>\n\n\n\n<p>W\u00e4hrend des Whistleblowing-Prozesses bleiben Sie vollst\u00e4ndig anonym, es sei denn, Sie geben freiwillig personenbezogene Daten an.<\/p>\n\n\n\n<p>Eingereichte Meldungen werden von den Managern f\u00fcr Personal, Finanzen und Nachhaltigkeit bearbeitet. Falls die Meldung eine dieser Rollen\/Personen oder Abteilungen betrifft, wird diese Rolle\/Person ausgeschlossen.<\/p>\n\n\n\n<div class=\"wp-block-buttons is-layout-flex wp-block-buttons-is-layout-flex\">\n<div class=\"wp-block-button\"><a class=\"wp-block-button__link wp-element-button\" href=\"https:\/\/careium.whistlelink.com\/\" target=\"_blank\" rel=\"noreferrer noopener\"><strong><strong>Den Whistleblowing-Kanal finden Sie hier<\/strong><\/strong><\/a><\/div>\n<\/div>\n\n\n\n<p><strong>Bitte beachten Sie Folgendes: <\/strong><\/p>\n\n\n\n<ul class=\"wp-block-list\">\n<li>Kunden, die Reklamationen oder Beschwerden in Bezug auf Produkte oder Dienstleistungen einreichen m\u00f6chten, sollten in erster Linie die Reklamations-\/Beschwerdekan\u00e4le f\u00fcr das entsprechende Land nutzen<\/li>\n\n\n\n<li>Mitarbeiter: Kommentare und Bemerkungen \u00fcber unser Unternehmen, bei denen es sich nicht um grobes Fehlverhalten handelt, sollten dem direkten Vorgesetzten oder der Personalabteilung gemeldet werden. Wer sich jedoch nicht traut, sich an einen der beiden zu wenden, kann die Whistleblower-Routine nutzen.<\/li>\n<\/ul>\n","protected":false},"excerpt":{"rendered":"<p>Whistleblower-Programm Es ist f\u00fcr uns von zentraler Bedeutung, dass wir unsere t\u00e4gliche Arbeit mit Aufrichtigkeit, gro\u00dfer pers\u00f6nlicher Integrit\u00e4t und Respekt gegen\u00fcber anderen Menschen ausf\u00fchren. Unsere Careium Politik der Unternehmensethik geben sowohl unseren Mitarbeitern als auch Lieferanten gleicherma\u00dfen klare Leitlinien vor. Die Whistleblowing-Funktion dient haupts\u00e4chlich dazu, bei Verdacht auf schwerwiegendes Fehlverhalten zu handeln, z.B. in Bezug&#8230;<\/p>\n","protected":false},"author":5,"featured_media":0,"parent":496,"menu_order":0,"comment_status":"closed","ping_status":"closed","template":"template-text-page.blade.php","meta":{"_acf_changed":false,"footnotes":""},"class_list":["post-524","page","type-page","status-publish","hentry"],"acf":[],"_links":{"self":[{"href":"https:\/\/www.careium.com\/de\/wp-json\/wp\/v2\/pages\/524","targetHints":{"allow":["GET"]}}],"collection":[{"href":"https:\/\/www.careium.com\/de\/wp-json\/wp\/v2\/pages"}],"about":[{"href":"https:\/\/www.careium.com\/de\/wp-json\/wp\/v2\/types\/page"}],"author":[{"embeddable":true,"href":"https:\/\/www.careium.com\/de\/wp-json\/wp\/v2\/users\/5"}],"replies":[{"embeddable":true,"href":"https:\/\/www.careium.com\/de\/wp-json\/wp\/v2\/comments?post=524"}],"version-history":[{"count":4,"href":"https:\/\/www.careium.com\/de\/wp-json\/wp\/v2\/pages\/524\/revisions"}],"predecessor-version":[{"id":4699,"href":"https:\/\/www.careium.com\/de\/wp-json\/wp\/v2\/pages\/524\/revisions\/4699"}],"up":[{"embeddable":true,"href":"https:\/\/www.careium.com\/de\/wp-json\/wp\/v2\/pages\/496"}],"wp:attachment":[{"href":"https:\/\/www.careium.com\/de\/wp-json\/wp\/v2\/media?parent=524"}],"curies":[{"name":"wp","href":"https:\/\/api.w.org\/{rel}","templated":true}]}}