{"id":686,"date":"2025-05-18T14:31:19","date_gmt":"2025-05-18T14:31:19","guid":{"rendered":"https:\/\/www.careium.com\/de\/?page_id=686"},"modified":"2026-03-27T16:59:37","modified_gmt":"2026-03-27T15:59:37","slug":"un-nachhaltigkeitsziele","status":"publish","type":"page","link":"https:\/\/www.careium.com\/de\/uber-uns\/nachhaltigkeit\/un-nachhaltigkeitsziele\/","title":{"rendered":"UN-Nachhaltigkeitsziele"},"content":{"rendered":"\n<h1 class=\"wp-block-heading has-text-align-left has-text-align-center is-style-wide\">Unser Beitrag zu den UN-Nachhaltigkeitszielen&nbsp;<\/h1>\n\n\n\n<p class=\"has-text-align-left is-style-wide\"><strong>Bei der Verfolgung der UN-Ziele f\u00fcr nachhaltige Entwicklung (SDGs) erkennen wir die Bedeutung von Zusammenarbeit und Innovation an. Jedes Ziel bietet sowohl Herausforderungen als auch Chancen, die eine gemeinsame Antwort erfordern. Durch die enge Zusammenarbeit mit Interessengruppen &#8211; einschlie\u00dflich Beh\u00f6rden, Nichtregierungsorganisationen und lokalen Gemeinschaften &#8211; verst\u00e4rken wir unsere Wirkung und f\u00f6rdern die gemeinsame Verantwortung.<\/strong><\/p>\n\n\n\n<p class=\"is-style-wide\">Wir \u00fcberpr\u00fcfen unsere Nachhaltigkeitsma\u00dfnahmen kontinuierlich, um flexibel und anpassungsf\u00e4hig auf neue Anforderungen und Erwartungen reagieren zu k\u00f6nnen \u2013 sei es durch technologische Entwicklungen oder gesellschaftlichen Wandel. Mit diesem dynamischen Ansatz leisten wir einen aktiven Beitrag zu einer nachhaltigeren Zukunft \u2013 f\u00fcr Menschen, Gemeinschaften und unseren Planeten.<\/p>\n\n\n\n<div class=\"wp-block-group\"><div class=\"wp-block-group__inner-container is-layout-constrained wp-block-group-is-layout-constrained\">\n<h2 class=\"wp-block-heading has-text-align-left\">Ziel 8: Menschenw\u00fcrdige Arbeitsbedingungen und Wirtschaftswachstum&nbsp;<\/h2>\n\n\n<div class=\"wp-block-image size-large is-style-default\">\n<figure class=\"alignleft size-gro\u00df is-resized\"><img loading=\"lazy\" decoding=\"async\" width=\"1500\" height=\"1500\" src=\"https:\/\/www.careium.com\/app\/uploads\/sites\/4\/2025\/05\/un-sustainability-development-goals-8-1.png\" alt=\"UN sustainability goals 8\" class=\"wp-image-682\" style=\"width:80px\" srcset=\"https:\/\/www.careium.com\/app\/uploads\/sites\/4\/2025\/05\/un-sustainability-development-goals-8-1.png 1500w, https:\/\/www.careium.com\/app\/uploads\/sites\/4\/2025\/05\/un-sustainability-development-goals-8-1-300x300.png 300w, https:\/\/www.careium.com\/app\/uploads\/sites\/4\/2025\/05\/un-sustainability-development-goals-8-1-1024x1024.png 1024w, https:\/\/www.careium.com\/app\/uploads\/sites\/4\/2025\/05\/un-sustainability-development-goals-8-1-150x150.png 150w, https:\/\/www.careium.com\/app\/uploads\/sites\/4\/2025\/05\/un-sustainability-development-goals-8-1-768x768.png 768w, https:\/\/www.careium.com\/app\/uploads\/sites\/4\/2025\/05\/un-sustainability-development-goals-8-1-700x700.png 700w, https:\/\/www.careium.com\/app\/uploads\/sites\/4\/2025\/05\/un-sustainability-development-goals-8-1-250x250.png 250w, https:\/\/www.careium.com\/app\/uploads\/sites\/4\/2025\/05\/un-sustainability-development-goals-8-1-120x120.png 120w, https:\/\/www.careium.com\/app\/uploads\/sites\/4\/2025\/05\/un-sustainability-development-goals-8-1-520x520.png 520w, https:\/\/www.careium.com\/app\/uploads\/sites\/4\/2025\/05\/un-sustainability-development-goals-8-1-1036x1036.png 1036w, https:\/\/www.careium.com\/app\/uploads\/sites\/4\/2025\/05\/un-sustainability-development-goals-8-1-1280x1280.png 1280w, https:\/\/www.careium.com\/app\/uploads\/sites\/4\/2025\/05\/un-sustainability-development-goals-8-1-780x780.png 780w, https:\/\/www.careium.com\/app\/uploads\/sites\/4\/2025\/05\/un-sustainability-development-goals-8-1-360x360.png 360w, https:\/\/www.careium.com\/app\/uploads\/sites\/4\/2025\/05\/un-sustainability-development-goals-8-1-600x600.png 600w, https:\/\/www.careium.com\/app\/uploads\/sites\/4\/2025\/05\/un-sustainability-development-goals-8-1-100x100.png 100w\" sizes=\"auto, (max-width: 1500px) 100vw, 1500px\" \/><\/figure>\n<\/div>\n\n\n<p>Wir wollen ein verantwortungsvoller und verl\u00e4sslicher Arbeitgeber sein \u2013 mit sicheren Arbeitsbedingungen, fairen Rahmenbedingungen und Entwicklungsm\u00f6glichkeiten. Unser Engagement gilt sowohl unseren eigenen Mitarbeitenden als auch der Verbesserung des Arbeitsumfelds in der h\u00e4uslichen Pflege, die unsere Kundinnen und Kunden erbringen. Dies unterst\u00fctzen wir durch technische Innovationen und Schulungen, die Sicherheit und Wohlbefinden f\u00f6rdern \u2013 etwa indem Pflegekr\u00e4fte das Wissen und die Werkzeuge erhalten, um anspruchsvolle Situationen sicher zu meistern. Jegliche Form von Kinder- oder Zwangsarbeit lehnen wir strikt ab und setzen uns f\u00fcr ein respektvolles, inklusives Arbeitsumfeld ein.<\/p>\n<\/div><\/div>\n\n\n\n<div style=\"height:20px\" aria-hidden=\"true\" class=\"wp-block-spacer\"><\/div>\n\n\n\n<div class=\"wp-block-group\"><div class=\"wp-block-group__inner-container is-layout-constrained wp-block-group-is-layout-constrained\">\n<h2 class=\"wp-block-heading has-text-align-left\">Ziel 9: Industrie, Innovation und Infrastruktur<\/h2>\n\n\n<div class=\"wp-block-image size-full\">\n<figure class=\"alignleft size-vollst\u00e4ndig is-resized\"><img loading=\"lazy\" decoding=\"async\" width=\"225\" height=\"225\" src=\"https:\/\/www.careium.com\/app\/uploads\/sites\/4\/2025\/05\/Goal-9.png\" alt=\"UN sustainability goal 9\" class=\"wp-image-683\" style=\"width:80px\" srcset=\"https:\/\/www.careium.com\/app\/uploads\/sites\/4\/2025\/05\/Goal-9.png 225w, https:\/\/www.careium.com\/app\/uploads\/sites\/4\/2025\/05\/Goal-9-150x150.png 150w, https:\/\/www.careium.com\/app\/uploads\/sites\/4\/2025\/05\/Goal-9-120x120.png 120w, https:\/\/www.careium.com\/app\/uploads\/sites\/4\/2025\/05\/Goal-9-100x100.png 100w\" sizes=\"auto, (max-width: 225px) 100vw, 225px\" \/><\/figure>\n<\/div>\n\n\n<p>Wir widmen uns der Entwicklung technologiegest\u00fctzter Pflegel\u00f6sungen, die die Lebensqualit\u00e4t \u00e4lterer und hilfsbed\u00fcrftiger Menschen verbessern. Durch digitale Innovationen in Hausnotruf und Gesundheitstechnologie tragen wir zu widerstandsf\u00e4higeren Pflegesystemen und einem unabh\u00e4ngigeren Leben bei. Unsere L\u00f6sungen werden in engem Dialog mit den Nutzern entwickelt, um Relevanz, Benutzerfreundlichkeit und langfristigen Nutzen zu gew\u00e4hrleisten.<\/p>\n\n\n\n<div style=\"height:20px\" aria-hidden=\"true\" class=\"wp-block-spacer\"><\/div>\n\n\n\n<h2 class=\"wp-block-heading has-text-align-left\">Ziel 10: Verringerung der Ungleichheit<\/h2>\n\n\n<div class=\"wp-block-image size-large\">\n<figure class=\"alignleft size-gro\u00df is-resized\"><img loading=\"lazy\" decoding=\"async\" width=\"1500\" height=\"1500\" src=\"https:\/\/www.careium.com\/app\/uploads\/sites\/4\/2025\/05\/un-sustainability-development-goals-10-1.png\" alt=\"UN sustainability goal 10\" class=\"wp-image-684\" style=\"width:80px\" srcset=\"https:\/\/www.careium.com\/app\/uploads\/sites\/4\/2025\/05\/un-sustainability-development-goals-10-1.png 1500w, https:\/\/www.careium.com\/app\/uploads\/sites\/4\/2025\/05\/un-sustainability-development-goals-10-1-300x300.png 300w, https:\/\/www.careium.com\/app\/uploads\/sites\/4\/2025\/05\/un-sustainability-development-goals-10-1-1024x1024.png 1024w, https:\/\/www.careium.com\/app\/uploads\/sites\/4\/2025\/05\/un-sustainability-development-goals-10-1-150x150.png 150w, https:\/\/www.careium.com\/app\/uploads\/sites\/4\/2025\/05\/un-sustainability-development-goals-10-1-768x768.png 768w, https:\/\/www.careium.com\/app\/uploads\/sites\/4\/2025\/05\/un-sustainability-development-goals-10-1-700x700.png 700w, https:\/\/www.careium.com\/app\/uploads\/sites\/4\/2025\/05\/un-sustainability-development-goals-10-1-250x250.png 250w, https:\/\/www.careium.com\/app\/uploads\/sites\/4\/2025\/05\/un-sustainability-development-goals-10-1-120x120.png 120w, https:\/\/www.careium.com\/app\/uploads\/sites\/4\/2025\/05\/un-sustainability-development-goals-10-1-520x520.png 520w, https:\/\/www.careium.com\/app\/uploads\/sites\/4\/2025\/05\/un-sustainability-development-goals-10-1-1036x1036.png 1036w, https:\/\/www.careium.com\/app\/uploads\/sites\/4\/2025\/05\/un-sustainability-development-goals-10-1-1280x1280.png 1280w, https:\/\/www.careium.com\/app\/uploads\/sites\/4\/2025\/05\/un-sustainability-development-goals-10-1-780x780.png 780w, https:\/\/www.careium.com\/app\/uploads\/sites\/4\/2025\/05\/un-sustainability-development-goals-10-1-360x360.png 360w, https:\/\/www.careium.com\/app\/uploads\/sites\/4\/2025\/05\/un-sustainability-development-goals-10-1-600x600.png 600w, https:\/\/www.careium.com\/app\/uploads\/sites\/4\/2025\/05\/un-sustainability-development-goals-10-1-100x100.png 100w\" sizes=\"auto, (max-width: 1500px) 100vw, 1500px\" \/><\/figure>\n<\/div>\n\n\n<p>Unsere Mission ist es, Inklusion und Chancengleichheit zu f\u00f6rdern \u2013 insbesondere f\u00fcr \u00e4ltere Menschen und Personen mit zus\u00e4tzlichem Unterst\u00fctzungsbedarf. Unsere Dienstleistungen erm\u00f6glichen ein sichereres und selbstbestimmteres Leben, w\u00e4hrend unsere politische und gesellschaftliche Arbeit dazu beitr\u00e4gt, dass ihre Bed\u00fcrfnisse in der \u00f6ffentlichen Debatte und in kommunalen Initiativen ber\u00fccksichtigt werden. Durch Partnerschaften mit lokalen Organisationen st\u00e4rken wir das Bewusstsein und setzen uns f\u00fcr die Rechte dieser Gruppen ein.<\/p>\n<\/div><\/div>\n\n\n\n<div style=\"height:20px\" aria-hidden=\"true\" class=\"wp-block-spacer\"><\/div>\n\n\n\n<div class=\"wp-block-group\"><div class=\"wp-block-group__inner-container is-layout-constrained wp-block-group-is-layout-constrained\">\n<h2 class=\"wp-block-heading has-text-align-left\">Ziel 12: Verantwortungsbewusster Konsum und Produktion<\/h2>\n\n\n<div class=\"wp-block-image size-large\">\n<figure class=\"alignleft size-gro\u00df is-resized\"><img loading=\"lazy\" decoding=\"async\" width=\"1500\" height=\"1500\" src=\"https:\/\/www.careium.com\/app\/uploads\/sites\/4\/2025\/05\/un-sustainability-development-goals-12-1.png\" alt=\"UN sustainability goal 12\" class=\"wp-image-685\" style=\"width:80px\" srcset=\"https:\/\/www.careium.com\/app\/uploads\/sites\/4\/2025\/05\/un-sustainability-development-goals-12-1.png 1500w, https:\/\/www.careium.com\/app\/uploads\/sites\/4\/2025\/05\/un-sustainability-development-goals-12-1-300x300.png 300w, https:\/\/www.careium.com\/app\/uploads\/sites\/4\/2025\/05\/un-sustainability-development-goals-12-1-1024x1024.png 1024w, https:\/\/www.careium.com\/app\/uploads\/sites\/4\/2025\/05\/un-sustainability-development-goals-12-1-150x150.png 150w, https:\/\/www.careium.com\/app\/uploads\/sites\/4\/2025\/05\/un-sustainability-development-goals-12-1-768x768.png 768w, https:\/\/www.careium.com\/app\/uploads\/sites\/4\/2025\/05\/un-sustainability-development-goals-12-1-700x700.png 700w, https:\/\/www.careium.com\/app\/uploads\/sites\/4\/2025\/05\/un-sustainability-development-goals-12-1-250x250.png 250w, https:\/\/www.careium.com\/app\/uploads\/sites\/4\/2025\/05\/un-sustainability-development-goals-12-1-120x120.png 120w, https:\/\/www.careium.com\/app\/uploads\/sites\/4\/2025\/05\/un-sustainability-development-goals-12-1-520x520.png 520w, https:\/\/www.careium.com\/app\/uploads\/sites\/4\/2025\/05\/un-sustainability-development-goals-12-1-1036x1036.png 1036w, https:\/\/www.careium.com\/app\/uploads\/sites\/4\/2025\/05\/un-sustainability-development-goals-12-1-1280x1280.png 1280w, https:\/\/www.careium.com\/app\/uploads\/sites\/4\/2025\/05\/un-sustainability-development-goals-12-1-780x780.png 780w, https:\/\/www.careium.com\/app\/uploads\/sites\/4\/2025\/05\/un-sustainability-development-goals-12-1-360x360.png 360w, https:\/\/www.careium.com\/app\/uploads\/sites\/4\/2025\/05\/un-sustainability-development-goals-12-1-600x600.png 600w, https:\/\/www.careium.com\/app\/uploads\/sites\/4\/2025\/05\/un-sustainability-development-goals-12-1-100x100.png 100w\" sizes=\"auto, (max-width: 1500px) 100vw, 1500px\" \/><\/figure>\n<\/div>\n\n\n<p>Unser Ziel ist es, die Umweltauswirkungen w\u00e4hrend des gesamten Produktlebenszyklus zu reduzieren &#8211; von der Materialauswahl bis hin zu Wiederverwendung und Recycling. Die Umweltvertr\u00e4glichkeit ist zwar ein wichtiger Aspekt, aber wir ber\u00fccksichtigen auch andere wichtige Faktoren wie Sicherheit, Funktionalit\u00e4t und Nutzwert. Wir verbessern unsere Logistiksysteme, investieren in umweltfreundlichere Transportmittel und f\u00fchren R\u00fccknahmeprogramme durch, um eine verantwortungsvolle Produktentsorgung und Kreislaufwirtschaft zu gew\u00e4hrleisten, wo dies m\u00f6glich ist.<\/p>\n<\/div><\/div>\n\n\n\n<div style=\"height:20px\" aria-hidden=\"true\" class=\"wp-block-spacer\"><\/div>\n\n\n\n<h2 class=\"wp-block-heading is-style-wide\">Was sind die UN SDG &#8211; und wie tragen wir dazu bei?<\/h2>\n\n\n\n<p class=\"is-style-wide\">Wir werden oft gefragt <strong>&#8222;Was sind die UN SDG?&#8220;<\/strong> &#8211; und wie diese globalen Ziele mit unserer Arbeit zusammenh\u00e4ngen. UN SDG steht f\u00fcr die<a href=\"https:\/\/sdgs.un.org\/goals\" target=\"_blank\" rel=\"noreferrer noopener nofollow\"> <strong>Ziele f\u00fcr nachhaltige Entwicklung der Vereinten Nationen<\/strong>.<\/a> Diese 17 globalen Ziele wurden 2015 als Teil eines globalen Plans zur Schaffung einer besseren und nachhaltigeren Zukunft bis 2030 ins Leben gerufen. Sie befassen sich mit den dringendsten Herausforderungen der Welt, darunter Gesundheit und Wohlbefinden, Gleichstellung der Geschlechter, Klimaschutz und verantwortungsvolle Innovation.<\/p>\n\n\n\n<h2 class=\"wp-block-heading is-style-wide\">Unser Bekenntnis zu einer nachhaltigen Zukunft<\/h2>\n\n\n\n<p class=\"is-style-wide\">Das Verst\u00e4ndnis der UN-SDGs ist f\u00fcr Unternehmen wie das unsere unerl\u00e4sslich. Indem wir sie in unsere T\u00e4tigkeiten und Strategien integrieren, st\u00e4rken wir nicht nur unsere unternehmerische Verantwortung, sondern erschlie\u00dfen auch neue M\u00f6glichkeiten f\u00fcr Fortschritt und Innovation.<\/p>\n\n\n\n<p><\/p>\n\n\n\n<p class=\"is-style-wide\">F\u00fcr uns sind die SDGs mehr als nur globale Ziele &#8211; sie sind Leitprinzipien, die unsere Produktentwicklung, Gesch\u00e4ftsentscheidungen und Partnerschaften bestimmen. Ob durch die Bereitstellung zuverl\u00e4ssiger pers\u00f6nlicher Alarmdienste oder die Erforschung neuer Technologien wie KI &#8211; wir engagieren uns f\u00fcr einen positiven, dauerhaften Wandel.<\/p>\n\n\n\n<p><\/p>\n\n\n\n<p class=\"is-style-wide\">Wir beziehen auch unsere Mitarbeiter, Kunden und Partner in diesen Prozess ein. Durch regelm\u00e4\u00dfige Schulungen und Workshops f\u00f6rdern wir das Bewusstsein und bef\u00e4higen die Menschen, ihren Beitrag zu leisten. Mit Blick auf die Zukunft glauben wir, dass die Technologie weiterhin eine entscheidende Rolle spielen wird. Mit Tools wie der pr\u00e4diktiven Analytik k\u00f6nnen wir eine proaktivere und effizientere Pflege anbieten und gleichzeitig unseren \u00f6kologischen Fu\u00dfabdruck verringern.<\/p>\n\n\n\n<p><\/p>\n\n\n\n<p class=\"is-style-wide\">Gemeinsam bewegen wir uns auf eine nachhaltigere Zukunft zu &#8211; heute und f\u00fcr kommende Generationen.<\/p>\n","protected":false},"excerpt":{"rendered":"<p>Unser Beitrag zu den UN-Nachhaltigkeitszielen&nbsp; Bei der Verfolgung der UN-Ziele f\u00fcr nachhaltige Entwicklung (SDGs) erkennen wir die Bedeutung von Zusammenarbeit und Innovation an. Jedes Ziel bietet sowohl Herausforderungen als auch Chancen, die eine gemeinsame Antwort erfordern. Durch die enge Zusammenarbeit mit Interessengruppen &#8211; einschlie\u00dflich Beh\u00f6rden, Nichtregierungsorganisationen und lokalen Gemeinschaften &#8211; verst\u00e4rken wir unsere Wirkung und&#8230;<\/p>\n","protected":false},"author":5,"featured_media":0,"parent":712,"menu_order":0,"comment_status":"closed","ping_status":"closed","template":"template-text-page.blade.php","meta":{"_acf_changed":false,"footnotes":""},"class_list":["post-686","page","type-page","status-publish","hentry"],"acf":[],"_links":{"self":[{"href":"https:\/\/www.careium.com\/de\/wp-json\/wp\/v2\/pages\/686","targetHints":{"allow":["GET"]}}],"collection":[{"href":"https:\/\/www.careium.com\/de\/wp-json\/wp\/v2\/pages"}],"about":[{"href":"https:\/\/www.careium.com\/de\/wp-json\/wp\/v2\/types\/page"}],"author":[{"embeddable":true,"href":"https:\/\/www.careium.com\/de\/wp-json\/wp\/v2\/users\/5"}],"replies":[{"embeddable":true,"href":"https:\/\/www.careium.com\/de\/wp-json\/wp\/v2\/comments?post=686"}],"version-history":[{"count":4,"href":"https:\/\/www.careium.com\/de\/wp-json\/wp\/v2\/pages\/686\/revisions"}],"predecessor-version":[{"id":5047,"href":"https:\/\/www.careium.com\/de\/wp-json\/wp\/v2\/pages\/686\/revisions\/5047"}],"up":[{"embeddable":true,"href":"https:\/\/www.careium.com\/de\/wp-json\/wp\/v2\/pages\/712"}],"wp:attachment":[{"href":"https:\/\/www.careium.com\/de\/wp-json\/wp\/v2\/media?parent=686"}],"curies":[{"name":"wp","href":"https:\/\/api.w.org\/{rel}","templated":true}]}}