{"id":688,"date":"2025-05-20T06:15:45","date_gmt":"2025-05-20T06:15:45","guid":{"rendered":"https:\/\/www.careium.com\/de\/?page_id=688"},"modified":"2026-03-05T12:31:08","modified_gmt":"2026-03-05T11:31:08","slug":"qualitat","status":"publish","type":"page","link":"https:\/\/www.careium.com\/de\/uber-uns\/nachhaltigkeit\/qualitat\/","title":{"rendered":"Produkte, denen man vertrauen kann"},"content":{"rendered":"\n<h1 class=\"wp-block-heading has-text-align-left has-text-align-center\">Qualit\u00e4t, der man vertrauen kann<\/h1>\n\n\n\n<h2 class=\"wp-block-heading\">Mehrwert f\u00fcr die Nutzenden<\/h2>\n\n\n\n<p>Bei der Entwicklung neuer Produkte werden Benutzeranalysen und Feldtests mit Senioren durchgef\u00fchrt. Die Produktentwicklung von Careium ist nach ISO 9001 qualit\u00e4tszertifiziert und verf\u00fcgt \u00fcber klare Prozesse f\u00fcr Produkte und Dienstleistungen, um die Kundenanforderungen zu erf\u00fcllen und die gesetzlichen Vorschriften einzuhalten. Dabei geht es unter anderem darum, welche Materialien verwendet werden k\u00f6nnen, wie die Anforderungen an die Abfallentsorgung und das Recycling erf\u00fcllt werden und wie man Produkte so gestaltet, dass sie sicher und benutzerfreundlich sind.<\/p>\n\n\n\n<p><\/p>\n\n\n\n<h2 class=\"wp-block-heading\">Reparaturf\u00e4higkeit<\/h2>\n\n\n\n<p>Die Produkte von Careium werden mit Blick auf Nachhaltigkeit entwickelt, was eine einfache Reinigung, Reparatur, Aktualisierung und Wiederverwendung der Produkte bedeutet. Das kann zum Beispiel auch bedeuten, dass die Armb\u00e4nder von Sicherheitsalarmen austauschbar sind oder dass ein Design entwickelt wurde, das eine einfache Desinfektion erm\u00f6glicht.<\/p>\n","protected":false},"excerpt":{"rendered":"<p>Qualit\u00e4t, der man vertrauen kann Mehrwert f\u00fcr die Nutzenden Bei der Entwicklung neuer Produkte werden Benutzeranalysen und Feldtests mit Senioren durchgef\u00fchrt. Die Produktentwicklung von Careium ist nach ISO 9001 qualit\u00e4tszertifiziert und verf\u00fcgt \u00fcber klare Prozesse f\u00fcr Produkte und Dienstleistungen, um die Kundenanforderungen zu erf\u00fcllen und die gesetzlichen Vorschriften einzuhalten. Dabei geht es unter anderem darum,&#8230;<\/p>\n","protected":false},"author":5,"featured_media":0,"parent":712,"menu_order":0,"comment_status":"closed","ping_status":"closed","template":"template-text-page.blade.php","meta":{"_acf_changed":false,"footnotes":""},"class_list":["post-688","page","type-page","status-publish","hentry"],"acf":[],"_links":{"self":[{"href":"https:\/\/www.careium.com\/de\/wp-json\/wp\/v2\/pages\/688","targetHints":{"allow":["GET"]}}],"collection":[{"href":"https:\/\/www.careium.com\/de\/wp-json\/wp\/v2\/pages"}],"about":[{"href":"https:\/\/www.careium.com\/de\/wp-json\/wp\/v2\/types\/page"}],"author":[{"embeddable":true,"href":"https:\/\/www.careium.com\/de\/wp-json\/wp\/v2\/users\/5"}],"replies":[{"embeddable":true,"href":"https:\/\/www.careium.com\/de\/wp-json\/wp\/v2\/comments?post=688"}],"version-history":[{"count":5,"href":"https:\/\/www.careium.com\/de\/wp-json\/wp\/v2\/pages\/688\/revisions"}],"predecessor-version":[{"id":5025,"href":"https:\/\/www.careium.com\/de\/wp-json\/wp\/v2\/pages\/688\/revisions\/5025"}],"up":[{"embeddable":true,"href":"https:\/\/www.careium.com\/de\/wp-json\/wp\/v2\/pages\/712"}],"wp:attachment":[{"href":"https:\/\/www.careium.com\/de\/wp-json\/wp\/v2\/media?parent=688"}],"curies":[{"name":"wp","href":"https:\/\/api.w.org\/{rel}","templated":true}]}}