{"id":697,"date":"2025-05-20T06:02:35","date_gmt":"2025-05-20T06:02:35","guid":{"rendered":"https:\/\/www.careium.com\/de\/?page_id=697"},"modified":"2026-02-02T11:21:11","modified_gmt":"2026-02-02T10:21:11","slug":"verantwortung","status":"publish","type":"page","link":"https:\/\/www.careium.com\/de\/uber-uns\/nachhaltigkeit\/verantwortung\/","title":{"rendered":"Stiftung f\u00fcr verantwortungsvolles Handeln"},"content":{"rendered":"\n<h1 class=\"wp-block-heading has-text-align-left has-text-align-center\">Eine verantwortungsvolle Unternehmensgrundlage<\/h1>\n\n\n\n<h2 class=\"wp-block-heading\">Mitarbeiter<\/h2>\n\n\n\n<p>Unsere Mitarbeitenden sind auf allen Ebenen wichtig, aber entscheidend f\u00fcr jeden einzelnen Senior, der sich an die Alarmzentralen wendet oder unsere Produkte nutzt. Wir m\u00f6chten ein attraktiver und anregender Arbeitsplatz f\u00fcr die vielen im Unternehmen vertretenen Berufsgruppen sein. Lesen Sie mehr unter <a href=\"https:\/\/career.careium.com\/\" target=\"_blank\" data-type=\"page\" data-id=\"26\" rel=\"noreferrer noopener nofollow\">Karriere<\/a>.<\/p>\n\n\n\n<h2 class=\"wp-block-heading\">Lieferkette<\/h2>\n\n\n\n<p>Wir haben langfristige Partnerschaften mit unseren Lieferanten. Die Zulieferer werden regelm\u00e4\u00dfig \u00fcberpr\u00fcft, um sicherzustellen, dass sie unsere Anforderungen erf\u00fcllen. Von den Lieferanten wird erwartet, dass sie unsere ESG-Richtlinie f\u00fcr Lieferanten unterzeichnen und einhalten, die auf unserer Gesch\u00e4ftsethik und den zehn Prinzipien des UN Global Compact zu Menschenrechten, Arbeitsrecht, Umwelt und Korruptionsbek\u00e4mpfung basiert.<\/p>\n\n\n\n<p><\/p>\n\n\n\n<p>Verst\u00f6\u00dft ein Lieferant gegen die Richtlinie oder eine andere Anforderung, machen wir unmissverst\u00e4ndlich klar, dass dies nicht akzeptabel ist. F\u00fcr eine Fortsetzung der Zusammenarbeit, verlangen wir, dass der Lieferant einen Aktionsplan zur Verbesserung entwickelt. Sollte der Lieferant die Anforderungen weiterhin nicht erf\u00fcllen, haben wir das Recht, die Zusammenarbeit auszusetzen.<\/p>\n\n\n\n<h2 class=\"wp-block-heading\">Governance<\/h2>\n\n\n\n<p>Wir verfolgen mehrere Richtlinien, um eine gute und ethische Unternehmensf\u00fchrung zu gew\u00e4hrleisten. Siehe <a href=\"https:\/\/www.careium.com\/de\/uber-uns\/normen-und-richtlinien\/\" data-type=\"page\" data-id=\"21\">Normen und Politiken<\/a> und die <a href=\"https:\/\/www.careium.com\/de\/uber-uns\/whistleblower\/\" data-type=\"page\" data-id=\"25\">Whistleblower-Routine<\/a>.<\/p>\n\n\n\n<p><\/p>\n","protected":false},"excerpt":{"rendered":"<p>Eine verantwortungsvolle Unternehmensgrundlage Mitarbeiter Unsere Mitarbeitenden sind auf allen Ebenen wichtig, aber entscheidend f\u00fcr jeden einzelnen Senior, der sich an die Alarmzentralen wendet oder unsere Produkte nutzt. Wir m\u00f6chten ein attraktiver und anregender Arbeitsplatz f\u00fcr die vielen im Unternehmen vertretenen Berufsgruppen sein. Lesen Sie mehr unter Karriere. Lieferkette Wir haben langfristige Partnerschaften mit unseren Lieferanten&#8230;.<\/p>\n","protected":false},"author":5,"featured_media":0,"parent":712,"menu_order":0,"comment_status":"closed","ping_status":"closed","template":"template-text-page.blade.php","meta":{"_acf_changed":false,"footnotes":""},"class_list":["post-697","page","type-page","status-publish","hentry"],"acf":[],"_links":{"self":[{"href":"https:\/\/www.careium.com\/de\/wp-json\/wp\/v2\/pages\/697","targetHints":{"allow":["GET"]}}],"collection":[{"href":"https:\/\/www.careium.com\/de\/wp-json\/wp\/v2\/pages"}],"about":[{"href":"https:\/\/www.careium.com\/de\/wp-json\/wp\/v2\/types\/page"}],"author":[{"embeddable":true,"href":"https:\/\/www.careium.com\/de\/wp-json\/wp\/v2\/users\/5"}],"replies":[{"embeddable":true,"href":"https:\/\/www.careium.com\/de\/wp-json\/wp\/v2\/comments?post=697"}],"version-history":[{"count":5,"href":"https:\/\/www.careium.com\/de\/wp-json\/wp\/v2\/pages\/697\/revisions"}],"predecessor-version":[{"id":4701,"href":"https:\/\/www.careium.com\/de\/wp-json\/wp\/v2\/pages\/697\/revisions\/4701"}],"up":[{"embeddable":true,"href":"https:\/\/www.careium.com\/de\/wp-json\/wp\/v2\/pages\/712"}],"wp:attachment":[{"href":"https:\/\/www.careium.com\/de\/wp-json\/wp\/v2\/media?parent=697"}],"curies":[{"name":"wp","href":"https:\/\/api.w.org\/{rel}","templated":true}]}}