{"id":704,"date":"2025-05-19T13:06:47","date_gmt":"2025-05-19T13:06:47","guid":{"rendered":"https:\/\/www.careium.com\/de\/?page_id=704"},"modified":"2026-02-04T15:31:29","modified_gmt":"2026-02-04T14:31:29","slug":"ressourceneffizienz","status":"publish","type":"page","link":"https:\/\/www.careium.com\/de\/uber-uns\/nachhaltigkeit\/ressourceneffizienz\/","title":{"rendered":"Ressourceneffizienz"},"content":{"rendered":"\n<h1 class=\"wp-block-heading has-text-align-left has-text-align-center\">Ressourceneffizienz<\/h1>\n\n\n\n<div style=\"height:20px\" aria-hidden=\"true\" class=\"wp-block-spacer\"><\/div>\n\n\n\n<h2 class=\"wp-block-heading\">Kosten f\u00fcr die Gesellschaft<\/h2>\n\n\n\n<p>Technologiegest\u00fctzte Pflege bedeutet nicht, menschliche F\u00fcrsorge durch Technik oder Automatisierung zu ersetzen. Im Mittelpunkt steht vielmehr das Ziel, Menschen mit k\u00f6rperlichen oder kognitiven Einschr\u00e4nkungen mehr <strong>Sicherheit, Selbstst\u00e4ndigkeit und Lebensqualit\u00e4t <\/strong>zu erm\u00f6glichen.<\/p>\n\n\n\n<p><\/p>\n\n\n\n<p>Dar\u00fcber hinaus tr\u00e4gt technologiegest\u00fctzte Pflege dazu bei, Betreuung <strong>effizienter und ressourcenschonender<\/strong> zu gestalten \u2013 damit knappe \u00f6ffentliche Mittel gezielter eingesetzt werden k\u00f6nnen. Pflegekr\u00e4fte profitieren gleichzeitig von einer besseren Arbeitsumgebung und k\u00f6nnen sich st\u00e4rker auf pers\u00f6nliche, wertvolle Momente mit Pflegebed\u00fcrftigen konzentrieren.<\/p>\n\n\n\n<p>Unsere gesamte Unternehmensphilosophie \u2013 Werte, Vision und Mission \u2013 basiert auf dem festen Glauben an ein <strong>besseres Leben im Alter <\/strong>und an ein <strong>nachhaltigeres Pflegesystem<\/strong> f\u00fcr die Zukunft.<\/p>\n\n\n\n<h2 class=\"wp-block-heading\">F\u00fcr Menschen und Umwelt sorgen<\/h2>\n\n\n\n<p>Unsere Produkte und Dienstleistungen wirken sich positiv auf Mensch und Umwelt aus. F\u00fcr unsere Produkte liegt eine<a href=\"https:\/\/www.careium.com\/app\/uploads\/sites\/8\/2025\/04\/competitive-lifecycle-analysis-v1-careium.pdf\" target=\"_blank\" rel=\"noreferrer noopener\"> Lebenszyklusanalyse<\/a> vor, und eine Umweltzertifizierung ist etabliert. Unser erkl\u00e4rtes Ziel ist es, acquirierte Alarmzentralen innerhalb von 18 Monaten in unser \u00fcbergeordnetes ISO 14001-Zertifikat zu integrieren.<\/p>\n\n\n\n<p><\/p>\n\n\n\n<p>Wir arbeiten kontinuierlich daran, unseren CO\u2082-Fu\u00dfabdruck \u2013 insbesondere durch Dienstfahrten \u2013 zu verringern. Dazu setzen wir auf eine umweltfreundlichere Fahrzeugflotte und Schulungen im umweltschonenden Fahren (Eco-Driving). Der Energieverbrauch in unseren Betriebsst\u00e4tten wird j\u00e4hrlich erfasst, und wir reduzieren unseren \u00f6kologischen Fu\u00dfabdruck durch eine optimierte Raumnutzung und den Einsatz fossilerfreier Energie.<\/p>\n\n\n\n<p><\/p>\n\n\n\n<p>Auch beim Versand unserer Produkte achten wir auf eine m\u00f6glichst effiziente Logistik. Unser Ziel ist es, sowohl Transportkosten als auch die damit verbundenen Umweltauswirkungen so gering wie m\u00f6glich zu halten.<\/p>\n\n\n\n<p><\/p>\n","protected":false},"excerpt":{"rendered":"<p>Ressourceneffizienz Kosten f\u00fcr die Gesellschaft Technologiegest\u00fctzte Pflege bedeutet nicht, menschliche F\u00fcrsorge durch Technik oder Automatisierung zu ersetzen. Im Mittelpunkt steht vielmehr das Ziel, Menschen mit k\u00f6rperlichen oder kognitiven Einschr\u00e4nkungen mehr Sicherheit, Selbstst\u00e4ndigkeit und Lebensqualit\u00e4t zu erm\u00f6glichen. Dar\u00fcber hinaus tr\u00e4gt technologiegest\u00fctzte Pflege dazu bei, Betreuung effizienter und ressourcenschonender zu gestalten \u2013 damit knappe \u00f6ffentliche Mittel gezielter&#8230;<\/p>\n","protected":false},"author":5,"featured_media":0,"parent":712,"menu_order":0,"comment_status":"closed","ping_status":"closed","template":"template-text-page.blade.php","meta":{"_acf_changed":false,"footnotes":""},"class_list":["post-704","page","type-page","status-publish","hentry"],"acf":[],"_links":{"self":[{"href":"https:\/\/www.careium.com\/de\/wp-json\/wp\/v2\/pages\/704","targetHints":{"allow":["GET"]}}],"collection":[{"href":"https:\/\/www.careium.com\/de\/wp-json\/wp\/v2\/pages"}],"about":[{"href":"https:\/\/www.careium.com\/de\/wp-json\/wp\/v2\/types\/page"}],"author":[{"embeddable":true,"href":"https:\/\/www.careium.com\/de\/wp-json\/wp\/v2\/users\/5"}],"replies":[{"embeddable":true,"href":"https:\/\/www.careium.com\/de\/wp-json\/wp\/v2\/comments?post=704"}],"version-history":[{"count":5,"href":"https:\/\/www.careium.com\/de\/wp-json\/wp\/v2\/pages\/704\/revisions"}],"predecessor-version":[{"id":4864,"href":"https:\/\/www.careium.com\/de\/wp-json\/wp\/v2\/pages\/704\/revisions\/4864"}],"up":[{"embeddable":true,"href":"https:\/\/www.careium.com\/de\/wp-json\/wp\/v2\/pages\/712"}],"wp:attachment":[{"href":"https:\/\/www.careium.com\/de\/wp-json\/wp\/v2\/media?parent=704"}],"curies":[{"name":"wp","href":"https:\/\/api.w.org\/{rel}","templated":true}]}}