{"id":712,"date":"2025-05-06T13:41:28","date_gmt":"2025-05-06T13:41:28","guid":{"rendered":"https:\/\/www.careium.com\/de\/?page_id=712"},"modified":"2026-03-05T12:10:24","modified_gmt":"2026-03-05T11:10:24","slug":"nachhaltigkeit","status":"publish","type":"page","link":"https:\/\/www.careium.com\/de\/uber-uns\/nachhaltigkeit\/","title":{"rendered":"Nachhaltigkeit"},"content":{"rendered":"<div class=\"wp-block-breadcrumbs\" style=\"\">\n    <div class=\"breadcrumbs  max-xl:lg:mt-4\">\n    <nav aria-label=\"breadcrumbs\">\n        <ul class=\"!ml-0 mb-4 mt-2 flex items-center gap-1 pl-0\">\n                            <li class=\"text-primary-100 my-0 flex list-none items-center pl-0 text-xs md:text-sm\">\n                    <a class=\"link link--breadcrumb\" href=\"https:\/\/www.careium.com\/de\/\">Zuhause<\/a>\n                                    <\/li>\n                    <\/ul>\n    <\/nav>\n<\/div>\n<\/div>\n\n\n\n<div style=\"height:50px\" aria-hidden=\"true\" class=\"wp-block-spacer\"><\/div>\n\n\n<div class=\"wp-block-hero alignfull   \"\n    style=\"\">\n    <div class=\"wp-block-hero__container container\">\n                    <div class=\"wp-block-hero__text\">\n                <h1 class=\"wp-block-hero__heading\">Unsere Nachhaltigkeitsarbeit<\/h1>\n                                    <p class=\"wp-block-hero__preamble\">Wir halten es f\u00fcr wichtig, eine hohe Qualit\u00e4t und einen \u00f6kologischen Ansatz zu gew\u00e4hrleisten, der der Gesellschaft auf lokaler und globaler Ebene zugute kommt;<br \/>\r\n<br \/>\r\nWir verf\u00fcgen \u00fcber Zertifizierungen nach internationalen Standards f\u00fcr Qualit\u00e4t ISO 9001 Umwelt ISO 14001 und Informationssicherheit ISO 27001. Wir unterst\u00fctzen auch die globalen Ziele der Vereinten Nationen f\u00fcr nachhaltige Entwicklung und ber\u00fccksichtigen ausgew\u00e4hlte Ziele in unserer Strategie und unserem Tagesgesch\u00e4ft.<\/p>\n                \n                                            <\/div>\n                            <picture>\n                                    <source media=\"(min-width: 600px and max-width: 1023px)\" srcset=\"https:\/\/www.careium.com\/app\/uploads\/sites\/4\/2026\/03\/Squares-pics-1.png.webp\" type=\"image\/webp\"\n                    width=\"1080\" height=\"1080\">\n                            <source media=\"(min-width: 600px and max-width: 1023px)\" srcset=\"https:\/\/www.careium.com\/app\/uploads\/sites\/4\/2026\/03\/Squares-pics-1.png\" type=\"image\/png\"\n                    width=\"1080\" height=\"1080\">\n                                                <source media=\"((min-width: 1px and max-width: 599px) or (min-width: 1024px))\" srcset=\"https:\/\/www.careium.com\/app\/uploads\/sites\/4\/2026\/03\/Squares-pics-1-610x610.png.webp\" type=\"image\/webp\"\n                    width=\"610\" height=\"610\">\n                            <source media=\"((min-width: 1px and max-width: 599px) or (min-width: 1024px))\" srcset=\"https:\/\/www.careium.com\/app\/uploads\/sites\/4\/2026\/03\/Squares-pics-1-610x610.png\" type=\"image\/png\"\n                    width=\"610\" height=\"610\">\n                    \n\n        <img fetchpriority=\"high\" decoding=\"async\"  src=\"https:\/\/www.careium.com\/app\/uploads\/sites\/4\/2026\/03\/Squares-pics-1.png\" alt=\"man-wearing-mobile-social-alarm-tending-to-plants-scaled\" loading=\"eager\"\n            width=\"1080\" height=\"1080\">\n    <\/picture>\n            <\/div>\n<\/div>\n\n\n\n<div style=\"height:50px\" aria-hidden=\"true\" class=\"wp-block-spacer is-style-medium\"><\/div>\n\n\n<div class=\"wp-block-list-image wp-block-list-image--image-right not-prose\" style=\"\">\n            <div class=\"wp-block-list-image__image\">\n            <picture>\n                                    <source media=\"(min-width: 700px)\" srcset=\"https:\/\/www.careium.com\/app\/uploads\/sites\/4\/2025\/05\/un-sustainable-development-goals-780x462.png\" type=\"image\/png\"\n                    width=\"780\" height=\"462\">\n                                                <source media=\"(max-width: 699px)\" srcset=\"https:\/\/www.careium.com\/app\/uploads\/sites\/4\/2025\/05\/un-sustainable-development-goals-700x414.png\" type=\"image\/png\"\n                    width=\"700\" height=\"414\">\n                                                <source media=\"(max-width: 500px)\" srcset=\"https:\/\/www.careium.com\/app\/uploads\/sites\/4\/2025\/05\/un-sustainable-development-goals-520x308.png\" type=\"image\/png\"\n                    width=\"520\" height=\"308\">\n                    \n\n        <img decoding=\"async\" class=\"image-fit\" src=\"https:\/\/www.careium.com\/app\/uploads\/sites\/4\/2025\/05\/un-sustainable-development-goals-780x462.png\" alt=\"\" loading=\"lazy\"\n            width=\"780\" height=\"462\">\n    <\/picture>\n        <\/div>\n        <div class=\"wp-block-list-image__text\">\n                        <h2\n            class=\"wp-block-list-image__heading wp-block-list-image__heading--sm\">\n            Unser Beitrag zu den UN-Zielen f\u00fcr nachhaltige Entwicklung            <\/h2>\n                        <div\n            class=\"wp-block-list-image__preamble wp-block-list-image__preamble--sm\">\n            <p>Wir ber\u00fccksichtigen ausgew\u00e4hlte Ziele in unserer Strategie und unserer t\u00e4glichen Arbeit.<\/p>\n\n        <\/div>\n                                                    <a class=\"wp-block-list-image__link link--arrow link link--arrow\" href=\"https:\/\/www.careium.com\/de\/uber-uns\/nachhaltigkeit\/un-nachhaltigkeitsziele\/\"\n                    target=\"_self\">Erfahren Sie mehr \u00fcber unsere Ziele<\/a>\n                        <\/div>\n<\/div>\n\n\n\n<div style=\"height:50px\" aria-hidden=\"true\" class=\"wp-block-spacer is-style-small\"><\/div>\n\n\n<div class=\"wp-block-list-image wp-block-list-image--image-left not-prose\" style=\"\">\n            <div class=\"wp-block-list-image__image\">\n            <picture>\n                                    <source media=\"(min-width: 700px)\" srcset=\"https:\/\/www.careium.com\/app\/uploads\/sites\/4\/2025\/05\/man-on-bench-outdoors5-1.jpg.webp\" type=\"image\/webp\"\n                    width=\"600\" height=\"380\">\n                            <source media=\"(min-width: 700px)\" srcset=\"https:\/\/www.careium.com\/app\/uploads\/sites\/4\/2025\/05\/man-on-bench-outdoors5-1.jpg\" type=\"image\/jpeg\"\n                    width=\"600\" height=\"380\">\n                                                <source media=\"(max-width: 699px)\" srcset=\"https:\/\/www.careium.com\/app\/uploads\/sites\/4\/2025\/05\/man-on-bench-outdoors5-1.jpg.webp\" type=\"image\/webp\"\n                    width=\"600\" height=\"380\">\n                            <source media=\"(max-width: 699px)\" srcset=\"https:\/\/www.careium.com\/app\/uploads\/sites\/4\/2025\/05\/man-on-bench-outdoors5-1.jpg\" type=\"image\/jpeg\"\n                    width=\"600\" height=\"380\">\n                                                <source media=\"(max-width: 500px)\" srcset=\"https:\/\/www.careium.com\/app\/uploads\/sites\/4\/2025\/05\/man-on-bench-outdoors5-1-520x329.jpg.webp\" type=\"image\/webp\"\n                    width=\"520\" height=\"329\">\n                            <source media=\"(max-width: 500px)\" srcset=\"https:\/\/www.careium.com\/app\/uploads\/sites\/4\/2025\/05\/man-on-bench-outdoors5-1-520x329.jpg\" type=\"image\/jpeg\"\n                    width=\"520\" height=\"329\">\n                    \n\n        <img decoding=\"async\" class=\"\" src=\"https:\/\/www.careium.com\/app\/uploads\/sites\/4\/2025\/05\/man-on-bench-outdoors5-1.jpg\" alt=\"\" loading=\"lazy\"\n            width=\"600\" height=\"380\">\n    <\/picture>\n        <\/div>\n        <div class=\"wp-block-list-image__text\">\n                        <h2\n            class=\"wp-block-list-image__heading wp-block-list-image__heading--sm\">\n            Ressourceneffizienz            <\/h2>\n                        <div\n            class=\"wp-block-list-image__preamble wp-block-list-image__preamble--sm\">\n            <p>Kosten f\u00fcr die Gesellschaft, Sorge f\u00fcr die Menschen und den Planeten.<\/p>\n\n        <\/div>\n                                                    <a class=\"wp-block-list-image__link link--arrow link link--arrow\" href=\"https:\/\/www.careium.com\/de\/uber-uns\/nachhaltigkeit\/ressourceneffizienz\/\"\n                    target=\"_self\">Erfahren Sie mehr \u00fcber ressourceneffizienz<\/a>\n                        <\/div>\n<\/div>\n\n\n\n<div style=\"height:50px\" aria-hidden=\"true\" class=\"wp-block-spacer is-style-medium\"><\/div>\n\n\n<div class=\"wp-block-text-cards \"\n    style=\"\" data-columns=\"\">\n    \n<div class=\"wp-block-text-card\" style=\"\">\n    <h3>Dienstleistungen, denen man vertrauen kann<\/h3>\n<p>Informationssicherheit, sichere und einfache Nutzung<\/p>\n\n            <a class=\"wp-block-text-card__link link link--arrow \"\n            href=\"https:\/\/www.careium.com\/de\/uber-uns\/nachhaltigkeit\/vertrauenswurdige-dienstleistungen\/\" target=\"_self\">Siehe Anmeldeinformationen<\/a>\n    <\/div>\n\n\n<div class=\"wp-block-text-card\" style=\"\">\n    <h3>Produkte, denen man vertrauen kann &#8211; Zertifizierte Produkte<\/h3>\n<p>Nutzwert und Reparierbarkeit der Produkte<\/p>\n\n            <a class=\"wp-block-text-card__link link link--arrow \"\n            href=\"https:\/\/www.careium.com\/de\/uber-uns\/nachhaltigkeit\/qualitat\/\" target=\"_self\">Erfahren Sie mehr \u00fcber unser zertifiziertes Produkt<\/a>\n    <\/div>\n\n\n<div class=\"wp-block-text-card is-style-pink\" style=\"\">\n    <h3>Eine verantwortungsvolle Gesch\u00e4ftsgrundlage<\/h3>\n<p>Mitarbeiter, Lieferkette und Unternehmensf\u00fchrung<\/p>\n\n            <a class=\"wp-block-text-card__link link link--arrow \"\n            href=\"https:\/\/www.careium.com\/de\/uber-uns\/nachhaltigkeit\/verantwortung\/\" target=\"_self\">Erfahren Sie mehr \u00fcber unser Engagement<\/a>\n    <\/div>\n\n\n<div class=\"wp-block-text-card is-style-pink\" style=\"\">\n    <h3>Recycling und Umweltvertr\u00e4glichkeit<\/h3>\n<p>Brauchen Sie Hilfe beim Recycling?<\/p>\n\n            <a class=\"wp-block-text-card__link link link--arrow \"\n            href=\"https:\/\/www.careium.com\/de\/uber-uns\/nachhaltigkeit\/eco-information\/\" target=\"_self\">Erfahren Sie mehr \u00fcber Recycling und Umweltauswirkungen<\/a>\n    <\/div>\n\n\n<\/div>\n\n\n\n<div style=\"height:70px\" aria-hidden=\"true\" class=\"wp-block-spacer is-style-large\"><\/div>\n","protected":false},"excerpt":{"rendered":"","protected":false},"author":5,"featured_media":0,"parent":496,"menu_order":0,"comment_status":"closed","ping_status":"closed","template":"","meta":{"_acf_changed":false,"footnotes":""},"class_list":["post-712","page","type-page","status-publish","hentry"],"acf":[],"_links":{"self":[{"href":"https:\/\/www.careium.com\/de\/wp-json\/wp\/v2\/pages\/712","targetHints":{"allow":["GET"]}}],"collection":[{"href":"https:\/\/www.careium.com\/de\/wp-json\/wp\/v2\/pages"}],"about":[{"href":"https:\/\/www.careium.com\/de\/wp-json\/wp\/v2\/types\/page"}],"author":[{"embeddable":true,"href":"https:\/\/www.careium.com\/de\/wp-json\/wp\/v2\/users\/5"}],"replies":[{"embeddable":true,"href":"https:\/\/www.careium.com\/de\/wp-json\/wp\/v2\/comments?post=712"}],"version-history":[{"count":4,"href":"https:\/\/www.careium.com\/de\/wp-json\/wp\/v2\/pages\/712\/revisions"}],"predecessor-version":[{"id":5024,"href":"https:\/\/www.careium.com\/de\/wp-json\/wp\/v2\/pages\/712\/revisions\/5024"}],"up":[{"embeddable":true,"href":"https:\/\/www.careium.com\/de\/wp-json\/wp\/v2\/pages\/496"}],"wp:attachment":[{"href":"https:\/\/www.careium.com\/de\/wp-json\/wp\/v2\/media?parent=712"}],"curies":[{"name":"wp","href":"https:\/\/api.w.org\/{rel}","templated":true}]}}