{"id":764,"date":"2025-05-09T09:51:43","date_gmt":"2025-05-09T09:51:43","guid":{"rendered":"https:\/\/www.careium.com\/de\/?page_id=764"},"modified":"2026-02-03T09:47:33","modified_gmt":"2026-02-03T08:47:33","slug":"datenschutz-bei-unseren-dienstleistungen","status":"publish","type":"page","link":"https:\/\/www.careium.com\/de\/datenschutz-bei-unseren-dienstleistungen\/","title":{"rendered":"Datenschutz bei unseren Dienstleistungen"},"content":{"rendered":"\n<h1 class=\"wp-block-heading has-text-align-left has-text-align-center\">Informationen zum Datenschutz&nbsp;<\/h1>\n\n\n\n<div style=\"height:20px\" aria-hidden=\"true\" class=\"wp-block-spacer\"><\/div>\n\n\n\n<p>Seit dem 25. Mai 2018 gilt die Allgemeine Datenschutzverordnung (DSGVO) als Gesetz f\u00fcr alle EU- und EES-Mitgliedstaaten. Sie ist die gr\u00f6\u00dfte Gesetzesreform zum Datenschutz der letzten 20 Jahre und bringt viele \u00c4nderungen mit sich. Dazu geh\u00f6ren eine St\u00e4rkung des Schutzes der Privatsph\u00e4re des Einzelnen und eine gr\u00f6\u00dfere Verantwortung f\u00fcr diejenigen, denen personenbezogene Daten anvertraut sind.<\/p>\n\n\n\n<p>Wir haben schon fr\u00fch damit begonnen, innerhalb unserer Organisation zu arbeiten, um zu gew\u00e4hrleisten, dass wir die Verpflichtungen der GDPR erf\u00fcllen. Wir nehmen das Vertrauen unserer Kunden sehr ernst, und es ist eine Selbstverst\u00e4ndlichkeit, dass wir, wenn uns Ihre pers\u00f6nlichen Daten anvertraut werden, nicht mehr Informationen als n\u00f6tig verarbeiten und dass diese auch auf sichere Weise gehandhabt werden.<\/p>\n\n\n\n<p>Wir haben schon immer gro\u00dfen Wert auf den Schutz der Privatsph\u00e4re und den Schutz unserer Kunden gelegt. Wir wissen, dass viele, die sich im fortgeschrittenen Alter befinden, manchmal zus\u00e4tzliche Hilfe ben\u00f6tigen. Wir haben einen Datenschutzbeauftragten ernannt, dessen Aufgabe es ist, zu \u00fcberpr\u00fcfen, wie wir mit Fragen zur DSGVO umgehen, und der unsere Arbeit auch nach Inkrafttreten des Gesetzes fortsetzen wird.<\/p>\n\n\n\n<p>W\u00e4hrend unserer Vorbereitungen haben wir unsere Organisation \u00fcberpr\u00fcft und alle personenbezogenen Daten, die wir verarbeiten, erfasst. Wir haben auch an der aktiven Entwicklung unserer Routinen gearbeitet, unser Gesch\u00e4ft und unsere Vertr\u00e4ge weiter \u00fcberpr\u00fcft, unsere Mitarbeiter geschult und unser Sicherheitssystem unter die Lupe genommen. Die von uns durchgef\u00fchrten T\u00e4tigkeiten sind nach ISO 27001 zertifiziert, was eine gute Grundlage f\u00fcr unsere Arbeit darstellt. Unser Ziel ist es, dass Ihre Daten niemals einem Risiko ausgesetzt werden und dass die Personen, die mit Ihren Daten arbeiten, sich dessen bewusst sind und nach unseren Sicherheits- und Geheimhaltungsvorschriften arbeiten.<\/p>\n\n\n\n<h2 class=\"wp-block-heading\">Verarbeitung von personenbezogenen Daten<\/h2>\n\n\n\n<p>Die Daten in unserem System von unseren Kunden eingegeben, und in einigen F\u00e4llen ihre Nutzer, ist nur nach den Anweisungen des Kunden und Bedingungen in unserem aktuellen und aktualisierten Vertrag oder allgemeinen Bedingungen verarbeitet. Wir werden nicht teilen Ihre Informationen mit Empf\u00e4ngern in einem Drittland Empf\u00e4nger ohne Ihr Wissen und Ihre Zustimmung.<\/p>\n\n\n\n<h2 class=\"wp-block-heading\">Einsatz von Unterauftragnehmern<\/h2>\n\n\n\n<p>In der Regel erledigen wir alle Aufgaben im Zusammenhang mit personenbezogenen Daten intern, aber wir k\u00f6nnen auch bestimmte externe Auftragnehmer beauftragen, die uns bei unserer Arbeit unterst\u00fctzen. Wir gehen bei der Auswahl sehr sorgf\u00e4ltig vor und stellen sicher, dass unsere Auftragnehmer \u00fcber eine gute Kompetenz verf\u00fcgen und das richtige Ma\u00df an Geheimhaltung und Sicherheit wahren k\u00f6nnen. Wir stellen sicher, dass Sie Informationen \u00fcber unsere Auftragnehmer, die Ihre personenbezogenen Daten erhalten, erhalten, bevor Sie eine von uns angebotene Dienstleistung in Anspruch nehmen.<\/p>\n\n\n\n<h2 class=\"wp-block-heading\">Sicherheit und Schutz<\/h2>\n\n\n\n<p>Gem\u00e4\u00df GDPR arbeiten wir nach geeigneten technischen und organisatorischen Ma\u00dfnahmen, die notwendig sind, um ein angemessenes Sicherheitsniveau f\u00fcr Ihre pers\u00f6nlichen Daten zu gew\u00e4hrleisten. Wir bem\u00fchen uns, stets die neueste Sicherheit zu bieten und eine sichere Infrastruktur aufzubauen, die die sichere Bereitstellung unserer Dienste, die sichere Datenspeicherung, die sichere Kommunikation und eine sichere und private Kommunikation mit unseren Kunden \u00fcber unsere Informationskan\u00e4le wie Internet, Telefon und E-Mail gew\u00e4hrleistet.<\/p>\n\n\n\n<p>Die Sicherheit in unserer Infrastruktur ist in aufeinander aufbauenden Stufen aufgebaut. Wir verwenden zum Beispiel Verschl\u00fcsselung, Verifizierung, Sicherheitsschl\u00fcssel und Anonymisierung, um Ihre Daten zu sch\u00fctzen. \u00dcber unseren Dienst und in unseren Alarmzentralen verarbeiten wir bestimmte personenbezogene Daten, die zus\u00e4tzlich st\u00e4rker gesch\u00fctzt werden.<\/p>\n\n\n\n<h2 class=\"wp-block-heading\">Was bedeutet das f\u00fcr Sie als Kunde?<\/h2>\n\n\n\n<p>In Bezug auf die Gemeinden, die unsere Produkte und Dienstleistungen nutzen, sind wir in erster Linie Assistenten f\u00fcr pers\u00f6nliche Informationen. Das bedeutet, dass personenbezogene Daten, die einer Person geh\u00f6ren, im Auftrag der Gemeinde in unseren Systemen verwaltet und gespeichert werden. Die Kommune ist grunds\u00e4tzlich f\u00fcr die Informationen verantwortlich, aber wir erf\u00fcllen die Anforderungen, die an uns gestellt werden. Diese Anforderungen haben sich mit der GDPR erh\u00f6ht. Wir haben daher unsere Vereinbarungen mit den Assistenten f\u00fcr personenbezogene Daten, die Lieferantenvereinbarungen und die Speicherzeiten eingeschr\u00e4nkt und aktualisiert.<\/p>\n\n\n\n<p>Wir haben unsere Kundendateien durchgesehen, \u00fcberpr\u00fcft und sichergestellt, dass alle Informationen, die wir \u00fcber Sie speichern, f\u00fcr uns notwendig sind. Wir haben unsere Routinen weiterentwickelt und ein neues System geschaffen, mit dem Sie leicht mit uns in Kontakt treten und Ihre Rechte nach der DSGVO wahrnehmen k\u00f6nnen. Dies wird Ihnen einen besseren Schutz bieten und es Ihnen erleichtern, informiert zu bleiben.<\/p>\n\n\n\n<p>Als Kunde sollten Sie sich auf unserer Homepage umsehen und sich damit vertraut machen, was wir tun und wie wir Ihre Daten verwalten. Hier finden Sie unsere Datenschutzrichtlinie mit allen Fakten zum Umgang mit Ihren Daten.<\/p>\n\n\n\n<p>Vergessen Sie nicht, sich regelm\u00e4\u00dfig \u00fcber die Arbeit anderer Unternehmen mit der DSGVO zu informieren, z. B. Google oder Facebook. Wir arbeiten mit diesen Unternehmen zusammen, aber wir sind nicht f\u00fcr die personenbezogenen Daten verantwortlich, die Sie ihnen zur Verf\u00fcgung stellen, da wir diese Daten nicht verwalten oder entscheiden k\u00f6nnen, wie sie verwaltet werden.<\/p>\n\n\n\n<p>Wir werden uns auch weiterhin mit der Verwaltung personenbezogener Daten und der GDPR befassen und, falls erforderlich, unsere Homepage aktualisieren und weitere Informationen \u00fcber unsere fortlaufende Arbeit bereitstellen. Bitte besuchen Sie unsere Homepage regelm\u00e4\u00dfig, um sich auf dem Laufenden zu halten.<\/p>\n\n\n\n<p>Als unser Kunde k\u00f6nnen Sie problemlos Material anfordern und erhalten, das Sie \u00fcber die gesamte Verwaltung Ihrer pers\u00f6nlichen Daten informiert, einschlie\u00dflich der Frage, an wen wir diese Daten weitergeben. Sie k\u00f6nnen auch verlangen, dass wir Ihre Daten korrigieren, vervollst\u00e4ndigen oder l\u00f6schen oder sie sogar an eine andere Person weitergeben (Daten\u00fcbertragbarkeit). Bitte lesen Sie unsere <a href=\"https:\/\/www.careium.com\/de\/datenschutzerklarung\/\" data-type=\"page\" data-id=\"2197\">Datenschutzbestimmungen<\/a> f\u00fcr weitere Informationen und Details.<\/p>\n\n\n\n<p><\/p>\n","protected":false},"excerpt":{"rendered":"<p>Informationen zum Datenschutz&nbsp; Seit dem 25. Mai 2018 gilt die Allgemeine Datenschutzverordnung (DSGVO) als Gesetz f\u00fcr alle EU- und EES-Mitgliedstaaten. Sie ist die gr\u00f6\u00dfte Gesetzesreform zum Datenschutz der letzten 20 Jahre und bringt viele \u00c4nderungen mit sich. Dazu geh\u00f6ren eine St\u00e4rkung des Schutzes der Privatsph\u00e4re des Einzelnen und eine gr\u00f6\u00dfere Verantwortung f\u00fcr diejenigen, denen personenbezogene&#8230;<\/p>\n","protected":false},"author":5,"featured_media":0,"parent":0,"menu_order":0,"comment_status":"closed","ping_status":"closed","template":"template-text-page.blade.php","meta":{"_acf_changed":false,"footnotes":""},"class_list":["post-764","page","type-page","status-publish","hentry"],"acf":[],"_links":{"self":[{"href":"https:\/\/www.careium.com\/de\/wp-json\/wp\/v2\/pages\/764","targetHints":{"allow":["GET"]}}],"collection":[{"href":"https:\/\/www.careium.com\/de\/wp-json\/wp\/v2\/pages"}],"about":[{"href":"https:\/\/www.careium.com\/de\/wp-json\/wp\/v2\/types\/page"}],"author":[{"embeddable":true,"href":"https:\/\/www.careium.com\/de\/wp-json\/wp\/v2\/users\/5"}],"replies":[{"embeddable":true,"href":"https:\/\/www.careium.com\/de\/wp-json\/wp\/v2\/comments?post=764"}],"version-history":[{"count":5,"href":"https:\/\/www.careium.com\/de\/wp-json\/wp\/v2\/pages\/764\/revisions"}],"predecessor-version":[{"id":4759,"href":"https:\/\/www.careium.com\/de\/wp-json\/wp\/v2\/pages\/764\/revisions\/4759"}],"wp:attachment":[{"href":"https:\/\/www.careium.com\/de\/wp-json\/wp\/v2\/media?parent=764"}],"curies":[{"name":"wp","href":"https:\/\/api.w.org\/{rel}","templated":true}]}}