{"id":1925,"date":"2025-05-20T12:49:01","date_gmt":"2025-05-20T12:49:01","guid":{"rendered":"https:\/\/www.careium.com\/de\/?post_type=product&#038;p=1925"},"modified":"2025-09-24T13:15:28","modified_gmt":"2025-09-24T11:15:28","slug":"bettalarm","status":"publish","type":"product","link":"https:\/\/www.careium.com\/de\/hausnotrufloesungen\/alarmsysteme\/bettalarm\/","title":{"rendered":"Bettalarm"},"content":{"rendered":"<h2>Wie es funktioniert<\/h2>\n<p>Der Sensor zum Erkennen von Personen im Bett besteht aus einem Bett-Druckpad, der unter die Matratze gelegt wird. Wenn der Benutzer aufsteht und sich innerhalb einer voreingestellten Zeit nicht wieder hinlegt, wird ein Notruf \u00fcber das Hausnotrufger\u00e4t an die Notrufzentrale geschickt. Notrufe k\u00f6nnen auch ausgel\u00f6st werden, wenn der Benutzer nicht bis zu einem bestimmten Zeitpunkt am Abend ins Bett geht oder bis zu einem bestimmten Zeitpunkt am Morgen nicht aufsteht.<\/p>\n<h2>Welche L\u00f6sungen es bietet<\/h2>\n<p>Der Sensor zum Erkennen von Personen im Bett wurde speziell entwickelt, um die Sicherheit eines Menschen zu jeder Tages- und Nachtzeit zu \u00fcberwachen. Er reduziert das Risiko f\u00fcr eine Person, indem er einen Notruf ausl\u00f6st, die es geschultem Personal erm\u00f6glicht, die angemessenste Ma\u00dfnahme zu ergreifen. Die L\u00f6sung kann an die individuellen Alltagsaktivit\u00e4ten einer Person angepasst werden.<\/p>\n","protected":false},"excerpt":{"rendered":"<p>Der Alarm Bed bietet eine einfache und effektive M\u00f6glichkeit zur Erzeugung einer fr\u00fchzeitigen Warnung, wenn eine Person nicht wie erwartet in ihr Bett zur\u00fcckkehrt. Das komplette Set besteht aus einem weichen, flexiblen Sensor zum Erkennen von Personen im Bett, einem Stoff\u00fcberzug, einem Funkger\u00e4t des Typs mBox 9200 und einer Montageplatte. Der wasserfeste, einfach zu reinigende Drucksensor wird auf der Matratze und \u00fcblicherweise unter dem Bettlaken angebracht. Austauschbare Teile k\u00f6nnen separat bestellt werden.<\/p>\n","protected":false},"author":5,"featured_media":1424,"template":"","meta":{"_acf_changed":false},"product_brand":[],"product_cat":[17],"product_tag":[],"class_list":{"0":"post-1925","1":"product","2":"type-product","3":"status-publish","4":"has-post-thumbnail","6":"product_cat-accessories","8":"first","9":"instock","10":"shipping-taxable","11":"purchasable","12":"product-type-simple"},"acf":[],"_links":{"self":[{"href":"https:\/\/www.careium.com\/de\/wp-json\/wp\/v2\/product\/1925","targetHints":{"allow":["GET"]}}],"collection":[{"href":"https:\/\/www.careium.com\/de\/wp-json\/wp\/v2\/product"}],"about":[{"href":"https:\/\/www.careium.com\/de\/wp-json\/wp\/v2\/types\/product"}],"author":[{"embeddable":true,"href":"https:\/\/www.careium.com\/de\/wp-json\/wp\/v2\/users\/5"}],"wp:featuredmedia":[{"embeddable":true,"href":"https:\/\/www.careium.com\/de\/wp-json\/wp\/v2\/media\/1424"}],"wp:attachment":[{"href":"https:\/\/www.careium.com\/de\/wp-json\/wp\/v2\/media?parent=1925"}],"wp:term":[{"taxonomy":"product_brand","embeddable":true,"href":"https:\/\/www.careium.com\/de\/wp-json\/wp\/v2\/product_brand?post=1925"},{"taxonomy":"product_cat","embeddable":true,"href":"https:\/\/www.careium.com\/de\/wp-json\/wp\/v2\/product_cat?post=1925"},{"taxonomy":"product_tag","embeddable":true,"href":"https:\/\/www.careium.com\/de\/wp-json\/wp\/v2\/product_tag?post=1925"}],"curies":[{"name":"wp","href":"https:\/\/api.w.org\/{rel}","templated":true}]}}