{"id":1929,"date":"2025-05-20T15:06:16","date_gmt":"2025-05-20T15:06:16","guid":{"rendered":"https:\/\/www.careium.com\/de\/?post_type=product&#038;p=1929"},"modified":"2025-09-24T13:15:21","modified_gmt":"2025-09-24T11:15:21","slug":"epilepsie-sensor","status":"publish","type":"product","link":"https:\/\/www.careium.com\/de\/hausnotrufloesungen\/alarmsysteme\/epilepsie-sensor\/","title":{"rendered":"Epilepsie-Sensor"},"content":{"rendered":"<h2>Wie es funktioniert?<\/h2>\n<p>Mit dem Companion mini Epilepsie-Sensor k\u00f6nnen tonisch-klonische Anf\u00e4lle sofort erkannt werden, wenn sie auftreten, damit Betreuer oder Pflegepersonen bei Bedarf schnell reagieren k\u00f6nnen. Der Nutzer wird ansonsten nicht im Schlaf gest\u00f6rt. Er eignet sich f\u00fcr die meisten Arten von Betten, einschlie\u00dflich Pflegebetten oder Wechseldruckmatratzen. Der Epilepsie-Sensor kann bei Kindern und Erwachsenen verwendet werden.<\/p>\n<p>Der Companion mini l\u00e4sst sich dank Wireless-Technologie einfach installieren und ist als Medizinprodukt der Klasse 1 zertifiziert. Das Ger\u00e4t arbeitet mit der europ\u00e4ischen Personenhausnotruf-Frequenz 869 MHz und ist gepr\u00fcft und entspricht allen einschl\u00e4gigen EU-Normen inkl. CE.<\/p>\n<h2>Welche L\u00f6sungen es bietet<\/h2>\n<p>Im Vereinigten K\u00f6nigreich leben mehr als 600.000 Menschen mit Epilepsie. In vielen F\u00e4llen m\u00fcssen Betreuer von Menschen mit Epilepsie nachts regelm\u00e4\u00dfig nach der Person sehen. Das ist f\u00fcr bezahlte Pflegepersonen bzw. Betreuer arbeitsaufwendig, w\u00e4hrend es f\u00fcr unbezahlte Betreuer eine St\u00f6rung des Schlafs bedeutet. F\u00fcr die betroffene Person k\u00f6nnen diese \u201eKontrollen\u201c au\u00dferdem st\u00f6rend sein und deren W\u00fcrde verletzen.<\/p>\n<p>Man kann ohne Bedenken sagen, dass der Companion mini sich als wirksames Ger\u00e4t bew\u00e4hrt hat. Bei der Entwicklung stand die Bedienfreundlichkeit im Vordergrund, es l\u00e4sst sich daher einfach einrichten und auf die individuellen Bed\u00fcrfnisse anpassen. Das Ger\u00e4t eignet sich f\u00fcr den privaten und professionellen Gebrauch.<\/p>\n","protected":false},"excerpt":{"rendered":"<p>Der Companion mini ist ein kleines, intelligentes und schnell reagierendes Ger\u00e4t, das zwischen anfallsbedingten Bewegungen und normaler Schlaft\u00e4tigkeit unterscheiden kann und so zu mehr Sicherheit beitr\u00e4gt. Geeignet f\u00fcr den Hausgebrauch und sowohl f\u00fcr Erwachsene als auch f\u00fcr Kinder. Der Companion mini wird unter der Matratze platziert. Wenn ein Anfall erkannt wird, wird \u00fcber das Careium Sozialalarmger\u00e4t ein Anruf an die \u00dcberwachungszentrale ausgel\u00f6st.<\/p>\n","protected":false},"author":5,"featured_media":1928,"template":"","meta":{"_acf_changed":false},"product_brand":[],"product_cat":[17],"product_tag":[],"class_list":{"0":"post-1929","1":"product","2":"type-product","3":"status-publish","4":"has-post-thumbnail","6":"product_cat-accessories","8":"first","9":"instock","10":"shipping-taxable","11":"purchasable","12":"product-type-simple"},"acf":[],"_links":{"self":[{"href":"https:\/\/www.careium.com\/de\/wp-json\/wp\/v2\/product\/1929","targetHints":{"allow":["GET"]}}],"collection":[{"href":"https:\/\/www.careium.com\/de\/wp-json\/wp\/v2\/product"}],"about":[{"href":"https:\/\/www.careium.com\/de\/wp-json\/wp\/v2\/types\/product"}],"author":[{"embeddable":true,"href":"https:\/\/www.careium.com\/de\/wp-json\/wp\/v2\/users\/5"}],"wp:featuredmedia":[{"embeddable":true,"href":"https:\/\/www.careium.com\/de\/wp-json\/wp\/v2\/media\/1928"}],"wp:attachment":[{"href":"https:\/\/www.careium.com\/de\/wp-json\/wp\/v2\/media?parent=1929"}],"wp:term":[{"taxonomy":"product_brand","embeddable":true,"href":"https:\/\/www.careium.com\/de\/wp-json\/wp\/v2\/product_brand?post=1929"},{"taxonomy":"product_cat","embeddable":true,"href":"https:\/\/www.careium.com\/de\/wp-json\/wp\/v2\/product_cat?post=1929"},{"taxonomy":"product_tag","embeddable":true,"href":"https:\/\/www.careium.com\/de\/wp-json\/wp\/v2\/product_tag?post=1929"}],"curies":[{"name":"wp","href":"https:\/\/api.w.org\/{rel}","templated":true}]}}