{"id":421,"date":"2025-04-29T09:06:33","date_gmt":"2025-04-29T09:06:33","guid":{"rendered":"https:\/\/www.careium.com\/de\/?post_type=product&#038;p=421"},"modified":"2025-09-24T13:22:17","modified_gmt":"2025-09-24T11:22:17","slug":"abby-gps-notrufgeraet","status":"publish","type":"product","link":"https:\/\/www.careium.com\/de\/hausnotrufloesungen\/alarmsysteme\/abby-gps-notrufgeraet\/","title":{"rendered":"Abby &#8211; GPS Notrufger\u00e4t f\u00fcr Freiheit, Sicherheit und Zuverl\u00e4ssigkeit"},"content":{"rendered":"<h3><strong>Immer verbunden. Immer gesch\u00fctzt. Sofortige Hilfe auf Knopfdruck &#8211; egal, wohin das Leben f\u00fchrt.<\/strong><\/h3>\n<p>Perfekt f\u00fcr Senioren, Alleinarbeiter oder alle, die beim Einkaufen, Spazierengehen oder Unterwegssein Wert auf Sicherheit legen, kombiniert <strong>Abby<\/strong> hochmoderne Sicherheitstechnologie mit diskretem, komfortablem Tragekomfort. Dank der Schutzklasse IP67 k\u00f6nnen Regen oder Versch\u00fcttetes die Funktion nicht beeintr\u00e4chtigen, wenn Sie sie am meisten brauchen. Ob als Anh\u00e4nger um den Hals, am G\u00fcrtel oder einfach in der Tasche &#8211; Abby f\u00fcgt sich nahtlos in den Alltag ein und bietet Sicherheit rund um die Uhr.<\/p>\n<p>Wenn ein Alarm ausgel\u00f6st wird, kann das Leitstellenpersonal oder ein Familienmitglied \u00fcber die integrierte Freisprecheinrichtung <strong>direkt mit dem Benutzer sprechen<\/strong>. So kann eine beruhigende Stimme die Situation aus der Ferne beurteilen und bei Bedarf Hilfe anfordern.<\/p>\n<p>F\u00fcr Pflegekr\u00e4fte und Familienmitglieder bietet Abby mehr als nur <strong>Notfallmeldungen<\/strong>, es bietet Echtzeit-Ortung, so dass Sie jederzeit genau wissen, wo sich Ihr geliebter Mensch befindet. Richten Sie sichere Zonen ein (wie z. B. Ihr Zuhause oder Ihren Lieblingspark) und erhalten Sie sofortige Benachrichtigungen, wenn diese Grenzen \u00fcberschritten werden &#8211; ideal f\u00fcr die Betreuung von Demenzkranken.<\/p>\n<p>Abby ist kompatibel mit unserer App <strong data-start=\"1328\" data-end=\"1344\">i-care\u00ae plus<\/strong>, die es Familienmitgliedern und Freunden, aber auch Pflegepersonal erm\u00f6glicht, aktiv in die Betreuung ihrer Liebsten eingebunden zu sein. Mit der App k\u00f6nnen Sie Alarmrufe bearbeiten, den Standort von Abby auf einer Karte einsehen, \u00fcber den Lautsprecher des Ger\u00e4ts mit dem Nutzer sprechen und mehr.<\/p>\n","protected":false},"excerpt":{"rendered":"<p>Aktiv und unabh\u00e4ngig zu bleiben, sollte nicht auf Kosten der Sicherheit gehen. Mit Abby, unserem fortschrittlichen GPS-Notrufger\u00e4t, k\u00f6nnen Sie oder Ihre Liebsten die Freiheit genie\u00dfen und gleichzeitig jederzeit sofortige Notfallhilfe erreichen \u2013 egal, wo Sie sind. Ob beim Einkaufen, Besuch bei Freunden oder einfach beim Spaziergang, Abby sorgt daf\u00fcr, dass Hilfe immer nur einen Knopfdruck entfernt ist.<\/p>\n","protected":false},"author":4,"featured_media":108,"template":"","meta":{"_acf_changed":false},"product_brand":[],"product_cat":[18],"product_tag":[],"class_list":{"0":"post-421","1":"product","2":"type-product","3":"status-publish","4":"has-post-thumbnail","6":"product_cat-mobile-social-alarm","8":"first","9":"instock","10":"shipping-taxable","11":"purchasable","12":"product-type-simple"},"acf":[],"_links":{"self":[{"href":"https:\/\/www.careium.com\/de\/wp-json\/wp\/v2\/product\/421","targetHints":{"allow":["GET"]}}],"collection":[{"href":"https:\/\/www.careium.com\/de\/wp-json\/wp\/v2\/product"}],"about":[{"href":"https:\/\/www.careium.com\/de\/wp-json\/wp\/v2\/types\/product"}],"author":[{"embeddable":true,"href":"https:\/\/www.careium.com\/de\/wp-json\/wp\/v2\/users\/4"}],"wp:featuredmedia":[{"embeddable":true,"href":"https:\/\/www.careium.com\/de\/wp-json\/wp\/v2\/media\/108"}],"wp:attachment":[{"href":"https:\/\/www.careium.com\/de\/wp-json\/wp\/v2\/media?parent=421"}],"wp:term":[{"taxonomy":"product_brand","embeddable":true,"href":"https:\/\/www.careium.com\/de\/wp-json\/wp\/v2\/product_brand?post=421"},{"taxonomy":"product_cat","embeddable":true,"href":"https:\/\/www.careium.com\/de\/wp-json\/wp\/v2\/product_cat?post=421"},{"taxonomy":"product_tag","embeddable":true,"href":"https:\/\/www.careium.com\/de\/wp-json\/wp\/v2\/product_tag?post=421"}],"curies":[{"name":"wp","href":"https:\/\/api.w.org\/{rel}","templated":true}]}}