{"id":423,"date":"2025-04-29T09:03:10","date_gmt":"2025-04-29T09:03:10","guid":{"rendered":"https:\/\/www.careium.com\/de\/?post_type=product&#038;p=423"},"modified":"2026-02-04T14:54:54","modified_gmt":"2026-02-04T13:54:54","slug":"eliza","status":"publish","type":"product","link":"https:\/\/www.careium.com\/de\/hausnotrufloesungen\/alarmsysteme\/eliza\/","title":{"rendered":"Eliza &#8211; Smarte Sicherheit f\u00fcr ein freies und selbstbestimmtes Leben"},"content":{"rendered":"<h3><strong>Eliza &#8211; Pers\u00f6nlicher Alarm &#8211; Sicher und selbstbewusst zu Hause leben<\/strong><\/h3>\n<p>Jeder Mensch verdient es, sich sicher zu f\u00fchlen \u2013 ob im selbstst\u00e4ndigen Alltag, w\u00e4hrend der Genesung oder einfach f\u00fcr ein zus\u00e4tzliches Gef\u00fchl der Sicherheit. Genau hier kommt Eliza ins Spiel: ein verl\u00e4sslicher Begleiter, der Sie jederzeit mit Hilfe verbindet, wenn Sie sie brauchen.<\/p>\n<p><strong>Ein Knopf. Sofortige Hilfe.<\/strong><\/p>\n<p>Am Hals oder Handgelenk getragen, erm\u00f6glicht Ihnen der leichte Funksender mit nur einem Tastendruck, Hilfe zu rufen. Einfach, schnell und immer griffbereit.<\/p>\n<p><strong>Kein Aufladen, kein Aufwand<\/strong><\/p>\n<p>Sie m\u00fcssen sich keine Gedanken \u00fcber das Aufladen machen. Der Funksender ist stets einsatzbereit \u2013 eine Sorge weniger im Alltag.<\/p>\n<p><strong>Schutz im ganzen Zuhause \u2013 auch drau\u00dfen<\/strong><\/p>\n<p>Ob Sie sich im Garten entspannen oder sich im Haus bewegen: Sie bleiben im gesamten Wohnbereich gesch\u00fctzt.<\/p>\n<p><strong>Keine versteckten Kosten<\/strong><\/p>\n<p>Es fallen keine Anrufgeb\u00fchren an, und auch ein Festnetzanschluss ist nicht erforderlich. Alles funktioniert \u00fcber digitale Netze \u2013 so k\u00f6nnen Sie sich auf das Leben konzentrieren, nicht auf die Technik.<\/p>\n<p><strong>Schnelle und einfache Einrichtung<\/strong><\/p>\n<p>Keine technischen Vorkenntnisse n\u00f6tig. Dank der beiliegenden Anleitung ist die Installation unkompliziert und stressfrei.<\/p>\n<hr \/>\n<h3><strong>Sicherheit f\u00fcr Sie und Ihre Liebsten<\/strong><\/h3>\n<p>Dieses Notrufger\u00e4t ist ideal f\u00fcr alle, die sich sicher f\u00fchlen wollen, ohne ihre Unabh\u00e4ngigkeit aufzugeben. Egal ob Sie allein leben, mit einer gesundheitlichen Einschr\u00e4nkung umgehen oder einfach nur wissen wollen, dass im Notfall Hilfe da ist &#8211; es passt zu Ihrem Lebensstil.<\/p>\n<p>Und f\u00fcr die Angeh\u00f6rigen? Es ist der Komfort, zu wissen, dass ihr Familienmitglied nie wirklich allein ist.<\/p>\n<hr \/>\n<h3><strong>Was Eliza besonders macht<\/strong><\/h3>\n<p><strong>Bereit f\u00fcr die Zukunft<\/strong><\/p>\n<p>Zuverl\u00e4ssige 4G- und IP-Technologie sorgen daf\u00fcr, dass Ihre Verbindung stabil bleibt \u2013 auch wenn sich die \u00dcbertragungsnetze weiterentwickeln.<\/p>\n<p><strong>Smart Home Sicherheit<\/strong><\/p>\n<p>Das System kann mit <a href=\"https:\/\/www.careium.com\/de\/hausnotrufloesungen\/alarmsysteme\/i10-rauchmelderalarm\/\">Rauchmeldern<\/a>, <a href=\"https:\/\/www.careium.com\/de\/hausnotrufloesungen\/alarmsysteme\/vibby-oak-sturzalarm\/\">Fallsensoren<\/a> und anderen Ger\u00e4ten verbunden werden &#8211; und schafft so ein umfassendes Sicherheitsnetz in Ihrem Zuhause.<\/p>\n<p><strong>Unauff\u00e4llig und stilvoll<\/strong><\/p>\n<p>Mit seinem preisgekr\u00f6nten, eleganten Design wirkt das Ger\u00e4t modern und dezent &#8211; eher wie ein Wohnaccessoire als ein medizinisches Hilfsmittel.<\/p>\n<hr \/>\n<h3><strong>W\u00e4hlen Sie Eliza &#8211; und leben Sie mit Zuversicht<\/strong><\/h3>\n<p>Es ist nicht einfach nur ein Notrufger\u00e4t &#8211; es ist eine M\u00f6glichkeit, Ihre Unabh\u00e4ngigkeit zu bewahren und gleichzeitig zu wissen, dass Hilfe immer in der N\u00e4he ist. Mit intelligenter Technologie, einem durchdachten Design und einem Rund-um-die-Uhr-Support hilft Eliza Ihnen, Ihr Leben mit weniger Sorgen und mehr Freiheit zu leben.<\/p>\n<p><strong>Denn sich sicher zu f\u00fchlen sollte niemals bedeuten, sich eingeschr\u00e4nkt zu f\u00fchlen.<\/strong><\/p>\n<p>Es ist auch ein beruhigendes Gef\u00fchl f\u00fcr die Menschen, die sich um Sie k\u00fcmmern. F\u00fcr Familienmitglieder und Angeh\u00f6rige ist es eine echte Erleichterung zu wissen, dass Unterst\u00fctzung jederzeit verf\u00fcgbar ist \u2013 besonders dann, wenn sie nicht pers\u00f6nlich vor Ort sein k\u00f6nnen. Eliza hilft dabei, Sorgen zu verringern und gibt Familien das Vertrauen, dass ihr Elternteil, Partner oder Verwandter jeden Tag sicher, verbunden und gut unterst\u00fctzt ist.<\/p>\n<hr \/>\n","protected":false},"excerpt":{"rendered":"<p>Eliza ist ein pers\u00f6nliches Alarmsystem, das entwickelt wurde, um die Sicherheit \u00e4lterer Menschen zu erh\u00f6hen und ein selbstbestimmtes Leben zu Hause zu unterst\u00fctzen. Durch die Kombination von elegantem Design und fortschrittlicher Funktionalit\u00e4t ist Eliza ideal zur Sturzpr\u00e4vention, f\u00fcr die h\u00e4usliche Pflege und zur Beruhigung sowohl der Nutzer als auch ihrer Angeh\u00f6rigen. Ob im Notfall oder bei Unterst\u00fctzungsbedarf \u2013 <strong>Hilfe ist nur einen Knopfdruck entfernt<\/strong>.<\/p>\n","protected":false},"author":5,"featured_media":4853,"template":"","meta":{"_acf_changed":false},"product_brand":[],"product_cat":[16],"product_tag":[],"class_list":{"0":"post-423","1":"product","2":"type-product","3":"status-publish","4":"has-post-thumbnail","6":"product_cat-social-alarms","8":"first","9":"instock","10":"shipping-taxable","11":"purchasable","12":"product-type-simple"},"acf":[],"_links":{"self":[{"href":"https:\/\/www.careium.com\/de\/wp-json\/wp\/v2\/product\/423","targetHints":{"allow":["GET"]}}],"collection":[{"href":"https:\/\/www.careium.com\/de\/wp-json\/wp\/v2\/product"}],"about":[{"href":"https:\/\/www.careium.com\/de\/wp-json\/wp\/v2\/types\/product"}],"author":[{"embeddable":true,"href":"https:\/\/www.careium.com\/de\/wp-json\/wp\/v2\/users\/5"}],"wp:featuredmedia":[{"embeddable":true,"href":"https:\/\/www.careium.com\/de\/wp-json\/wp\/v2\/media\/4853"}],"wp:attachment":[{"href":"https:\/\/www.careium.com\/de\/wp-json\/wp\/v2\/media?parent=423"}],"wp:term":[{"taxonomy":"product_brand","embeddable":true,"href":"https:\/\/www.careium.com\/de\/wp-json\/wp\/v2\/product_brand?post=423"},{"taxonomy":"product_cat","embeddable":true,"href":"https:\/\/www.careium.com\/de\/wp-json\/wp\/v2\/product_cat?post=423"},{"taxonomy":"product_tag","embeddable":true,"href":"https:\/\/www.careium.com\/de\/wp-json\/wp\/v2\/product_tag?post=423"}],"curies":[{"name":"wp","href":"https:\/\/api.w.org\/{rel}","templated":true}]}}