{"id":427,"date":"2025-04-29T09:47:16","date_gmt":"2025-04-29T09:47:16","guid":{"rendered":"https:\/\/www.careium.com\/de\/?post_type=product&#038;p=427"},"modified":"2025-05-21T18:51:46","modified_gmt":"2025-05-21T18:51:46","slug":"eliza-s-plus-hausnotrufgeraet","status":"publish","type":"product","link":"https:\/\/www.careium.com\/de\/hausnotrufloesungen\/alarmsysteme\/eliza-s-plus-hausnotrufgeraet\/","title":{"rendered":"Eliza S+ &#8211; Smarte Sicherheit f\u00fcr ein beruhigendes Gef\u00fchl"},"content":{"rendered":"<h3><strong>Bleiben Sie unabh\u00e4ngig, bleiben Sie verbunden &#8211; mit Eliza S Plus<\/strong><\/h3>\n<p>Wie alle anderen zuverl\u00e4ssigen Alarmsysteme in unserer Reihe bietet Eliza S+ zuverl\u00e4ssige Notfallhilfe rund um die Uhr \u2013 perfekt f\u00fcr alle, die ihre Unabh\u00e4ngigkeit sch\u00e4tzen, aber auch die Sicherheit haben m\u00f6chten, dass Hilfe immer in Reichweite ist.<\/p>\n<p>Eliza S+ ist ideal f\u00fcr:<\/p>\n<ul>\n<li>Senioren, die zu Hause leben<\/li>\n<li>Menschen, die mit gesundheitlichen Einschr\u00e4nkungen wie Demenz, Epilepsie oder Herzproblemen leben<\/li>\n<li>Personen, die sturzgef\u00e4hrdet sind oder pl\u00f6tzlich erkranken k\u00f6nnen<\/li>\n<\/ul>\n<p>Ob f\u00fcr das t\u00e4gliche Gef\u00fchl der Sicherheit oder zus\u00e4tzliche Unterst\u00fctzung im Notfall \u2013 Eliza S+ macht es einfacher, sich zu Hause sicher zu f\u00fchlen.<\/p>\n<h4><strong>Backup-Schutz, der funktioniert, wenn Sie ihn am meisten brauchen<\/strong><\/h4>\n<p>Was Eliza S+ auszeichnet, ist sein <strong>duales Verbindungssystem<\/strong>. W\u00e4hrend viele Hausnotrufger\u00e4te ausschlie\u00dflich auf Mobilfunknetze angewiesen sind, bietet Eliza S+ auch ein Ethernet-Backup. Das bedeutet, selbst wenn das Mobilfunksignal schwach ist oder ausf\u00e4llt &#8211; zum Beispiel w\u00e4hrend eines Sturms oder Stromausfalls &#8211; bleibt Ihr Notrufger\u00e4t \u00fcber das Ethernet-Kabel verbunden und voll funktionsf\u00e4hig.<\/p>\n<p>Dies ist besonders hilfreich f\u00fcr:<\/p>\n<ul>\n<li>H\u00e4user in l\u00e4ndlichen oder abgelegenen Gebieten mit schlechter Mobilfunkabdeckung<\/li>\n<li>Geb\u00e4ude mit dicken W\u00e4nden, in denen die Signalst\u00e4rke unzuverl\u00e4ssig sein kann<\/li>\n<\/ul>\n<p>Mit Eliza S+ m\u00fcssen Sie sich keine Sorgen machen, dass Netzprobleme Ihre Sicherheit beeintr\u00e4chtigen.<\/p>\n<h4><strong>Dezentes Design, beeindruckende Technologie<\/strong><\/h4>\n<p>Wir wissen, dass Sicherheitsger\u00e4te nicht aufdringlich wirken sollten. Deshalb ist Eliza S+ in modernem, dunklem Ebenholz und Mokka gehalten &#8211; elegante Farben, die sich ganz nat\u00fcrlich in Ihr Zuhause einf\u00fcgen. Das moderne, dezente Design sorgt daf\u00fcr, dass Ihr Alarmsystem den n\u00f6tigen Schutz bietet, ohne unn\u00f6tig aufzufallen.<\/p>\n<h4><strong>Ruhiges Gewissen f\u00fcr die ganze Familie<\/strong><\/h4>\n<p>Mit Eliza S+ k\u00f6nnen sich Familien darauf verlassen, dass das Alarmsystem f\u00fcr ihre Angeh\u00f6rigen zuverl\u00e4ssig funktioniert, selbst in schwierigen Situationen. Dies hilft, die Sorge vor verpassten Alarmmeldungen zu verringern und erm\u00f6glicht es sowohl den Nutzenden als auch ihren Familien, das Leben zu genie\u00dfen \u2013 mit einer Sorge weniger.<\/p>\n","protected":false},"excerpt":{"rendered":"<p>Das pers\u00f6nliche Alarmsystem Eliza S+ bietet Dual-Network-Konnektivit\u00e4t f\u00fcr ununterbrochenen Schutz, da es auch \u00fcber ein festes Ethernet-Kabel angeschlossen werden kann. Dies gew\u00e4hrleistet, dass Sie auch dann sicher sind, wenn das Mobilfunksignal in Ihrer Wohnung schwach ist oder das Mobilfunksignal ausf\u00e4llt.<\/p>\n","protected":false},"author":5,"featured_media":321,"template":"","meta":{"_acf_changed":false},"product_brand":[],"product_cat":[16],"product_tag":[],"class_list":{"0":"post-427","1":"product","2":"type-product","3":"status-publish","4":"has-post-thumbnail","6":"product_cat-social-alarms","8":"first","9":"instock","10":"shipping-taxable","11":"purchasable","12":"product-type-simple"},"acf":[],"_links":{"self":[{"href":"https:\/\/www.careium.com\/de\/wp-json\/wp\/v2\/product\/427","targetHints":{"allow":["GET"]}}],"collection":[{"href":"https:\/\/www.careium.com\/de\/wp-json\/wp\/v2\/product"}],"about":[{"href":"https:\/\/www.careium.com\/de\/wp-json\/wp\/v2\/types\/product"}],"author":[{"embeddable":true,"href":"https:\/\/www.careium.com\/de\/wp-json\/wp\/v2\/users\/5"}],"wp:featuredmedia":[{"embeddable":true,"href":"https:\/\/www.careium.com\/de\/wp-json\/wp\/v2\/media\/321"}],"wp:attachment":[{"href":"https:\/\/www.careium.com\/de\/wp-json\/wp\/v2\/media?parent=427"}],"wp:term":[{"taxonomy":"product_brand","embeddable":true,"href":"https:\/\/www.careium.com\/de\/wp-json\/wp\/v2\/product_brand?post=427"},{"taxonomy":"product_cat","embeddable":true,"href":"https:\/\/www.careium.com\/de\/wp-json\/wp\/v2\/product_cat?post=427"},{"taxonomy":"product_tag","embeddable":true,"href":"https:\/\/www.careium.com\/de\/wp-json\/wp\/v2\/product_tag?post=427"}],"curies":[{"name":"wp","href":"https:\/\/api.w.org\/{rel}","templated":true}]}}