{"id":430,"date":"2025-05-06T14:23:13","date_gmt":"2025-05-06T14:23:13","guid":{"rendered":"https:\/\/www.careium.com\/de\/?post_type=product&#038;p=430"},"modified":"2025-05-23T08:29:46","modified_gmt":"2025-05-23T08:29:46","slug":"visit-fernueberwachung","status":"publish","type":"product","link":"https:\/\/www.careium.com\/de\/hausnotrufloesungen\/alarmsysteme\/visit-fernueberwachung\/","title":{"rendered":"Visit Fern\u00fcberwachung &#8211; mehr Sicherheit und Effizienz"},"content":{"rendered":"<p class=\"\" data-start=\"0\" data-end=\"370\">Im Gegensatz zu traditionellen Hausbesuchen, die laut Studien bei n\u00e4chtlichen Kontrollen Angst ausl\u00f6sen k\u00f6nnen, bietet Visit eine <strong data-start=\"0\" data-end=\"172\">unaufdringliche Fern\u00fcberwachung.<\/strong><br data-start=\"172\" data-end=\"175\" \/>Autorisierte Pflegekr\u00e4fte melden sich \u00fcber eine gesicherte Kamera (es werden keine Aufnahmen gespeichert) an \u2013 so wird Sicherheit gew\u00e4hrleistet, ohne dass sich Ihre Angeh\u00f6rigen beobachtet f\u00fchlen.<\/p>\n<p class=\"\" data-start=\"372\" data-end=\"667\"><strong data-start=\"372\" data-end=\"427\">Der Schutz der Privatsph\u00e4re steht an erster Stelle. <\/strong>Die Kamera wird nur w\u00e4hrend geplanter Kontrollzeiten oder in Notf\u00e4llen aktiviert und ausschlie\u00dflich von geschultem Fachpersonal \u00fcberwacht. Es werden keine Bilder oder Videos gespeichert \u2013 die W\u00fcrde Ihrer Familie bleibt jederzeit gewahrt.<\/p>\n<p class=\"\" data-start=\"669\" data-end=\"810\">Visit reduziert zudem unn\u00f6tige Fahrtkosten und den CO\u2082-Aussto\u00df, da h\u00e4ufige Vor-Ort-Besuche durch effiziente Fernbetreuung ersetzt werden.<\/p>\n<p class=\"\" data-start=\"812\" data-end=\"1079\">Visit eignet sich ideal f\u00fcr Familien, die S<strong>icherheit ohne Eingriff in die Privatsph\u00e4re w\u00fcnschen, <\/strong>Pflegeanbieter, die eine kosteneffiziente Alternative zu Hausbesuchen suchen, sowie \u00e4ltere oder gef\u00e4hrdete Personen, die diskrete und w\u00fcrdevolle Unterst\u00fctzung sch\u00e4tzen<\/p>\n<hr \/>\n","protected":false},"excerpt":{"rendered":"<p>Visit ist eine Pflegel\u00f6sung, die Sicherheit bietet, ohne die Selbstst\u00e4ndigkeit Ihrer Liebsten einzuschr\u00e4nken \u2013 keine st\u00f6renden Kontrollbesuche, kein unn\u00f6tiger Stress, einfach beruhigende Gewissheit f\u00fcr alle.<br data-start=\"211\" data-end=\"214\" \/>Die Fern\u00fcberwachung funktioniert smarter: mit einer gesicherten, kamerabasierten L\u00f6sung, die nur dann aktiv wird, wenn sie wirklich gebraucht wird.<\/p>\n","protected":false},"author":4,"featured_media":429,"template":"","meta":{"_acf_changed":false},"product_brand":[],"product_cat":[17],"product_tag":[],"class_list":{"0":"post-430","1":"product","2":"type-product","3":"status-publish","4":"has-post-thumbnail","6":"product_cat-accessories","8":"first","9":"instock","10":"shipping-taxable","11":"purchasable","12":"product-type-simple"},"acf":[],"_links":{"self":[{"href":"https:\/\/www.careium.com\/de\/wp-json\/wp\/v2\/product\/430","targetHints":{"allow":["GET"]}}],"collection":[{"href":"https:\/\/www.careium.com\/de\/wp-json\/wp\/v2\/product"}],"about":[{"href":"https:\/\/www.careium.com\/de\/wp-json\/wp\/v2\/types\/product"}],"author":[{"embeddable":true,"href":"https:\/\/www.careium.com\/de\/wp-json\/wp\/v2\/users\/4"}],"wp:featuredmedia":[{"embeddable":true,"href":"https:\/\/www.careium.com\/de\/wp-json\/wp\/v2\/media\/429"}],"wp:attachment":[{"href":"https:\/\/www.careium.com\/de\/wp-json\/wp\/v2\/media?parent=430"}],"wp:term":[{"taxonomy":"product_brand","embeddable":true,"href":"https:\/\/www.careium.com\/de\/wp-json\/wp\/v2\/product_brand?post=430"},{"taxonomy":"product_cat","embeddable":true,"href":"https:\/\/www.careium.com\/de\/wp-json\/wp\/v2\/product_cat?post=430"},{"taxonomy":"product_tag","embeddable":true,"href":"https:\/\/www.careium.com\/de\/wp-json\/wp\/v2\/product_tag?post=430"}],"curies":[{"name":"wp","href":"https:\/\/api.w.org\/{rel}","templated":true}]}}