{"id":436,"date":"2025-05-06T14:24:18","date_gmt":"2025-05-06T14:24:18","guid":{"rendered":"https:\/\/www.careium.com\/de\/?post_type=product&#038;p=436"},"modified":"2025-09-24T13:15:39","modified_gmt":"2025-09-24T11:15:39","slug":"careium-450","status":"publish","type":"product","link":"https:\/\/www.careium.com\/de\/hausnotrufloesungen\/alarmsysteme\/careium-450\/","title":{"rendered":"Careium 450"},"content":{"rendered":"<h3><strong>Wie es funktioniert<\/strong><\/h3>\n<p>Das mobile Notrufsystem von Careium mit GPS-Ortung bietet eine ausgezeichnete L\u00f6sung, mit der schutzbed\u00fcrftige Senioren und deren Angeh\u00f6rige beruhigter leben k\u00f6nnen. Es bietet Anwendern nicht nur die M\u00f6glichkeit, einen Notruf zu aktivieren, wenn sie Hilfe brauchen oder Angst bekommen, sondern verf\u00fcgt auch \u00fcber automatisch ausgel\u00f6ste Alarme, z. B. wenn der Anwender st\u00fcrzt oder eine sichere Zone verl\u00e4sst. Es k\u00f6nnen mehrere sichere Zonen programmiert werden und Alarme k\u00f6nnen an mehrere Empf\u00e4nger oder an die Notrufzentrale geschickt werden. Der Lieferumfang von Careium 450 enth\u00e4lt eine Ladestation, die auch als Heimstation dient, und mehrere Stationen und\/oder Stationsgruppen k\u00f6nnen verwendet werden, um den Dienstleistungsanbieter zu benachrichtigen, wenn der Nutzer das Haus verl\u00e4sst.<\/p>\n<h3><strong>Welche L\u00f6sungen es bietet<\/strong><\/h3>\n<p>Regelm\u00e4\u00dfige k\u00f6rperliche Aktivit\u00e4t ist besonders mit zunehmendem Alter wichtig. Sie wirkt sich nicht nur positiv auf das Ged\u00e4chtnis, die Konzentration und die Reaktionsf\u00e4higkeit aus, sondern verringert auch nachweislich Depression bei \u00e4lteren Menschen \u2013 sowohl empfundene als auch diagnostizierte. Wir bei Careium m\u00f6chten Menschen helfen, ein m\u00f6glichst normales Leben zu genie\u00dfen, solange sie k\u00f6nnen. Mobile Notrufger\u00e4te wie das Careium 450 helfen \u00e4lteren Menschen, l\u00e4nger unabh\u00e4ngig und aktiv zu bleiben.<\/p>\n","protected":false},"excerpt":{"rendered":"<p>Das Careium 450 ist ein kleines und praktisches mobiles GPS-Notrufsystem, mit dem die Sicherheit nicht nur zu Hause erh\u00f6ht wird, sondern auch an jedem anderen Ort, an dem sich der Anwender aufh\u00e4lt. Es l\u00e4sst sich problemlos \u00fcberall mitnehmen, in einer Jacken- oder Hosentasche oder als Anh\u00e4nger um den Hals geh\u00e4ngt. Dank dem wasserfesten Design (IP 67) muss es auch zum Duschen nicht abgenommen werden. Wenn die Notruftaste gedr\u00fcckt wird, wird ein Alarm an die Notrufzentrale geschickt, w\u00e4hrend eine eingebaute Freisprecheinrichtung eine Sprachkommunikation mit dem geschulten Personal der Zentrale erm\u00f6glicht. Mit GPS-, WiFi- und Stationsortung werden nicht nur der Aufenthaltsort des Anwenders, sondern auch erweiterte Ortungsdaten erfasst und Geofencing erm\u00f6glicht. Gleichzeitig wird dank energiesparender Technologie eine lange Batterielaufzeit sichergestellt.<\/p>\n","protected":false},"author":4,"featured_media":435,"template":"","meta":{"_acf_changed":false},"product_brand":[],"product_cat":[18],"product_tag":[],"class_list":{"0":"post-436","1":"product","2":"type-product","3":"status-publish","4":"has-post-thumbnail","6":"product_cat-mobile-social-alarm","8":"first","9":"instock","10":"shipping-taxable","11":"purchasable","12":"product-type-simple"},"acf":[],"_links":{"self":[{"href":"https:\/\/www.careium.com\/de\/wp-json\/wp\/v2\/product\/436","targetHints":{"allow":["GET"]}}],"collection":[{"href":"https:\/\/www.careium.com\/de\/wp-json\/wp\/v2\/product"}],"about":[{"href":"https:\/\/www.careium.com\/de\/wp-json\/wp\/v2\/types\/product"}],"author":[{"embeddable":true,"href":"https:\/\/www.careium.com\/de\/wp-json\/wp\/v2\/users\/4"}],"wp:featuredmedia":[{"embeddable":true,"href":"https:\/\/www.careium.com\/de\/wp-json\/wp\/v2\/media\/435"}],"wp:attachment":[{"href":"https:\/\/www.careium.com\/de\/wp-json\/wp\/v2\/media?parent=436"}],"wp:term":[{"taxonomy":"product_brand","embeddable":true,"href":"https:\/\/www.careium.com\/de\/wp-json\/wp\/v2\/product_brand?post=436"},{"taxonomy":"product_cat","embeddable":true,"href":"https:\/\/www.careium.com\/de\/wp-json\/wp\/v2\/product_cat?post=436"},{"taxonomy":"product_tag","embeddable":true,"href":"https:\/\/www.careium.com\/de\/wp-json\/wp\/v2\/product_tag?post=436"}],"curies":[{"name":"wp","href":"https:\/\/api.w.org\/{rel}","templated":true}]}}