{"id":441,"date":"2025-04-29T11:07:37","date_gmt":"2025-04-29T11:07:37","guid":{"rendered":"https:\/\/www.careium.com\/de\/?post_type=product&#038;p=441"},"modified":"2026-02-10T08:31:46","modified_gmt":"2026-02-10T07:31:46","slug":"ellis-notrufsender","status":"publish","type":"product","link":"https:\/\/www.careium.com\/de\/hausnotrufloesungen\/alarmsysteme\/ellis-notrufsender\/","title":{"rendered":"Ellis Notrufsender &#8211; Stylisch, dezent und wasserdicht"},"content":{"rendered":"<p>Traditionelle Notrufanh\u00e4nger wirken oft klinisch und auff\u00e4llig, was viele Nutzende davon abh\u00e4lt, sie regelm\u00e4\u00dfig zu tragen. Ellis \u00e4ndert das mit einem stilvollen, schwarzen Edelstein-Design, das sich unauff\u00e4llig in den Alltag einf\u00fcgt und so zur konsequenten Nutzung motiviert.<\/p>\n<p>Ellis ist wasserdicht und kann bedenkenlos unter der Dusche oder in der Badewanne verwendet werden. Der langlebige Akku sorgt f\u00fcr zuverl\u00e4ssige Einsatzbereitschaft. Das durchdachte Design umfasst eine sichere, strangulationsfreie Magnetkette, die auch im Schlaf f\u00fcr Komfort sorgt. Die dezente Platzierung der Taste auf der R\u00fcckseite erm\u00f6glicht eine schnelle und unauff\u00e4llige Hilfe auf Knopfdruck \u2013 genau dann, wenn es darauf ankommt.<\/p>\n<p>Ellis ist mehr als nur ein Anh\u00e4nger \u2013 er steht f\u00fcr <strong>Sicherheit, Unabh\u00e4ngigkeit und Stil<\/strong> in einem. Ob zu Hause oder im Garten, <strong data-start=\"134\" data-end=\"143\" data-is-only-node=\"\">Ellis<\/strong> verbindet Sie zuverl\u00e4ssig mit <strong>Hilfe, wann immer Sie sie brauchen<\/strong>.<\/p>\n","protected":false},"excerpt":{"rendered":"<p class=\"\" data-start=\"0\" data-end=\"222\">Suchen Sie nach einer stilvollen Alternative zu herk\u00f6mmlichen Notrufsendern? Ellis ist ein eleganter, <strong>schmuck\u00e4hnlicher<\/strong> <strong>Anh\u00e4nger<\/strong>, der sich unauff\u00e4llig in den Alltag einf\u00fcgt und Ihnen auf Knopfdruck Zugang zu Hilfe bietet.<\/p>\n<p class=\"\" data-start=\"224\" data-end=\"496\">Mit seinem dezenten, modischen Design ermutigt Ellis dazu, ihn mit Stolz und Selbstvertrauen zu tragen. Basierend auf der bew\u00e4hrten Technologie unseres zuverl\u00e4ssigen Enzo ist Ellis mit all unseren Systemen kompatibel \u2013 damit Hilfe immer nur einen Tastendruck entfernt ist.<\/p>\n<p class=\"\" data-start=\"498\" data-end=\"747\">Ob zu Hause, im Garten oder unterwegs: <strong>Ellis<\/strong> ist stets an Ihrer Seite. Denn es geht nicht nur darum, sicher zu bleiben \u2013 sondern darum, sich frei und selbstbestimmt zu f\u00fchlen, mit dem beruhigenden Wissen, dass Unterst\u00fctzung jederzeit erreichbar ist.<\/p>\n","protected":false},"author":5,"featured_media":4798,"template":"","meta":{"_acf_changed":false},"product_brand":[],"product_cat":[17],"product_tag":[],"class_list":{"0":"post-441","1":"product","2":"type-product","3":"status-publish","4":"has-post-thumbnail","6":"product_cat-accessories","8":"first","9":"instock","10":"shipping-taxable","11":"purchasable","12":"product-type-simple"},"acf":[],"_links":{"self":[{"href":"https:\/\/www.careium.com\/de\/wp-json\/wp\/v2\/product\/441","targetHints":{"allow":["GET"]}}],"collection":[{"href":"https:\/\/www.careium.com\/de\/wp-json\/wp\/v2\/product"}],"about":[{"href":"https:\/\/www.careium.com\/de\/wp-json\/wp\/v2\/types\/product"}],"author":[{"embeddable":true,"href":"https:\/\/www.careium.com\/de\/wp-json\/wp\/v2\/users\/5"}],"wp:featuredmedia":[{"embeddable":true,"href":"https:\/\/www.careium.com\/de\/wp-json\/wp\/v2\/media\/4798"}],"wp:attachment":[{"href":"https:\/\/www.careium.com\/de\/wp-json\/wp\/v2\/media?parent=441"}],"wp:term":[{"taxonomy":"product_brand","embeddable":true,"href":"https:\/\/www.careium.com\/de\/wp-json\/wp\/v2\/product_brand?post=441"},{"taxonomy":"product_cat","embeddable":true,"href":"https:\/\/www.careium.com\/de\/wp-json\/wp\/v2\/product_cat?post=441"},{"taxonomy":"product_tag","embeddable":true,"href":"https:\/\/www.careium.com\/de\/wp-json\/wp\/v2\/product_tag?post=441"}],"curies":[{"name":"wp","href":"https:\/\/api.w.org\/{rel}","templated":true}]}}