{"id":450,"date":"2025-05-08T07:58:36","date_gmt":"2025-05-08T07:58:36","guid":{"rendered":"https:\/\/www.careium.com\/de\/?post_type=product&#038;p=450"},"modified":"2026-03-04T11:06:02","modified_gmt":"2026-03-04T10:06:02","slug":"eliza-s","status":"publish","type":"product","link":"https:\/\/www.careium.com\/de\/hausnotrufloesungen\/alarmsysteme\/eliza-s\/","title":{"rendered":"Eliza S &#8211; Einfacher, zuverl\u00e4ssiger Schutz, wenn es am wichtigsten ist"},"content":{"rendered":"<h3><strong>Schnelle Hilfe, wenn es darauf ankommt<\/strong><\/h3>\n<p>Wenn ein Angeh\u00f6riger st\u00fcrzt, sich unwohl f\u00fchlt oder dringend Unterst\u00fctzung braucht, verbindet Eliza S ihn sofort mit Hilfe \u2013 <strong>per Knopfdruck<\/strong>. Keine komplizierten Schritte, nur zuverl\u00e4ssiger Schutz, jederzeit griffbereit.<\/p>\n<p>Perfekt f\u00fcr \u00e4ltere Menschen, gef\u00e4hrdete Personen, Menschen mit gesundheitlichen Einschr\u00e4nkungen oder Familien, die schnelle und verl\u00e4ssliche Sicherheit w\u00fcnschen. Ob Unfall oder pl\u00f6tzliches Unwohlsein \u2013 Hilfe ist immer in Reichweite.<\/p>\n<p>Es verf\u00fcgt \u00fcber einen Alarmknopf, wie beispielsweise <a href=\"https:\/\/www.careium.com\/de\/hausnotrufloesungen\/alarmsysteme\/enzo-funkhandsender\/\">Enzo<\/a> oder <a href=\"https:\/\/www.careium.com\/de\/hausnotrufloesungen\/alarmsysteme\/ellis-notrufsender\/\">Ellis<\/a>, der am Handgelenk oder um den Hals getragen werden kann \u2013 sogar unter der Dusche oder in der Badewanne \u2013, sodass Hilfe immer griffbereit ist. Unsere Anh\u00e4nger sind kompakt, komfortabel und wasserdicht (IP67).<\/p>\n<p>Dieses Alarmsystem gibt Ihnen und Ihrer Familie die Gewissheit, dass Sie mit modernster Technologie gesch\u00fctzt sind.<\/p>\n","protected":false},"excerpt":{"rendered":"<p>Eliza S ist die schlanke, platzsparende Version unseres bew\u00e4hrten Eliza Hausnotrufsystems. Entwickelt, um sich nahtlos in Ihr Zuhause einzuf\u00fcgen, ist dieses moderne Sicherheitsger\u00e4t ebenso einfach zu installieren wie zu bedienen. Ob auf dem Tisch platziert oder an der Wand montiert \u2013 Sie entscheiden, wo es am besten passt.<\/p>\n","protected":false},"author":4,"featured_media":449,"template":"","meta":{"_acf_changed":false},"product_brand":[],"product_cat":[16],"product_tag":[],"class_list":{"0":"post-450","1":"product","2":"type-product","3":"status-publish","4":"has-post-thumbnail","6":"product_cat-social-alarms","8":"first","9":"instock","10":"shipping-taxable","11":"purchasable","12":"product-type-simple"},"acf":[],"_links":{"self":[{"href":"https:\/\/www.careium.com\/de\/wp-json\/wp\/v2\/product\/450","targetHints":{"allow":["GET"]}}],"collection":[{"href":"https:\/\/www.careium.com\/de\/wp-json\/wp\/v2\/product"}],"about":[{"href":"https:\/\/www.careium.com\/de\/wp-json\/wp\/v2\/types\/product"}],"author":[{"embeddable":true,"href":"https:\/\/www.careium.com\/de\/wp-json\/wp\/v2\/users\/4"}],"wp:featuredmedia":[{"embeddable":true,"href":"https:\/\/www.careium.com\/de\/wp-json\/wp\/v2\/media\/449"}],"wp:attachment":[{"href":"https:\/\/www.careium.com\/de\/wp-json\/wp\/v2\/media?parent=450"}],"wp:term":[{"taxonomy":"product_brand","embeddable":true,"href":"https:\/\/www.careium.com\/de\/wp-json\/wp\/v2\/product_brand?post=450"},{"taxonomy":"product_cat","embeddable":true,"href":"https:\/\/www.careium.com\/de\/wp-json\/wp\/v2\/product_cat?post=450"},{"taxonomy":"product_tag","embeddable":true,"href":"https:\/\/www.careium.com\/de\/wp-json\/wp\/v2\/product_tag?post=450"}],"curies":[{"name":"wp","href":"https:\/\/api.w.org\/{rel}","templated":true}]}}