{"id":453,"date":"2025-04-29T13:02:11","date_gmt":"2025-04-29T13:02:11","guid":{"rendered":"https:\/\/www.careium.com\/de\/?post_type=product&#038;p=453"},"modified":"2025-05-22T08:10:27","modified_gmt":"2025-05-22T08:10:27","slug":"vibby-oak-sturzalarm","status":"publish","type":"product","link":"https:\/\/www.careium.com\/de\/hausnotrufloesungen\/alarmsysteme\/vibby-oak-sturzalarm\/","title":{"rendered":"Vibby OAK &#8211; Sturzsensor"},"content":{"rendered":"<p>Das Ger\u00e4t erkennt schwere St\u00fcrze automatisch \u2013 im Falle eines Sturzes vibriert es und blinkt f\u00fcr 20 Sekunden, sodass Sie Zeit haben, den Alarm bei Bedarf abzubrechen. Das Abbrechen ist ganz einfach: Halten Sie die Hand f\u00fcr 2 Sekunden \u00fcber den Sensor oder stehen Sie innerhalb von 6 Sekunden wieder auf. Reagieren Sie nicht, wird automatisch die 24\/7-Notrufzentrale benachrichtigt, damit schnell Hilfe geleistet werden kann. Zus\u00e4tzlich verf\u00fcgt das Ger\u00e4t \u00fcber eine manuelle Alarmtaste, die jederzeit gedr\u00fcckt werden kann, wenn Sie sich unwohl f\u00fchlen oder Unterst\u00fctzung ben\u00f6tigen.<\/p>\n<h3><strong>Hauptmerkmale &#8211; Sturzsensor f\u00fcr zu Hause<\/strong><\/h3>\n<ul>\n<li><strong data-start=\"55\" data-end=\"75\">Angenehm tragbar<\/strong><br data-start=\"75\" data-end=\"78\" \/>Als Armband oder Anh\u00e4nger tragbar \u2013 f\u00fcr komfortables Tragen Tag und Nacht.<\/li>\n<li><strong data-start=\"154\" data-end=\"176\">Weniger Fehlalarme<\/strong><br data-start=\"176\" data-end=\"179\" \/>Moderne Technik reduziert unn\u00f6tige Alarmmeldungen.<\/li>\n<li><strong data-start=\"231\" data-end=\"254\">Langlebige Batterie<\/strong><br data-start=\"254\" data-end=\"257\" \/>L\u00e4uft bis zu 2 Jahre, Batteriewechsel ist einfach m\u00f6glich.<\/li>\n<li><strong data-start=\"317\" data-end=\"341\">Wasserdichtes Design<\/strong><br data-start=\"341\" data-end=\"344\" \/>Ideal f\u00fcr die Dusche \u2013 dort, wo viele St\u00fcrze passieren.<\/li>\n<\/ul>\n<p>Jede Minute z\u00e4hlt nach einem Sturz. Mit <strong data-start=\"441\" data-end=\"454\">Vibby OAK<\/strong> bleiben Sie oder Ihre Angeh\u00f6rigen unabh\u00e4ngig \u2013 mit der Sicherheit einer 24\/7-Notrufanbindung.<\/p>\n<p class=\"has-small-font-size\"><strong data-start=\"550\" data-end=\"572\">Wichtige Hinweise:<\/strong> <em>Funktioniert am besten bei pl\u00f6tzlichen, starken St\u00fcrzen (langsames Abrutschen oder St\u00fcrze aus Sitz- oder Liegepositionen werden m\u00f6glicherweise nicht erkannt). Tragen Sie das Ger\u00e4t stets \u2013 besonders unter der Dusche und in der Nacht, wenn St\u00fcrze h\u00e4ufig auftreten.<\/em><\/p>\n","protected":false},"excerpt":{"rendered":"<p>Der <strong data-start=\"4\" data-end=\"29\">Vibby OAK Sturzsensor<\/strong> bietet schnelle Hilfe im Falle eines Sturzes \u2013 selbst dann, wenn Sie oder Ihre Angeh\u00f6rigen den Alarmknopf nicht mehr dr\u00fccken k\u00f6nnen. Dieses Ger\u00e4t ist ein unverzichtbarer Begleiter f\u00fcr mehr Sicherheit und Unabh\u00e4ngigkeit und sorgt rund um die Uhr f\u00fcr ein beruhigendes Gef\u00fchl \u2013 besonders im Alltag \u00e4lterer Menschen.<\/p>\n","protected":false},"author":5,"featured_media":111,"template":"","meta":{"_acf_changed":false},"product_brand":[],"product_cat":[17],"product_tag":[],"class_list":{"0":"post-453","1":"product","2":"type-product","3":"status-publish","4":"has-post-thumbnail","6":"product_cat-accessories","8":"first","9":"instock","10":"shipping-taxable","11":"purchasable","12":"product-type-simple"},"acf":[],"_links":{"self":[{"href":"https:\/\/www.careium.com\/de\/wp-json\/wp\/v2\/product\/453","targetHints":{"allow":["GET"]}}],"collection":[{"href":"https:\/\/www.careium.com\/de\/wp-json\/wp\/v2\/product"}],"about":[{"href":"https:\/\/www.careium.com\/de\/wp-json\/wp\/v2\/types\/product"}],"author":[{"embeddable":true,"href":"https:\/\/www.careium.com\/de\/wp-json\/wp\/v2\/users\/5"}],"wp:featuredmedia":[{"embeddable":true,"href":"https:\/\/www.careium.com\/de\/wp-json\/wp\/v2\/media\/111"}],"wp:attachment":[{"href":"https:\/\/www.careium.com\/de\/wp-json\/wp\/v2\/media?parent=453"}],"wp:term":[{"taxonomy":"product_brand","embeddable":true,"href":"https:\/\/www.careium.com\/de\/wp-json\/wp\/v2\/product_brand?post=453"},{"taxonomy":"product_cat","embeddable":true,"href":"https:\/\/www.careium.com\/de\/wp-json\/wp\/v2\/product_cat?post=453"},{"taxonomy":"product_tag","embeddable":true,"href":"https:\/\/www.careium.com\/de\/wp-json\/wp\/v2\/product_tag?post=453"}],"curies":[{"name":"wp","href":"https:\/\/api.w.org\/{rel}","templated":true}]}}