{"id":458,"date":"2025-04-29T13:29:06","date_gmt":"2025-04-29T13:29:06","guid":{"rendered":"https:\/\/www.careium.com\/de\/?post_type=product&#038;p=458"},"modified":"2025-10-30T11:21:23","modified_gmt":"2025-10-30T10:21:23","slug":"enzo-funkhandsender","status":"publish","type":"product","link":"https:\/\/www.careium.com\/de\/hausnotrufloesungen\/alarmsysteme\/enzo-funkhandsender\/","title":{"rendered":"Enzo Funkhandsender- Sicher und unabh\u00e4ngig bleiben"},"content":{"rendered":"<p>Mit nur einem Knopfdruck sendet der Funkhandsender Enzo einen Notruf an Ihr Hausnotrufger\u00e4t &#8211; auch wenn Sie sich in einem anderen Raum oder im Garten befinden. Das LED-Licht wechselt die Farbe, um Ihnen zu versichern, dass Hilfe unterwegs ist, damit Sie nie im Ungewissen bleiben.<\/p>\n<p>Enzo ist f\u00fcr den t\u00e4glichen Gebrauch konzipiert: wasserdicht und robust, also sicher tragbar unter der Dusche oder in der Badewanne. Die langlebige, austauschbare Batterie wird automatisch \u00fcberwacht \u2013 so wissen Sie immer rechtzeitig, wann sie gewechselt werden muss.<\/p>\n<p>Die Bedienung ist auch bei eingeschr\u00e4nkter Mobilit\u00e4t einfach: Tastbare R\u00e4nder erleichtern Menschen mit Sehbeeintr\u00e4chtigung das schnelle Auffinden des Knopfs. Der optionale Easy Press Adapter reduziert den Kraftaufwand beim Dr\u00fccken \u2013 ideal f\u00fcr Nutzer mit Arthritis oder schwacher Handkraft.<\/p>\n<p><strong>Ihre Sicherheit ist nur einen Knopfdruck entfernt. <\/strong><\/p>\n","protected":false},"excerpt":{"rendered":"<p>Der Enzo Alarmknopf ist unser beliebtester pers\u00f6nlicher Funkhandsender \u2013 entwickelt, um Ihnen auch dann sofortigen Zugang zu Hilfe zu erm\u00f6glichen, wenn Sie sich weiter entfernt von der Basisstation befinden. Bequem am Handgelenk oder um den Hals getragen, ist Enzo bei all unseren Alarmsystemen \u2013 Eliza, Eliza S und Eliza S+ \u2013 bereits enthalten, sodass Sie jederzeit zuverl\u00e4ssig gesch\u00fctzt sind.<\/p>\n<p>&nbsp;<\/p>\n","protected":false},"author":5,"featured_media":456,"template":"","meta":{"_acf_changed":false},"product_brand":[],"product_cat":[17],"product_tag":[],"class_list":{"0":"post-458","1":"product","2":"type-product","3":"status-publish","4":"has-post-thumbnail","6":"product_cat-accessories","8":"first","9":"instock","10":"shipping-taxable","11":"purchasable","12":"product-type-simple"},"acf":[],"_links":{"self":[{"href":"https:\/\/www.careium.com\/de\/wp-json\/wp\/v2\/product\/458","targetHints":{"allow":["GET"]}}],"collection":[{"href":"https:\/\/www.careium.com\/de\/wp-json\/wp\/v2\/product"}],"about":[{"href":"https:\/\/www.careium.com\/de\/wp-json\/wp\/v2\/types\/product"}],"author":[{"embeddable":true,"href":"https:\/\/www.careium.com\/de\/wp-json\/wp\/v2\/users\/5"}],"wp:featuredmedia":[{"embeddable":true,"href":"https:\/\/www.careium.com\/de\/wp-json\/wp\/v2\/media\/456"}],"wp:attachment":[{"href":"https:\/\/www.careium.com\/de\/wp-json\/wp\/v2\/media?parent=458"}],"wp:term":[{"taxonomy":"product_brand","embeddable":true,"href":"https:\/\/www.careium.com\/de\/wp-json\/wp\/v2\/product_brand?post=458"},{"taxonomy":"product_cat","embeddable":true,"href":"https:\/\/www.careium.com\/de\/wp-json\/wp\/v2\/product_cat?post=458"},{"taxonomy":"product_tag","embeddable":true,"href":"https:\/\/www.careium.com\/de\/wp-json\/wp\/v2\/product_tag?post=458"}],"curies":[{"name":"wp","href":"https:\/\/api.w.org\/{rel}","templated":true}]}}