{"id":565,"date":"2025-05-02T11:26:25","date_gmt":"2025-05-02T11:26:25","guid":{"rendered":"https:\/\/www.careium.com\/de\/?post_type=product&#038;p=565"},"modified":"2025-06-03T14:45:18","modified_gmt":"2025-06-03T14:45:18","slug":"alarm-voice","status":"publish","type":"product","link":"https:\/\/www.careium.com\/de\/hausnotrufloesungen\/alarmsysteme\/alarm-voice\/","title":{"rendered":"Alarm Voice"},"content":{"rendered":"","protected":false},"excerpt":{"rendered":"<p>Der Alarm Voice ist ein Sensor, der auf unwillk\u00fcrliche Ger\u00e4usche reagiert, z. B. bei einem epileptischen Anfall, aber auch auf bewusste Ger\u00e4usche wie Hilferufe. Der Sensor wird in der N\u00e4he des Benutzers positioniert und die Empfindlichkeit wird eingestellt, sodass nur Ger\u00e4usche vom Benutzer einen Alarm ausl\u00f6sen. Ein separates Mikrofon kann angeschlossen werden, um Ger\u00e4usche aus der Umgebung noch weiter herauszufiltern (Rauschunterdr\u00fcckung), um ein noch h\u00f6heres Empfindlichkeitsniveau zu erreichen. Notrufe werden drahtlos an ein Careium-Hausnotrufger\u00e4t \u00fcbertragen und an die Notrufzentrale weitergeleitet.<\/p>\n","protected":false},"author":1,"featured_media":1712,"template":"","meta":{"_acf_changed":false},"product_brand":[],"product_cat":[17],"product_tag":[],"class_list":{"0":"post-565","1":"product","2":"type-product","3":"status-publish","4":"has-post-thumbnail","6":"product_cat-accessories","8":"first","9":"instock","10":"shipping-taxable","11":"purchasable","12":"product-type-simple"},"acf":[],"_links":{"self":[{"href":"https:\/\/www.careium.com\/de\/wp-json\/wp\/v2\/product\/565","targetHints":{"allow":["GET"]}}],"collection":[{"href":"https:\/\/www.careium.com\/de\/wp-json\/wp\/v2\/product"}],"about":[{"href":"https:\/\/www.careium.com\/de\/wp-json\/wp\/v2\/types\/product"}],"author":[{"embeddable":true,"href":"https:\/\/www.careium.com\/de\/wp-json\/wp\/v2\/users\/1"}],"wp:featuredmedia":[{"embeddable":true,"href":"https:\/\/www.careium.com\/de\/wp-json\/wp\/v2\/media\/1712"}],"wp:attachment":[{"href":"https:\/\/www.careium.com\/de\/wp-json\/wp\/v2\/media?parent=565"}],"wp:term":[{"taxonomy":"product_brand","embeddable":true,"href":"https:\/\/www.careium.com\/de\/wp-json\/wp\/v2\/product_brand?post=565"},{"taxonomy":"product_cat","embeddable":true,"href":"https:\/\/www.careium.com\/de\/wp-json\/wp\/v2\/product_cat?post=565"},{"taxonomy":"product_tag","embeddable":true,"href":"https:\/\/www.careium.com\/de\/wp-json\/wp\/v2\/product_tag?post=565"}],"curies":[{"name":"wp","href":"https:\/\/api.w.org\/{rel}","templated":true}]}}