{"id":567,"date":"2025-05-02T11:32:49","date_gmt":"2025-05-02T11:32:49","guid":{"rendered":"https:\/\/www.careium.com\/de\/?post_type=product&#038;p=567"},"modified":"2025-11-04T13:44:31","modified_gmt":"2025-11-04T12:44:31","slug":"enzo-montiert","status":"publish","type":"product","link":"https:\/\/www.careium.com\/de\/hausnotrufloesungen\/alarmsysteme\/enzo-montiert\/","title":{"rendered":"Enzo Station\u00e4r"},"content":{"rendered":"<h2>Wie es funktioniert<\/h2>\n<p>Der Enzo verf\u00fcgt \u00fcber eine Zwei-Wege-Kommunikation, was bedeutet, dass der Benutzer eine Best\u00e4tigung erh\u00e4lt, dass der Notruf zur Kenntnis genommen wurde. Wenn ein Notruf aktiviert wird, leuchtet die LED am Funkausl\u00f6ser auf. Dank der festen Montage kann der Enzo im Schlaf- oder Badezimmer oder in der Dusche verwendet werden, ohne dass der Benutzer ihn an seiner Person tragen muss. Die feste Halterung l\u00e4sst sich problemlos mit starkem doppelseitigem Klebeband anbringen, das im Lieferumfang des Enzo enthalten ist.<\/p>\n<h2>Welche L\u00f6sungen es bietet<\/h2>\n<p>Viele \u00e4ltere Menschen, die einen Notrufausl\u00f6ser am Handgelenk oder um den Hals tragen, nehmen diesen zum Duschen und zum Schlafen ab. Die festen Ausl\u00f6ser Enzo lassen sich problemlos in der Dusche und neben dem Bett montieren, sodass das Ger\u00e4t bei Bedarf jederzeit griffbereit ist.<\/p>\n","protected":false},"excerpt":{"rendered":"<p>Ein Enzo ist ein drahtloser fest montierter Ausl\u00f6serknopf, der eine einfache M\u00f6glichkeit bietet, ein besonderes Gef\u00fchl der Sicherheit zu vermitteln. Er ist jederzeit griffbereit, immer an der gleichen Stelle und deshalb leicht zu finden. Positionieren Sie ihn am Bett oder im Badezimmer \u2013 eine ideale L\u00f6sung f\u00fcr Benutzer, die dazu neigen, am Handgelenk oder um den Hals befestigte Ausl\u00f6ser abzunehmen, wenn sie ins Bett oder unter die Dusche gehen. F\u00fcr den fest montierten Enzo-Funkausl\u00f6ser sind zwei Artikel erforderlich; Enzo-Funkausl\u00f6ser und Enzo-Wandclip.<\/p>\n","protected":false},"author":1,"featured_media":455,"template":"","meta":{"_acf_changed":false},"product_brand":[],"product_cat":[17],"product_tag":[],"class_list":{"0":"post-567","1":"product","2":"type-product","3":"status-publish","4":"has-post-thumbnail","6":"product_cat-accessories","8":"first","9":"instock","10":"shipping-taxable","11":"purchasable","12":"product-type-simple"},"acf":[],"_links":{"self":[{"href":"https:\/\/www.careium.com\/de\/wp-json\/wp\/v2\/product\/567","targetHints":{"allow":["GET"]}}],"collection":[{"href":"https:\/\/www.careium.com\/de\/wp-json\/wp\/v2\/product"}],"about":[{"href":"https:\/\/www.careium.com\/de\/wp-json\/wp\/v2\/types\/product"}],"author":[{"embeddable":true,"href":"https:\/\/www.careium.com\/de\/wp-json\/wp\/v2\/users\/1"}],"wp:featuredmedia":[{"embeddable":true,"href":"https:\/\/www.careium.com\/de\/wp-json\/wp\/v2\/media\/455"}],"wp:attachment":[{"href":"https:\/\/www.careium.com\/de\/wp-json\/wp\/v2\/media?parent=567"}],"wp:term":[{"taxonomy":"product_brand","embeddable":true,"href":"https:\/\/www.careium.com\/de\/wp-json\/wp\/v2\/product_brand?post=567"},{"taxonomy":"product_cat","embeddable":true,"href":"https:\/\/www.careium.com\/de\/wp-json\/wp\/v2\/product_cat?post=567"},{"taxonomy":"product_tag","embeddable":true,"href":"https:\/\/www.careium.com\/de\/wp-json\/wp\/v2\/product_tag?post=567"}],"curies":[{"name":"wp","href":"https:\/\/api.w.org\/{rel}","templated":true}]}}