{"id":570,"date":"2025-05-02T11:44:01","date_gmt":"2025-05-02T11:44:01","guid":{"rendered":"https:\/\/www.careium.com\/de\/?post_type=product&#038;p=570"},"modified":"2025-11-04T13:46:13","modified_gmt":"2025-11-04T12:46:13","slug":"wassermelder","status":"publish","type":"product","link":"https:\/\/www.careium.com\/de\/hausnotrufloesungen\/alarmsysteme\/wassermelder\/","title":{"rendered":"Wassermelder"},"content":{"rendered":"","protected":false},"excerpt":{"rendered":"<p>Der Wassermelder gibt eine fr\u00fchzeitige Warnung aus, wenn das Risiko einer \u00dcberschwemmung besteht. Somit werden die Konsequenzen dieser, n\u00e4mlich Sachsch\u00e4den verhindert. Der \u00dcberschwemmungsmelder wird auf dem Boden im Badezimmer oder in der K\u00fcche positioniert und erkennt \u00fcberlaufendes Wasser. Wird eine \u00fcberm\u00e4\u00dfige Wasseransammlung erkannt, wird ein Notruf \u00fcber das Hausnotrufger\u00e4t an die Notrufzentrale geschickt. Dies bietet Menschen, die dazu neigen, den Kran anzulassen, ein Gef\u00fchl zus\u00e4tzlicher Sicherheit, da \u00fcberlaufendes Wasser zu gef\u00e4hrlichen Situationen, erheblichen Sch\u00e4den und damit zusammenh\u00e4ngenden unn\u00f6tigen Kosten und Unannehmlichkeiten f\u00fchren kann.<\/p>\n","protected":false},"author":1,"featured_media":1607,"template":"","meta":{"_acf_changed":false},"product_brand":[],"product_cat":[17],"product_tag":[],"class_list":{"0":"post-570","1":"product","2":"type-product","3":"status-publish","4":"has-post-thumbnail","6":"product_cat-accessories","8":"first","9":"instock","10":"shipping-taxable","11":"purchasable","12":"product-type-simple"},"acf":[],"_links":{"self":[{"href":"https:\/\/www.careium.com\/de\/wp-json\/wp\/v2\/product\/570","targetHints":{"allow":["GET"]}}],"collection":[{"href":"https:\/\/www.careium.com\/de\/wp-json\/wp\/v2\/product"}],"about":[{"href":"https:\/\/www.careium.com\/de\/wp-json\/wp\/v2\/types\/product"}],"author":[{"embeddable":true,"href":"https:\/\/www.careium.com\/de\/wp-json\/wp\/v2\/users\/1"}],"wp:featuredmedia":[{"embeddable":true,"href":"https:\/\/www.careium.com\/de\/wp-json\/wp\/v2\/media\/1607"}],"wp:attachment":[{"href":"https:\/\/www.careium.com\/de\/wp-json\/wp\/v2\/media?parent=570"}],"wp:term":[{"taxonomy":"product_brand","embeddable":true,"href":"https:\/\/www.careium.com\/de\/wp-json\/wp\/v2\/product_brand?post=570"},{"taxonomy":"product_cat","embeddable":true,"href":"https:\/\/www.careium.com\/de\/wp-json\/wp\/v2\/product_cat?post=570"},{"taxonomy":"product_tag","embeddable":true,"href":"https:\/\/www.careium.com\/de\/wp-json\/wp\/v2\/product_tag?post=570"}],"curies":[{"name":"wp","href":"https:\/\/api.w.org\/{rel}","templated":true}]}}