{"id":573,"date":"2025-05-02T12:02:41","date_gmt":"2025-05-02T12:02:41","guid":{"rendered":"https:\/\/www.careium.com\/de\/?post_type=product&#038;p=573"},"modified":"2026-03-05T16:54:10","modified_gmt":"2026-03-05T15:54:10","slug":"temperatursensor","status":"publish","type":"product","link":"https:\/\/www.careium.com\/de\/hausnotrufloesungen\/alarmsysteme\/temperatursensor\/","title":{"rendered":"Temperatursensor"},"content":{"rendered":"<p>Die Batterie h\u00e4lt bis zu 5 Jahre. Bei niedrigem Batteriestand wird eine Warnung an die Notrufzentrale gesendet. Die Batterien lassen sich leicht austauschen. Der Extremtemperatursensor arbeitet auf der europ\u00e4ischen Notruffrequenz 869 MHz und ist gepr\u00fcft und entspricht allen relevanten Normen, einschlie\u00dflich CE und EN 50134.<\/p>\n","protected":false},"excerpt":{"rendered":"<p>Der Sensor f\u00fcr extreme Temperaturen ist eine einzigartige L\u00f6sung f\u00fcr die Fernbetreuung ungesunder Umgebungstemperaturen. Er dient zur Erkennung von drei Temperaturereignissen: hohe, niedrige und schnell ansteigende Temperatur. Er erkennt, wenn die Raumtemperatur zu hei\u00df (35 \u00b0C) oder zu kalt (12 \u00b0C) ist, z. B. weil der Kessel defekt ist, bei extremen Witterungsverh\u00e4ltnissen oder wenn eine T\u00fcr offen gelassen wurde. Der Sensor bietet erweiterte Alarmoptionen f\u00fcr extreme Temperaturen im Haus, die zu ungesunden Lebensbedingungen f\u00fchren k\u00f6nnten. Er sendet automatisch einen Alarm an die Notrufzentrale \u00fcber das Hausnotrufger\u00e4t.<\/p>\n","protected":false},"author":1,"featured_media":1603,"template":"","meta":{"_acf_changed":false},"product_brand":[],"product_cat":[17],"product_tag":[],"class_list":{"0":"post-573","1":"product","2":"type-product","3":"status-publish","4":"has-post-thumbnail","6":"product_cat-accessories","8":"first","9":"instock","10":"shipping-taxable","11":"product-type-simple"},"acf":[],"_links":{"self":[{"href":"https:\/\/www.careium.com\/de\/wp-json\/wp\/v2\/product\/573","targetHints":{"allow":["GET"]}}],"collection":[{"href":"https:\/\/www.careium.com\/de\/wp-json\/wp\/v2\/product"}],"about":[{"href":"https:\/\/www.careium.com\/de\/wp-json\/wp\/v2\/types\/product"}],"author":[{"embeddable":true,"href":"https:\/\/www.careium.com\/de\/wp-json\/wp\/v2\/users\/1"}],"wp:featuredmedia":[{"embeddable":true,"href":"https:\/\/www.careium.com\/de\/wp-json\/wp\/v2\/media\/1603"}],"wp:attachment":[{"href":"https:\/\/www.careium.com\/de\/wp-json\/wp\/v2\/media?parent=573"}],"wp:term":[{"taxonomy":"product_brand","embeddable":true,"href":"https:\/\/www.careium.com\/de\/wp-json\/wp\/v2\/product_brand?post=573"},{"taxonomy":"product_cat","embeddable":true,"href":"https:\/\/www.careium.com\/de\/wp-json\/wp\/v2\/product_cat?post=573"},{"taxonomy":"product_tag","embeddable":true,"href":"https:\/\/www.careium.com\/de\/wp-json\/wp\/v2\/product_tag?post=573"}],"curies":[{"name":"wp","href":"https:\/\/api.w.org\/{rel}","templated":true}]}}