{"id":578,"date":"2025-05-02T12:12:50","date_gmt":"2025-05-02T12:12:50","guid":{"rendered":"https:\/\/www.careium.com\/de\/?post_type=product&#038;p=578"},"modified":"2026-01-27T15:32:49","modified_gmt":"2026-01-27T14:32:49","slug":"mbox-9200","status":"publish","type":"product","link":"https:\/\/www.careium.com\/de\/hausnotrufloesungen\/alarmsysteme\/mbox-9200\/","title":{"rendered":"T\u00fcrsensor mBox 9200"},"content":{"rendered":"<h2>Wie es funktioniert<\/h2>\n<p>Der T\u00fcralarm mBox 9200 l\u00e4sst sich problemlos installieren und erfordert keine Kabel. Ein kleiner Magnet wird an der T\u00fcr befestigt und der Sender wird am T\u00fcrrahmen angebracht. Der T\u00fcralarm benachrichtigt die Notrufzentrale, wenn eine Person das Grundst\u00fcck verl\u00e4sst. Ein Umgehungsknopf erm\u00f6glicht es Besuchern, das Haus zu betreten und zu verlassen, ohne den Alarm auszul\u00f6sen. Au\u00dferdem gibt es einen Ein-\/Aus-Schalter. Das Ger\u00e4t kann auch als Funkempf\u00e4nger und -sender in einem fungieren. Ein mBox-Range-Extender kann zwischen dem Careium-Hausnotrufger\u00e4t und einem drahtlosen Fernbetreuungssensor verwendet werden, um die effective Reichweite des Sensors zu erweitern.<\/p>\n<h2>Welche L\u00f6sungen es bietet<\/h2>\n<p>Der T\u00fcralarm mBox 9200 bietet viele Vorteile, insbesondere hilft er Menschen mit Demenz, unabh\u00e4ngig und sicher in der Gemeinde zu leben. Er sorgt daf\u00fcr, dass angemessene Ma\u00dfnahmen so schnell wie m\u00f6glich ergriffen werden k\u00f6nnen, um sicherzustellen, dass der Benutzer in seine sichere Umgebung zur\u00fcckgebracht wird. Au\u00dferdem kann er Menschen emotional und k\u00f6rperlich entlasten, wenn sie eine Person betreuen, bei der die Gefahr besteht, dass sie das Haus verl\u00e4sst und den Weg nach Hause nicht wieder findet.<\/p>\n","protected":false},"excerpt":{"rendered":"<p>mBox 9200 kann als Bett-Steuereinheit, Funksender, Range-Extender f\u00fcr Funkger\u00e4te oder als T\u00fcralarm eingesetzt werden. Beim Ausl\u00f6sen wird ein Notruf \u00fcber das Hausnotrufger\u00e4t an die Notrufzentrale geschickt. Einfache Funktionsweise mit Einstellungsoptionen f\u00fcr unterschiedliche Verz\u00f6gerungszeiten, bevor ein Notruf geschickt wird. Auf dem Hausnotrufger\u00e4t k\u00f6nnen ebenfalls Zeitparameter programmiert werden, sodass das Ger\u00e4t nur zu bestimmten Tageszeiten aktiv ist.<\/p>\n","protected":false},"author":1,"featured_media":1645,"template":"","meta":{"_acf_changed":false},"product_brand":[],"product_cat":[17],"product_tag":[],"class_list":{"0":"post-578","1":"product","2":"type-product","3":"status-publish","4":"has-post-thumbnail","6":"product_cat-accessories","8":"first","9":"instock","10":"shipping-taxable","11":"product-type-simple"},"acf":[],"_links":{"self":[{"href":"https:\/\/www.careium.com\/de\/wp-json\/wp\/v2\/product\/578","targetHints":{"allow":["GET"]}}],"collection":[{"href":"https:\/\/www.careium.com\/de\/wp-json\/wp\/v2\/product"}],"about":[{"href":"https:\/\/www.careium.com\/de\/wp-json\/wp\/v2\/types\/product"}],"author":[{"embeddable":true,"href":"https:\/\/www.careium.com\/de\/wp-json\/wp\/v2\/users\/1"}],"wp:featuredmedia":[{"embeddable":true,"href":"https:\/\/www.careium.com\/de\/wp-json\/wp\/v2\/media\/1645"}],"wp:attachment":[{"href":"https:\/\/www.careium.com\/de\/wp-json\/wp\/v2\/media?parent=578"}],"wp:term":[{"taxonomy":"product_brand","embeddable":true,"href":"https:\/\/www.careium.com\/de\/wp-json\/wp\/v2\/product_brand?post=578"},{"taxonomy":"product_cat","embeddable":true,"href":"https:\/\/www.careium.com\/de\/wp-json\/wp\/v2\/product_cat?post=578"},{"taxonomy":"product_tag","embeddable":true,"href":"https:\/\/www.careium.com\/de\/wp-json\/wp\/v2\/product_tag?post=578"}],"curies":[{"name":"wp","href":"https:\/\/api.w.org\/{rel}","templated":true}]}}