{"id":619,"date":"2025-05-04T10:21:37","date_gmt":"2025-05-04T10:21:37","guid":{"rendered":"https:\/\/www.careium.com\/de\/?post_type=product&#038;p=619"},"modified":"2026-03-05T16:01:39","modified_gmt":"2026-03-05T15:01:39","slug":"bewegungsmelder-motion-9200","status":"publish","type":"product","link":"https:\/\/www.careium.com\/de\/hausnotrufloesungen\/alarmsysteme\/bewegungsmelder-motion-9200\/","title":{"rendered":"Motion 9200"},"content":{"rendered":"<p>Der Bewegungsmelder ist ein drahtloser Bewegungsmelder, der in verschiedenen Situationen eingesetzt werden kann, in denen eine Bewegungs\u00fcberwachung erforderlich ist. Beispielsweise kann der Bewegungsmelder verwendet werden als:<\/p>\n<ul>\n<li>Bett\u00fcberwachung, platziert auf dem Boden am Bettrand.<br \/>\nBewegungsmelder, der Informationen sendet, wenn eine Person aktiv war, z. B. 24 Stunden lang die K\u00fcche nicht betreten hat.<\/li>\n<\/ul>\n<p>Das Ger\u00e4t arbeitet auf der europ\u00e4ischen Notruffrequenz 869 MHz und ist gepr\u00fcft und entspricht allen relevanten Normen, einschlie\u00dflich CE.<\/p>\n","protected":false},"excerpt":{"rendered":"<p>Motion ist ein akkubetriebener Bewegungsmelder, der benutzerfreundlich und einfach zu installieren ist, sodass er problemlos dort angebracht werden kann, wo er ben\u00f6tigt wird. Sein eingebauter PIR-Sensor kann verwendet werden, um sowohl Aktivit\u00e4t als auch Inaktivit\u00e4t zu erkennen. Dank einer internen Uhr kann der Sensor kontrolliert werden, sodass zum Beispiel ein Notruf ausgegeben wird, wenn innerhalb einer bestimmten Anzahl von Stunden keine Bewegung erkannt wird. Der Sensor kann auch so eingestellt werden, dass er nur nachts aktiv ist. Er kann zur \u00dcberwachung des Betts auf den Boden gestellt werden. Seine aufklappbare St\u00fctzhalterung kann in verschiedenen Positionen angebracht werden, sodass eine Befestigung am Boden oder an der Wand m\u00f6glich ist.<\/p>\n","protected":false},"author":1,"featured_media":1655,"template":"","meta":{"_acf_changed":false},"product_brand":[],"product_cat":[17],"product_tag":[],"class_list":{"0":"post-619","1":"product","2":"type-product","3":"status-publish","4":"has-post-thumbnail","6":"product_cat-accessories","8":"first","9":"instock","10":"shipping-taxable","11":"purchasable","12":"product-type-simple"},"acf":[],"_links":{"self":[{"href":"https:\/\/www.careium.com\/de\/wp-json\/wp\/v2\/product\/619","targetHints":{"allow":["GET"]}}],"collection":[{"href":"https:\/\/www.careium.com\/de\/wp-json\/wp\/v2\/product"}],"about":[{"href":"https:\/\/www.careium.com\/de\/wp-json\/wp\/v2\/types\/product"}],"author":[{"embeddable":true,"href":"https:\/\/www.careium.com\/de\/wp-json\/wp\/v2\/users\/1"}],"wp:featuredmedia":[{"embeddable":true,"href":"https:\/\/www.careium.com\/de\/wp-json\/wp\/v2\/media\/1655"}],"wp:attachment":[{"href":"https:\/\/www.careium.com\/de\/wp-json\/wp\/v2\/media?parent=619"}],"wp:term":[{"taxonomy":"product_brand","embeddable":true,"href":"https:\/\/www.careium.com\/de\/wp-json\/wp\/v2\/product_brand?post=619"},{"taxonomy":"product_cat","embeddable":true,"href":"https:\/\/www.careium.com\/de\/wp-json\/wp\/v2\/product_cat?post=619"},{"taxonomy":"product_tag","embeddable":true,"href":"https:\/\/www.careium.com\/de\/wp-json\/wp\/v2\/product_tag?post=619"}],"curies":[{"name":"wp","href":"https:\/\/api.w.org\/{rel}","templated":true}]}}