{"id":630,"date":"2025-05-04T12:07:34","date_gmt":"2025-05-04T12:07:34","guid":{"rendered":"https:\/\/www.careium.com\/de\/?post_type=product&#038;p=630"},"modified":"2025-09-24T13:16:32","modified_gmt":"2025-09-24T11:16:32","slug":"ping-pong-schalter","status":"publish","type":"product","link":"https:\/\/www.careium.com\/de\/hausnotrufloesungen\/alarmsysteme\/ping-pong-schalter\/","title":{"rendered":"Ping-Pong-Schalter"},"content":{"rendered":"","protected":false},"excerpt":{"rendered":"<p>Der Ping-Pong-Schalter wird in der N\u00e4he der Benutzenden positioniert, damit diese problemlos einen Alarm durch Ber\u00fchrung aktivieren k\u00f6nnen, z. B. mit dem Kopf oder einem anderen K\u00f6rperteil. Notrufe werden drahtlos an ein Careium-Hausnotrufger\u00e4t \u00fcbertragen und an die Notrufzentrale weitergeleitet.<\/p>\n","protected":false},"author":1,"featured_media":1673,"template":"","meta":{"_acf_changed":false},"product_brand":[],"product_cat":[17],"product_tag":[],"class_list":{"0":"post-630","1":"product","2":"type-product","3":"status-publish","4":"has-post-thumbnail","6":"product_cat-accessories","8":"first","9":"instock","10":"shipping-taxable","11":"purchasable","12":"product-type-simple"},"acf":[],"_links":{"self":[{"href":"https:\/\/www.careium.com\/de\/wp-json\/wp\/v2\/product\/630","targetHints":{"allow":["GET"]}}],"collection":[{"href":"https:\/\/www.careium.com\/de\/wp-json\/wp\/v2\/product"}],"about":[{"href":"https:\/\/www.careium.com\/de\/wp-json\/wp\/v2\/types\/product"}],"author":[{"embeddable":true,"href":"https:\/\/www.careium.com\/de\/wp-json\/wp\/v2\/users\/1"}],"wp:featuredmedia":[{"embeddable":true,"href":"https:\/\/www.careium.com\/de\/wp-json\/wp\/v2\/media\/1673"}],"wp:attachment":[{"href":"https:\/\/www.careium.com\/de\/wp-json\/wp\/v2\/media?parent=630"}],"wp:term":[{"taxonomy":"product_brand","embeddable":true,"href":"https:\/\/www.careium.com\/de\/wp-json\/wp\/v2\/product_brand?post=630"},{"taxonomy":"product_cat","embeddable":true,"href":"https:\/\/www.careium.com\/de\/wp-json\/wp\/v2\/product_cat?post=630"},{"taxonomy":"product_tag","embeddable":true,"href":"https:\/\/www.careium.com\/de\/wp-json\/wp\/v2\/product_tag?post=630"}],"curies":[{"name":"wp","href":"https:\/\/api.w.org\/{rel}","templated":true}]}}