{"id":633,"date":"2025-05-04T13:04:22","date_gmt":"2025-05-04T13:04:22","guid":{"rendered":"https:\/\/www.careium.com\/de\/?post_type=product&#038;p=633"},"modified":"2026-03-05T16:44:12","modified_gmt":"2026-03-05T15:44:12","slug":"zugschalter","status":"publish","type":"product","link":"https:\/\/www.careium.com\/de\/hausnotrufloesungen\/alarmsysteme\/zugschalter\/","title":{"rendered":"Zugschalter"},"content":{"rendered":"<p>Starkes, doppelseitiges Klebeband f\u00fcr einfache Montage. Das Ger\u00e4t ist gepr\u00fcft und entspricht allen relevanten Normen, einschlie\u00dflich CE.<\/p>\n","protected":false},"excerpt":{"rendered":"<p>Der deckenmontierte Zugschalter bietet Benutzern eine feste und praktische M\u00f6glichkeit, in einem Notfall Hilfe zu holen. Sie kann strategisch in verschiedenen Bereichen der Wohnung positioniert werden, z. B. im Badezimmer oder in Bettn\u00e4he. Notrufe werden drahtlos an ein Careium-Hausnotrufger\u00e4t \u00fcbertragen und an die Notrufzentrale weitergeleitet.<\/p>\n","protected":false},"author":1,"featured_media":1677,"template":"","meta":{"_acf_changed":false},"product_brand":[],"product_cat":[17],"product_tag":[],"class_list":{"0":"post-633","1":"product","2":"type-product","3":"status-publish","4":"has-post-thumbnail","6":"product_cat-accessories","8":"first","9":"instock","10":"shipping-taxable","11":"purchasable","12":"product-type-simple"},"acf":[],"_links":{"self":[{"href":"https:\/\/www.careium.com\/de\/wp-json\/wp\/v2\/product\/633","targetHints":{"allow":["GET"]}}],"collection":[{"href":"https:\/\/www.careium.com\/de\/wp-json\/wp\/v2\/product"}],"about":[{"href":"https:\/\/www.careium.com\/de\/wp-json\/wp\/v2\/types\/product"}],"author":[{"embeddable":true,"href":"https:\/\/www.careium.com\/de\/wp-json\/wp\/v2\/users\/1"}],"wp:featuredmedia":[{"embeddable":true,"href":"https:\/\/www.careium.com\/de\/wp-json\/wp\/v2\/media\/1677"}],"wp:attachment":[{"href":"https:\/\/www.careium.com\/de\/wp-json\/wp\/v2\/media?parent=633"}],"wp:term":[{"taxonomy":"product_brand","embeddable":true,"href":"https:\/\/www.careium.com\/de\/wp-json\/wp\/v2\/product_brand?post=633"},{"taxonomy":"product_cat","embeddable":true,"href":"https:\/\/www.careium.com\/de\/wp-json\/wp\/v2\/product_cat?post=633"},{"taxonomy":"product_tag","embeddable":true,"href":"https:\/\/www.careium.com\/de\/wp-json\/wp\/v2\/product_tag?post=633"}],"curies":[{"name":"wp","href":"https:\/\/api.w.org\/{rel}","templated":true}]}}