{"id":636,"date":"2025-05-04T13:09:31","date_gmt":"2025-05-04T13:09:31","guid":{"rendered":"https:\/\/www.careium.com\/de\/?post_type=product&#038;p=636"},"modified":"2026-03-05T16:18:04","modified_gmt":"2026-03-05T15:18:04","slug":"pikobutton","status":"publish","type":"product","link":"https:\/\/www.careium.com\/de\/hausnotrufloesungen\/alarmsysteme\/pikobutton\/","title":{"rendered":"PikoButton"},"content":{"rendered":"<p>Der PikoButton ist ein Steuerschalter f\u00fcr Menschen mit Behinderungen und\/oder besonderen Bed\u00fcrfnissen. Er ist besonders robust und gleichzeitig benutzerfreundlich. Dank seiner hohen Empfindlichkeit eignet er sich zur Steuerung von Umgebungssteuerungssystemen, Kommunikationsger\u00e4ten, Notrufsystemen usw. Die Bet\u00e4tigungskraft ist mit nur 125 Gramm (mittel) sehr gering. Dieselbe Kraft kann auch am Rand des Schalters verwendet werden. Der PikoButton hat einen Durchmesser von 50 mm (Schalter rot). Er verf\u00fcgt \u00fcber ein M4-Gewinde zur Befestigung an Rollst\u00fchlen oder anderen Hilfsmitteln. Das Ger\u00e4t ist gepr\u00fcft und entspricht allen relevanten Normen, einschlie\u00dflich CE-Kennzeichnung.<\/p>\n","protected":false},"excerpt":{"rendered":"<p>Der externe Knopf PikoButton ist ein sehr robuster, aber gleichzeitig einfach und angenehm zu bedienender Schalter f\u00fcr Benutzer mit Behinderungen oder speziellen Bed\u00fcrfnissen. F\u00fcr eine drahtlose Verbindung mit einem Hausnotrufsystem von Careium ist ein Funkmodul des Typs 9350 erforderlich.<\/p>\n","protected":false},"author":1,"featured_media":1663,"template":"","meta":{"_acf_changed":false},"product_brand":[],"product_cat":[17],"product_tag":[],"class_list":{"0":"post-636","1":"product","2":"type-product","3":"status-publish","4":"has-post-thumbnail","6":"product_cat-accessories","8":"first","9":"instock","10":"shipping-taxable","11":"purchasable","12":"product-type-simple"},"acf":[],"_links":{"self":[{"href":"https:\/\/www.careium.com\/de\/wp-json\/wp\/v2\/product\/636","targetHints":{"allow":["GET"]}}],"collection":[{"href":"https:\/\/www.careium.com\/de\/wp-json\/wp\/v2\/product"}],"about":[{"href":"https:\/\/www.careium.com\/de\/wp-json\/wp\/v2\/types\/product"}],"author":[{"embeddable":true,"href":"https:\/\/www.careium.com\/de\/wp-json\/wp\/v2\/users\/1"}],"wp:featuredmedia":[{"embeddable":true,"href":"https:\/\/www.careium.com\/de\/wp-json\/wp\/v2\/media\/1663"}],"wp:attachment":[{"href":"https:\/\/www.careium.com\/de\/wp-json\/wp\/v2\/media?parent=636"}],"wp:term":[{"taxonomy":"product_brand","embeddable":true,"href":"https:\/\/www.careium.com\/de\/wp-json\/wp\/v2\/product_brand?post=636"},{"taxonomy":"product_cat","embeddable":true,"href":"https:\/\/www.careium.com\/de\/wp-json\/wp\/v2\/product_cat?post=636"},{"taxonomy":"product_tag","embeddable":true,"href":"https:\/\/www.careium.com\/de\/wp-json\/wp\/v2\/product_tag?post=636"}],"curies":[{"name":"wp","href":"https:\/\/api.w.org\/{rel}","templated":true}]}}