{"id":642,"date":"2025-05-05T09:10:47","date_gmt":"2025-05-05T09:10:47","guid":{"rendered":"https:\/\/www.careium.com\/de\/?post_type=product&#038;p=642"},"modified":"2025-09-24T13:22:36","modified_gmt":"2025-09-24T11:22:36","slug":"stuhlalarm","status":"publish","type":"product","link":"https:\/\/www.careium.com\/de\/hausnotrufloesungen\/alarmsysteme\/stuhlalarm\/","title":{"rendered":"Stuhlalarm"},"content":{"rendered":"<h2>Wie es funktioniert<\/h2>\n<p>Der Stuhlsensor wird unter dem Sitzkissen auf einem Stuhl oder Rollstuhl positioniert. Wenn der Benutzer aufsteht und sich innerhalb einer voreingestellten Zeit (z. B. 5, 10 oder 15 Minuten) nicht wieder hinsetzt, wird ein Notruf \u00fcber das Hausnotrufger\u00e4t an die Notrufzentrale geschickt. Zeitparameter k\u00f6nnen ebenfalls programmiert werden, sodass das Ger\u00e4t nur zu bestimmten Tageszeiten aktiv ist, zum Beispiel zwischen 9 Uhr und 12 Uhr. Das Mindestgewicht zur Aktivierung betr\u00e4gt 27 kg.<\/p>\n<h2>Welche L\u00f6sungen es bietet<\/h2>\n<p>Der Stuhlsensor bietet eine einfache, effektive \u00dcberwachungsm\u00f6glichkeit und warnt, wenn eine Person den Stuhl verl\u00e4sst.<\/p>\n","protected":false},"excerpt":{"rendered":"<p>Der Stuhlalarm bietet eine einfache und effektive M\u00f6glichkeit zur Warnung, wenn eine Person ihren Stuhl oder Rollstuhl verl\u00e4sst. Das komplette Set besteht aus einem weichen, flexiblen Stuhlsensor, einem Funkger\u00e4t des Typs mBox 9200 und einer Montageplatte. Der Drucksensor ist wasserfest und einfach zu reinigen und kann auf oder unter dem Sitzkissen positioniert werden. Beim Ausl\u00f6sen des Sensors wird ein Notruf \u00fcber das Hausnotrufger\u00e4t an die Notrufzentrale geschickt. Austauschbare Teile k\u00f6nnen separat bestellt werden.<\/p>\n","protected":false},"author":1,"featured_media":1514,"template":"","meta":{"_acf_changed":false},"product_brand":[],"product_cat":[17],"product_tag":[],"class_list":{"0":"post-642","1":"product","2":"type-product","3":"status-publish","4":"has-post-thumbnail","6":"product_cat-accessories","8":"first","9":"instock","10":"shipping-taxable","11":"purchasable","12":"product-type-simple"},"acf":[],"_links":{"self":[{"href":"https:\/\/www.careium.com\/de\/wp-json\/wp\/v2\/product\/642","targetHints":{"allow":["GET"]}}],"collection":[{"href":"https:\/\/www.careium.com\/de\/wp-json\/wp\/v2\/product"}],"about":[{"href":"https:\/\/www.careium.com\/de\/wp-json\/wp\/v2\/types\/product"}],"author":[{"embeddable":true,"href":"https:\/\/www.careium.com\/de\/wp-json\/wp\/v2\/users\/1"}],"wp:featuredmedia":[{"embeddable":true,"href":"https:\/\/www.careium.com\/de\/wp-json\/wp\/v2\/media\/1514"}],"wp:attachment":[{"href":"https:\/\/www.careium.com\/de\/wp-json\/wp\/v2\/media?parent=642"}],"wp:term":[{"taxonomy":"product_brand","embeddable":true,"href":"https:\/\/www.careium.com\/de\/wp-json\/wp\/v2\/product_brand?post=642"},{"taxonomy":"product_cat","embeddable":true,"href":"https:\/\/www.careium.com\/de\/wp-json\/wp\/v2\/product_cat?post=642"},{"taxonomy":"product_tag","embeddable":true,"href":"https:\/\/www.careium.com\/de\/wp-json\/wp\/v2\/product_tag?post=642"}],"curies":[{"name":"wp","href":"https:\/\/api.w.org\/{rel}","templated":true}]}}