{"id":660,"date":"2025-05-05T12:12:42","date_gmt":"2025-05-05T12:12:42","guid":{"rendered":"https:\/\/www.careium.com\/de\/?post_type=product&#038;p=660"},"modified":"2025-09-24T13:15:49","modified_gmt":"2025-09-24T11:15:49","slug":"enuresis-sensor","status":"publish","type":"product","link":"https:\/\/www.careium.com\/de\/hausnotrufloesungen\/alarmsysteme\/enuresis-sensor\/","title":{"rendered":"Enuresis-Sensor"},"content":{"rendered":"<h2>Wie es funktioniert<\/h2>\n<p>Der Enuresis-Sensor ist ein feuchtigkeitsempfindliches Pad, das zwischen Matratze und Bettlaken gelegt wird und \u00fcber das Funkmodul mBox 9200 mit einem Hausnotrufger\u00e4t verbunden ist. Wenn Feuchtigkeit erkannt wird, wird ein Notruf an die Alarmzentrale oder an eine Pflegekraft gesendet, damit die entsprechenden Ma\u00dfnahmen ergriffen werden k\u00f6nnen. Der Enuresis-Alarm ist wiederverwendbar und funktioniert mit allen Careium Hausnotrufger\u00e4ten.<\/p>\n<h2>Welche L\u00f6sungen es bietet<\/h2>\n<p>Inkontinenz tritt h\u00e4ufiger bei \u00e4lteren Menschen auf, insbesondere bei Frauen. Probleme mit der Blasenkontrolle k\u00f6nnen sehr peinlich sein und die betroffene Person in Bedr\u00e4ngnis bringen. Der Enuresis-Sensor wurde entwickelt, um die Notwendigkeit aufdringlicher und unw\u00fcrdiger k\u00f6rperlicher Kontrollen zu verringern und so die W\u00fcrde und Unabh\u00e4ngigkeit aller Benutzer zu f\u00f6rdern.<\/p>\n","protected":false},"excerpt":{"rendered":"<p>Der Enuresis-Sensor wurde entwickelt, um \u00fcbersch\u00fcssige Feuchtigkeit zu erkennen. Die langlebige und abwischbare Sensormatte wird im Bett platziert und \u00fcber eine mBox 9200 mit einem Hausnotrufger\u00e4t verbunden. Wenn Feuchtigkeit oder Fl\u00fcssigkeit erkannt wird, wird ein Notruf an die Alarmzentrale oder an eine Pflegekraft gesendet. Der Enuresis-Sensor ist f\u00fcr den Heimgebrauch und sowohl f\u00fcr Erwachsene als auch f\u00fcr Kinder geeignet.<\/p>\n","protected":false},"author":1,"featured_media":1585,"template":"","meta":{"_acf_changed":false},"product_brand":[],"product_cat":[17],"product_tag":[],"class_list":{"0":"post-660","1":"product","2":"type-product","3":"status-publish","4":"has-post-thumbnail","6":"product_cat-accessories","8":"first","9":"instock","10":"shipping-taxable","11":"purchasable","12":"product-type-simple"},"acf":[],"_links":{"self":[{"href":"https:\/\/www.careium.com\/de\/wp-json\/wp\/v2\/product\/660","targetHints":{"allow":["GET"]}}],"collection":[{"href":"https:\/\/www.careium.com\/de\/wp-json\/wp\/v2\/product"}],"about":[{"href":"https:\/\/www.careium.com\/de\/wp-json\/wp\/v2\/types\/product"}],"author":[{"embeddable":true,"href":"https:\/\/www.careium.com\/de\/wp-json\/wp\/v2\/users\/1"}],"wp:featuredmedia":[{"embeddable":true,"href":"https:\/\/www.careium.com\/de\/wp-json\/wp\/v2\/media\/1585"}],"wp:attachment":[{"href":"https:\/\/www.careium.com\/de\/wp-json\/wp\/v2\/media?parent=660"}],"wp:term":[{"taxonomy":"product_brand","embeddable":true,"href":"https:\/\/www.careium.com\/de\/wp-json\/wp\/v2\/product_brand?post=660"},{"taxonomy":"product_cat","embeddable":true,"href":"https:\/\/www.careium.com\/de\/wp-json\/wp\/v2\/product_cat?post=660"},{"taxonomy":"product_tag","embeddable":true,"href":"https:\/\/www.careium.com\/de\/wp-json\/wp\/v2\/product_tag?post=660"}],"curies":[{"name":"wp","href":"https:\/\/api.w.org\/{rel}","templated":true}]}}