{"id":2197,"date":"2025-04-25T13:01:09","date_gmt":"2025-04-25T13:01:09","guid":{"rendered":"https:\/\/www.careium.com\/en\/?page_id=2197"},"modified":"2026-03-18T15:30:52","modified_gmt":"2026-03-18T14:30:52","slug":"group-management","status":"publish","type":"page","link":"https:\/\/www.careium.com\/en\/investor-relations\/group-management\/","title":{"rendered":"Group Management"},"content":{"rendered":"<div class=\"wp-block-breadcrumbs\" style=\"\">\n    <div class=\"breadcrumbs  max-xl:lg:mt-4\">\n    <nav aria-label=\"breadcrumbs\">\n        <ul class=\"!ml-0 mb-4 mt-2 flex items-center gap-1 pl-0\">\n                            <li class=\"text-primary-100 my-0 flex list-none items-center pl-0 text-xs md:text-sm\">\n                    <a class=\"link link--breadcrumb\" href=\"https:\/\/www.careium.com\/en\/\">Home<\/a>\n                                    <\/li>\n                    <\/ul>\n    <\/nav>\n<\/div>\n<\/div>\n\n\n\n<div style=\"height:20px\" aria-hidden=\"true\" class=\"wp-block-spacer is-style-medium\"><\/div>\n\n\n\n<h1 class=\"wp-block-heading has-text-align-center\">CEO and Group Management<\/h1>\n\n\n\n<div style=\"height:40px\" aria-hidden=\"true\" class=\"wp-block-spacer is-style-small\"><\/div>\n\n\n<div class=\"wp-block-list-image wp-block-list-image--image-left not-prose\" style=\"\">\n            <div class=\"wp-block-list-image__image\">\n            <picture>\n                                    <source media=\"(min-width: 700px)\" srcset=\"https:\/\/www.careium.com\/app\/uploads\/sites\/8\/2026\/02\/row-32-Peter-H-1-780x780.png.webp\" type=\"image\/webp\"\n                    width=\"780\" height=\"780\">\n                            <source media=\"(min-width: 700px)\" srcset=\"https:\/\/www.careium.com\/app\/uploads\/sites\/8\/2026\/02\/row-32-Peter-H-1-780x780.png\" type=\"image\/png\"\n                    width=\"780\" height=\"780\">\n                                                <source media=\"(max-width: 699px)\" srcset=\"https:\/\/www.careium.com\/app\/uploads\/sites\/8\/2026\/02\/row-32-Peter-H-1-700x700.png.webp\" type=\"image\/webp\"\n                    width=\"700\" height=\"700\">\n                            <source media=\"(max-width: 699px)\" srcset=\"https:\/\/www.careium.com\/app\/uploads\/sites\/8\/2026\/02\/row-32-Peter-H-1-700x700.png\" type=\"image\/png\"\n                    width=\"700\" height=\"700\">\n                                                <source media=\"(max-width: 500px)\" srcset=\"https:\/\/www.careium.com\/app\/uploads\/sites\/8\/2026\/02\/row-32-Peter-H-1-520x520.png.webp\" type=\"image\/webp\"\n                    width=\"520\" height=\"520\">\n                            <source media=\"(max-width: 500px)\" srcset=\"https:\/\/www.careium.com\/app\/uploads\/sites\/8\/2026\/02\/row-32-Peter-H-1-520x520.png\" type=\"image\/png\"\n                    width=\"520\" height=\"520\">\n                    \n\n        <img decoding=\"async\" class=\"image-fit\" src=\"https:\/\/www.careium.com\/app\/uploads\/sites\/8\/2026\/02\/row-32-Peter-H-1-780x780.png\" alt=\"peter-heuman-ceo\" loading=\"lazy\"\n            width=\"780\" height=\"780\">\n    <\/picture>\n        <\/div>\n        <div class=\"wp-block-list-image__text\">\n                        <h2\n            class=\"wp-block-list-image__heading wp-block-list-image__heading--sm\">\n            Peter Heuman            <\/h2>\n                        <div\n            class=\"wp-block-list-image__preamble wp-block-list-image__preamble--sm\">\n            <p>CEO since 2025<\/p>\n<p><strong>Born:<\/strong>\u00a01976<\/p>\n<p><strong>Education:<\/strong>\u00a0Master of Science Degree IT\/Mgmt (Z) from Chalmers University of Technology and executive education from Stanford University.<\/p>\n<p><strong>Experience:<\/strong>\u00a0Peter has previous experience as CEO for several Nordic listed companies as well as broad international experience from executive positions within Kinnevik, Ericsson and other companies incl international board experience.<\/p>\n<p><strong>Other ongoing assignments:<\/strong>\u00a0\u2013<\/p>\n<p><strong>Employee stock options:<\/strong>\u00a0\u2013<\/p>\n\n        <\/div>\n                                                    <a class=\"wp-block-list-image__link link--arrow link link--arrow\" href=\"https:\/\/www.careium.com\/en\/investor-relations\/shareholding-of-board-and-management\/\"\n                    target=\"_self\">See Shareholding (incl. holdings of related parties)<\/a>\n                        <\/div>\n<\/div>\n\n\n\n<div style=\"height:20px\" aria-hidden=\"true\" class=\"wp-block-spacer is-style-small\"><\/div>\n\n\n\n<div style=\"height:20px\" aria-hidden=\"true\" class=\"wp-block-spacer is-style-small\"><\/div>\n\n\n<div class=\"wp-block-list-image wp-block-list-image--image-right not-prose\" style=\"\">\n            <div class=\"wp-block-list-image__image\">\n            <picture>\n                                    <source media=\"(min-width: 700px)\" srcset=\"https:\/\/www.careium.com\/app\/uploads\/sites\/8\/2026\/01\/20241120-122700-5760-bw1-1-e1769495243468-780x676.jpg\" type=\"image\/jpeg\"\n                    width=\"780\" height=\"676\">\n                                                <source media=\"(max-width: 699px)\" srcset=\"https:\/\/www.careium.com\/app\/uploads\/sites\/8\/2026\/01\/20241120-122700-5760-bw1-1-e1769495243468-700x607.jpg\" type=\"image\/jpeg\"\n                    width=\"700\" height=\"607\">\n                                                <source media=\"(max-width: 500px)\" srcset=\"https:\/\/www.careium.com\/app\/uploads\/sites\/8\/2026\/01\/20241120-122700-5760-bw1-1-e1769495243468-520x451.jpg\" type=\"image\/jpeg\"\n                    width=\"520\" height=\"451\">\n                    \n\n        <img decoding=\"async\" class=\"image-fit\" src=\"https:\/\/www.careium.com\/app\/uploads\/sites\/8\/2026\/01\/20241120-122700-5760-bw1-1-e1769495243468-780x676.jpg\" alt=\"\" loading=\"lazy\"\n            width=\"780\" height=\"676\">\n    <\/picture>\n        <\/div>\n        <div class=\"wp-block-list-image__text\">\n                        <h2\n            class=\"wp-block-list-image__heading wp-block-list-image__heading--sm\">\n            David Granath            <\/h2>\n                        <div\n            class=\"wp-block-list-image__preamble wp-block-list-image__preamble--sm\">\n            <p>CFO since 2024<\/p>\n<p><strong>Born:<\/strong>\u00a01981<\/p>\n<p><strong>Education:<\/strong>\u00a0Master of Science in Industrial Engineering and Management from Link\u00f6ping University.<\/p>\n<p><strong>Experience:<\/strong>\u00a0David has previous experience from assignments as CFO at Polarium and Qliro Group, management consultant at Applied Value and business controller at Dustin.<\/p>\n<p><strong>Other ongoing assignments:<\/strong>\u00a0Board member S\u00f6der Sportfiske.<\/p>\n<p><strong>Employee stock options:\u00a0<\/strong>60 000<\/p>\n\n        <\/div>\n                                                    <a class=\"wp-block-list-image__link link--arrow link link--arrow\" href=\"https:\/\/www.careium.com\/en\/investor-relations\/shareholding-of-board-and-management\/\"\n                    target=\"_self\">See Shareholding (incl. holdings of related parties)<\/a>\n                        <\/div>\n<\/div>\n\n\n\n<div style=\"height:20px\" aria-hidden=\"true\" class=\"wp-block-spacer is-style-small\"><\/div>\n\n\n<div class=\"wp-block-list-image wp-block-list-image--image-left not-prose\" style=\"\">\n            <div class=\"wp-block-list-image__image\">\n            <picture>\n                                    <source media=\"(min-width: 700px)\" srcset=\"https:\/\/www.careium.com\/app\/uploads\/sites\/8\/2026\/01\/20241120-120828-5285-bw1-e1769495264956-780x676.jpg\" type=\"image\/jpeg\"\n                    width=\"780\" height=\"676\">\n                                                <source media=\"(max-width: 699px)\" srcset=\"https:\/\/www.careium.com\/app\/uploads\/sites\/8\/2026\/01\/20241120-120828-5285-bw1-e1769495264956-700x607.jpg\" type=\"image\/jpeg\"\n                    width=\"700\" height=\"607\">\n                                                <source media=\"(max-width: 500px)\" srcset=\"https:\/\/www.careium.com\/app\/uploads\/sites\/8\/2026\/01\/20241120-120828-5285-bw1-e1769495264956-520x451.jpg\" type=\"image\/jpeg\"\n                    width=\"520\" height=\"451\">\n                    \n\n        <img decoding=\"async\" class=\"image-fit\" src=\"https:\/\/www.careium.com\/app\/uploads\/sites\/8\/2026\/01\/20241120-120828-5285-bw1-e1769495264956-780x676.jpg\" alt=\"\" loading=\"lazy\"\n            width=\"780\" height=\"676\">\n    <\/picture>\n        <\/div>\n        <div class=\"wp-block-list-image__text\">\n                        <h2\n            class=\"wp-block-list-image__heading wp-block-list-image__heading--sm\">\n            Annika Ramsing            <\/h2>\n                        <div\n            class=\"wp-block-list-image__preamble wp-block-list-image__preamble--sm\">\n            <p>CHRO since 2021<\/p>\n<p><strong>Born:<\/strong>\u00a01972<\/p>\n<p><strong>Education:<\/strong>\u00a0Bachelor\u2019s degree in behavioural science at Lund University.<\/p>\n<p><strong>Experience:<\/strong>\u00a0Annika has previous experience from assignments as CHRO for DORO AB, Group HR Manager for TwentyFourSevenGroup AB, HRBP for Grontmij AB.<\/p>\n<p><strong>Other ongoing assignments:<\/strong>\u00a0\u2013<\/p>\n<p><strong>Employee stock options:\u00a0<\/strong>20 000<\/p>\n\n        <\/div>\n                                                    <a class=\"wp-block-list-image__link link--arrow link link--arrow\" href=\"https:\/\/www.careium.com\/en\/investor-relations\/shareholding-of-board-and-management\/\"\n                    target=\"_self\">See Shareholding (incl. holdings of related parties)<\/a>\n                        <\/div>\n<\/div>\n\n\n\n<div style=\"height:20px\" aria-hidden=\"true\" class=\"wp-block-spacer is-style-small\"><\/div>\n\n\n<div class=\"wp-block-list-image wp-block-list-image--image-right not-prose\" style=\"\">\n            <div class=\"wp-block-list-image__image\">\n            <picture>\n                                    <source media=\"(min-width: 700px)\" srcset=\"https:\/\/www.careium.com\/app\/uploads\/sites\/8\/2026\/01\/20241120-122104-5597-bw1-1-e1769495292726-780x676.jpg\" type=\"image\/jpeg\"\n                    width=\"780\" height=\"676\">\n                                                <source media=\"(max-width: 699px)\" srcset=\"https:\/\/www.careium.com\/app\/uploads\/sites\/8\/2026\/01\/20241120-122104-5597-bw1-1-e1769495292726-700x607.jpg\" type=\"image\/jpeg\"\n                    width=\"700\" height=\"607\">\n                                                <source media=\"(max-width: 500px)\" srcset=\"https:\/\/www.careium.com\/app\/uploads\/sites\/8\/2026\/01\/20241120-122104-5597-bw1-1-e1769495292726-520x451.jpg\" type=\"image\/jpeg\"\n                    width=\"520\" height=\"451\">\n                    \n\n        <img decoding=\"async\" class=\"\" src=\"https:\/\/www.careium.com\/app\/uploads\/sites\/8\/2026\/01\/20241120-122104-5597-bw1-1-e1769495292726-780x676.jpg\" alt=\"\" loading=\"lazy\"\n            width=\"780\" height=\"676\">\n    <\/picture>\n        <\/div>\n        <div class=\"wp-block-list-image__text\">\n                        <h2\n            class=\"wp-block-list-image__heading wp-block-list-image__heading--sm\">\n            Ulrik Nilsson            <\/h2>\n                        <div\n            class=\"wp-block-list-image__preamble wp-block-list-image__preamble--sm\">\n            <p>CSCO since 2023<\/p>\n<p><strong>Born:<\/strong>\u00a01971<\/p>\n<p><strong>Education:<\/strong>\u00a0General secondary education in electrical telecommunications.<\/p>\n<p><strong>Experience:<\/strong>\u00a0Ulrik has previous experience from assignments such as Operations Director, IT\/IS Director and VP Operations at DORO AB.<\/p>\n<p><strong>Other ongoing assignments:<\/strong>\u00a0\u2013<\/p>\n<p><strong>Employee stock options:\u00a0<\/strong>20 000<\/p>\n\n        <\/div>\n                                                    <a class=\"wp-block-list-image__link link--arrow link link--arrow\" href=\"https:\/\/www.careium.com\/en\/investor-relations\/shareholding-of-board-and-management\/\"\n                    target=\"_self\">See Shareholding (incl. holdings of related parties)<\/a>\n                        <\/div>\n<\/div>\n\n\n\n<div style=\"height:20px\" aria-hidden=\"true\" class=\"wp-block-spacer is-style-small\"><\/div>\n\n\n<div class=\"wp-block-list-image wp-block-list-image--image-left not-prose\" style=\"\">\n            <div class=\"wp-block-list-image__image\">\n            <picture>\n                                    <source media=\"(min-width: 700px)\" srcset=\"https:\/\/www.careium.com\/app\/uploads\/sites\/8\/2026\/02\/Oskar-2-780x780.png.webp\" type=\"image\/webp\"\n                    width=\"780\" height=\"780\">\n                            <source media=\"(min-width: 700px)\" srcset=\"https:\/\/www.careium.com\/app\/uploads\/sites\/8\/2026\/02\/Oskar-2-780x780.png\" type=\"image\/png\"\n                    width=\"780\" height=\"780\">\n                                                <source media=\"(max-width: 699px)\" srcset=\"https:\/\/www.careium.com\/app\/uploads\/sites\/8\/2026\/02\/Oskar-2-700x700.png.webp\" type=\"image\/webp\"\n                    width=\"700\" height=\"700\">\n                            <source media=\"(max-width: 699px)\" srcset=\"https:\/\/www.careium.com\/app\/uploads\/sites\/8\/2026\/02\/Oskar-2-700x700.png\" type=\"image\/png\"\n                    width=\"700\" height=\"700\">\n                                                <source media=\"(max-width: 500px)\" srcset=\"https:\/\/www.careium.com\/app\/uploads\/sites\/8\/2026\/02\/Oskar-2-520x520.png.webp\" type=\"image\/webp\"\n                    width=\"520\" height=\"520\">\n                            <source media=\"(max-width: 500px)\" srcset=\"https:\/\/www.careium.com\/app\/uploads\/sites\/8\/2026\/02\/Oskar-2-520x520.png\" type=\"image\/png\"\n                    width=\"520\" height=\"520\">\n                    \n\n        <img decoding=\"async\" class=\"image-fit\" src=\"https:\/\/www.careium.com\/app\/uploads\/sites\/8\/2026\/02\/Oskar-2-780x780.png\" alt=\"Oskar Hagglund CIO Careium\" loading=\"lazy\"\n            width=\"780\" height=\"780\">\n    <\/picture>\n        <\/div>\n        <div class=\"wp-block-list-image__text\">\n                        <h2\n            class=\"wp-block-list-image__heading wp-block-list-image__heading--sm\">\n            Oskar H\u00e4gglund            <\/h2>\n                        <div\n            class=\"wp-block-list-image__preamble wp-block-list-image__preamble--sm\">\n            <p>CIO sinace 2023<\/p>\n<p><strong>Born:<\/strong>\u00a01976<\/p>\n<p><strong>Education:<\/strong>\u00a0Masters of Business Administration, Ume\u00e5 University.<\/p>\n<p><strong>Experience:<\/strong>\u00a0Oskar\u2019s most recent experience is as an IT manager at Attendo AB, where he was responsible for strategy, security, and architecture for 15,000 employees. He also has many years of experience from senior positions within IT at SJ and Swedavia, as well as an IT management consultant at companies like Connecta.<\/p>\n<p><strong>Other ongoing assignments:<\/strong>\u00a0\u2013<\/p>\n<p><strong>Employee stock options:\u00a0<\/strong>20 000<\/p>\n\n        <\/div>\n                                                    <a class=\"wp-block-list-image__link link--arrow link link--arrow\" href=\"https:\/\/www.careium.com\/en\/investor-relations\/shareholding-of-board-and-management\/\"\n                    target=\"_self\">See Shareholding (incl. holdings of related parties)<\/a>\n                        <\/div>\n<\/div>\n\n\n\n<div style=\"height:20px\" aria-hidden=\"true\" class=\"wp-block-spacer is-style-small\"><\/div>\n\n\n<div class=\"wp-block-list-image wp-block-list-image--image-right not-prose\" style=\"\">\n            <div class=\"wp-block-list-image__image\">\n            <picture>\n                                    <source media=\"(min-width: 700px)\" srcset=\"https:\/\/www.careium.com\/app\/uploads\/sites\/8\/2026\/02\/Alex-G-1-1-780x780.png.webp\" type=\"image\/webp\"\n                    width=\"780\" height=\"780\">\n                            <source media=\"(min-width: 700px)\" srcset=\"https:\/\/www.careium.com\/app\/uploads\/sites\/8\/2026\/02\/Alex-G-1-1-780x780.png\" type=\"image\/png\"\n                    width=\"780\" height=\"780\">\n                                                <source media=\"(max-width: 699px)\" srcset=\"https:\/\/www.careium.com\/app\/uploads\/sites\/8\/2026\/02\/Alex-G-1-1-700x700.png.webp\" type=\"image\/webp\"\n                    width=\"700\" height=\"700\">\n                            <source media=\"(max-width: 699px)\" srcset=\"https:\/\/www.careium.com\/app\/uploads\/sites\/8\/2026\/02\/Alex-G-1-1-700x700.png\" type=\"image\/png\"\n                    width=\"700\" height=\"700\">\n                                                <source media=\"(max-width: 500px)\" srcset=\"https:\/\/www.careium.com\/app\/uploads\/sites\/8\/2026\/02\/Alex-G-1-1-520x520.png.webp\" type=\"image\/webp\"\n                    width=\"520\" height=\"520\">\n                            <source media=\"(max-width: 500px)\" srcset=\"https:\/\/www.careium.com\/app\/uploads\/sites\/8\/2026\/02\/Alex-G-1-1-520x520.png\" type=\"image\/png\"\n                    width=\"520\" height=\"520\">\n                    \n\n        <img decoding=\"async\" class=\"image-fit\" src=\"https:\/\/www.careium.com\/app\/uploads\/sites\/8\/2026\/02\/Alex-G-1-1-780x780.png\" alt=\"Alexander Golubev CTO\" loading=\"lazy\"\n            width=\"780\" height=\"780\">\n    <\/picture>\n        <\/div>\n        <div class=\"wp-block-list-image__text\">\n                        <h2\n            class=\"wp-block-list-image__heading wp-block-list-image__heading--sm\">\n            Alexander Golubev            <\/h2>\n                        <div\n            class=\"wp-block-list-image__preamble wp-block-list-image__preamble--sm\">\n            <p>Interim CTO since 2026<\/p>\n<p><strong>Born:<\/strong>&nbsp;1988<\/p>\n<p><strong>Education:<\/strong>&nbsp;Specialist in Mathematics and Computer Science from St Petersburg State University<\/p>\n<p><strong>Experience:<\/strong>&nbsp;Alexander is a consultant from Netlight with 15 years of experience. He has worked as a technical leader and architect at several different companies within Media, E-commerce and FinTech industries.<\/p>\n<p><strong>Other ongoing assignments:<\/strong>&nbsp;\u2013<\/p>\n<p><strong>Employee stock options:&nbsp;<\/strong>\u2013<\/p>\n\n        <\/div>\n                                                    <a class=\"wp-block-list-image__link link--arrow link link--arrow\" href=\"https:\/\/www.careium.com\/en\/investor-relations\/shareholding-of-board-and-management\/\"\n                    target=\"_self\">See Shareholding (incl. holdings of related parties)<\/a>\n                        <\/div>\n<\/div>\n\n\n\n<div style=\"height:20px\" aria-hidden=\"true\" class=\"wp-block-spacer is-style-medium\"><\/div>\n\n\n<div class=\"wp-block-media-text acf-wp-block-media-text--image-right is-style-white_no_image acf-wp-block-media-text\"\n    style=\"\">\n    <div class=\"acf-wp-block-media-text__container\">\n        <div class=\"acf-wp-block-media-text__text\">\n                                                    <h2 class=\"acf-wp-block-media-text__heading\">Careium&#039;s auditor<\/h2>\n                            <div class=\"acf-wp-block-media-text__preamble\"><p>\u00d6hrlings PricewaterhouseCoopers AB, with address Anna Lindhs Plats 4, 211 19 Malm\u00f6, is Careium&#8217;s auditor. Johan R\u00f6nnb\u00e4ck, chartered accountant and member of FAR (the industry association for chartered accountants), is the principal auditor.<\/p>\n<\/div>\n                                                            <\/div>\n    <\/div>\n    <\/div>\n\n\n\n<div style=\"height:50px\" aria-hidden=\"true\" class=\"wp-block-spacer is-style-large\"><\/div>\n","protected":false},"excerpt":{"rendered":"<p>CEO and Group Management<\/p>\n","protected":false},"author":5,"featured_media":0,"parent":80,"menu_order":0,"comment_status":"closed","ping_status":"closed","template":"","meta":{"_acf_changed":false,"footnotes":""},"class_list":["post-2197","page","type-page","status-publish","hentry"],"acf":[],"_links":{"self":[{"href":"https:\/\/www.careium.com\/en\/wp-json\/wp\/v2\/pages\/2197","targetHints":{"allow":["GET"]}}],"collection":[{"href":"https:\/\/www.careium.com\/en\/wp-json\/wp\/v2\/pages"}],"about":[{"href":"https:\/\/www.careium.com\/en\/wp-json\/wp\/v2\/types\/page"}],"author":[{"embeddable":true,"href":"https:\/\/www.careium.com\/en\/wp-json\/wp\/v2\/users\/5"}],"replies":[{"embeddable":true,"href":"https:\/\/www.careium.com\/en\/wp-json\/wp\/v2\/comments?post=2197"}],"version-history":[{"count":5,"href":"https:\/\/www.careium.com\/en\/wp-json\/wp\/v2\/pages\/2197\/revisions"}],"predecessor-version":[{"id":6835,"href":"https:\/\/www.careium.com\/en\/wp-json\/wp\/v2\/pages\/2197\/revisions\/6835"}],"up":[{"embeddable":true,"href":"https:\/\/www.careium.com\/en\/wp-json\/wp\/v2\/pages\/80"}],"wp:attachment":[{"href":"https:\/\/www.careium.com\/en\/wp-json\/wp\/v2\/media?parent=2197"}],"curies":[{"name":"wp","href":"https:\/\/api.w.org\/{rel}","templated":true}]}}