{"id":1481,"date":"2025-05-14T14:30:28","date_gmt":"2025-05-14T14:30:28","guid":{"rendered":"https:\/\/www.careium.com\/es\/?page_id=1481"},"modified":"2026-01-29T13:43:45","modified_gmt":"2026-01-29T13:43:45","slug":"seguridad-exterior","status":"publish","type":"page","link":"https:\/\/www.careium.com\/es\/acerca-de-nosotros\/seguridad-exterior\/","title":{"rendered":"Teleasistencia Avanzada"},"content":{"rendered":"\n<h1 class=\"wp-block-heading\">Teleasistencia Avanzada<\/h1>\n\n\n\n<p class=\"has-text-align-left\"><strong>Vivimos m\u00e1s a\u00f1os que nunca. Adem\u00e1s, las generaciones de m\u00e1s edad est\u00e1n en mejor forma, gozan de mejor salud y son m\u00e1s independientes que antes. Cada vez m\u00e1s personas mayores pueden vivir y disfrutar la vida al m\u00e1ximo.<\/strong><\/p>\n\n\n\n<h2 class=\"wp-block-heading\">Nuevas formas de abordar la asistencia<\/h2>\n\n\n\n<p>Los avances en investigaci\u00f3n y atenci\u00f3n sanitaria nos han tra\u00eddo hasta aqu\u00ed. Sin embargo, una poblaci\u00f3n envejecida tambi\u00e9n presenta sus desaf\u00edos. Una disminuci\u00f3n del porcentaje de personas en edad de trabajar con respecto a las personas en edad de jubilaci\u00f3n significa que existe menos gente joven para cuidar de la poblaci\u00f3n de m\u00e1s edad. Esto, a su vez, significa que la sociedad debe abordar la asistencia de una forma diferente.<\/p>\n\n\n\n<p>En nuestra opini\u00f3n, la tecnolog\u00eda va a desempe\u00f1ar un papel fundamental para abordar estos desaf\u00edos de nuestra sociedad. La&nbsp;<strong>Teleasistencia Avanzada&nbsp;<\/strong>puede ofrecer soluciones rentables en un momento en que las demandas sanitarias y sociales no dejan de aumentar.<\/p>\n\n\n\n<h2 class=\"wp-block-heading\">Beneficios para la sociedad<\/h2>\n\n\n\n<p>Las nuevas tecnolog\u00edas ofrecen nuevas posibilidades, nuevos patrones de conducta y nuevos estilos de vida. Y tambi\u00e9n cambian los cuidados. Como l\u00edder del mercado en el segmento de los cuidados digitales, Careium encabeza esta revoluci\u00f3n tecnol\u00f3gica. Creamos nuevas soluciones para satisfacer las necesidades asistenciales del futuro, dentro y fuera del hogar.<\/p>\n\n\n\n<h2 class=\"wp-block-heading\">Los mayores al frente de la revoluci\u00f3n<\/h2>\n\n\n\n<p>Cada d\u00eda que pasa, la sociedad se vuelve m\u00e1s digital. Sin embargo, desde el punto de vista de las personas, esta revoluci\u00f3n tecnol\u00f3gica puede resultar abrumadora.<\/p>\n\n\n\n<p>Los cambios son trepidantes. Las personas pueden sentir que no logran seguirles el ritmo. Algo aplicable tanto a las personas mayores como al personal asistencial. Por eso, cuando hablamos de implementar nuevas soluciones digitales, no nos referimos simplemente a instalar nuevos equipos o a asegurarnos de que el wifi funcione. Se trata tambi\u00e9n de motivar y formar, de invitar al personal y a las personas mayores a participar de los avances, a la vez que nos aseguramos de que entienden los beneficios. Estamos encantados de poder ayudar a lo largo de todo el proceso.<\/p>\n\n\n\n<p>En definitiva, la tecnolog\u00eda digital tiene el potencial necesario para que las personas controlen mejor su propio bienestar y su propia salud. Les ofrece las herramientas necesarias para vivir una vida mejor.<\/p>\n","protected":false},"excerpt":{"rendered":"<p>Teleasistencia Avanzada Vivimos m\u00e1s a\u00f1os que nunca. Adem\u00e1s, las generaciones de m\u00e1s edad est\u00e1n en mejor forma, gozan de mejor salud y son m\u00e1s independientes que antes. Cada vez m\u00e1s personas mayores pueden vivir y disfrutar la vida al m\u00e1ximo. Nuevas formas de abordar la asistencia Los avances en investigaci\u00f3n y atenci\u00f3n sanitaria nos han&#8230;<\/p>\n","protected":false},"author":1,"featured_media":0,"parent":433,"menu_order":0,"comment_status":"closed","ping_status":"closed","template":"template-text-page.blade.php","meta":{"_acf_changed":false,"footnotes":""},"class_list":["post-1481","page","type-page","status-publish","hentry"],"acf":[],"_links":{"self":[{"href":"https:\/\/www.careium.com\/es\/wp-json\/wp\/v2\/pages\/1481","targetHints":{"allow":["GET"]}}],"collection":[{"href":"https:\/\/www.careium.com\/es\/wp-json\/wp\/v2\/pages"}],"about":[{"href":"https:\/\/www.careium.com\/es\/wp-json\/wp\/v2\/types\/page"}],"author":[{"embeddable":true,"href":"https:\/\/www.careium.com\/es\/wp-json\/wp\/v2\/users\/1"}],"replies":[{"embeddable":true,"href":"https:\/\/www.careium.com\/es\/wp-json\/wp\/v2\/comments?post=1481"}],"version-history":[{"count":5,"href":"https:\/\/www.careium.com\/es\/wp-json\/wp\/v2\/pages\/1481\/revisions"}],"predecessor-version":[{"id":4111,"href":"https:\/\/www.careium.com\/es\/wp-json\/wp\/v2\/pages\/1481\/revisions\/4111"}],"up":[{"embeddable":true,"href":"https:\/\/www.careium.com\/es\/wp-json\/wp\/v2\/pages\/433"}],"wp:attachment":[{"href":"https:\/\/www.careium.com\/es\/wp-json\/wp\/v2\/media?parent=1481"}],"curies":[{"name":"wp","href":"https:\/\/api.w.org\/{rel}","templated":true}]}}