{"id":1801,"date":"2025-05-26T20:59:11","date_gmt":"2025-05-26T20:59:11","guid":{"rendered":"https:\/\/www.careium.com\/es\/?page_id=1801"},"modified":"2026-04-15T08:35:43","modified_gmt":"2026-04-15T08:35:43","slug":"normas-y-politicas","status":"publish","type":"page","link":"https:\/\/www.careium.com\/es\/acerca-de-nosotros\/normas-y-politicas\/","title":{"rendered":"Normas y pol\u00edticas"},"content":{"rendered":"\n<h1 class=\"wp-block-heading has-text-align-left has-text-align-center\">Normas y pol\u00edticas<\/h1>\n\n\n\n<p class=\"has-text-align-left\"><strong>Careium se esfuerza por ser una empresa sostenible con una buena \u00e9tica empresarial. Queremos resultar un empleador atractivo mediante la creaci\u00f3n de un entorno laboral basado en la colaboraci\u00f3n, la responsabilidad y la transparencia. Las pol\u00edticas de nuestro grupo complementan nuestros valores.<\/strong><\/p>\n\n\n\n<p><a href=\"https:\/\/www.careium.com\/app\/uploads\/sites\/7\/2025\/10\/politica-de-etica-empresarial-careium-es.pdf\" target=\"_blank\" data-type=\"attachment\" data-id=\"4023\" rel=\"noreferrer noopener\">Pol\u00edtica de \u00e9tica empresarial de Careium<\/a> (Incluye pol\u00edticas de Calidad, Medio Ambiente, Seguridad de la Informaci\u00f3n y Seguridad y Salud Laboral)<\/p>\n\n\n\n<p><a href=\"https:\/\/www.careium.com\/app\/uploads\/sites\/8\/2025\/04\/certificate-quality-management-system-iso-9001-250219-careium-en.pdf\" target=\"_blank\" rel=\"noreferrer noopener\">Certificate ISO 9001 (quality)<\/a><\/p>\n\n\n\n<p><a href=\"https:\/\/www.careium.com\/app\/uploads\/sites\/8\/2025\/04\/certificate-environmental-management-system-iso-14001-250219-careium-en.pdf\" target=\"_blank\" rel=\"noreferrer noopener\">Certificate ISO 14001 (environment)<\/a><\/p>\n\n\n\n<p><a href=\"https:\/\/www.careium.com\/app\/uploads\/sites\/8\/2026\/04\/Careium-group-ISO-27001-certificate-2026-2029.pdf\" target=\"_blank\" data-type=\"attachment\" data-id=\"2385\" rel=\"noreferrer noopener\">Certificate ISO 27001 (information security)<\/a><\/p>\n\n\n\n<p><a href=\"https:\/\/www.careium.com\/app\/uploads\/sites\/8\/2025\/04\/esg-policy-suppliers-211008-careium-en.pdf\" target=\"_blank\" rel=\"noreferrer noopener\">ESG policy for suppliers<\/a><\/p>\n\n\n\n<p><a href=\"https:\/\/www.careium.com\/app\/uploads\/sites\/8\/2026\/04\/Corporate-Sustainability-Due-Diligence-Careium-group-2026.pdf\" target=\"_blank\" rel=\"noreferrer noopener\">Corporate Sustainability Due Diligence Statement<\/a><\/p>\n\n\n\n<p><a href=\"https:\/\/www.careium.com\/app\/uploads\/sites\/8\/2025\/04\/cybersecurity-through-the-lifecycle-of-connected-devices-240322-careium-en.pdf\" target=\"_blank\" rel=\"noreferrer noopener\">Cybersecurity through the lifecycle of connected devices <\/a><\/p>\n\n\n\n<p><a href=\"https:\/\/www.careium.com\/app\/uploads\/sites\/8\/2025\/04\/it-assurance-statement-dora-250102-careium-en.pdf\" target=\"_blank\" rel=\"noreferrer noopener\">IT Assurance Statement according to DORA<\/a><\/p>\n\n\n\n<div class=\"wp-block-group is-nowrap is-layout-flex wp-container-core-group-is-layout-64989fb1 wp-block-group-is-layout-flex\">\n<figure class=\"wp-block-image size-medium is-resized\"><a href=\"https:\/\/www.careium.com\/app\/uploads\/sites\/7\/2025\/05\/certificado-de-conformidad-con-el-esquema-nacional-de-seguridad-ens-0495-24-240119-careium-es.pdf\"><img loading=\"lazy\" decoding=\"async\" width=\"247\" height=\"300\" src=\"https:\/\/www.careium.com\/app\/uploads\/sites\/7\/2025\/05\/ens-certificacion-rd311-2022-247x300.png\" alt=\"\" class=\"wp-image-1000\" style=\"width:64px;height:auto\" srcset=\"https:\/\/www.careium.com\/app\/uploads\/sites\/7\/2025\/05\/ens-certificacion-rd311-2022-247x300.png 247w, https:\/\/www.careium.com\/app\/uploads\/sites\/7\/2025\/05\/ens-certificacion-rd311-2022-842x1024.png 842w, https:\/\/www.careium.com\/app\/uploads\/sites\/7\/2025\/05\/ens-certificacion-rd311-2022-768x934.png 768w, https:\/\/www.careium.com\/app\/uploads\/sites\/7\/2025\/05\/ens-certificacion-rd311-2022-700x851.png 700w, https:\/\/www.careium.com\/app\/uploads\/sites\/7\/2025\/05\/ens-certificacion-rd311-2022-250x304.png 250w, https:\/\/www.careium.com\/app\/uploads\/sites\/7\/2025\/05\/ens-certificacion-rd311-2022-120x146.png 120w, https:\/\/www.careium.com\/app\/uploads\/sites\/7\/2025\/05\/ens-certificacion-rd311-2022-520x632.png 520w, https:\/\/www.careium.com\/app\/uploads\/sites\/7\/2025\/05\/ens-certificacion-rd311-2022-780x949.png 780w, https:\/\/www.careium.com\/app\/uploads\/sites\/7\/2025\/05\/ens-certificacion-rd311-2022-360x438.png 360w, https:\/\/www.careium.com\/app\/uploads\/sites\/7\/2025\/05\/ens-certificacion-rd311-2022-600x730.png 600w, https:\/\/www.careium.com\/app\/uploads\/sites\/7\/2025\/05\/ens-certificacion-rd311-2022.png 925w\" sizes=\"auto, (max-width: 247px) 100vw, 247px\" \/><\/a><\/figure>\n\n\n\n<p><a href=\"https:\/\/www.careium.com\/app\/uploads\/sites\/7\/2025\/05\/certificado-de-conformidad-con-el-esquema-nacional-de-seguridad-ens-0495-24-240119-careium-es.pdf\" target=\"_blank\" data-type=\"attachment\" data-id=\"636\" rel=\"noreferrer noopener\">Esquema Nacional de Seguridad<\/a><\/p>\n<\/div>\n","protected":false},"excerpt":{"rendered":"<p>Normas y pol\u00edticas Careium se esfuerza por ser una empresa sostenible con una buena \u00e9tica empresarial. Queremos resultar un empleador atractivo mediante la creaci\u00f3n de un entorno laboral basado en la colaboraci\u00f3n, la responsabilidad y la transparencia. Las pol\u00edticas de nuestro grupo complementan nuestros valores. Pol\u00edtica de \u00e9tica empresarial de Careium (Incluye pol\u00edticas de Calidad,&#8230;<\/p>\n","protected":false},"author":4,"featured_media":0,"parent":433,"menu_order":0,"comment_status":"closed","ping_status":"closed","template":"template-text-page.blade.php","meta":{"_acf_changed":false,"footnotes":""},"class_list":["post-1801","page","type-page","status-publish","hentry"],"acf":[],"_links":{"self":[{"href":"https:\/\/www.careium.com\/es\/wp-json\/wp\/v2\/pages\/1801","targetHints":{"allow":["GET"]}}],"collection":[{"href":"https:\/\/www.careium.com\/es\/wp-json\/wp\/v2\/pages"}],"about":[{"href":"https:\/\/www.careium.com\/es\/wp-json\/wp\/v2\/types\/page"}],"author":[{"embeddable":true,"href":"https:\/\/www.careium.com\/es\/wp-json\/wp\/v2\/users\/4"}],"replies":[{"embeddable":true,"href":"https:\/\/www.careium.com\/es\/wp-json\/wp\/v2\/comments?post=1801"}],"version-history":[{"count":5,"href":"https:\/\/www.careium.com\/es\/wp-json\/wp\/v2\/pages\/1801\/revisions"}],"predecessor-version":[{"id":4561,"href":"https:\/\/www.careium.com\/es\/wp-json\/wp\/v2\/pages\/1801\/revisions\/4561"}],"up":[{"embeddable":true,"href":"https:\/\/www.careium.com\/es\/wp-json\/wp\/v2\/pages\/433"}],"wp:attachment":[{"href":"https:\/\/www.careium.com\/es\/wp-json\/wp\/v2\/media?parent=1801"}],"curies":[{"name":"wp","href":"https:\/\/api.w.org\/{rel}","templated":true}]}}