{"id":188,"date":"2025-05-13T11:59:53","date_gmt":"2025-05-13T11:59:53","guid":{"rendered":"https:\/\/www.careium.com\/es\/?page_id=188"},"modified":"2026-03-27T15:22:44","modified_gmt":"2026-03-27T15:22:44","slug":"vision","status":"publish","type":"page","link":"https:\/\/www.careium.com\/es\/acerca-de-nosotros\/vision\/","title":{"rendered":"Visi\u00f3n"},"content":{"rendered":"\n<h1 class=\"wp-block-heading\">Visi\u00f3n<\/h1>\n\n\n\n<h2 class=\"wp-block-heading has-text-align-left\">Cuidar para enriquecer la vida<\/h2>\n\n\n\n<div class=\"wp-block-cover is-light is-style-rounded\" style=\"min-height:50px;aspect-ratio:unset;\"><span aria-hidden=\"true\" class=\"wp-block-cover__background has-neutral-pure-background-color has-background-dim-100 has-background-dim\"><\/span><div class=\"wp-block-cover__inner-container is-layout-constrained wp-block-cover-is-layout-constrained\">\n<div style=\"height:16px\" aria-hidden=\"true\" class=\"wp-block-spacer is-style-small\"><\/div>\n\n\n<div class=\"wp-block-quote\" style=\"\">\n        <blockquote class=\"wp-block-quote__text no-image\">\n        <p class=\"wp-block-quote__quote\">Millones de personas pueden llevar una vida rica, segura y activa, apoyada en la innovaci\u00f3n y la conexi\u00f3n humana<\/p>\n                    <\/blockquote>\n<\/div>\n\n\n\n<div style=\"height:5px\" aria-hidden=\"true\" class=\"wp-block-spacer is-style-half-on-mobile\"><\/div>\n<\/div><\/div>\n\n\n\n<p>Esta es nuestra visi\u00f3n y el porqu\u00e9 de la existencia de Careium. La fuerza que nos motiva es brindar un cuidado genuino a nuestros usuarios y, para ello, siempre situamos sus necesidades en el centro de nuestras acciones. Partiendo de esta premisa, intentamos mejorar continuamente la forma de ayudar.<\/p>\n\n\n<div class=\"wp-block-embed\" style=\"\">\n            <div class=\"wp-block-embed__cover\">\n            <picture>\n                                    <source media=\"(min-width: 10px)\" srcset=\"https:\/\/www.careium.com\/app\/uploads\/sites\/7\/2025\/06\/Blog-featured-images-4-780x408.png.webp\" type=\"image\/webp\"\n                    width=\"780\" height=\"408\">\n                            <source media=\"(min-width: 10px)\" srcset=\"https:\/\/www.careium.com\/app\/uploads\/sites\/7\/2025\/06\/Blog-featured-images-4-780x408.png\" type=\"image\/png\"\n                    width=\"780\" height=\"408\">\n                    \n\n        <img decoding=\"async\"  src=\"https:\/\/www.careium.com\/app\/uploads\/sites\/7\/2025\/06\/Blog-featured-images-4-780x408.png\" alt=\"\" loading=\"lazy\"\n            width=\"780\" height=\"408\">\n    <\/picture>\n        <\/div>\n    \n    <iframe title=\"This is Careium\" width=\"640\" height=\"360\" data-src=\"https:\/\/www.youtube.com\/embed\/reQikbbnvbg?feature=oembed\" frameborder=\"0\" allow=\"accelerometer; autoplay; clipboard-write; encrypted-media; gyroscope; picture-in-picture; web-share\" referrerpolicy=\"strict-origin-when-cross-origin\" allowfullscreen><\/iframe>\n\n    <div class=\"wp-block-embed__blocker hidden\">\n      <p><strong>Este v\u00eddeo no est\u00e1 disponible. <\/strong>Tienes que aceptar las cookies de marketing para poder ver este contenido. Por favor, abra la configuraci\u00f3n de cookies y acepte la categor\u00eda de marketing y actualice la p\u00e1gina.<\/p>\n      <a href=\"#\" onClick=\"UC_UI.showSecondLayer();\">Configuraci\u00f3n de cookies<\/a>\n    <\/div>\n\n    <button class=\"wp-block-embed__player\" title=\"Reproducir v\u00eddeo\">\n        <i class=\"fa-regular fa-circle-play\"><\/i>\n    <\/button>\n<\/div>\n\n\n\n<h2 class=\"wp-block-heading has-primary-color has-text-color has-link-color wp-elements-1e38d3fda1f786075cda0d860a49c916\">Esto es lo que hacemos <\/h2>\n\n\n\n<p>La tecnolog\u00eda y la digitalizaci\u00f3n son herramientas potentes y nunca dejamos de buscar nuevas soluciones innovadoras que logren hacer la vida m\u00e1s f\u00e1cil a clientes y usuarios. Al fin y al cabo, esto es lo que hacemos. Ponemos toda nuestra experiencia, nuestros conocimientos y nuestra innovaci\u00f3n pionera al servicio de la obtenci\u00f3n de una vida independiente con la asistencia necesaria. Actuar con inteligencia, demostrar preocupaci\u00f3n y ser h\u00e9roes: esa es nuestra filosof\u00eda.<\/p>\n\n\n\n<h2 class=\"wp-block-heading has-primary-color has-text-color has-link-color wp-elements-b2750e129b6e417fb4661ea6862038d5\">As\u00ed es c\u00f3mo lo hacemos&nbsp;<\/h2>\n\n\n\n<p>\u00bfC\u00f3mo podemos convertir nuestra visi\u00f3n en realidad? Siendo h\u00e9roes cotidianos que emplean una tecnolog\u00eda inteligente para brindar asistencia y ayuda a las personas en funci\u00f3n de sus necesidades. Esa es nuestra misi\u00f3n.&nbsp;<\/p>\n\n\n\n<p><\/p>\n\n\n\n<p><strong>Prometemos personas implicadas y soluciones inteligentes para ayudar a nuestros usuarios en su vida diaria. Y en Careium, cumplimos nuestras promesas. <\/strong><\/p>\n","protected":false},"excerpt":{"rendered":"<p>Visi\u00f3n Cuidar para enriquecer la vida Esta es nuestra visi\u00f3n y el porqu\u00e9 de la existencia de Careium. La fuerza que nos motiva es brindar un cuidado genuino a nuestros usuarios y, para ello, siempre situamos sus necesidades en el centro de nuestras acciones. Partiendo de esta premisa, intentamos mejorar continuamente la forma de ayudar&#8230;.<\/p>\n","protected":false},"author":5,"featured_media":0,"parent":433,"menu_order":0,"comment_status":"closed","ping_status":"closed","template":"template-text-page.blade.php","meta":{"_acf_changed":false,"footnotes":""},"class_list":["post-188","page","type-page","status-publish","hentry"],"acf":[],"_links":{"self":[{"href":"https:\/\/www.careium.com\/es\/wp-json\/wp\/v2\/pages\/188","targetHints":{"allow":["GET"]}}],"collection":[{"href":"https:\/\/www.careium.com\/es\/wp-json\/wp\/v2\/pages"}],"about":[{"href":"https:\/\/www.careium.com\/es\/wp-json\/wp\/v2\/types\/page"}],"author":[{"embeddable":true,"href":"https:\/\/www.careium.com\/es\/wp-json\/wp\/v2\/users\/5"}],"replies":[{"embeddable":true,"href":"https:\/\/www.careium.com\/es\/wp-json\/wp\/v2\/comments?post=188"}],"version-history":[{"count":5,"href":"https:\/\/www.careium.com\/es\/wp-json\/wp\/v2\/pages\/188\/revisions"}],"predecessor-version":[{"id":4550,"href":"https:\/\/www.careium.com\/es\/wp-json\/wp\/v2\/pages\/188\/revisions\/4550"}],"up":[{"embeddable":true,"href":"https:\/\/www.careium.com\/es\/wp-json\/wp\/v2\/pages\/433"}],"wp:attachment":[{"href":"https:\/\/www.careium.com\/es\/wp-json\/wp\/v2\/media?parent=188"}],"curies":[{"name":"wp","href":"https:\/\/api.w.org\/{rel}","templated":true}]}}