{"id":1946,"date":"2025-05-29T10:58:40","date_gmt":"2025-05-29T10:58:40","guid":{"rendered":"https:\/\/www.careium.com\/es\/?page_id=1946"},"modified":"2026-01-29T13:37:32","modified_gmt":"2026-01-29T13:37:32","slug":"ecodesign","status":"publish","type":"page","link":"https:\/\/www.careium.com\/es\/acerca-de-nosotros\/sostenibilidad\/eco-informacion\/ecodesign\/","title":{"rendered":"Ecodise\u00f1o"},"content":{"rendered":"\n<h1 class=\"wp-block-heading\">Declaraci\u00f3n de dise\u00f1o ecol\u00f3gico<\/h1>\n\n\n<div class=\"wp-block-image\">\n<figure class=\"alignright size-full is-resized\"><img decoding=\"async\" src=\"https:\/\/www.careium.com\/app\/uploads\/sites\/8\/2025\/04\/www.careium.jpg\" alt=\"\" class=\"wp-image-1378\" style=\"width:136px;height:auto\"\/><\/figure>\n<\/div>\n\n\n<p>Careium declara que su dispositivo cumple con los requisitos aplicables del Reglamento (EU) 2019\/1782 sobre los requisitos de dise\u00f1o ecol\u00f3gico para fuentes de alimentaci\u00f3n externas y el Reglamento (CE) n.\u00ba 1275\/2008 \/ (EU) 2023\/826 de la Comisi\u00f3n sobre los requisitos de dise\u00f1o ecol\u00f3gico para el modo de espera y apagado de conformidad con la Directiva 2009\/125\/CE y\/o el Reglamento (EU) 2024\/1781 y la legislaci\u00f3n correspondiente en Espa\u00f1a sobre productos relacionados con la energ\u00eda.<\/p>\n\n\n\n<p>La informaci\u00f3n completa sobre los datos de dise\u00f1o ecol\u00f3gico est\u00e1 disponible a continuaci\u00f3n, utilizando el identificador del modelo de la fuente de alimentaci\u00f3n externa y\/o el nombre del modelo del producto tal como aparece en las placas de identificaci\u00f3n..<\/p>\n\n\n\n<div style=\"height:100px\" aria-hidden=\"true\" class=\"wp-block-spacer is-style-medium\"><\/div>\n\n\n<div class=\"wp-block-accordion\" style=\"\">\n    <details class=\"border-primary-80 group mb-4 rounded-xl border bg-white\">\n    <summary\n        class=\"flex cursor-pointer list-none items-center justify-between px-4 py-4 text-black lg:px-8 [&#038;::-webkit-details-marker]:hidden\">\n        <p class=\"group-open:text-primary-60 my-0 transition-colors\">S018BAM0900200 &#8211; Fuente de alimentaci\u00f3n externa<\/p>\n        <i class=\"fa-solid fa-plus group-open:text-primary-60 transition-all duration-300 group-open:rotate-45\"><\/i>\n    <\/summary>\n    <div class=\"px-4 py-4 text-black lg:px-8 [&#038;_:first-child]:mt-0 [&#038;_:last-child]:mb-0\">\n        <p><strong>Nombre o marca del fabricante, n\u00famero de registro comercial y direcci\u00f3n: <\/strong> Tenpao International. Room 10-11,6\/F., Kwong Sang Hong Centre, 151-153 Hoi Bun Road, Kwun Tong, Kowloon, HongKong.<\/p>\n<p><strong>Identificador del modelo:<\/strong> S018BAM0900200<br \/>\n<strong>Voltaje de entrada (VCA):<\/strong> 100-240<br \/>\n<strong>Frecuencia de entrada de CA (Hz):<\/strong> 50-60<br \/>\n<strong>Tensi\u00f3n de salida (VCC)<\/strong>: 9,0<br \/>\n<strong>Corriente de salida (A):<\/strong> 2,0<br \/>\n<strong>Potencia de salida (W):<\/strong> 18,0<br \/>\n<strong>Eficiencia activa promedio (%):<\/strong> 86,64<br \/>\n<strong>Eficiencia a baja carga (10%) (%):<\/strong> 84,12<br \/>\n<strong>Consumo de energ\u00eda sin carga (W):<\/strong> 0,057<\/p>\n    <\/div>\n<\/details>\n<\/div>\n\n\n<div class=\"wp-block-accordion\" style=\"\">\n    <details class=\"border-primary-80 group mb-4 rounded-xl border bg-white\">\n    <summary\n        class=\"flex cursor-pointer list-none items-center justify-between px-4 py-4 text-black lg:px-8 [&#038;::-webkit-details-marker]:hidden\">\n        <p class=\"group-open:text-primary-60 my-0 transition-colors\">A150 &#8211; Familia de productos Eliza<\/p>\n        <i class=\"fa-solid fa-plus group-open:text-primary-60 transition-all duration-300 group-open:rotate-45\"><\/i>\n    <\/summary>\n    <div class=\"px-4 py-4 text-black lg:px-8 [&#038;_:first-child]:mt-0 [&#038;_:last-child]:mb-0\">\n        <p>La familia de productos Eliza est\u00e1 compuesta por equipos con conexi\u00f3n a la red con alta disponibilidad de red (HiNA). Los siguientes datos se aplican seg\u00fan las interfaces de red disponibles en cada modelo.<\/p>\n<p>\u2022 Consumo de energ\u00eda en modo de espera en red si todos los puertos de red cableados est\u00e1n conectados y todos los puertos de red inal\u00e1mbricos est\u00e1n activados: 2,10 W<\/p>\n<p>\u2022 Consumo de energ\u00eda en condiciones de redes celulares (2G, 3G, 4G) y Wi-Fi habilitado: modo apagado 0,03 W, modo de espera en red 2,10 W<\/p>\n<p>\u2022 Consumo de energ\u00eda con Wi-Fi habilitado: modo apagado 0,03 W, modo de espera en red 1,87 W<\/p>\n<p>\u2022 Los puertos de red inal\u00e1mbrica se pueden desactivar a trav\u00e9s de la configuraci\u00f3n del software<\/p>\n    <\/div>\n<\/details>\n<\/div>\n\n\n\n<p><\/p>\n","protected":false},"excerpt":{"rendered":"<p>Declaraci\u00f3n de dise\u00f1o ecol\u00f3gico Careium declara que su dispositivo cumple con los requisitos aplicables del Reglamento (EU) 2019\/1782 sobre los requisitos de dise\u00f1o ecol\u00f3gico para fuentes de alimentaci\u00f3n externas y el Reglamento (CE) n.\u00ba 1275\/2008 \/ (EU) 2023\/826 de la Comisi\u00f3n sobre los requisitos de dise\u00f1o ecol\u00f3gico para el modo de espera y apagado de&#8230;<\/p>\n","protected":false},"author":5,"featured_media":0,"parent":1941,"menu_order":0,"comment_status":"closed","ping_status":"closed","template":"template-text-page.blade.php","meta":{"_acf_changed":false,"footnotes":""},"class_list":["post-1946","page","type-page","status-publish","hentry"],"acf":[],"_links":{"self":[{"href":"https:\/\/www.careium.com\/es\/wp-json\/wp\/v2\/pages\/1946","targetHints":{"allow":["GET"]}}],"collection":[{"href":"https:\/\/www.careium.com\/es\/wp-json\/wp\/v2\/pages"}],"about":[{"href":"https:\/\/www.careium.com\/es\/wp-json\/wp\/v2\/types\/page"}],"author":[{"embeddable":true,"href":"https:\/\/www.careium.com\/es\/wp-json\/wp\/v2\/users\/5"}],"replies":[{"embeddable":true,"href":"https:\/\/www.careium.com\/es\/wp-json\/wp\/v2\/comments?post=1946"}],"version-history":[{"count":6,"href":"https:\/\/www.careium.com\/es\/wp-json\/wp\/v2\/pages\/1946\/revisions"}],"predecessor-version":[{"id":4504,"href":"https:\/\/www.careium.com\/es\/wp-json\/wp\/v2\/pages\/1946\/revisions\/4504"}],"up":[{"embeddable":true,"href":"https:\/\/www.careium.com\/es\/wp-json\/wp\/v2\/pages\/1941"}],"wp:attachment":[{"href":"https:\/\/www.careium.com\/es\/wp-json\/wp\/v2\/media?parent=1946"}],"curies":[{"name":"wp","href":"https:\/\/api.w.org\/{rel}","templated":true}]}}