{"id":1965,"date":"2025-05-29T13:20:49","date_gmt":"2025-05-29T13:20:49","guid":{"rendered":"https:\/\/www.careium.com\/es\/?page_id=1965"},"modified":"2026-03-27T16:08:23","modified_gmt":"2026-03-27T16:08:23","slug":"electronica","status":"publish","type":"page","link":"https:\/\/www.careium.com\/es\/acerca-de-nosotros\/sostenibilidad\/eco-informacion\/electronica\/","title":{"rendered":"Electr\u00f3nica"},"content":{"rendered":"\n<h1 class=\"wp-block-heading\">Electr\u00f3nica<\/h1>\n\n\n\n<p class=\"has-text-align-left\">Nuestro compromiso con la responsabilidad ambiental se refleja en todo el ciclo de vida de nuestros productos.<\/p>\n\n\n\n<p class=\"has-text-align-left\">Cumplimos con estrictos est\u00e1ndares de desarrollo y fabricaci\u00f3n respetuosos con el medio ambiente, y exigimos que nuestros productos sean seguros y tengan una larga vida \u00fatil, siendo la eliminaci\u00f3n sostenible una prioridad.<\/p>\n\n\n\n<p class=\"has-text-align-left\">Los productos est\u00e1n marcados con el contenedor con ruedas tachado (etiqueta RAEE), lo que indica que no deben desecharse como residuos sin clasificar, sino que deben enviarse a puntos de recogida selectiva para su recuperaci\u00f3n y reciclaje. Consulte las directrices de su municipio para garantizar una eliminaci\u00f3n sostenible y contribuir a la conservaci\u00f3n de recursos mediante el reciclaje.<\/p>\n\n\n\n<h3 class=\"wp-block-heading\">Gesti\u00f3n y prevenci\u00f3n de residuos electr\u00f3nicos<\/h3>\n\n\n\n<p>Antes de desechar el dispositivo, considere la reparaci\u00f3n o el reacondicionamiento como alternativas. Ofrecemos servicios de reparaci\u00f3n, piezas reacondicionadas y actualizaciones de software para prolongar la vida \u00fatil del producto. Extender la vida \u00fatil reduce significativamente el impacto ambiental y ofrece beneficios econ\u00f3micos a los consumidores.<\/p>\n\n\n\n<p>Los residuos electr\u00f3nicos contienen una mezcla compleja de materiales, algunos de los cuales son peligrosos. Si los dispositivos desechados no se gestionan adecuadamente, pueden causar importantes problemas ambientales y de salud. Adem\u00e1s, los dispositivos electr\u00f3nicos modernos contienen recursos escasos y valiosos, incluyendo materias primas esenciales, que pueden reciclarse y reutilizarse mediante una gesti\u00f3n eficaz de residuos.<\/p>\n\n\n\n<p>Mejorar la recogida, el tratamiento y el reciclaje de aparatos el\u00e9ctricos y electr\u00f3nicos al final de su vida \u00fatil puede mejorar la eficiencia de los recursos y promover la transici\u00f3n hacia una econom\u00eda circular. Adem\u00e1s, puede reforzar la seguridad del suministro de materias primas esenciales, fortaleciendo as\u00ed la autonom\u00eda estrat\u00e9gica de la UE.<\/p>\n\n\n\n<p>Cumplimos con las responsabilidades extendidas del productor (REP) financiando la recogida de residuos y la notificaci\u00f3n a las agencias de protecci\u00f3n ambiental. Operamos sistemas de recogida y colaboramos con organizaciones de responsabilidad del productor (ORP), ya sea directamente o mediante afiliaci\u00f3n, dise\u00f1adas para cumplir con los requisitos y la legislaci\u00f3n espec\u00edficos de cada pa\u00eds.<\/p>\n\n\n\n<p><strong>Ejemplos gen\u00e9ricos<\/strong><\/p>\n\n\n\n<p>Adapte el ejemplo de eliminaci\u00f3n a su producto identificando el c\u00f3digo en los componentes individuales o el dispositivo y siga el procedimiento ejemplificado en la tabla.<\/p>\n\n\n\n<figure class=\"wp-block-table\"><table class=\"has-fixed-layout\"><thead><tr><th class=\"has-text-align-center\" data-align=\"center\">Imagen ejemplar<\/th><th class=\"has-text-align-center\" data-align=\"center\">Tipo<\/th><th class=\"has-text-align-center\" data-align=\"center\">Calificaci\u00f3n<\/th><th class=\"has-text-align-center\" data-align=\"center\">Eliminaci\u00f3n correcta<\/th><\/tr><\/thead><tbody><tr><td class=\"has-text-align-center\" data-align=\"center\"><img loading=\"lazy\" decoding=\"async\" width=\"150\" height=\"150\" class=\"wp-image-4429\" style=\"width: 150px;\" src=\"https:\/\/www.careium.com\/app\/uploads\/sites\/7\/2026\/02\/Electronic-Product_device.png\" alt=\"\" srcset=\"https:\/\/www.careium.com\/app\/uploads\/sites\/7\/2026\/02\/Electronic-Product_device.png 1000w, https:\/\/www.careium.com\/app\/uploads\/sites\/7\/2026\/02\/Electronic-Product_device-300x300.png 300w, https:\/\/www.careium.com\/app\/uploads\/sites\/7\/2026\/02\/Electronic-Product_device-150x150.png 150w, https:\/\/www.careium.com\/app\/uploads\/sites\/7\/2026\/02\/Electronic-Product_device-768x768.png 768w, https:\/\/www.careium.com\/app\/uploads\/sites\/7\/2026\/02\/Electronic-Product_device-120x120.png 120w, https:\/\/www.careium.com\/app\/uploads\/sites\/7\/2026\/02\/Electronic-Product_device-250x250.png 250w, https:\/\/www.careium.com\/app\/uploads\/sites\/7\/2026\/02\/Electronic-Product_device-360x360.png 360w, https:\/\/www.careium.com\/app\/uploads\/sites\/7\/2026\/02\/Electronic-Product_device-520x520.png 520w, https:\/\/www.careium.com\/app\/uploads\/sites\/7\/2026\/02\/Electronic-Product_device-700x700.png 700w, https:\/\/www.careium.com\/app\/uploads\/sites\/7\/2026\/02\/Electronic-Product_device-780x780.png 780w, https:\/\/www.careium.com\/app\/uploads\/sites\/7\/2026\/02\/Electronic-Product_device-600x600.png 600w, https:\/\/www.careium.com\/app\/uploads\/sites\/7\/2026\/02\/Electronic-Product_device-100x100.png 100w\" sizes=\"auto, (max-width: 150px) 100vw, 150px\" \/><\/td><td class=\"has-text-align-center\" data-align=\"center\">Producto\/dispositivo electr\u00f3nico<\/td><td class=\"has-text-align-center\" data-align=\"center\"><img loading=\"lazy\" decoding=\"async\" width=\"150\" height=\"150\" class=\"wp-image-4419\" style=\"width: 150px;\" src=\"https:\/\/www.careium.com\/app\/uploads\/sites\/7\/2026\/02\/Lithium-Button-Cell-marking.png\" alt=\"\" srcset=\"https:\/\/www.careium.com\/app\/uploads\/sites\/7\/2026\/02\/Lithium-Button-Cell-marking.png 1000w, https:\/\/www.careium.com\/app\/uploads\/sites\/7\/2026\/02\/Lithium-Button-Cell-marking-300x300.png 300w, https:\/\/www.careium.com\/app\/uploads\/sites\/7\/2026\/02\/Lithium-Button-Cell-marking-150x150.png 150w, https:\/\/www.careium.com\/app\/uploads\/sites\/7\/2026\/02\/Lithium-Button-Cell-marking-768x768.png 768w, https:\/\/www.careium.com\/app\/uploads\/sites\/7\/2026\/02\/Lithium-Button-Cell-marking-120x120.png 120w, https:\/\/www.careium.com\/app\/uploads\/sites\/7\/2026\/02\/Lithium-Button-Cell-marking-250x250.png 250w, https:\/\/www.careium.com\/app\/uploads\/sites\/7\/2026\/02\/Lithium-Button-Cell-marking-360x360.png 360w, https:\/\/www.careium.com\/app\/uploads\/sites\/7\/2026\/02\/Lithium-Button-Cell-marking-520x520.png 520w, https:\/\/www.careium.com\/app\/uploads\/sites\/7\/2026\/02\/Lithium-Button-Cell-marking-700x700.png 700w, https:\/\/www.careium.com\/app\/uploads\/sites\/7\/2026\/02\/Lithium-Button-Cell-marking-780x780.png 780w, https:\/\/www.careium.com\/app\/uploads\/sites\/7\/2026\/02\/Lithium-Button-Cell-marking-600x600.png 600w, https:\/\/www.careium.com\/app\/uploads\/sites\/7\/2026\/02\/Lithium-Button-Cell-marking-100x100.png 100w\" sizes=\"auto, (max-width: 150px) 100vw, 150px\" \/><img decoding=\"async\" class=\"wp-image-2510\" style=\"width: 250px;\" src=\"https:\/\/www.careium.com\/app\/uploads\/sites\/8\/2025\/05\/cardboard-recycle-icon.png\" alt=\"\"><\/td><td class=\"has-text-align-center\" data-align=\"center\"><strong>Instalaciones de recogida selectiva<br><\/strong>Enviar a centros de recogida selectiva para su recuperaci\u00f3n y reciclaje. No desechar como residuo sin clasificar. <br>Consultar las normativas municipales locales.<br><img decoding=\"async\" class=\"wp-image-2519\" style=\"width: 250px;\" src=\"https:\/\/www.careium.com\/app\/uploads\/sites\/8\/2025\/05\/polyethene-recycle.png\" alt=\"\"><\/td><\/tr><tr><td class=\"has-text-align-center\" data-align=\"center\"><img loading=\"lazy\" decoding=\"async\" width=\"150\" height=\"150\" class=\"wp-image-4433\" style=\"width: 150px;\" src=\"https:\/\/www.careium.com\/app\/uploads\/sites\/7\/2026\/02\/External-Power-Supply-EPS.png\" alt=\"\" srcset=\"https:\/\/www.careium.com\/app\/uploads\/sites\/7\/2026\/02\/External-Power-Supply-EPS.png 1000w, https:\/\/www.careium.com\/app\/uploads\/sites\/7\/2026\/02\/External-Power-Supply-EPS-300x300.png 300w, https:\/\/www.careium.com\/app\/uploads\/sites\/7\/2026\/02\/External-Power-Supply-EPS-150x150.png 150w, https:\/\/www.careium.com\/app\/uploads\/sites\/7\/2026\/02\/External-Power-Supply-EPS-768x768.png 768w, https:\/\/www.careium.com\/app\/uploads\/sites\/7\/2026\/02\/External-Power-Supply-EPS-120x120.png 120w, https:\/\/www.careium.com\/app\/uploads\/sites\/7\/2026\/02\/External-Power-Supply-EPS-250x250.png 250w, https:\/\/www.careium.com\/app\/uploads\/sites\/7\/2026\/02\/External-Power-Supply-EPS-360x360.png 360w, https:\/\/www.careium.com\/app\/uploads\/sites\/7\/2026\/02\/External-Power-Supply-EPS-520x520.png 520w, https:\/\/www.careium.com\/app\/uploads\/sites\/7\/2026\/02\/External-Power-Supply-EPS-700x700.png 700w, https:\/\/www.careium.com\/app\/uploads\/sites\/7\/2026\/02\/External-Power-Supply-EPS-780x780.png 780w, https:\/\/www.careium.com\/app\/uploads\/sites\/7\/2026\/02\/External-Power-Supply-EPS-600x600.png 600w, https:\/\/www.careium.com\/app\/uploads\/sites\/7\/2026\/02\/External-Power-Supply-EPS-100x100.png 100w\" sizes=\"auto, (max-width: 150px) 100vw, 150px\" \/><\/td><td class=\"has-text-align-center\" data-align=\"center\">Fuente de alimentaci\u00f3n externa (EPS)<\/td><td class=\"has-text-align-center\" data-align=\"center\"><img loading=\"lazy\" decoding=\"async\" width=\"150\" height=\"150\" class=\"wp-image-4419\" style=\"width: 150px;\" src=\"https:\/\/www.careium.com\/app\/uploads\/sites\/7\/2026\/02\/Lithium-Button-Cell-marking.png\" alt=\"\" srcset=\"https:\/\/www.careium.com\/app\/uploads\/sites\/7\/2026\/02\/Lithium-Button-Cell-marking.png 1000w, https:\/\/www.careium.com\/app\/uploads\/sites\/7\/2026\/02\/Lithium-Button-Cell-marking-300x300.png 300w, https:\/\/www.careium.com\/app\/uploads\/sites\/7\/2026\/02\/Lithium-Button-Cell-marking-150x150.png 150w, https:\/\/www.careium.com\/app\/uploads\/sites\/7\/2026\/02\/Lithium-Button-Cell-marking-768x768.png 768w, https:\/\/www.careium.com\/app\/uploads\/sites\/7\/2026\/02\/Lithium-Button-Cell-marking-120x120.png 120w, https:\/\/www.careium.com\/app\/uploads\/sites\/7\/2026\/02\/Lithium-Button-Cell-marking-250x250.png 250w, https:\/\/www.careium.com\/app\/uploads\/sites\/7\/2026\/02\/Lithium-Button-Cell-marking-360x360.png 360w, https:\/\/www.careium.com\/app\/uploads\/sites\/7\/2026\/02\/Lithium-Button-Cell-marking-520x520.png 520w, https:\/\/www.careium.com\/app\/uploads\/sites\/7\/2026\/02\/Lithium-Button-Cell-marking-700x700.png 700w, https:\/\/www.careium.com\/app\/uploads\/sites\/7\/2026\/02\/Lithium-Button-Cell-marking-780x780.png 780w, https:\/\/www.careium.com\/app\/uploads\/sites\/7\/2026\/02\/Lithium-Button-Cell-marking-600x600.png 600w, https:\/\/www.careium.com\/app\/uploads\/sites\/7\/2026\/02\/Lithium-Button-Cell-marking-100x100.png 100w\" sizes=\"auto, (max-width: 150px) 100vw, 150px\" \/><\/td><td class=\"has-text-align-center\" data-align=\"center\"><strong>Instalaciones de recogida selectiva<br><\/strong>Enviar a centros de recogida selectiva para su recuperaci\u00f3n y reciclaje. No desechar como residuo sin clasificar. <br>Consultar las normativas municipales locales.<br><img decoding=\"async\" class=\"wp-image-2520\" style=\"width: 250px;\" src=\"https:\/\/www.careium.com\/app\/uploads\/sites\/8\/2025\/05\/cardboard-recycle-icon.png\" alt=\"\"><\/td><\/tr><tr><td class=\"has-text-align-center\" data-align=\"center\"><img loading=\"lazy\" decoding=\"async\" width=\"150\" height=\"150\" class=\"wp-image-4430\" style=\"width: 150px;\" src=\"https:\/\/www.careium.com\/app\/uploads\/sites\/7\/2026\/02\/Cable.png\" alt=\"\" srcset=\"https:\/\/www.careium.com\/app\/uploads\/sites\/7\/2026\/02\/Cable.png 1000w, https:\/\/www.careium.com\/app\/uploads\/sites\/7\/2026\/02\/Cable-300x300.png 300w, https:\/\/www.careium.com\/app\/uploads\/sites\/7\/2026\/02\/Cable-150x150.png 150w, https:\/\/www.careium.com\/app\/uploads\/sites\/7\/2026\/02\/Cable-768x768.png 768w, https:\/\/www.careium.com\/app\/uploads\/sites\/7\/2026\/02\/Cable-120x120.png 120w, https:\/\/www.careium.com\/app\/uploads\/sites\/7\/2026\/02\/Cable-250x250.png 250w, https:\/\/www.careium.com\/app\/uploads\/sites\/7\/2026\/02\/Cable-360x360.png 360w, https:\/\/www.careium.com\/app\/uploads\/sites\/7\/2026\/02\/Cable-520x520.png 520w, https:\/\/www.careium.com\/app\/uploads\/sites\/7\/2026\/02\/Cable-700x700.png 700w, https:\/\/www.careium.com\/app\/uploads\/sites\/7\/2026\/02\/Cable-780x780.png 780w, https:\/\/www.careium.com\/app\/uploads\/sites\/7\/2026\/02\/Cable-600x600.png 600w, https:\/\/www.careium.com\/app\/uploads\/sites\/7\/2026\/02\/Cable-100x100.png 100w\" sizes=\"auto, (max-width: 150px) 100vw, 150px\" \/><\/td><td class=\"has-text-align-center\" data-align=\"center\">Cable<\/td><td class=\"has-text-align-center\" data-align=\"center\"><img loading=\"lazy\" decoding=\"async\" width=\"150\" height=\"150\" class=\"wp-image-4419\" style=\"width: 150px;\" src=\"https:\/\/www.careium.com\/app\/uploads\/sites\/7\/2026\/02\/Lithium-Button-Cell-marking.png\" alt=\"\" srcset=\"https:\/\/www.careium.com\/app\/uploads\/sites\/7\/2026\/02\/Lithium-Button-Cell-marking.png 1000w, https:\/\/www.careium.com\/app\/uploads\/sites\/7\/2026\/02\/Lithium-Button-Cell-marking-300x300.png 300w, https:\/\/www.careium.com\/app\/uploads\/sites\/7\/2026\/02\/Lithium-Button-Cell-marking-150x150.png 150w, https:\/\/www.careium.com\/app\/uploads\/sites\/7\/2026\/02\/Lithium-Button-Cell-marking-768x768.png 768w, https:\/\/www.careium.com\/app\/uploads\/sites\/7\/2026\/02\/Lithium-Button-Cell-marking-120x120.png 120w, https:\/\/www.careium.com\/app\/uploads\/sites\/7\/2026\/02\/Lithium-Button-Cell-marking-250x250.png 250w, https:\/\/www.careium.com\/app\/uploads\/sites\/7\/2026\/02\/Lithium-Button-Cell-marking-360x360.png 360w, https:\/\/www.careium.com\/app\/uploads\/sites\/7\/2026\/02\/Lithium-Button-Cell-marking-520x520.png 520w, https:\/\/www.careium.com\/app\/uploads\/sites\/7\/2026\/02\/Lithium-Button-Cell-marking-700x700.png 700w, https:\/\/www.careium.com\/app\/uploads\/sites\/7\/2026\/02\/Lithium-Button-Cell-marking-780x780.png 780w, https:\/\/www.careium.com\/app\/uploads\/sites\/7\/2026\/02\/Lithium-Button-Cell-marking-600x600.png 600w, https:\/\/www.careium.com\/app\/uploads\/sites\/7\/2026\/02\/Lithium-Button-Cell-marking-100x100.png 100w\" sizes=\"auto, (max-width: 150px) 100vw, 150px\" \/><\/td><td class=\"has-text-align-center\" data-align=\"center\"><strong>Instalaciones de recogida selectiva<br><\/strong>Enviar a centros de recogida selectiva para su recuperaci\u00f3n y reciclaje. No desechar como residuo sin clasificar. <br>Consultar las normativas municipales locales.<br><img decoding=\"async\" class=\"wp-image-2524\" style=\"width: 250px;\" src=\"https:\/\/www.careium.com\/app\/uploads\/sites\/8\/2025\/05\/recycle.png\" alt=\"\"><\/td><\/tr><\/tbody><\/table><\/figure>\n","protected":false},"excerpt":{"rendered":"<p>Electr\u00f3nica Nuestro compromiso con la responsabilidad ambiental se refleja en todo el ciclo de vida de nuestros productos. Cumplimos con estrictos est\u00e1ndares de desarrollo y fabricaci\u00f3n respetuosos con el medio ambiente, y exigimos que nuestros productos sean seguros y tengan una larga vida \u00fatil, siendo la eliminaci\u00f3n sostenible una prioridad. Los productos est\u00e1n marcados con&#8230;<\/p>\n","protected":false},"author":5,"featured_media":0,"parent":1941,"menu_order":0,"comment_status":"closed","ping_status":"closed","template":"template-text-page.blade.php","meta":{"_acf_changed":false,"footnotes":""},"class_list":["post-1965","page","type-page","status-publish","hentry"],"acf":[],"_links":{"self":[{"href":"https:\/\/www.careium.com\/es\/wp-json\/wp\/v2\/pages\/1965","targetHints":{"allow":["GET"]}}],"collection":[{"href":"https:\/\/www.careium.com\/es\/wp-json\/wp\/v2\/pages"}],"about":[{"href":"https:\/\/www.careium.com\/es\/wp-json\/wp\/v2\/types\/page"}],"author":[{"embeddable":true,"href":"https:\/\/www.careium.com\/es\/wp-json\/wp\/v2\/users\/5"}],"replies":[{"embeddable":true,"href":"https:\/\/www.careium.com\/es\/wp-json\/wp\/v2\/comments?post=1965"}],"version-history":[{"count":5,"href":"https:\/\/www.careium.com\/es\/wp-json\/wp\/v2\/pages\/1965\/revisions"}],"predecessor-version":[{"id":4558,"href":"https:\/\/www.careium.com\/es\/wp-json\/wp\/v2\/pages\/1965\/revisions\/4558"}],"up":[{"embeddable":true,"href":"https:\/\/www.careium.com\/es\/wp-json\/wp\/v2\/pages\/1941"}],"wp:attachment":[{"href":"https:\/\/www.careium.com\/es\/wp-json\/wp\/v2\/media?parent=1965"}],"curies":[{"name":"wp","href":"https:\/\/api.w.org\/{rel}","templated":true}]}}