{"id":204,"date":"2025-05-13T13:08:44","date_gmt":"2025-05-13T13:08:44","guid":{"rendered":"https:\/\/www.careium.com\/es\/?page_id=204"},"modified":"2026-01-29T13:30:24","modified_gmt":"2026-01-29T13:30:24","slug":"procedimiento-de-alerta-de-irregularidades","status":"publish","type":"page","link":"https:\/\/www.careium.com\/es\/acerca-de-nosotros\/procedimiento-de-alerta-de-irregularidades\/","title":{"rendered":"Procedimiento de alerta de irregularidades"},"content":{"rendered":"\n<h1 class=\"wp-block-heading has-text-align-left\">Procedimiento de alerta de irregularidades<\/h1>\n\n\n\n<p><\/p>\n\n\n\n<p>Es fundamental que desarrollemos nuestro trabajo diario con honestidad, con una integridad personal intachable y con respeto a los dem\u00e1s. En <a href=\"https:\/\/www.careium.com\/es\/acerca-de-nosotros\/normas-y-politicas\/\">la \u00c9tica empresarial de Careium<\/a> se incluyen directrices claras tanto para empleados como para proveedores.<\/p>\n\n\n\n<p>La funci\u00f3n de denuncia est\u00e1 destinada principalmente a tratar la sospecha de una conducta indebida grave relacionada, por ejemplo, con;<\/p>\n\n\n\n<ul class=\"wp-block-list\">\n<li>Actividades ilegales<\/li>\n\n\n\n<li>Delitos financieros o corrupci\u00f3n<\/li>\n\n\n\n<li>Derechos humanos<\/li>\n\n\n\n<li>Repercusi\u00f3n grave en la vida y la salud de las personas<\/li>\n\n\n\n<li>Protecci\u00f3n de la privacidad y de los datos personales<\/li>\n\n\n\n<li>Protecci\u00f3n ambiental<\/li>\n<\/ul>\n\n\n\n<p>Durante el proceso de denuncia, el denunciante permanecer\u00e1 en el m\u00e1s absoluto anonimato, a menos que proporcione voluntariamente informaci\u00f3n personal.<\/p>\n\n\n\n<p>Los informes presentados ser\u00e1n gestionados por los directores de RR.HH., Finanzas y Sostenibilidad. Si el informe implica a una de estas funciones\/personas o departamentos, se excluir\u00e1 a esa persona\/funci\u00f3n.<\/p>\n\n\n\n<div class=\"wp-block-buttons is-layout-flex wp-block-buttons-is-layout-flex\">\n<div class=\"wp-block-button\"><a class=\"wp-block-button__link wp-element-button\" href=\"https:\/\/careium.whistlelink.com\/\" target=\"_blank\" rel=\"noreferrer noopener\">El canal de denuncias se encuentra aqu\u00ed<\/a><\/div>\n<\/div>\n\n\n\n<p><strong>Tenga en cuenta: <\/strong><\/p>\n\n\n\n<ul class=\"wp-block-list\">\n<li>Los clientes que deseen presentar reclamaciones o quejas relacionadas con productos o servicios deber\u00e1n utilizar principalmente los canales de reclamaci\u00f3n\/queja de cada pa\u00eds<\/li>\n\n\n\n<li>Empleados: Los comentarios y observaciones sobre nuestra empresa, que no constituyan una falta grave, deben comunicarse a un jefe inmediato o a recursos humanos. No obstante, quien no se sienta c\u00f3modo informando a ninguno de ellos puede utilizar el procedimiento de denuncia de irregularidades.<\/li>\n<\/ul>\n","protected":false},"excerpt":{"rendered":"<p>Procedimiento de alerta de irregularidades Es fundamental que desarrollemos nuestro trabajo diario con honestidad, con una integridad personal intachable y con respeto a los dem\u00e1s. En la \u00c9tica empresarial de Careium se incluyen directrices claras tanto para empleados como para proveedores. La funci\u00f3n de denuncia est\u00e1 destinada principalmente a tratar la sospecha de una conducta&#8230;<\/p>\n","protected":false},"author":5,"featured_media":0,"parent":433,"menu_order":0,"comment_status":"closed","ping_status":"closed","template":"template-text-page.blade.php","meta":{"_acf_changed":false,"footnotes":""},"class_list":["post-204","page","type-page","status-publish","hentry"],"acf":[],"_links":{"self":[{"href":"https:\/\/www.careium.com\/es\/wp-json\/wp\/v2\/pages\/204","targetHints":{"allow":["GET"]}}],"collection":[{"href":"https:\/\/www.careium.com\/es\/wp-json\/wp\/v2\/pages"}],"about":[{"href":"https:\/\/www.careium.com\/es\/wp-json\/wp\/v2\/types\/page"}],"author":[{"embeddable":true,"href":"https:\/\/www.careium.com\/es\/wp-json\/wp\/v2\/users\/5"}],"replies":[{"embeddable":true,"href":"https:\/\/www.careium.com\/es\/wp-json\/wp\/v2\/comments?post=204"}],"version-history":[{"count":5,"href":"https:\/\/www.careium.com\/es\/wp-json\/wp\/v2\/pages\/204\/revisions"}],"predecessor-version":[{"id":4092,"href":"https:\/\/www.careium.com\/es\/wp-json\/wp\/v2\/pages\/204\/revisions\/4092"}],"up":[{"embeddable":true,"href":"https:\/\/www.careium.com\/es\/wp-json\/wp\/v2\/pages\/433"}],"wp:attachment":[{"href":"https:\/\/www.careium.com\/es\/wp-json\/wp\/v2\/media?parent=204"}],"curies":[{"name":"wp","href":"https:\/\/api.w.org\/{rel}","templated":true}]}}