{"id":3528,"date":"2025-06-03T12:50:16","date_gmt":"2025-06-03T12:50:16","guid":{"rendered":"https:\/\/www.careium.com\/es\/?page_id=3528"},"modified":"2026-03-05T14:14:58","modified_gmt":"2026-03-05T14:14:58","slug":"politica-de-cookies","status":"publish","type":"page","link":"https:\/\/www.careium.com\/es\/politica-de-cookies\/","title":{"rendered":"Cookie policy"},"content":{"rendered":"\n<h1 class=\"wp-block-heading has-text-align-left\">Pol\u00edtica de cookies<\/h1>\n\n\n\n<div style=\"height:20px\" aria-hidden=\"true\" class=\"wp-block-spacer\"><\/div>\n\n\n\n<p>Careium Sweden AB utiliza cookies en los sitios web <a href=\"https:\/\/www.careium.com\/es\/\">www.careium.com<\/a> (en lo sucesivo, el \u00abSitio web\u00bb).<\/p>\n\n\n\n<p>Careium Sweden AB es el responsable del tratamiento de los datos personales.<\/p>\n\n\n\n<p>En Careium, respetamos su privacidad. En esta pol\u00edtica de cookies (en lo sucesivo, \u00abPol\u00edtica de cookies\u00bb), explicamos c\u00f3mo utilizamos las cookies y otras tecnolog\u00edas similares para reconocerle cuando visita nuestros sitios web. En la Pol\u00edtica, explicamos estas tecnolog\u00edas, la finalidad del tratamiento y los derechos que tiene como visitante.<\/p>\n\n\n\n<h2 class=\"wp-block-heading\">\u00bfQu\u00e9 es una cookie?<\/h2>\n\n\n\n<p>Las cookies son peque\u00f1os archivos de texto que su navegador guarda y almacena en el dispositivo que utiliza para navegar por internet. Cuando visita nuestros sitios web, es posible que se almacene cierta informaci\u00f3n mediante cookies. Cuando nos referimos a cookies, nos referimos a cookies propias y de terceros, p\u00edxeles de seguimiento, programas complementarios y otras tecnolog\u00edas de seguimiento. Para obtener m\u00e1s informaci\u00f3n sobre las cookies, visite <a href=\"http:\/\/www.allaboutcookies.org\" target=\"_blank\" rel=\"noreferrer noopener nofollow\">www.allaboutcookies.org<\/a>.<\/p>\n\n\n\n<h2 class=\"wp-block-heading\">Categor\u00edas de la informaci\u00f3n y fines<\/h2>\n\n\n\n<p>Las cookies nos ayudan a comprender mejor c\u00f3mo utiliza el Sitio web y nos permiten ofrecerle una experiencia m\u00e1s personalizada y mejorada. Estos son algunos ejemplos de la informaci\u00f3n que recopilamos a trav\u00e9s de las cookies:<\/p>\n\n\n\n<ul class=\"wp-block-list\">\n<li>El n\u00famero de usuarios que visitan el Sitio web, las p\u00e1ginas que se visitan, los clics que se realizan en el Sitio web y el tiempo que los visitantes navegan por el Sitio web.<\/li>\n\n\n\n<li>Si visita el Sitio web por primera vez o si ya lo ha visitado anteriormente.<\/li>\n\n\n\n<li>La configuraci\u00f3n de su pantalla (por ejemplo, mercado, idioma, etc.).<\/li>\n<\/ul>\n\n\n\n<p>Tenga en cuenta que no recopilamos su nombre ni su direcci\u00f3n de correo electr\u00f3nico a trav\u00e9s de las cookies.<\/p>\n\n\n\n<p>Adem\u00e1s, las cookies nos permiten:<\/p>\n\n\n\n<ul class=\"wp-block-list\">\n<li>Personalizar su visita: podemos utilizar la informaci\u00f3n recopilada durante su visita para facilitar su pr\u00f3xima visita al Sitio web.<\/li>\n\n\n\n<li>Evaluar y mejorar cualquier publicidad.<\/li>\n<\/ul>\n\n\n\n<h2 class=\"wp-block-heading\">Tipos de cookies<\/h2>\n\n\n\n<p>En el Sitio web se utilizan cookies propias y de terceros. Todas las cookies tienen un editor, que indica a qui\u00e9n pertenece la cookie. El editor es el propietario del dominio especificado en la cookie. Cuando visita nuestro Sitio web, instalamos cookies en su dispositivo por diversos motivos. Se conocen como cookies propias.<\/p>\n\n\n\n<p>Las cookies instaladas por una empresa externa, como plataformas de las redes sociales, proveedores de redes publicitarias o tecnolog\u00edas publicitarias, se denominan cookies de terceros.<\/p>\n\n\n\n<p>Algunas cookies son necesarias para que el Sitio web funcione; estas se conocen como cookies \u00abesenciales\u00bb.<\/p>\n\n\n\n<p>Algunas cookies mejoran la experiencia en el sitio web; estas se denominan &#8216;cookies funcionales&#8217;. Por ejemplo, esto puede incluir la selecci\u00f3n del idioma u otras preferencias que se guardan para que la pr\u00f3xima visita del usuario sea m\u00e1s c\u00f3moda. Puede ajustar la configuraci\u00f3n de su navegador para controlar c\u00f3mo se configuran estas cookies. Si decide no permitir estas cookies, esto puede afectar al funcionamiento y a su experiencia general del Sitio web. Estas cookies las ha creado Careium y se utilizan principalmente para permitirle navegar libremente y con facilidad por el Sitio web y utilizar sus funciones.<\/p>\n\n\n\n<p>Las cookies de terceros las proporcionan terceros a trav\u00e9s del Sitio web con fines de marketing dirigido en otros sitios web y con fines anal\u00edticos.<\/p>\n\n\n\n<p>Las cookies de marketing se utilizan, entre otras cosas, para mostrar anuncios que son relevantes y atractivos para los usuarios individuales, lo cual es valioso para los editores y los anunciantes externos.<\/p>\n\n\n\n<p>Las cookies anal\u00edticas se utilizan, por ejemplo, para generar estad\u00edsticas e identificar patrones de comportamiento de los visitantes, lo que nos ayuda a comprender c\u00f3mo se utiliza el Sitio web y a mejorar su experiencia como visitante. La informaci\u00f3n recopilada a trav\u00e9s de las cookies no contiene ning\u00fan dato personal, salvo la direcci\u00f3n IP de su ordenador.<\/p>\n\n\n\n<p>El tiempo de almacenamiento de las cookies en su dispositivo puede variar en funci\u00f3n de su categor\u00eda (temporal o permanente).<\/p>\n\n\n\n<h2 class=\"wp-block-heading\">Fundamento jur\u00eddico<\/h2>\n\n\n\n<h3 class=\"wp-block-heading\">Inter\u00e9s leg\u00edtimo<\/h3>\n\n\n\n<p>La funcionalidad del Sitio web depende de nuestras cookies esenciales y, por lo tanto, esta categor\u00eda de cookies siempre est\u00e1 habilitada cuando visita el Sitio web. Basamos el tratamiento de estas cookies estrictamente necesarias en nuestro inter\u00e9s leg\u00edtimo de proporcionarle un sitio web funcional cuando decida visitarlo. Este inter\u00e9s se ha sopesado con sus intereses, derechos fundamentales y libertades.<\/p>\n\n\n\n<h3 class=\"wp-block-heading\">Consentimiento<\/h3>\n\n\n\n<p>En cuanto al resto de las cookies funcionales, de estad\u00edsticas y de marketing, basamos el tratamiento en su consentimiento. Cuando visita el Sitio web por primera vez, se le informa sobre el uso que hacemos de las cookies y se le ofrece la posibilidad de aceptar el uso de cookies o personalizar su configuraci\u00f3n. El consentimiento a estas cookies es voluntario para poder utilizar el Sitio web, pero algunos servicios y funciones requieren el uso de cookies y pueden verse limitados o inaccesibles si no da su consentimiento.<\/p>\n\n\n\n<p>Puede retirar su consentimiento cuando lo desee haciendo clic en el icono de configuraci\u00f3n de cookies del Sitio web.<\/p>\n\n\n\n<p>Recuerde: Si utiliza m\u00e1s de un navegador, deber\u00e1 eliminar las cookies en cada uno de ellos.<\/p>\n\n\n\n<p>Su consentimiento se aplica al Sitio web careium.com.<\/p>\n\n\n\n<h2 class=\"wp-block-heading\">Declaraci\u00f3n de Cookies<\/h2>\n\n\n\n<div class=\"uc-embed\"><\/div>\n\n\n\n<div style=\"height:20px\" aria-hidden=\"true\" class=\"wp-block-spacer\"><\/div>\n\n\n\n<h2 class=\"wp-block-heading\">Transferencia de datos personales fuera de la UE\/EEE<\/h2>\n\n\n\n<p>En nuestro Sitio web utilizamos cookies de terceros. El uso de cookies de terceros implica que sus datos personales pueden ser transferidos a terceros ubicados en terceros pa\u00edses, como Estados Unidos. Si los datos personales se transfieren a un tercer pa\u00eds, siempre implementamos las medidas de seguridad adecuadas para proteger sus datos personales de la mejor manera posible. Dichas medidas de seguridad adecuadas pueden incluir, entre otras cosas:<\/p>\n\n\n\n<ul class=\"wp-block-list\">\n<li>asegurarnos de que la Comisi\u00f3n Europea ha determinado que el pa\u00eds al que se transfieren los datos personales ofrece un nivel de protecci\u00f3n \u00abadecuado\u00bb equivalente al garantizado por el Reglamento General de Protecci\u00f3n de Datos (RGPD).<\/li>\n\n\n\n<li>formalizar cl\u00e1usulas contractuales tipo de la Comisi\u00f3n Europea con el destinatario de los datos personales en el tercer pa\u00eds. Cuando los datos personales se transfieren a un tercer pa\u00eds bas\u00e1ndose en las cl\u00e1usulas contractuales tipo de la Comisi\u00f3n Europea, evaluamos si la legislaci\u00f3n del pa\u00eds destinatario afecta a la protecci\u00f3n de sus datos personales. Si es necesario, implementamos medidas t\u00e9cnicas y organizativas espec\u00edficas para garantizar que el nivel de protecci\u00f3n se mantenga intacto durante la transferencia al pa\u00eds correspondiente fuera de la UE\/EEE. Sin embargo, debido a la legislaci\u00f3n estadounidense en materia de seguridad, existe un cierto riesgo de que las autoridades estadounidenses, con el fin de combatir la delincuencia o proteger la seguridad nacional, puedan acceder a los datos personales transferidos a Estados Unidos, a pesar de las medidas de seguridad t\u00e9cnicas y organizativas que aplicamos.<\/li>\n<\/ul>\n\n\n\n<p>Puede ponerse en contacto con nosotros en <strong>gdpr(at)careium.com<\/strong> y solicitar una copia de las medidas de seguridad.<\/p>\n\n\n\n<h2 class=\"wp-block-heading\">Configuraci\u00f3n de las cookies<\/h2>\n\n\n\n<p>Cuando visite el Sitio web por primera vez, se le pedir\u00e1 que realice sus selecciones en el Panel de cookies. Puede utilizar el Panel de cookies para retirar o modificar su consentimiento para cada categor\u00eda de cookies, con la excepci\u00f3n de las cookies estrictamente necesarias. Confirme sus opciones haciendo clic en \u00ab<strong>Rechazar<\/strong>\u00bb, \u00ab<strong>Permitir selecci\u00f3n<\/strong>\u00bb o \u00ab<strong>Permitir todas<\/strong>\u00bb. Siempre puede volver a abrir el Panel de cookies haciendo clic en el icono de configuraci\u00f3n de cookies del Sitio web.<\/p>\n\n\n\n<p>El panel proporciona informaci\u00f3n sobre las categor\u00edas de cookies aplicables a cada sitio web. Al realizar su selecci\u00f3n, tenga en cuenta que desactivar determinadas cookies puede afectar al funcionamiento del Sitio web.<\/p>\n\n\n\n<h2 class=\"wp-block-heading\">Modificaci\u00f3n de su consentimiento<\/h2>\n\n\n\n<p>Puede modificar su consentimiento eliminando las cookies de su navegador o modificando su elecci\u00f3n original a trav\u00e9s del siguiente enlace:<\/p>\n\n\n\n<p>Para actualizar sus preferencias anteriores sobre las cookies (configuraci\u00f3n de las cookies), haga clic en el enlace aqu\u00ed.<\/p>\n\n\n\n<button class=\"link link--button\" onclick=\"UC_UI.showSecondLayer();\">Configuraci\u00f3n de las cookies<\/button>\n\n\n\n<p>Recuerde: Si utiliza m\u00e1s de un navegador, deber\u00e1 eliminar las cookies en cada uno de ellos.<\/p>\n\n\n\n<h2 class=\"wp-block-heading\">Configuraci\u00f3n del navegador<\/h2>\n\n\n\n<p>En la mayor\u00eda de los navegadores, puede configurar la gesti\u00f3n de las cookies que hace el navegador. A continuaci\u00f3n, incluimos enlaces a la configuraci\u00f3n de algunos navegadores habituales. Puede encontrar m\u00e1s informaci\u00f3n sobre las cookies en el sitio web de la autoridad competente. En Suecia, es la Autoridad Sueca de Correos y Telecomunicaciones (Post- och telestyrelsen) <a href=\"https:\/\/www.pts.se\" target=\"_blank\" rel=\"noreferrer noopener nofollow\">www.pts.se<\/a>.<\/p>\n\n\n\n<p><a href=\"https:\/\/support.google.com\/accounts\/answer\/61416?co=GENIE.Platform%3DDesktop&amp;hl=en\" target=\"_blank\" rel=\"noreferrer noopener nofollow\">Google Chrome<\/a><\/p>\n\n\n\n<p><a href=\"https:\/\/support.microsoft.com\/en-gb\/microsoft-edge\/microsoft-edge-browsing-data-and-privacy-bb8174ba-9d73-dcf2-9b4a-c582b4e640dd\" target=\"_blank\" rel=\"noreferrer noopener nofollow\">Microsoft Edge<\/a><\/p>\n\n\n\n<p><a href=\"https:\/\/support.mozilla.org\/en-US\/kb\/enhanced-tracking-protection-firefox-desktop?redirectslug=enable-and-disable-cookies-website-preferences&amp;redirectlocale=en-US\" target=\"_blank\" rel=\"noreferrer noopener nofollow\">Mozilla Firefox<\/a><\/p>\n\n\n\n<p><a href=\"https:\/\/support.microsoft.com\/en-gb\/help\/17442\/windows-internet-explorer-delete-manage-cookies\" target=\"_blank\" rel=\"noreferrer noopener nofollow\">Microsoft Internet Explorer<\/a><\/p>\n\n\n\n<p><a href=\"https:\/\/help.opera.com\/en\/latest\/web-preferences\/\" target=\"_blank\" rel=\"noreferrer noopener nofollow\">\u00d3pera<\/a><\/p>\n\n\n\n<p><a href=\"https:\/\/support.apple.com\/en-gb\/safari\" target=\"_blank\" rel=\"noreferrer noopener nofollow\">Safari de Apple<\/a><\/p>\n\n\n\n<p>Para obtener informaci\u00f3n equivalente sobre otros navegadores, visite el sitio web del desarrollador. Para desactivar el seguimiento de Google Analytics en todos los sitios web, vaya a <a href=\"http:\/\/tools.google.com\/dlpage\/gaoptout\" target=\"_blank\" rel=\"noreferrer noopener nofollow\">http:\/\/tools.google.com\/dlpage\/gaoptout<\/a>.<\/p>\n\n\n\n<h2 class=\"wp-block-heading\">Actualizaci\u00f3n de la Pol\u00edtica de cookies<\/h2>\n\n\n\n<p>La Pol\u00edtica de cookies se revisa peri\u00f3dicamente y puede actualizarse. Cualquier cambio se reflejar\u00e1 en la Pol\u00edtica de cookies vigente disponible en el Sitio web. Por lo tanto, le recomendamos que se mantenga informado visitando nuestra Pol\u00edtica de cookies.<\/p>\n\n\n\n<h2 class=\"wp-block-heading\">Contacto<\/h2>\n\n\n\n<p>Si tiene alguna pregunta sobre el uso que hacemos de las cookies, p\u00f3ngase en contacto con nosotros en:<\/p>\n\n\n\n<p><strong>gdpr(at)careium.com<\/strong><\/p>\n\n\n\n<p>Para obtener m\u00e1s informaci\u00f3n sobre el tratamiento que hacemos de sus datos personales y c\u00f3mo puede ejercer sus derechos como interesado, consulte nuestra <a href=\"https:\/\/www.careium.com\/es\/aviso-de-privacidad\/\" data-type=\"page\" data-id=\"1987\">Aviso de Privacidad<\/a>.<\/p>\n\n\n\n<p><br>\u00daltima actualizaci\u00f3n: 30 de mayo de 2025.<\/p>\n","protected":false},"excerpt":{"rendered":"<p>Pol\u00edtica de cookies Careium Sweden AB utiliza cookies en los sitios web www.careium.com (en lo sucesivo, el \u00abSitio web\u00bb). Careium Sweden AB es el responsable del tratamiento de los datos personales. En Careium, respetamos su privacidad. En esta pol\u00edtica de cookies (en lo sucesivo, \u00abPol\u00edtica de cookies\u00bb), explicamos c\u00f3mo utilizamos las cookies y otras tecnolog\u00edas&#8230;<\/p>\n","protected":false},"author":4,"featured_media":0,"parent":0,"menu_order":0,"comment_status":"closed","ping_status":"closed","template":"template-text-page.blade.php","meta":{"_acf_changed":false,"footnotes":""},"class_list":["post-3528","page","type-page","status-publish","hentry"],"acf":[],"_links":{"self":[{"href":"https:\/\/www.careium.com\/es\/wp-json\/wp\/v2\/pages\/3528","targetHints":{"allow":["GET"]}}],"collection":[{"href":"https:\/\/www.careium.com\/es\/wp-json\/wp\/v2\/pages"}],"about":[{"href":"https:\/\/www.careium.com\/es\/wp-json\/wp\/v2\/types\/page"}],"author":[{"embeddable":true,"href":"https:\/\/www.careium.com\/es\/wp-json\/wp\/v2\/users\/4"}],"replies":[{"embeddable":true,"href":"https:\/\/www.careium.com\/es\/wp-json\/wp\/v2\/comments?post=3528"}],"version-history":[{"count":5,"href":"https:\/\/www.careium.com\/es\/wp-json\/wp\/v2\/pages\/3528\/revisions"}],"predecessor-version":[{"id":4498,"href":"https:\/\/www.careium.com\/es\/wp-json\/wp\/v2\/pages\/3528\/revisions\/4498"}],"wp:attachment":[{"href":"https:\/\/www.careium.com\/es\/wp-json\/wp\/v2\/media?parent=3528"}],"curies":[{"name":"wp","href":"https:\/\/api.w.org\/{rel}","templated":true}]}}