{"id":371,"date":"2025-05-14T09:26:40","date_gmt":"2025-05-14T09:26:40","guid":{"rendered":"https:\/\/www.careium.com\/es\/?page_id=371"},"modified":"2026-03-05T11:32:35","modified_gmt":"2026-03-05T11:32:35","slug":"productos-de-confianza","status":"publish","type":"page","link":"https:\/\/www.careium.com\/es\/acerca-de-nosotros\/sostenibilidad\/productos-de-confianza\/","title":{"rendered":"Productos de confianza"},"content":{"rendered":"\n<h1 class=\"wp-block-heading has-text-align-left\">Productos de confianza<\/h1>\n\n\n\n<h2 class=\"wp-block-heading\">Valor para el usuario<\/h2>\n\n\n\n<p>En el desarrollo de nuevos productos se realizan an\u00e1lisis de personas usuarias y pruebas de campo con personas mayores o dependientes. El desarrollo de productos de <strong>Careium<\/strong> cuenta con la certificaci\u00f3n en gesti\u00f3n de calidad ISO 9001 y cuenta con procesos claros para que los productos y servicios satisfagan los requisitos de los clientes y cumplan la legislaci\u00f3n. Se tratan temas importantes como los relativos  a qu\u00e9 materiales pueden utilizarse para la producci\u00f3n de nuestra tecnolog\u00eda, c\u00f3mo se cumplen los requisitos de gesti\u00f3n de residuos y reciclado o c\u00f3mo dise\u00f1ar los productos para que sean seguros y f\u00e1ciles de usar.<\/p>\n\n\n\n<p><\/p>\n\n\n\n<h2 class=\"wp-block-heading\">Reparabilidad<\/h2>\n\n\n\n<p>Los productos de Careium se desarrollan para facilitar su higienizaci\u00f3n, reparaci\u00f3n, actualizaci\u00f3n y reutilizaci\u00f3n. Esto se puede ver por ejemplo en el hecho de que nuestras pulseras sean intercambiables  para los diferentes terminales de teleasistencia o en que el dise\u00f1o de nuestros productos se haga de tal manera que permita la higienizaci\u00f3n de los mismos de forma sencilla.<\/p>\n","protected":false},"excerpt":{"rendered":"<p>Productos de confianza Valor para el usuario En el desarrollo de nuevos productos se realizan an\u00e1lisis de personas usuarias y pruebas de campo con personas mayores o dependientes. El desarrollo de productos de Careium cuenta con la certificaci\u00f3n en gesti\u00f3n de calidad ISO 9001 y cuenta con procesos claros para que los productos y servicios&#8230;<\/p>\n","protected":false},"author":5,"featured_media":0,"parent":428,"menu_order":0,"comment_status":"closed","ping_status":"closed","template":"template-text-page.blade.php","meta":{"_acf_changed":false,"footnotes":""},"class_list":["post-371","page","type-page","status-publish","hentry"],"acf":[],"_links":{"self":[{"href":"https:\/\/www.careium.com\/es\/wp-json\/wp\/v2\/pages\/371","targetHints":{"allow":["GET"]}}],"collection":[{"href":"https:\/\/www.careium.com\/es\/wp-json\/wp\/v2\/pages"}],"about":[{"href":"https:\/\/www.careium.com\/es\/wp-json\/wp\/v2\/types\/page"}],"author":[{"embeddable":true,"href":"https:\/\/www.careium.com\/es\/wp-json\/wp\/v2\/users\/5"}],"replies":[{"embeddable":true,"href":"https:\/\/www.careium.com\/es\/wp-json\/wp\/v2\/comments?post=371"}],"version-history":[{"count":6,"href":"https:\/\/www.careium.com\/es\/wp-json\/wp\/v2\/pages\/371\/revisions"}],"predecessor-version":[{"id":4502,"href":"https:\/\/www.careium.com\/es\/wp-json\/wp\/v2\/pages\/371\/revisions\/4502"}],"up":[{"embeddable":true,"href":"https:\/\/www.careium.com\/es\/wp-json\/wp\/v2\/pages\/428"}],"wp:attachment":[{"href":"https:\/\/www.careium.com\/es\/wp-json\/wp\/v2\/media?parent=371"}],"curies":[{"name":"wp","href":"https:\/\/api.w.org\/{rel}","templated":true}]}}