{"id":376,"date":"2025-05-14T09:16:52","date_gmt":"2025-05-14T09:16:52","guid":{"rendered":"https:\/\/www.careium.com\/es\/?page_id=376"},"modified":"2026-01-29T13:35:19","modified_gmt":"2026-01-29T13:35:19","slug":"base-empresarial-responsable","status":"publish","type":"page","link":"https:\/\/www.careium.com\/es\/acerca-de-nosotros\/sostenibilidad\/base-empresarial-responsable\/","title":{"rendered":"Base empresarial responsable"},"content":{"rendered":"\n<h1 class=\"wp-block-heading has-text-align-left\">Una base empresarial responsable<\/h1>\n\n\n\n<h2 class=\"wp-block-heading\">Empleados<\/h2>\n\n\n\n<p>Nuestros empleados son importantes a todos los niveles, pero cruciales para todos y cada uno de los que se ponen en contacto con las centrales de atenci\u00f3n o son personas usuarias de nuestra tecnolog\u00eda. Debemos ser un lugar de trabajo atractivo y estimulante para los numerosos grupos profesionales representados en la empresa. M\u00e1s informaci\u00f3n en <a href=\"https:\/\/career.careium.com\/\" data-type=\"page\" data-id=\"26\" target=\"_blank\" rel=\"noopener\">Perfiles profesionales<\/a>.<\/p>\n\n\n\n<h2 class=\"wp-block-heading\">Cadena de suministro<\/h2>\n\n\n\n<p>Mantenemos acuerdos a largo plazo con nuestros proveedores. Los proveedores son auditados peri\u00f3dicamente para garantizar que cumplen nuestros requisitos. Se espera que los proveedores firmen y cumplan nuestra pol\u00edtica ASG para proveedores, que se basa en nuestra \u00e9tica empresarial y en los diez principios del Pacto Mundial de las Naciones Unidas sobre derechos humanos, legislaci\u00f3n laboral, medio ambiente y lucha contra la corrupci\u00f3n.<\/p>\n\n\n\n<p><\/p>\n\n\n\n<p>Si un proveedor incumple la pol\u00edtica o cualquier otro requisito, dejamos claro que no es aceptable. Para seguir cooperando, exigimos que el proveedor desarrolle un plan de acci\u00f3n para mejorar. Si el proveedor sigue sin cumplir los requisitos, nos reservamos el derecho a suspender la cooperaci\u00f3n.<\/p>\n\n\n\n<h2 class=\"wp-block-heading\">Gobernanza<\/h2>\n\n\n\n<p>Seguimos varias pol\u00edticas para garantizar el buen gobierno \u00e9tico de la empresa. V\u00e9ase <a href=\"https:\/\/www.careium.com\/es\/acerca-de-nosotros\/normas-y-politicas\/\" data-type=\"page\" data-id=\"21\">normas y pol\u00edticas<\/a> y el <a href=\"https:\/\/www.careium.com\/es\/acerca-de-nosotros\/procedimiento-de-alerta-de-irregularidades\/\" data-type=\"page\" data-id=\"25\">procedimiento de alerta de irregularidades<\/a>.<\/p>\n\n\n\n<p><\/p>\n","protected":false},"excerpt":{"rendered":"<p>Una base empresarial responsable Empleados Nuestros empleados son importantes a todos los niveles, pero cruciales para todos y cada uno de los que se ponen en contacto con las centrales de atenci\u00f3n o son personas usuarias de nuestra tecnolog\u00eda. Debemos ser un lugar de trabajo atractivo y estimulante para los numerosos grupos profesionales representados en&#8230;<\/p>\n","protected":false},"author":5,"featured_media":0,"parent":428,"menu_order":0,"comment_status":"closed","ping_status":"closed","template":"template-text-page.blade.php","meta":{"_acf_changed":false,"footnotes":""},"class_list":["post-376","page","type-page","status-publish","hentry"],"acf":[],"_links":{"self":[{"href":"https:\/\/www.careium.com\/es\/wp-json\/wp\/v2\/pages\/376","targetHints":{"allow":["GET"]}}],"collection":[{"href":"https:\/\/www.careium.com\/es\/wp-json\/wp\/v2\/pages"}],"about":[{"href":"https:\/\/www.careium.com\/es\/wp-json\/wp\/v2\/types\/page"}],"author":[{"embeddable":true,"href":"https:\/\/www.careium.com\/es\/wp-json\/wp\/v2\/users\/5"}],"replies":[{"embeddable":true,"href":"https:\/\/www.careium.com\/es\/wp-json\/wp\/v2\/comments?post=376"}],"version-history":[{"count":5,"href":"https:\/\/www.careium.com\/es\/wp-json\/wp\/v2\/pages\/376\/revisions"}],"predecessor-version":[{"id":4096,"href":"https:\/\/www.careium.com\/es\/wp-json\/wp\/v2\/pages\/376\/revisions\/4096"}],"up":[{"embeddable":true,"href":"https:\/\/www.careium.com\/es\/wp-json\/wp\/v2\/pages\/428"}],"wp:attachment":[{"href":"https:\/\/www.careium.com\/es\/wp-json\/wp\/v2\/media?parent=376"}],"curies":[{"name":"wp","href":"https:\/\/api.w.org\/{rel}","templated":true}]}}