{"id":392,"date":"2025-05-14T07:30:20","date_gmt":"2025-05-14T07:30:20","guid":{"rendered":"https:\/\/www.careium.com\/es\/?page_id=392"},"modified":"2026-03-27T15:24:16","modified_gmt":"2026-03-27T15:24:16","slug":"eficiencia-en-el-uso-de-los-recursos","status":"publish","type":"page","link":"https:\/\/www.careium.com\/es\/acerca-de-nosotros\/sostenibilidad\/eficiencia-en-el-uso-de-los-recursos\/","title":{"rendered":"Eficacia de los recursos"},"content":{"rendered":"\n<h1 class=\"wp-block-heading has-text-align-left\">Eficiencia en el uso de los recursos<\/h1>\n\n\n\n<h2 class=\"wp-block-heading\">Costes sociales<\/h2>\n\n\n\n<p>La tecnolog\u00eda del bienestar no consiste en sustituir los recursos humanos del bienestar por la tecnolog\u00eda y la automatizaci\u00f3n. Se trata ante todo de crear <strong>seguridad, libertad e independencia<\/strong> para personas con limitaciones f\u00edsicas y cognitivas.<\/p>\n\n\n\n<p><\/p>\n\n\n\n<p>En segundo lugar, la tecnolog\u00eda del bienestar permite <strong>una asistencia m\u00e1s eficiente y eficaz en el uso de los recursos<\/strong> &#8211; donde los limitados fondos econ\u00f3micos pueden utilizarse de forma m\u00e1s inteligente, y donde el personal asistencial se beneficia de un entorno de trabajo mejorado con mayores oportunidades para centrarse en interacciones significativas con las personas usuarias de los servicios. Al mejorar <strong>eficiencia de los recursos<\/strong> Con el apoyo de la Comisi\u00f3n Europea, ayudamos a garantizar que tanto el tiempo como la financiaci\u00f3n se destinan a donde tienen mayor impacto.<\/p>\n\n\n\n<p><\/p>\n\n\n\n<p>Los valores, la visi\u00f3n y la misi\u00f3n de nuestra empresa se basan en la creencia de que es posible facilitar <strong>una vida de mayor calidad para las personas mayores<\/strong> <strong>o dependientes<\/strong> <strong>creando<\/strong> <strong>un entorno de bienestar m\u00e1s sostenible<\/strong>.<\/p>\n\n\n\n<h2 class=\"wp-block-heading\">Cuidar de las personas y del planeta<\/h2>\n\n\n\n<p>Nuestros productos y servicios pueden contribuir positivamente al medio ambiente y a las personas, como se puede ver en el<a href=\"https:\/\/www.careium.com\/app\/uploads\/sites\/8\/2025\/04\/competitive-lifecycle-analysis-v1-careium.pdf\"> \u00abDocumento de an\u00e1lisis del ciclo de vida<\/a>\u00bb de nuestros productos. Actualmente <strong>Careium<\/strong> est\u00e1 certificado bajo los requisitos de la norma <strong>ISO 14001<\/strong> y uno de nuestros objetivos es que todas nuestras centrales de servicios de teleasistencia se sumen al alcance del certificado general ISO 14001 en un plazo de 18 meses.<\/p>\n\n\n\n<p>Trabajamos de distintas formas para minimizar el impacto clim\u00e1tico como consecuencia de los desplazamientos en coche, por ejemplo, mediante la mejora medioambiental del parque automovil\u00edstico y la formaci\u00f3n en conducci\u00f3n ecol\u00f3gica. El consumo de energ\u00eda dentro de las instalaciones se mide anualmente y nos esforzamos por reducir el impacto ambiental mediante una utilizaci\u00f3n \u00f3ptima del espacio y el uso de energ\u00eda libre de f\u00f3siles.<\/p>\n\n\n\n<p><\/p>\n\n\n\n<p>Nos esforzamos por mantener bajos los costes de transporte y el impacto ambiental causado por el transporte de productos.<\/p>\n\n\n\n<p><\/p>\n","protected":false},"excerpt":{"rendered":"<p>Eficiencia en el uso de los recursos Costes sociales La tecnolog\u00eda del bienestar no consiste en sustituir los recursos humanos del bienestar por la tecnolog\u00eda y la automatizaci\u00f3n. Se trata ante todo de crear seguridad, libertad e independencia para personas con limitaciones f\u00edsicas y cognitivas. En segundo lugar, la tecnolog\u00eda del bienestar permite una asistencia&#8230;<\/p>\n","protected":false},"author":5,"featured_media":0,"parent":428,"menu_order":0,"comment_status":"closed","ping_status":"closed","template":"template-text-page.blade.php","meta":{"_acf_changed":false,"footnotes":"[]"},"class_list":["post-392","page","type-page","status-publish","hentry"],"acf":[],"_links":{"self":[{"href":"https:\/\/www.careium.com\/es\/wp-json\/wp\/v2\/pages\/392","targetHints":{"allow":["GET"]}}],"collection":[{"href":"https:\/\/www.careium.com\/es\/wp-json\/wp\/v2\/pages"}],"about":[{"href":"https:\/\/www.careium.com\/es\/wp-json\/wp\/v2\/types\/page"}],"author":[{"embeddable":true,"href":"https:\/\/www.careium.com\/es\/wp-json\/wp\/v2\/users\/5"}],"replies":[{"embeddable":true,"href":"https:\/\/www.careium.com\/es\/wp-json\/wp\/v2\/comments?post=392"}],"version-history":[{"count":4,"href":"https:\/\/www.careium.com\/es\/wp-json\/wp\/v2\/pages\/392\/revisions"}],"predecessor-version":[{"id":4552,"href":"https:\/\/www.careium.com\/es\/wp-json\/wp\/v2\/pages\/392\/revisions\/4552"}],"up":[{"embeddable":true,"href":"https:\/\/www.careium.com\/es\/wp-json\/wp\/v2\/pages\/428"}],"wp:attachment":[{"href":"https:\/\/www.careium.com\/es\/wp-json\/wp\/v2\/media?parent=392"}],"curies":[{"name":"wp","href":"https:\/\/api.w.org\/{rel}","templated":true}]}}