{"id":425,"date":"2025-05-13T14:03:28","date_gmt":"2025-05-13T14:03:28","guid":{"rendered":"https:\/\/www.careium.com\/es\/?page_id=425"},"modified":"2026-03-27T16:01:21","modified_gmt":"2026-03-27T16:01:21","slug":"objetivos-de-sostenibilidad-de-la-onu","status":"publish","type":"page","link":"https:\/\/www.careium.com\/es\/acerca-de-nosotros\/sostenibilidad\/objetivos-de-sostenibilidad-de-la-onu\/","title":{"rendered":"Objetivos de sostenibilidad de la ONU"},"content":{"rendered":"\n<h1 class=\"wp-block-heading has-text-align-left is-style-wide\">Nuestra contribuci\u00f3n a los objetivos de sostenibilidad de la ONU&nbsp;<\/h1>\n\n\n\n<p class=\"has-text-align-left is-style-wide\"><strong>En la consecuci\u00f3n de los Objetivos de Desarrollo Sostenible (ODS) de las Naciones Unidas, reconocemos la importancia de la colaboraci\u00f3n y la innovaci\u00f3n. Cada objetivo presenta retos y oportunidades que exigen una respuesta colectiva. Trabajando en estrecha colaboraci\u00f3n con las partes interesadas, incluidas las administraciones p\u00fablicas, las ONG y otras partes interesadas, ampliamos nuestro impacto y fomentamos la responsabilidad compartida.<\/strong><\/p>\n\n\n\n<p><\/p>\n\n\n\n<p class=\"is-style-wide\">Evaluamos continuamente nuestros esfuerzos de sostenibilidad para asegurarnos de que seguimos siendo \u00e1giles y receptivos a las nuevas necesidades y expectativas, ya provengan del desarrollo tecnol\u00f3gico o del cambio social. Con este enfoque din\u00e1mico, pretendemos contribuir a un futuro m\u00e1s sostenible para las personas, las comunidades y el planeta.<\/p>\n\n\n\n<div class=\"wp-block-group\"><div class=\"wp-block-group__inner-container is-layout-constrained wp-block-group-is-layout-constrained\">\n<h2 class=\"wp-block-heading has-text-align-left\">Objetivo 8: Condiciones de trabajo dignas y crecimiento econ\u00f3mico&nbsp;<\/h2>\n\n\n<div class=\"wp-block-image size-large is-style-default\">\n<figure class=\"alignleft size-grande is-resized\"><img loading=\"lazy\" decoding=\"async\" width=\"1500\" height=\"1500\" src=\"https:\/\/www.careium.com\/app\/uploads\/sites\/7\/2025\/05\/un-sustainability-development-goals-8-1.png\" alt=\"Objetivo de Desarrollo Sostenible no 8 de la ONU\" class=\"wp-image-364\" style=\"width:80px\" srcset=\"https:\/\/www.careium.com\/app\/uploads\/sites\/7\/2025\/05\/un-sustainability-development-goals-8-1.png 1500w, https:\/\/www.careium.com\/app\/uploads\/sites\/7\/2025\/05\/un-sustainability-development-goals-8-1-300x300.png 300w, https:\/\/www.careium.com\/app\/uploads\/sites\/7\/2025\/05\/un-sustainability-development-goals-8-1-1024x1024.png 1024w, https:\/\/www.careium.com\/app\/uploads\/sites\/7\/2025\/05\/un-sustainability-development-goals-8-1-150x150.png 150w, https:\/\/www.careium.com\/app\/uploads\/sites\/7\/2025\/05\/un-sustainability-development-goals-8-1-768x768.png 768w, https:\/\/www.careium.com\/app\/uploads\/sites\/7\/2025\/05\/un-sustainability-development-goals-8-1-700x700.png 700w, https:\/\/www.careium.com\/app\/uploads\/sites\/7\/2025\/05\/un-sustainability-development-goals-8-1-250x250.png 250w, https:\/\/www.careium.com\/app\/uploads\/sites\/7\/2025\/05\/un-sustainability-development-goals-8-1-120x120.png 120w, https:\/\/www.careium.com\/app\/uploads\/sites\/7\/2025\/05\/un-sustainability-development-goals-8-1-520x520.png 520w, https:\/\/www.careium.com\/app\/uploads\/sites\/7\/2025\/05\/un-sustainability-development-goals-8-1-1036x1036.png 1036w, https:\/\/www.careium.com\/app\/uploads\/sites\/7\/2025\/05\/un-sustainability-development-goals-8-1-1280x1280.png 1280w, https:\/\/www.careium.com\/app\/uploads\/sites\/7\/2025\/05\/un-sustainability-development-goals-8-1-780x780.png 780w, https:\/\/www.careium.com\/app\/uploads\/sites\/7\/2025\/05\/un-sustainability-development-goals-8-1-360x360.png 360w, https:\/\/www.careium.com\/app\/uploads\/sites\/7\/2025\/05\/un-sustainability-development-goals-8-1-600x600.png 600w, https:\/\/www.careium.com\/app\/uploads\/sites\/7\/2025\/05\/un-sustainability-development-goals-8-1-100x100.png 100w\" sizes=\"auto, (max-width: 1500px) 100vw, 1500px\" \/><\/figure>\n<\/div>\n\n\n<p>Nos esforzamos por ser un empleador responsable y estable, que ofrece condiciones de trabajo seguras, t\u00e9rminos justos y oportunidades de desarrollo. Nuestros esfuerzos se centran tanto en nuestra propia plantilla como en mejorar el entorno de trabajo en los servicios de atenci\u00f3n domiciliaria prestados por nuestros clientes. Para ello, nos apoyamos en la innovaci\u00f3n tecnol\u00f3gica y en una formaci\u00f3n que mejore la seguridad y el bienestar, por ejemplo, dotando a los cuidadores de conocimientos y herramientas para gestionar con seguridad situaciones exigentes. Rechazamos toda forma de trabajo infantil o forzado y nos comprometemos a crear lugares de trabajo respetuosos e integradores.<\/p>\n<\/div><\/div>\n\n\n\n<div style=\"height:20px\" aria-hidden=\"true\" class=\"wp-block-spacer\"><\/div>\n\n\n\n<div class=\"wp-block-group\"><div class=\"wp-block-group__inner-container is-layout-constrained wp-block-group-is-layout-constrained\">\n<h2 class=\"wp-block-heading has-text-align-left\">Objetivo 9: Industria, innovaci\u00f3n e infraestructuras<\/h2>\n\n\n<div class=\"wp-block-image size-full\">\n<figure class=\"alignleft size-completo is-resized\"><img loading=\"lazy\" decoding=\"async\" width=\"225\" height=\"225\" src=\"https:\/\/www.careium.com\/app\/uploads\/sites\/7\/2025\/05\/Goal-9.png\" alt=\"Objetivo de Desarrollo Sostenible no 9 de la ONU\" class=\"wp-image-365\" style=\"width:80px\" srcset=\"https:\/\/www.careium.com\/app\/uploads\/sites\/7\/2025\/05\/Goal-9.png 225w, https:\/\/www.careium.com\/app\/uploads\/sites\/7\/2025\/05\/Goal-9-150x150.png 150w, https:\/\/www.careium.com\/app\/uploads\/sites\/7\/2025\/05\/Goal-9-120x120.png 120w, https:\/\/www.careium.com\/app\/uploads\/sites\/7\/2025\/05\/Goal-9-100x100.png 100w\" sizes=\"auto, (max-width: 225px) 100vw, 225px\" \/><\/figure>\n<\/div>\n\n\n<p>Nos dedicamos a desarrollar soluciones asistenciales basadas en la tecnolog\u00eda que mejoran la calidad de vida de las personas mayores y las personas que necesitan ayuda. A trav\u00e9s de la innovaci\u00f3n digital en teleasistencia y tecnolog\u00eda sanitaria, contribuimos a que los sistemas asistenciales sean m\u00e1s duraderos y las personas vivan de forma m\u00e1s independiente. Nuestras soluciones se desarrollan en estrecho di\u00e1logo con los usuarios para garantizar su pertinencia, facilidad de uso y valor a largo plazo.<\/p>\n\n\n\n<div style=\"height:20px\" aria-hidden=\"true\" class=\"wp-block-spacer\"><\/div>\n\n\n\n<h2 class=\"wp-block-heading has-text-align-left\">Objetivo 10: Reducir las desigualdades<\/h2>\n\n\n<div class=\"wp-block-image size-large\">\n<figure class=\"alignleft size-grande is-resized\"><img loading=\"lazy\" decoding=\"async\" width=\"1500\" height=\"1500\" src=\"https:\/\/www.careium.com\/app\/uploads\/sites\/7\/2025\/05\/un-sustainability-development-goals-10-1.png\" alt=\"Objetivo de Desarrollo Sostenible no 10 de la ONU\" class=\"wp-image-366\" style=\"width:80px\" srcset=\"https:\/\/www.careium.com\/app\/uploads\/sites\/7\/2025\/05\/un-sustainability-development-goals-10-1.png 1500w, https:\/\/www.careium.com\/app\/uploads\/sites\/7\/2025\/05\/un-sustainability-development-goals-10-1-300x300.png 300w, https:\/\/www.careium.com\/app\/uploads\/sites\/7\/2025\/05\/un-sustainability-development-goals-10-1-1024x1024.png 1024w, https:\/\/www.careium.com\/app\/uploads\/sites\/7\/2025\/05\/un-sustainability-development-goals-10-1-150x150.png 150w, https:\/\/www.careium.com\/app\/uploads\/sites\/7\/2025\/05\/un-sustainability-development-goals-10-1-768x768.png 768w, https:\/\/www.careium.com\/app\/uploads\/sites\/7\/2025\/05\/un-sustainability-development-goals-10-1-700x700.png 700w, https:\/\/www.careium.com\/app\/uploads\/sites\/7\/2025\/05\/un-sustainability-development-goals-10-1-250x250.png 250w, https:\/\/www.careium.com\/app\/uploads\/sites\/7\/2025\/05\/un-sustainability-development-goals-10-1-120x120.png 120w, https:\/\/www.careium.com\/app\/uploads\/sites\/7\/2025\/05\/un-sustainability-development-goals-10-1-520x520.png 520w, https:\/\/www.careium.com\/app\/uploads\/sites\/7\/2025\/05\/un-sustainability-development-goals-10-1-1036x1036.png 1036w, https:\/\/www.careium.com\/app\/uploads\/sites\/7\/2025\/05\/un-sustainability-development-goals-10-1-1280x1280.png 1280w, https:\/\/www.careium.com\/app\/uploads\/sites\/7\/2025\/05\/un-sustainability-development-goals-10-1-780x780.png 780w, https:\/\/www.careium.com\/app\/uploads\/sites\/7\/2025\/05\/un-sustainability-development-goals-10-1-360x360.png 360w, https:\/\/www.careium.com\/app\/uploads\/sites\/7\/2025\/05\/un-sustainability-development-goals-10-1-600x600.png 600w, https:\/\/www.careium.com\/app\/uploads\/sites\/7\/2025\/05\/un-sustainability-development-goals-10-1-100x100.png 100w\" sizes=\"auto, (max-width: 1500px) 100vw, 1500px\" \/><\/figure>\n<\/div>\n\n\n<p>Nuestra misi\u00f3n es promover la inclusi\u00f3n y la equidad, especialmente entre las personas mayores y las que necesitan apoyo adicional. Nuestros servicios permiten una vida m\u00e1s segura e independiente, mientras que nuestra labor de cuidados contribuye a que sus necesidades sean reconocidas en las pol\u00edticas p\u00fablicas y las iniciativas comunitarias. En colaboraci\u00f3n con organizaciones locales, ayudamos a sensibilizar y defender los derechos de estos colectivos.<\/p>\n<\/div><\/div>\n\n\n\n<div style=\"height:20px\" aria-hidden=\"true\" class=\"wp-block-spacer\"><\/div>\n\n\n\n<div class=\"wp-block-group\"><div class=\"wp-block-group__inner-container is-layout-constrained wp-block-group-is-layout-constrained\">\n<h2 class=\"wp-block-heading has-text-align-left\">Objetivo 12: Consumo y producci\u00f3n responsables<\/h2>\n\n\n<div class=\"wp-block-image size-large\">\n<figure class=\"alignleft size-grande is-resized\"><img loading=\"lazy\" decoding=\"async\" width=\"1500\" height=\"1500\" src=\"https:\/\/www.careium.com\/app\/uploads\/sites\/7\/2025\/05\/un-sustainability-development-goals-12-1.png\" alt=\"Objetivo de Desarrollo Sostenible no 12 de la ONU\" class=\"wp-image-367\" style=\"width:80px\" srcset=\"https:\/\/www.careium.com\/app\/uploads\/sites\/7\/2025\/05\/un-sustainability-development-goals-12-1.png 1500w, https:\/\/www.careium.com\/app\/uploads\/sites\/7\/2025\/05\/un-sustainability-development-goals-12-1-300x300.png 300w, https:\/\/www.careium.com\/app\/uploads\/sites\/7\/2025\/05\/un-sustainability-development-goals-12-1-1024x1024.png 1024w, https:\/\/www.careium.com\/app\/uploads\/sites\/7\/2025\/05\/un-sustainability-development-goals-12-1-150x150.png 150w, https:\/\/www.careium.com\/app\/uploads\/sites\/7\/2025\/05\/un-sustainability-development-goals-12-1-768x768.png 768w, https:\/\/www.careium.com\/app\/uploads\/sites\/7\/2025\/05\/un-sustainability-development-goals-12-1-700x700.png 700w, https:\/\/www.careium.com\/app\/uploads\/sites\/7\/2025\/05\/un-sustainability-development-goals-12-1-250x250.png 250w, https:\/\/www.careium.com\/app\/uploads\/sites\/7\/2025\/05\/un-sustainability-development-goals-12-1-120x120.png 120w, https:\/\/www.careium.com\/app\/uploads\/sites\/7\/2025\/05\/un-sustainability-development-goals-12-1-520x520.png 520w, https:\/\/www.careium.com\/app\/uploads\/sites\/7\/2025\/05\/un-sustainability-development-goals-12-1-1036x1036.png 1036w, https:\/\/www.careium.com\/app\/uploads\/sites\/7\/2025\/05\/un-sustainability-development-goals-12-1-1280x1280.png 1280w, https:\/\/www.careium.com\/app\/uploads\/sites\/7\/2025\/05\/un-sustainability-development-goals-12-1-780x780.png 780w, https:\/\/www.careium.com\/app\/uploads\/sites\/7\/2025\/05\/un-sustainability-development-goals-12-1-360x360.png 360w, https:\/\/www.careium.com\/app\/uploads\/sites\/7\/2025\/05\/un-sustainability-development-goals-12-1-600x600.png 600w, https:\/\/www.careium.com\/app\/uploads\/sites\/7\/2025\/05\/un-sustainability-development-goals-12-1-100x100.png 100w\" sizes=\"auto, (max-width: 1500px) 100vw, 1500px\" \/><\/figure>\n<\/div>\n\n\n<p>Nuestro objetivo es reducir el impacto ambiental en todo el ciclo de vida del producto, desde la elecci\u00f3n de los materiales hasta su reutilizaci\u00f3n y reciclado. Aunque el rendimiento medioambiental es una consideraci\u00f3n clave, tambi\u00e9n tenemos en cuenta otros factores importantes como la seguridad, la funcionalidad y las ventajas para el usuario. Mejoramos nuestros sistemas log\u00edsticos, invertimos en transportes m\u00e1s ecol\u00f3gicos y ponemos en marcha programas de recogida para garantizar la eliminaci\u00f3n responsable de los productos y su circularidad siempre que sea posible.<\/p>\n<\/div><\/div>\n\n\n\n<div style=\"height:20px\" aria-hidden=\"true\" class=\"wp-block-spacer\"><\/div>\n\n\n\n<h2 class=\"wp-block-heading is-style-wide\">\u00bfQu\u00e9 son los ODS de la ONU y c\u00f3mo contribuimos?<\/h2>\n\n\n\n<p class=\"is-style-wide\">A menudo nos preguntan <strong>\u00ab\u00bfQu\u00e9 son los ODS de la ONU?\u00bb<\/strong> &#8211; y c\u00f3mo estos objetivos globales conectan con lo que hacemos. ODS de la ONU significa <strong><a href=\"https:\/\/sdgs.un.org\/es\/goals\" target=\"_blank\" rel=\"noreferrer noopener nofollow\">Objetivos de Desarrollo Sostenible de las Naciones Unidas<\/a><\/strong>. Estos 17 objetivos mundiales se lanzaron en 2015 como parte de un plan global para crear un futuro mejor y m\u00e1s sostenible para 2030. Abordan los retos m\u00e1s acuciantes del mundo, como la salud y el bienestar, la igualdad de g\u00e9nero, la acci\u00f3n por el clima y la innovaci\u00f3n responsable.<\/p>\n\n\n\n<h2 class=\"wp-block-heading is-style-wide\">Nuestro compromiso con un futuro sostenible<\/h2>\n\n\n\n<p class=\"is-style-wide\">Comprender los ODS de la ONU es esencial para empresas como la nuestra. Al integrarlos en nuestras operaciones y estrategias, no solo reforzamos nuestra responsabilidad corporativa, sino que tambi\u00e9n desbloqueamos nuevas oportunidades de progreso e innovaci\u00f3n.<\/p>\n\n\n\n<p class=\"is-style-wide\">Para nosotros, los ODS son m\u00e1s que objetivos globales: son principios rectores que informan el desarrollo de nuestros productos, nuestras decisiones empresariales y nuestras asociaciones. Ya sea proporcionando servicios de alarma personal fiables o explorando nuevas tecnolog\u00edas como la IA, estamos comprometidos con la creaci\u00f3n de un cambio positivo y duradero.<\/p>\n\n\n\n<p class=\"is-style-wide\">Tambi\u00e9n implicamos a nuestros empleados, clientes y socios en este viaje. Mediante formaci\u00f3n y talleres peri\u00f3dicos, fomentamos la concienciaci\u00f3n y capacitamos a las personas para que contribuyan. De cara al futuro, creemos que la tecnolog\u00eda seguir\u00e1 desempe\u00f1ando un papel crucial. Con herramientas como el an\u00e1lisis predictivo, podemos ofrecer una asistencia m\u00e1s proactiva y eficiente, al tiempo que reducimos nuestra huella medioambiental.<\/p>\n\n\n\n<p class=\"is-style-wide\">Juntos, avanzamos hacia un futuro m\u00e1s sostenible, hoy y para las generaciones venideras.<\/p>\n","protected":false},"excerpt":{"rendered":"<p>Nuestra contribuci\u00f3n a los objetivos de sostenibilidad de la ONU&nbsp; En la consecuci\u00f3n de los Objetivos de Desarrollo Sostenible (ODS) de las Naciones Unidas, reconocemos la importancia de la colaboraci\u00f3n y la innovaci\u00f3n. Cada objetivo presenta retos y oportunidades que exigen una respuesta colectiva. Trabajando en estrecha colaboraci\u00f3n con las partes interesadas, incluidas las administraciones&#8230;<\/p>\n","protected":false},"author":5,"featured_media":0,"parent":428,"menu_order":0,"comment_status":"closed","ping_status":"closed","template":"template-text-page.blade.php","meta":{"_acf_changed":false,"footnotes":""},"class_list":["post-425","page","type-page","status-publish","hentry"],"acf":[],"_links":{"self":[{"href":"https:\/\/www.careium.com\/es\/wp-json\/wp\/v2\/pages\/425","targetHints":{"allow":["GET"]}}],"collection":[{"href":"https:\/\/www.careium.com\/es\/wp-json\/wp\/v2\/pages"}],"about":[{"href":"https:\/\/www.careium.com\/es\/wp-json\/wp\/v2\/types\/page"}],"author":[{"embeddable":true,"href":"https:\/\/www.careium.com\/es\/wp-json\/wp\/v2\/users\/5"}],"replies":[{"embeddable":true,"href":"https:\/\/www.careium.com\/es\/wp-json\/wp\/v2\/comments?post=425"}],"version-history":[{"count":5,"href":"https:\/\/www.careium.com\/es\/wp-json\/wp\/v2\/pages\/425\/revisions"}],"predecessor-version":[{"id":4554,"href":"https:\/\/www.careium.com\/es\/wp-json\/wp\/v2\/pages\/425\/revisions\/4554"}],"up":[{"embeddable":true,"href":"https:\/\/www.careium.com\/es\/wp-json\/wp\/v2\/pages\/428"}],"wp:attachment":[{"href":"https:\/\/www.careium.com\/es\/wp-json\/wp\/v2\/media?parent=425"}],"curies":[{"name":"wp","href":"https:\/\/api.w.org\/{rel}","templated":true}]}}