{"id":119,"date":"2025-04-29T13:33:27","date_gmt":"2025-04-29T13:33:27","guid":{"rendered":"https:\/\/www.careium.com\/es\/?post_type=product&#038;p=119"},"modified":"2025-10-30T10:23:22","modified_gmt":"2025-10-30T10:23:22","slug":"enzo-personal-alarm-trigger-mantengase-seguro-e-independiente","status":"publish","type":"product","link":"https:\/\/www.careium.com\/es\/soluciones-de-teleasistencia\/alarmas-personales-dispositivos-de-teleasistencia\/enzo-personal-alarm-trigger-mantengase-seguro-e-independiente\/","title":{"rendered":"Enzo pulsador personal de teleasistencia &#8211; Mant\u00e9ngase seguro e independiente"},"content":{"rendered":"<p>Con s\u00f3lo pulsar su bot\u00f3n, Enzo env\u00eda una alerta de emergencia a tu terminal de teleasistencia (fijo o m\u00f3vil), aunque est\u00e9s en otra habitaci\u00f3n o en el jard\u00edn. La luz LED cambia de color para asegurarte que la ayuda est\u00e1 en camino, para que nunca te quedes con la duda.<\/p>\n<p>Est\u00e1 dise\u00f1ado para el uso diario: resistente al agua y a los golpes; resistente al agua, por lo que se puede llevar en la ducha o en la ba\u00f1era. Bater\u00eda sustituible de larga duraci\u00f3n y control autom\u00e1tico de la bater\u00eda para que siempre sepas cu\u00e1ndo hay que cambiarla.<\/p>\n<p>Es f\u00e1cil de usar, incluso con movilidad limitada: Los bordes t\u00e1ctiles ayudan a las personas con problemas visuales a encontrar el bot\u00f3n r\u00e1pidamente. El adaptador opcional Easy Press reduce la fuerza necesaria para activar la alarma, lo que resulta ideal para usuarios con artritis o poca fuerza de agarre.<\/p>\n<p><strong>Su seguridad est\u00e1 asegurada con s\u00f3lo pulsar un bot\u00f3n. <\/strong><\/p>\n","protected":false},"excerpt":{"rendered":"<p>El pulsador personal de teleasistencia <strong>Enzo<\/strong> es nuestra Unidad de Control Remoto (UCR) m\u00e1s fiable, dise\u00f1ado para proporcionarle acceso instant\u00e1neo a la ayuda, incluso cuando se encuentre lejos de su terminal de teleasistencia. <strong>Enzo<\/strong>, que se lleva c\u00f3modamente en la mu\u00f1eca o en el cuello, se incluye con todos nuestros terminales de teleasistencia, incluidos <strong>Eliza<\/strong>, <strong>Eliza S<\/strong> y <strong>Eliza S+<\/strong>, para que siempre est\u00e9s protegido. Tambi\u00e9n dispara la alarma de nuestro terminal de teleasistencia m\u00f3vil <strong>Abby<\/strong>.<\/p>\n<p>&nbsp;<\/p>\n","protected":false},"author":5,"featured_media":118,"template":"","meta":{"_acf_changed":false},"product_brand":[],"product_cat":[19],"product_tag":[],"class_list":{"0":"post-119","1":"product","2":"type-product","3":"status-publish","4":"has-post-thumbnail","6":"product_cat-accessories","8":"first","9":"instock","10":"shipping-taxable","11":"purchasable","12":"product-type-simple"},"acf":[],"_links":{"self":[{"href":"https:\/\/www.careium.com\/es\/wp-json\/wp\/v2\/product\/119","targetHints":{"allow":["GET"]}}],"collection":[{"href":"https:\/\/www.careium.com\/es\/wp-json\/wp\/v2\/product"}],"about":[{"href":"https:\/\/www.careium.com\/es\/wp-json\/wp\/v2\/types\/product"}],"author":[{"embeddable":true,"href":"https:\/\/www.careium.com\/es\/wp-json\/wp\/v2\/users\/5"}],"wp:featuredmedia":[{"embeddable":true,"href":"https:\/\/www.careium.com\/es\/wp-json\/wp\/v2\/media\/118"}],"wp:attachment":[{"href":"https:\/\/www.careium.com\/es\/wp-json\/wp\/v2\/media?parent=119"}],"wp:term":[{"taxonomy":"product_brand","embeddable":true,"href":"https:\/\/www.careium.com\/es\/wp-json\/wp\/v2\/product_brand?post=119"},{"taxonomy":"product_cat","embeddable":true,"href":"https:\/\/www.careium.com\/es\/wp-json\/wp\/v2\/product_cat?post=119"},{"taxonomy":"product_tag","embeddable":true,"href":"https:\/\/www.careium.com\/es\/wp-json\/wp\/v2\/product_tag?post=119"}],"curies":[{"name":"wp","href":"https:\/\/api.w.org\/{rel}","templated":true}]}}