{"id":121,"date":"2025-05-08T12:05:08","date_gmt":"2025-05-08T12:05:08","guid":{"rendered":"https:\/\/www.careium.com\/es\/?post_type=product&#038;p=121"},"modified":"2025-06-10T11:37:15","modified_gmt":"2025-06-10T11:37:15","slug":"detector-de-humo-i10-monitorizado-para-una-proteccion-24-7","status":"publish","type":"product","link":"https:\/\/www.careium.com\/es\/soluciones-de-teleasistencia\/alarmas-personales-dispositivos-de-teleasistencia\/detector-de-humo-i10-monitorizado-para-una-proteccion-24-7\/","title":{"rendered":"Detector de humo i10 monitorizado para una protecci\u00f3n 24\/7"},"content":{"rendered":"<h3><strong>Detector de humo i10 monitorizado para una completa seguridad en el hogar<\/strong><\/h3>\n<p>La mayor\u00eda de las muertes relacionadas con incendios ocurren en hogares sin <strong>detectores de humo<\/strong> o con detectores que emiten alertas exclusivamente en el hogar donde se produce el incendio. Incluso cuando se instalan detectores de humo est\u00e1ndar, a menudo dependen de que alguien pueda o\u00edr la alerta, responder r\u00e1pidamente y ponerse en contacto con los servicios de emergencia. Pero, \u00bfqu\u00e9 ocurre si la persona en peligro est\u00e1 dormida, tiene problemas de audici\u00f3n o es incapaz de pedir ayuda?<\/p>\n<p>Creemos que <strong>la seguridad nunca debe depender de que alguien oiga una alarma o pueda actuar solo<\/strong>. Nuestros <strong>detectores de humo<\/strong> y <strong>sensores de mon\u00f3xido de carbono<\/strong> inteligentes y supervisados est\u00e1n conectados directamente a un centro de atenci\u00f3n de alarmas que funciona las 24 horas del d\u00eda, los 7 d\u00edas de la semana, lo que garantiza que la ayuda est\u00e1 en camino, incluso si no hay nadie en casa que pueda hacer la llamada.<\/p>\n<hr \/>\n<h3><strong>C\u00f3mo funciona nuestro detector de humo monitorizado<\/strong><\/h3>\n<p>El <strong>detector de humo i10<\/strong> ofrece m\u00e1s que una funcionalidad de alarma b\u00e1sica. Integrado con nuestros terminales de teleasistencia tanto domiciliarios, gama <strong>Eliza<\/strong>, como nuestro terminal de teleasistencia m\u00f3vil <strong>Abby<\/strong>, proporciona <strong>detecci\u00f3n instant\u00e1nea<\/strong> y env\u00eda autom\u00e1ticamente alertas a un equipo de supervisi\u00f3n formado por profesionales en el momento en que se detecta humo o fuego. Si se inicia un incendio mientras la persona duerme o no puede responder, el centro de atenci\u00f3n avisar\u00e1 a los servicios de emergencia, garantizando una respuesta r\u00e1pida cuando cada segundo cuenta. Del mismo modo, desde el centro de atenci\u00f3n se monitoriza el estado del sensor de forma que siempre este preparado para emitir una alerta en caso de que se produzca el incidente, de este modo la persona usuaria que tiene el sensor instalado en su domicilio puede estar seguro y tranquilo de que funcionar\u00e1 siempre que sea necesario.<\/p>\n<hr \/>\n<h3><strong>Seguridad completa con detectores de humo, calor y mon\u00f3xido de carbono<\/strong><\/h3>\n<p>Para una verdadera tranquilidad, combine el <strong>detector de humo i10<\/strong> con nuestros:<\/p>\n<ul>\n<li><a href=\"https:\/\/www.careium.com\/es\/soluciones-de-teleasistencia\/alarmas-personales-dispositivos-de-teleasistencia\/detector-de-calor-i10-proteccion-contra-incendios-potente-e-instantanea\/\">Detectores de calor-i10<\/a> &#8211; Ideales para cocinas, garajes y cuartos de instalaciones\u00a0donde el calor elevado, y no el humo, es se\u00f1al de peligro<\/li>\n<li><strong>Detectores de humo-i10<\/strong> &#8211; Ideales para cocinas, garajes y cuartos de instalaciones donde se pueden producir incendios.<\/li>\n<li><a href=\"https:\/\/www.careium.com\/es\/soluciones-de-teleasistencia\/alarmas-personales-dispositivos-de-teleasistencia\/detector-de-monoxido-de-carbono-i10-proteccion-inteligente-contra-el-asesino-silencioso\/\">Alarma de mon\u00f3xido de carbono i10<\/a>&#8211; Esencial cerca de aparatos de combusti\u00f3n, chimeneas y calderas para detectar el mortal gas mon\u00f3xido de carbono<\/li>\n<li><strong>Detectores de humo adicionales<\/strong> &#8211; Ampl\u00ede la cobertura a todas las \u00e1reas clave, incluidos dormitorios, pasillos, salas de estar y s\u00f3tanos<\/li>\n<\/ul>\n<p>Este sistema integrado crea una <strong>completa red de seguridad dom\u00e9stica<\/strong>, reduciendo el riesgo de incendios no detectados, humo o exposici\u00f3n al mon\u00f3xido de carbono &#8211; y eliminando riesgos innecesarios en su protecci\u00f3n personal y la de su hogar.<\/p>\n<hr \/>\n<h3><strong>\u00bfPor qu\u00e9 elegir nuestros detectores de humo y detectores de CO supervisados?<\/strong><\/h3>\n<p><strong>Vigilancia 24 horas al d\u00eda, 7 d\u00edas a la semana para una respuesta de emergencia instant\u00e1nea<\/strong><br \/>\nObtenga alertas inmediatas y contacto con los servicios de emergencia, incluso si la persona en riesgo no puede responder.<\/p>\n<p><strong>Asistencia de emergencia autom\u00e1tica<\/strong><br \/>\nNo es necesario depender de que alguien oiga la alarma o pida ayuda por s\u00ed mismo: el centro de atenci\u00f3n 24\/7 entra en acci\u00f3n por si mismo.<\/p>\n<p><strong>Cobertura completa del hogar<\/strong><br \/>\nConecte detectores de humo, detectores de calor y alarmas de mon\u00f3xido de carbono en los lugares clave de la casa para obtener la m\u00e1xima protecci\u00f3n.<\/p>\n<p><strong>Ideal para personas mayores o dependientes<\/strong><br \/>\nPerfecto para personas mayores, especialmente personas que viven solas o cualquier persona que pueda no reaccionar con rapidez en caso de emergencia.<\/p>\n<p><strong>Simple integraci\u00f3n con sistemas de teleasistencia<\/strong><br \/>\nVincule f\u00e1cilmente sus otros dispositivos de seguridad en el hogar para obtener una soluci\u00f3n perfecta y sin preocupaciones.<\/p>\n<hr \/>\n<h3><strong>D\u00e9 a sus seres queridos la protecci\u00f3n que se merecen<\/strong><\/h3>\n<p>Cuando se trata de seguridad contra incendios y mon\u00f3xido de carbono, reaccionar r\u00e1pido puede salvar vidas. El <strong>detector de humo\u00a0<\/strong><strong>i10 <\/strong><strong>monitorizado <\/strong>\u00a0y la <strong>alarma de mon\u00f3xido de carbono i10<\/strong> garantizan que la ayuda est\u00e9 siempre en camino, aunque nadie pueda pedirla por s\u00ed mismo. No deje la seguridad al azar. Proteja a sus seres queridos y est\u00e9 tranquilo con un sistema que siempre est\u00e1 alerta y dispuesto, para que usted no tenga que estarlo.<\/p>\n<hr \/>\n","protected":false},"excerpt":{"rendered":"<p>Nuestro detector de humo inteligente i10 hace algo m\u00e1s que hacer sonar una alarma: alerta autom\u00e1ticamente a un equipo de vigilancia 24 horas al d\u00eda, 7 d\u00edas a la semana, que puede hablar con la persona usuaria y movilizar a los servicios de emergencia si es necesario. Incluso si no pueden responder, la ayuda est\u00e1 en camino.<\/p>\n","protected":false},"author":4,"featured_media":120,"template":"","meta":{"_acf_changed":false},"product_brand":[],"product_cat":[19],"product_tag":[],"class_list":{"0":"post-121","1":"product","2":"type-product","3":"status-publish","4":"has-post-thumbnail","6":"product_cat-accessories","8":"first","9":"instock","10":"shipping-taxable","11":"purchasable","12":"product-type-simple"},"acf":[],"_links":{"self":[{"href":"https:\/\/www.careium.com\/es\/wp-json\/wp\/v2\/product\/121","targetHints":{"allow":["GET"]}}],"collection":[{"href":"https:\/\/www.careium.com\/es\/wp-json\/wp\/v2\/product"}],"about":[{"href":"https:\/\/www.careium.com\/es\/wp-json\/wp\/v2\/types\/product"}],"author":[{"embeddable":true,"href":"https:\/\/www.careium.com\/es\/wp-json\/wp\/v2\/users\/4"}],"wp:featuredmedia":[{"embeddable":true,"href":"https:\/\/www.careium.com\/es\/wp-json\/wp\/v2\/media\/120"}],"wp:attachment":[{"href":"https:\/\/www.careium.com\/es\/wp-json\/wp\/v2\/media?parent=121"}],"wp:term":[{"taxonomy":"product_brand","embeddable":true,"href":"https:\/\/www.careium.com\/es\/wp-json\/wp\/v2\/product_brand?post=121"},{"taxonomy":"product_cat","embeddable":true,"href":"https:\/\/www.careium.com\/es\/wp-json\/wp\/v2\/product_cat?post=121"},{"taxonomy":"product_tag","embeddable":true,"href":"https:\/\/www.careium.com\/es\/wp-json\/wp\/v2\/product_tag?post=121"}],"curies":[{"name":"wp","href":"https:\/\/api.w.org\/{rel}","templated":true}]}}